{"id":9806,"date":"2019-01-31T09:17:32","date_gmt":"2019-01-31T08:17:32","guid":{"rendered":"https:\/\/www.ecotopia.se\/sv\/?page_id=9806"},"modified":"2019-09-04T06:35:14","modified_gmt":"2019-09-04T05:35:14","slug":"temakvall-miljovanliga-farger-metoder-och-material","status":"publish","type":"page","link":"https:\/\/www.ecotopia.se\/sv\/arkiv-2019\/temakvall-miljovanliga-farger-metoder-och-material\/","title":{"rendered":"Temakv\u00e4ll &#8211; Milj\u00f6v\u00e4nligt m\u00e5leri"},"content":{"rendered":"\n<figure class=\"wp-block-image\"><img loading=\"lazy\" decoding=\"async\" width=\"600\" height=\"200\" src=\"https:\/\/www.ecotopia.se\/sv\/wp-content\/uploads\/2019\/01\/collage-temakvall-maleri-2019.jpg\" alt=\"\" class=\"wp-image-9807\"\/><\/figure>\n\n\n<h2>Milj\u00f6v\u00e4nliga f\u00e4rger, metoder och material!<\/h2>\n<p><strong><br>Datum:<\/strong> Torsdag 9 maj 2019<\/p>\n<p><strong>V\u00e4lkommen att lyssna om limf\u00e4rg, \u00e4ggoljetempera, kalk, linoljef\u00e4rg mm. Vad finns det f\u00f6r bra naturv\u00e4nliga och kretsloppsanpassade material att anv\u00e4nda i och p\u00e5 ytskikt i v\u00e5ra hem, n\u00e4r vi ska spackla och m\u00e5la? Beh\u00f6ver tr\u00e4 m\u00e5las? Vilka \u00e4r de bra f\u00e4rgtyperna? Varf\u00f6r \u00e4r naturpenselborst b\u00e4ttre och m\u00e5ste man skrapa? Dessa och m\u00e5nga fler fr\u00e5gor blir besvarade denna temakv\u00e4ll om milj\u00f6v\u00e4nligt m\u00e5leri. <\/strong><\/p>\n<p>Traditionella metoder och material \u00e4r f\u00f6r det mesta bra f\u00f6r milj\u00f6n d\u00e4rf\u00f6r m\u00f6ts byggnadsv\u00e5rd och ekobygge ofta i teknik och material. M\u00e5nga vill undvika plast i sina hem, s\u00e5 gl\u00e4djande nog \u00f6kar utbudet av f\u00e4rger och produkter p\u00e5 marknaden f\u00f6r milj\u00f6v\u00e4nligare bygg.<\/p>\n<p>Under kv\u00e4llen kommer du att f\u00e5 information om f\u00f6rarbete som tv\u00e4tta och skrapa, om olika f\u00e4rgtypers egenskaper, om underh\u00e5ll och vad som p\u00e5verkar valet av teknik.<\/p>\n<p>Ser \u00e4ven fram emot era fr\u00e5gor och v\u00e5ra samtal, v\u00e4lkommen!<\/p>\n<p><img loading=\"lazy\" decoding=\"async\" width=\"150\" height=\"180\" class=\"alignright size-full wp-image-7417\" alt=\"\" src=\"https:\/\/www.ecotopia.se\/sv\/wp-content\/uploads\/2017\/01\/maria3attstrom.jpg\"><strong>Kursledare:<\/strong> Maria Attstr\u00f6m driver <a href=\"http:\/\/attstrom.se\">m\u00e5lerifirman Econyans<\/a>,<span style=\"color: #000000;\"> med f\u00e4rgbutik<\/span> och har l\u00e5ng yrkeserfarenhet av byggnadsm\u00e5leri, f\u00e4rgs\u00e4ttning, f\u00e4rgmaterial och form. Hennes fokus ligger p\u00e5 det estetiska samtidigt som hon utg\u00e5r fr\u00e5n milj\u00f6v\u00e4nliga, ekonomiska och l\u00e5ngsiktigt h\u00e5llbara tekniker dvs. m\u00e5leri med linoljef\u00e4rg, slamf\u00e4rg, \u00e4ggoljetempera, limf\u00e4rg och kalkf\u00e4rg. Sedan slutet p\u00e5 90-talet arbetar hon med milj\u00f6v\u00e4nligt m\u00e5leri, dekorationsm\u00e5lning och f\u00e4rgtillverkning. Efter flera \u00e5r som yrkesverksam p\u00e5 ett (linolje) f\u00e4rgmakeri har hon god erfarenhet av r\u00e5dgivning och v\u00e4gledning.<\/p>\n<p><strong>N\u00e4r:<\/strong> Torsdag den 9 maj 2019 kl 18.30 &#8211; ca. 21<br><strong>Plats:<\/strong> Ecotopia p\u00e5 \u00d6sterlen<\/p>\n<p><strong>Intr\u00e4de: <\/strong>100:-<br><em>Ingen f\u00f6ranm\u00e4lan kr\u00e4vs. F\u00f6ranm\u00e4lan g\u00e4ller endast f\u00f6r grupper<\/em><\/p>\n<p><strong>Ekofik:<\/strong> \u00d6ppet under pausen<br><strong>F\u00f6r mer information:<\/strong> <a href=\"https:\/\/www.ecotopia.se\/sv\/kontakt\/\">Kontakta oss h\u00e4r<\/a> eller ring 0703 330814<\/p>\n<p><em>I samverkan med:<\/em><br><img loading=\"lazy\" decoding=\"async\" width=\"600\" height=\"60\" class=\"alignnone size-full wp-image-4055\" alt=\"\" src=\"https:\/\/www.ecotopia.se\/sv\/wp-content\/uploads\/2014\/12\/logo_econyans.jpg\"><\/p>","protected":false},"excerpt":{"rendered":"<p>Milj\u00f6v\u00e4nliga f\u00e4rger, metoder och material! Datum: Torsdag 9 maj 2019 V\u00e4lkommen att lyssna om limf\u00e4rg, \u00e4ggoljetempera, kalk, linoljef\u00e4rg mm. Vad finns det f\u00f6r bra naturv\u00e4nliga och kretsloppsanpassade material att anv\u00e4nda [&hellip;]<\/p>\n","protected":false},"author":2,"featured_media":0,"parent":10136,"menu_order":0,"comment_status":"closed","ping_status":"closed","template":"","meta":{"_et_pb_use_builder":"","_et_pb_old_content":"","_et_gb_content_width":"","footnotes":""},"class_list":["post-9806","page","type-page","status-publish","hentry"],"_links":{"self":[{"href":"https:\/\/www.ecotopia.se\/sv\/wp-json\/wp\/v2\/pages\/9806","targetHints":{"allow":["GET"]}}],"collection":[{"href":"https:\/\/www.ecotopia.se\/sv\/wp-json\/wp\/v2\/pages"}],"about":[{"href":"https:\/\/www.ecotopia.se\/sv\/wp-json\/wp\/v2\/types\/page"}],"author":[{"embeddable":true,"href":"https:\/\/www.ecotopia.se\/sv\/wp-json\/wp\/v2\/users\/2"}],"replies":[{"embeddable":true,"href":"https:\/\/www.ecotopia.se\/sv\/wp-json\/wp\/v2\/comments?post=9806"}],"version-history":[{"count":12,"href":"https:\/\/www.ecotopia.se\/sv\/wp-json\/wp\/v2\/pages\/9806\/revisions"}],"predecessor-version":[{"id":10365,"href":"https:\/\/www.ecotopia.se\/sv\/wp-json\/wp\/v2\/pages\/9806\/revisions\/10365"}],"up":[{"embeddable":true,"href":"https:\/\/www.ecotopia.se\/sv\/wp-json\/wp\/v2\/pages\/10136"}],"wp:attachment":[{"href":"https:\/\/www.ecotopia.se\/sv\/wp-json\/wp\/v2\/media?parent=9806"}],"curies":[{"name":"wp","href":"https:\/\/api.w.org\/{rel}","templated":true}]}}