{"id":9778,"date":"2019-01-28T12:02:34","date_gmt":"2019-01-28T11:02:34","guid":{"rendered":"https:\/\/www.ecotopia.se\/sv\/?page_id=9778"},"modified":"2020-11-10T17:09:20","modified_gmt":"2020-11-10T16:09:20","slug":"kurs-miljovanligt-maleri-2019","status":"publish","type":"page","link":"https:\/\/www.ecotopia.se\/sv\/arkiv-2019\/kurs-miljovanligt-maleri-2019\/","title":{"rendered":"Kurs &#8211; Milj\u00f6v\u00e4nligt m\u00e5leri \u00c4ggoljetempera (del 2)"},"content":{"rendered":"<p><img loading=\"lazy\" decoding=\"async\" class=\"alignnone size-full wp-image-6979\" src=\"https:\/\/www.ecotopia.se\/sv\/wp-content\/uploads\/2017\/01\/collage_maleri_del_2.jpg\" alt=\"\" width=\"600\" height=\"200\"><\/p>\n<h2>M\u00e5la med slitstark \u00e4ggoljetempera<br \/>\n-fr\u00e5n \u00e4gg till v\u00e4gg, tak och golv<\/h2>\n<p><strong>Datum:<\/strong> S\u00f6ndag den 16 juni 2019<\/p>\n<p><strong>P\u00e5 v\u00e4ggar, i tak, p\u00e5 m\u00f6bler inomhus och p\u00e5 m\u00e5nga olika underlag \u00e4r \u00e4ggoljetempera en h\u00e4rligt naturlig f\u00e4rg gjord p\u00e5 vatten, linolja, \u00e4gg och pigment. F\u00e4rgen \u00e4r en emulsion likt majonn\u00e4s eller mj\u00f6lk. \u00c4ggoljetempera f\u00e4ster p\u00e5 n\u00e4stan alla underlag och v\u00e4l h\u00e4rdad \u00e4r den v\u00e4ldigt motst\u00e5ndskraftig mot slitage. Det \u00e4r en vacker f\u00e4rg l\u00e4mplig f\u00f6r m\u00e5leri med lasyreffekter.<\/strong><\/p>\n<p>Meningen \u00e4r att du efter denna dag ska ha tillr\u00e4cklig kunskap f\u00f6r att ta dig an ett eget m\u00e5leriprojekt med \u00e4ggoljetempera. Vi g\u00e5r igenom ingredienser och utrustning som du beh\u00f6ver f\u00f6r att blanda din egen f\u00e4rg. Vi blandar f\u00e4rg och m\u00e5lar p\u00e5 olika underlag. Du f\u00e5r tips om hur resultatet ska bli bra och vad man skall t\u00e4nka p\u00e5 inf\u00f6r att m\u00e5la med \u00e4ggoljetempera. Vi g\u00e5r igenom f\u00f6rarbete, penslar och penselv\u00e5rd samt t.ex. efterpolering. Du kommer ocks\u00e5 att l\u00e4ra dig hur du enkelt kan justera f\u00e4rgen i vald kul\u00f6r.<\/p>\n<p>I kursavgiften ing\u00e5r en flaska kokt, en flaska r\u00e5 linolja och en pensel. Allt material som anv\u00e4nds under kursen ing\u00e5r ocks\u00e5. Du kan \u00e4ven ta med dig material hem till reducerat pris b\u00e5de penslar, pigment, olja etc.<\/p>\n<p><img loading=\"lazy\" decoding=\"async\" class=\"alignright size-full wp-image-7417\" src=\"https:\/\/www.ecotopia.se\/sv\/wp-content\/uploads\/2017\/01\/maria3attstrom.jpg\" alt=\"\" width=\"150\" height=\"180\"><strong>Kursledare:<\/strong> Maria Attstr\u00f6m driver <a href=\"http:\/\/attstrom.se\">m\u00e5lerifirman Econyans<\/a>, med f\u00e4rgbutik och har l\u00e5ng yrkeserfarenhet av byggnadsm\u00e5leri, f\u00e4rgs\u00e4ttning, f\u00e4rgmaterial och form. Hennes fokus ligger p\u00e5 det estetiska samtidigt som hon utg\u00e5r fr\u00e5n milj\u00f6v\u00e4nliga, ekonomiska och l\u00e5ngsiktigt h\u00e5llbara tekniker dvs. m\u00e5leri med linoljef\u00e4rg, slamf\u00e4rg, \u00e4ggoljetempera, limf\u00e4rg och kalkf\u00e4rg. Sedan slutet p\u00e5 90-talet arbetar hon med milj\u00f6v\u00e4nligt m\u00e5leri, dekorationsm\u00e5lning och f\u00e4rgtillverkning. Efter flera \u00e5r som yrkesverksam p\u00e5 ett (linolje) f\u00e4rgmakeri har hon god erfarenhet av r\u00e5dgivning och v\u00e4gledning.<\/p>\n<p><strong>N\u00e4r:<\/strong> S\u00f6ndag den 16 juni 2019, kl 10-16.30<\/p>\n<p><strong>Plats:<\/strong> Ecotopia p\u00e5 \u00d6sterlen<\/p>\n<p><strong>Kurskostnad (inkl 25% moms) inkl. vegetarisk lunch och fika<\/strong>: 855:- \u2028I kursavgiften ing\u00e5r,&nbsp; f\u00f6rutom allt material som ni anv\u00e4nder p\u00e5 kursen, en flaska kokt linolja och en pensel l\u00e4mplig f\u00f6r \u00e4ggoljetempera och m\u00f6jligheten att k\u00f6pa pigment till bra pris.<\/p>\n<p><em>Rabatterad kurskostnad f\u00f6r denna del 2 och <a href=\"https:\/\/www.ecotopia.se\/sv\/kalendarium\/kurs-miljovanligt-maleri-del-1\/\">del 1 (15\/6)<\/a>: 1500:- (ordinarie pris 1710:-)<\/em><\/p>\n<p><em>Begr\u00e4nsat antal deltagare<\/em><\/p>\n<p><strong>F\u00f6r mer information:<\/strong> <a href=\"https:\/\/www.ecotopia.se\/sv\/kontakt\/\">Kontakta oss h\u00e4r<\/a> eller ring 0703 330814<\/p>\n<p>I samverkan med:<br \/>\n<img loading=\"lazy\" decoding=\"async\" class=\"alignnone size-full wp-image-4055\" src=\"https:\/\/www.ecotopia.se\/sv\/wp-content\/uploads\/2014\/12\/logo_econyans.jpg\" alt=\"\" width=\"600\" height=\"60\"><\/p>\n<table style=\"background-color: #ffe1ac;\" width=\"100%\" border=\"0\">\n<tbody>\n<tr>\n<td valign=\"top\"><\/td>\n<td valign=\"top\">\n<h3><span style=\"color: #808000;\">Kursanm\u00e4lan g\u00f6rs i 2 steg<\/span><\/h3>\n<p><strong>1.<\/strong> Fyll i och skicka kursanm\u00e4lan s\u00e5 f\u00e5r du en bekr\u00e4ftelse av oss.<br \/>\n<strong>2.<\/strong> Genom att betala in avgiften till Ecotopia p\u00e5 \u00d6sterlen bankgiro 771-1955 har du anm\u00e4lt dig och din plats i kursen \u00e4r s\u00e4krad. N\u00e4r avgiften inkommit f\u00e5r du en betalningsbekr\u00e4ftelse av oss.<br \/>\nN\u00e5gra veckor innan kursstart skickar vi ut en mer detaljerad information.<br \/>\n\n                <div class='gf_browser_gecko gform_wrapper' id='gform_wrapper_31' ><form method='post' enctype='multipart\/form-data'  id='gform_31'  action='\/sv\/wp-json\/wp\/v2\/pages\/9778'>\n                        <div class='gform_body'><ul id='gform_fields_31' class='gform_fields top_label form_sublabel_below description_below'><li id='field_31_3' class='gfield gfield_contains_required field_sublabel_below field_description_below gfield_visibility_visible' ><label class='gfield_label gfield_label_before_complex' for='input_31_3' >Ditt\/era namn:<span class='gfield_required'>*<\/span><\/label><div class='ginput_container ginput_container_name'>\n                                    <input name='input_3' id='input_31_3' type='text' value='' class='medium' tabindex='1'  aria-required=\"true\" aria-invalid=\"false\" \/>\n                                <\/div><\/li><li id='field_31_5' class='gfield gfield_contains_required field_sublabel_below field_description_below gfield_visibility_visible' ><label class='gfield_label' for='input_31_5' >E-postadress:<span class='gfield_required'>*<\/span><\/label><div class='ginput_container ginput_container_email'>\n                            <input name='input_5' id='input_31_5' type='text' value='' class='medium' tabindex='2'    aria-required=\"true\" aria-invalid=\"false\"\/>\n                        <\/div><\/li><li id='field_31_4' class='gfield field_sublabel_below field_description_below gfield_visibility_visible' ><label class='gfield_label' for='input_31_4' >Telefon:<\/label><div class='ginput_container ginput_container_phone'><input name='input_4' id='input_31_4' type='text' value='' class='medium' tabindex='3'    aria-invalid=\"false\" \/><\/div><\/li><li id='field_31_6' class='gfield field_sublabel_below field_description_below gfield_visibility_visible' ><label class='gfield_label gfield_label_before_complex' for='input_31_6_1' >Adress<\/label>    \n                    <div class='ginput_complex ginput_container has_street has_street2 has_city has_state has_zip has_country ginput_container_address gfield_trigger_change' id='input_31_6' >\n                         <span class='ginput_full address_line_1' id='input_31_6_1_container' >\n                                        <input type='text' name='input_6.1' id='input_31_6_1' value='' tabindex='4'  \/>\n                                        <label for='input_31_6_1' id='input_31_6_1_label' >Street Address<\/label>\n                                    <\/span><span class='ginput_left address_city' id='input_31_6_3_container' >\n                                    <input type='text' name='input_6.3' id='input_31_6_3' value='' tabindex='5'  \/>\n                                    <label for='input_31_6_3' id='input_31_6_3_label' >City<\/label>\n                                 <\/span><input type='hidden' class='gform_hidden' name='input_6.4' id='input_31_6_4' value=''\/><span class='ginput_right address_zip' id='input_31_6_5_container' >\n                                    <input type='text' name='input_6.5' id='input_31_6_5' value='' tabindex='6'  \/>\n                                    <label for='input_31_6_5' id='input_31_6_5_label' >ZIP \/ Postal Code<\/label>\n                                <\/span><span class='ginput_left address_country' id='input_31_6_6_container' >\n                                        <select name='input_6.6' id='input_31_6_6' tabindex='7' ><option value='' ><\/option><option value='Afghanistan' >Afghanistan<\/option><option value='Albania' >Albania<\/option><option value='Algeria' >Algeria<\/option><option value='American Samoa' >American Samoa<\/option><option value='Andorra' >Andorra<\/option><option value='Angola' >Angola<\/option><option value='Antigua and Barbuda' >Antigua and Barbuda<\/option><option value='Argentina' >Argentina<\/option><option value='Armenia' >Armenia<\/option><option value='Australia' >Australia<\/option><option value='Austria' >Austria<\/option><option value='Azerbaijan' >Azerbaijan<\/option><option value='Bahamas' >Bahamas<\/option><option value='Bahrain' >Bahrain<\/option><option value='Bangladesh' >Bangladesh<\/option><option value='Barbados' >Barbados<\/option><option value='Belarus' >Belarus<\/option><option value='Belgium' >Belgium<\/option><option value='Belize' >Belize<\/option><option value='Benin' >Benin<\/option><option value='Bermuda' >Bermuda<\/option><option value='Bhutan' >Bhutan<\/option><option value='Bolivia' >Bolivia<\/option><option value='Bosnia and Herzegovina' >Bosnia and Herzegovina<\/option><option value='Botswana' >Botswana<\/option><option value='Brazil' >Brazil<\/option><option value='Brunei' >Brunei<\/option><option value='Bulgaria' >Bulgaria<\/option><option value='Burkina Faso' >Burkina Faso<\/option><option value='Burundi' >Burundi<\/option><option value='Cambodia' >Cambodia<\/option><option value='Cameroon' >Cameroon<\/option><option value='Canada' >Canada<\/option><option value='Cape Verde' >Cape Verde<\/option><option value='Cayman Islands' >Cayman Islands<\/option><option value='Central African Republic' >Central African Republic<\/option><option value='Chad' >Chad<\/option><option value='Chile' >Chile<\/option><option value='China' >China<\/option><option value='Colombia' >Colombia<\/option><option value='Comoros' >Comoros<\/option><option value='Congo, Democratic Republic of the' >Congo, Democratic Republic of the<\/option><option value='Congo, Republic of the' >Congo, Republic of the<\/option><option value='Costa Rica' >Costa Rica<\/option><option value='C\u00f4te d&#039;Ivoire' >C\u00f4te d&#039;Ivoire<\/option><option value='Croatia' >Croatia<\/option><option value='Cuba' >Cuba<\/option><option value='Cura\u00e7ao' >Cura\u00e7ao<\/option><option value='Cyprus' >Cyprus<\/option><option value='Czech Republic' >Czech Republic<\/option><option value='Denmark' >Denmark<\/option><option value='Djibouti' >Djibouti<\/option><option value='Dominica' >Dominica<\/option><option value='Dominican Republic' >Dominican Republic<\/option><option value='East Timor' >East Timor<\/option><option value='Ecuador' >Ecuador<\/option><option value='Egypt' >Egypt<\/option><option value='El Salvador' >El Salvador<\/option><option value='Equatorial Guinea' >Equatorial Guinea<\/option><option value='Eritrea' >Eritrea<\/option><option value='Estonia' >Estonia<\/option><option value='Ethiopia' >Ethiopia<\/option><option value='Faroe Islands' >Faroe Islands<\/option><option value='Fiji' >Fiji<\/option><option value='Finland' >Finland<\/option><option value='France' >France<\/option><option value='French Polynesia' >French Polynesia<\/option><option value='Gabon' >Gabon<\/option><option value='Gambia' >Gambia<\/option><option value='Georgia' >Georgia<\/option><option value='Germany' >Germany<\/option><option value='Ghana' >Ghana<\/option><option value='Greece' >Greece<\/option><option value='Greenland' >Greenland<\/option><option value='Grenada' >Grenada<\/option><option value='Guam' >Guam<\/option><option value='Guatemala' >Guatemala<\/option><option value='Guinea' >Guinea<\/option><option value='Guinea-Bissau' >Guinea-Bissau<\/option><option value='Guyana' >Guyana<\/option><option value='Haiti' >Haiti<\/option><option value='Honduras' >Honduras<\/option><option value='Hong Kong' >Hong Kong<\/option><option value='Hungary' >Hungary<\/option><option value='Iceland' >Iceland<\/option><option value='India' >India<\/option><option value='Indonesia' >Indonesia<\/option><option value='Iran' >Iran<\/option><option value='Iraq' >Iraq<\/option><option value='Ireland' >Ireland<\/option><option value='Israel' >Israel<\/option><option value='Italy' >Italy<\/option><option value='Jamaica' >Jamaica<\/option><option value='Japan' >Japan<\/option><option value='Jordan' >Jordan<\/option><option value='Kazakhstan' >Kazakhstan<\/option><option value='Kenya' >Kenya<\/option><option value='Kiribati' >Kiribati<\/option><option value='North Korea' >North Korea<\/option><option value='South Korea' >South Korea<\/option><option value='Kosovo' >Kosovo<\/option><option value='Kuwait' >Kuwait<\/option><option value='Kyrgyzstan' >Kyrgyzstan<\/option><option value='Laos' >Laos<\/option><option value='Latvia' >Latvia<\/option><option value='Lebanon' >Lebanon<\/option><option value='Lesotho' >Lesotho<\/option><option value='Liberia' >Liberia<\/option><option value='Libya' >Libya<\/option><option value='Liechtenstein' >Liechtenstein<\/option><option value='Lithuania' >Lithuania<\/option><option value='Luxembourg' >Luxembourg<\/option><option value='Macedonia' >Macedonia<\/option><option value='Madagascar' >Madagascar<\/option><option value='Malawi' >Malawi<\/option><option value='Malaysia' >Malaysia<\/option><option value='Maldives' >Maldives<\/option><option value='Mali' >Mali<\/option><option value='Malta' >Malta<\/option><option value='Marshall Islands' >Marshall Islands<\/option><option value='Mauritania' >Mauritania<\/option><option value='Mauritius' >Mauritius<\/option><option value='Mexico' >Mexico<\/option><option value='Micronesia' >Micronesia<\/option><option value='Moldova' >Moldova<\/option><option value='Monaco' >Monaco<\/option><option value='Mongolia' >Mongolia<\/option><option value='Montenegro' >Montenegro<\/option><option value='Morocco' >Morocco<\/option><option value='Mozambique' >Mozambique<\/option><option value='Myanmar' >Myanmar<\/option><option value='Namibia' >Namibia<\/option><option value='Nauru' >Nauru<\/option><option value='Nepal' >Nepal<\/option><option value='Netherlands' >Netherlands<\/option><option value='New Zealand' >New Zealand<\/option><option value='Nicaragua' >Nicaragua<\/option><option value='Niger' >Niger<\/option><option value='Nigeria' >Nigeria<\/option><option value='Northern Mariana Islands' >Northern Mariana Islands<\/option><option value='Norway' >Norway<\/option><option value='Oman' >Oman<\/option><option value='Pakistan' >Pakistan<\/option><option value='Palau' >Palau<\/option><option value='Palestine, State of' >Palestine, State of<\/option><option value='Panama' >Panama<\/option><option value='Papua New Guinea' >Papua New Guinea<\/option><option value='Paraguay' >Paraguay<\/option><option value='Peru' >Peru<\/option><option value='Philippines' >Philippines<\/option><option value='Poland' >Poland<\/option><option value='Portugal' >Portugal<\/option><option value='Puerto Rico' >Puerto Rico<\/option><option value='Qatar' >Qatar<\/option><option value='Romania' >Romania<\/option><option value='Russia' >Russia<\/option><option value='Rwanda' >Rwanda<\/option><option value='Saint Kitts and Nevis' >Saint Kitts and Nevis<\/option><option value='Saint Lucia' >Saint Lucia<\/option><option value='Saint Vincent and the Grenadines' >Saint Vincent and the Grenadines<\/option><option value='Saint Martin' >Saint Martin<\/option><option value='Samoa' >Samoa<\/option><option value='San Marino' >San Marino<\/option><option value='Sao Tome and Principe' >Sao Tome and Principe<\/option><option value='Saudi Arabia' >Saudi Arabia<\/option><option value='Senegal' >Senegal<\/option><option value='Serbia' >Serbia<\/option><option value='Seychelles' >Seychelles<\/option><option value='Sierra Leone' >Sierra Leone<\/option><option value='Singapore' >Singapore<\/option><option value='Sint Maarten' >Sint Maarten<\/option><option value='Slovakia' >Slovakia<\/option><option value='Slovenia' >Slovenia<\/option><option value='Solomon Islands' >Solomon Islands<\/option><option value='Somalia' >Somalia<\/option><option value='South Africa' >South Africa<\/option><option value='Spain' >Spain<\/option><option value='Sri Lanka' >Sri Lanka<\/option><option value='Sudan' >Sudan<\/option><option value='Sudan, South' >Sudan, South<\/option><option value='Suriname' >Suriname<\/option><option value='Swaziland' >Swaziland<\/option><option value='Sweden' selected='selected'>Sweden<\/option><option value='Switzerland' >Switzerland<\/option><option value='Syria' >Syria<\/option><option value='Taiwan' >Taiwan<\/option><option value='Tajikistan' >Tajikistan<\/option><option value='Tanzania' >Tanzania<\/option><option value='Thailand' >Thailand<\/option><option value='Togo' >Togo<\/option><option value='Tonga' >Tonga<\/option><option value='Trinidad and Tobago' >Trinidad and Tobago<\/option><option value='Tunisia' >Tunisia<\/option><option value='Turkey' >Turkey<\/option><option value='Turkmenistan' >Turkmenistan<\/option><option value='Tuvalu' >Tuvalu<\/option><option value='Uganda' >Uganda<\/option><option value='Ukraine' >Ukraine<\/option><option value='United Arab Emirates' >United Arab Emirates<\/option><option value='United Kingdom' >United Kingdom<\/option><option value='United States' >United States<\/option><option value='Uruguay' >Uruguay<\/option><option value='Uzbekistan' >Uzbekistan<\/option><option value='Vanuatu' >Vanuatu<\/option><option value='Vatican City' >Vatican City<\/option><option value='Venezuela' >Venezuela<\/option><option value='Vietnam' >Vietnam<\/option><option value='Virgin Islands, British' >Virgin Islands, British<\/option><option value='Virgin Islands, U.S.' >Virgin Islands, U.S.<\/option><option value='Yemen' >Yemen<\/option><option value='Zambia' >Zambia<\/option><option value='Zimbabwe' >Zimbabwe<\/option><\/select>\n                                        <label for='input_31_6_6' id='input_31_6_6_label' >Country<\/label>\n                                    <\/span>\n                    <div class='gf_clear gf_clear_complex'><\/div>\n                <\/div><\/li><li id='field_31_10' class='gfield field_sublabel_below field_description_below gfield_visibility_visible' ><label class='gfield_label' for='input_31_10' >Fr\u00e5gor eller \u00f6nskem\u00e5l<\/label><div class='ginput_container ginput_container_textarea'><textarea name='input_10' id='input_31_10' class='textarea medium' tabindex='8'    aria-invalid=\"false\"   rows='10' cols='50'><\/textarea><\/div><\/li><li id='field_31_11' class='gfield gform_validation_container field_sublabel_below field_description_below gfield_visibility_visible' ><label class='gfield_label' for='input_31_11' >Name<\/label><div class='ginput_container'><input name='input_11' id='input_31_11' type='text' value='' \/><\/div><div class='gfield_description'>This field is for validation purposes and should be left unchanged.<\/div><\/li>\n                            <\/ul><\/div>\n        <div class='gform_footer top_label'> <input type='submit' id='gform_submit_button_31' class='gform_button button' value='Skicka anm\u00e4lan!' tabindex='9' onclick='if(window[\"gf_submitting_31\"]){return false;}  window[\"gf_submitting_31\"]=true;  ' onkeypress='if( event.keyCode == 13 ){ if(window[\"gf_submitting_31\"]){return false;} window[\"gf_submitting_31\"]=true;  jQuery(\"#gform_31\").trigger(\"submit\",[true]); }' \/> \n            <input type='hidden' class='gform_hidden' name='is_submit_31' value='1' \/>\n            <input type='hidden' class='gform_hidden' name='gform_submit' value='31' \/>\n            \n            <input type='hidden' class='gform_hidden' name='gform_unique_id' value='' \/>\n            <input type='hidden' class='gform_hidden' name='state_31' value='WyJbXSIsImMzZjQ5NjZjYTEyNTUxZmJmNzk5ZjQ3ZGNmZjliNjNkIl0=' \/>\n            <input type='hidden' class='gform_hidden' name='gform_target_page_number_31' id='gform_target_page_number_31' value='0' \/>\n            <input type='hidden' class='gform_hidden' name='gform_source_page_number_31' id='gform_source_page_number_31' value='1' \/>\n            <input type='hidden' name='gform_field_values' value='' \/>\n            \n        <\/div>\n                        <p style=\"display: none !important;\" class=\"akismet-fields-container\" data-prefix=\"ak_\"><label>&#916;<textarea name=\"ak_hp_textarea\" cols=\"45\" rows=\"8\" maxlength=\"100\"><\/textarea><\/label><input type=\"hidden\" id=\"ak_js_1\" name=\"ak_js\" value=\"34\"\/><script>document.getElementById( \"ak_js_1\" ).setAttribute( \"value\", ( new Date() ).getTime() );<\/script><\/p><\/form>\n                        <\/div><script type='text\/javascript'> jQuery(document).bind('gform_post_render', function(event, formId, currentPage){if(formId == 31) {} } );jQuery(document).bind('gform_post_conditional_logic', function(event, formId, fields, isInit){} );<\/script><script type='text\/javascript'> jQuery(document).ready(function(){jQuery(document).trigger('gform_post_render', [31, 1]) } ); <\/script><\/td>\n<td valign=\"top\"><\/td>\n<\/tr>\n<tr>\n<td valign=\"top\">*<\/td>\n<td valign=\"top\">Obligatoriska f\u00e4lt<\/td>\n<td valign=\"top\"><\/td>\n<\/tr>\n<\/tbody>\n<\/table>\n<p><em><strong>Ecotopia \u00d6sterlens avbokningsregler <\/strong><\/em><em>Vi har mjukat upp SAUFs (Sveriges auktoriserade utbildningsf\u00f6retag) standardregler f\u00f6r avbokning av \u00f6ppen kurs. Detta inneb\u00e4r att din anm\u00e4lan \u00e4r bindande s\u00e5 snart du har f\u00e5tt en bekr\u00e4ftelse skickad till dig. Vid avbokning 14-8 dagar f\u00f6re kursstart debiteras 50% av kursavgiften. Vid avbokning och icke-deltagande utan avbokning 7-0 dagar f\u00f6re kursstart debiteras 100% av kursavgiften. Du kan s\u00e4nda en ers\u00e4ttare efter samr\u00e5d med oss.<\/em><\/p>\n","protected":false},"excerpt":{"rendered":"<p>M\u00e5la med slitstark \u00e4ggoljetempera -fr\u00e5n \u00e4gg till v\u00e4gg, tak och golv Datum: S\u00f6ndag den 16 juni 2019 P\u00e5 v\u00e4ggar, i tak, p\u00e5 m\u00f6bler inomhus och p\u00e5 m\u00e5nga olika underlag \u00e4r [&hellip;]<\/p>\n","protected":false},"author":3,"featured_media":0,"parent":10136,"menu_order":0,"comment_status":"closed","ping_status":"closed","template":"","meta":{"_et_pb_use_builder":"","_et_pb_old_content":"","_et_gb_content_width":"","footnotes":""},"class_list":["post-9778","page","type-page","status-publish","hentry"],"_links":{"self":[{"href":"https:\/\/www.ecotopia.se\/sv\/wp-json\/wp\/v2\/pages\/9778","targetHints":{"allow":["GET"]}}],"collection":[{"href":"https:\/\/www.ecotopia.se\/sv\/wp-json\/wp\/v2\/pages"}],"about":[{"href":"https:\/\/www.ecotopia.se\/sv\/wp-json\/wp\/v2\/types\/page"}],"author":[{"embeddable":true,"href":"https:\/\/www.ecotopia.se\/sv\/wp-json\/wp\/v2\/users\/3"}],"replies":[{"embeddable":true,"href":"https:\/\/www.ecotopia.se\/sv\/wp-json\/wp\/v2\/comments?post=9778"}],"version-history":[{"count":11,"href":"https:\/\/www.ecotopia.se\/sv\/wp-json\/wp\/v2\/pages\/9778\/revisions"}],"predecessor-version":[{"id":12550,"href":"https:\/\/www.ecotopia.se\/sv\/wp-json\/wp\/v2\/pages\/9778\/revisions\/12550"}],"up":[{"embeddable":true,"href":"https:\/\/www.ecotopia.se\/sv\/wp-json\/wp\/v2\/pages\/10136"}],"wp:attachment":[{"href":"https:\/\/www.ecotopia.se\/sv\/wp-json\/wp\/v2\/media?parent=9778"}],"curies":[{"name":"wp","href":"https:\/\/api.w.org\/{rel}","templated":true}]}}