{"id":9325,"date":"2018-11-22T17:43:45","date_gmt":"2018-11-22T16:43:45","guid":{"rendered":"https:\/\/www.ecotopia.se\/sv\/?page_id=9325"},"modified":"2019-01-11T10:39:07","modified_gmt":"2019-01-11T09:39:07","slug":"hallbarhetsrapport-ecg","status":"publish","type":"page","link":"https:\/\/www.ecotopia.se\/sv\/hallbarhetsrapport-ecg\/","title":{"rendered":"H\u00e5llbarhetsrapport (ECG)"},"content":{"rendered":"<p>I syfte att m\u00e4ta hur stor Ecotopias samh\u00e4llsnytta som genereras utifr\u00e5n sociala, demokratiska och milj\u00f6m\u00e4ssiga v\u00e4rden \u00e4r har vi valt<\/p>\n<h3><span style=\"font-size: 16px;\">Economy for the Common Good (ECG) &#8211; en\u00a0<span lang=\"DE\">balansr\u00e4kning f\u00f6r \u201ddet allm\u00e4nna b\u00e4sta&#8221;<\/span><\/span><\/h3>\n<p>Detta bokslut ligger till grund f\u00f6r Ecotopias kvalitetss\u00e4kringssystem.<\/p>\n<p><strong>Vad \u00e4r ECG?<\/strong><br \/>\nECG \u00e4r en internationell organisation, grundad av Christian Felber, som fr\u00e4mjar ett alternativt ekonomiskt system baserad p\u00e5 marknadsekonomi, d\u00e4r samh\u00e4llsnyttan st\u00e5r i centrum och f\u00f6retag\/organisationer \u00e4r med och bidrar till en mer h\u00e5llbar v\u00e4rld. F\u00f6r utf\u00f6rlig information bes\u00f6k <a href=\"https:\/\/www.ecogood.org\/en\/\">ECG:s officiella hemsida<\/a>.<\/p>\n<p><strong>Vad \u00e4r ECG-bokslutet?<\/strong><br \/>\nECGs vision blir konkret genom ECG-bokslutet. Det \u00e4r ett handfast verktyg som kompletterar f\u00f6retagets finansiella bokslut genom att m\u00e4ta hur stor samh\u00e4llsnytta som genereras utifr\u00e5n sociala, demokratiska och milj\u00f6m\u00e4ssiga v\u00e4rden. ECG-bokslutet \u00e4r ett holistiskt och nyt\u00e4nkande styr- och redovisningssystem f\u00f6r h\u00e5llbart f\u00f6retagande och h\u00e5llbar organisationsutveckling.<\/p>\n<div class=\"page\" title=\"Page 1\">\n<div class=\"section\">\n<div class=\"layoutArea\">\n<div class=\"column\">\n<p>Bokslutet bygger p\u00e5 denna matris (f\u00f6renklad version) d\u00e4r fem grundl\u00e4ggande v\u00e4rderingar, m\u00e4nsklig v\u00e4rdighet, solidaritet, h\u00e5llbarhet, r\u00e4ttvisa och demokrati, st\u00e4lls i relation till verksamheten och dess intressenter s\u00e5 som anst\u00e4llda, kunder och kommande generationer. Tillsammans skapar matrisen 17 delar som alla har 3\u20135 kvantitativa och kvalitativa fr\u00e5gest\u00e4llningar. Syftet \u00e4r att gynna de akt\u00f6rer som agerar p\u00e5 ett socialt, milj\u00f6m\u00e4ssigt och demokratiskt h\u00e5llbart s\u00e4tt.<\/p>\n<\/div>\n<\/div>\n<\/div>\n<\/div>\n<p><a href=\"https:\/\/www.ecotopia.se\/sv\/wp-content\/uploads\/2018\/11\/eng_matrix_5_0.png__3306x1759_q85_crop_subject_location-1653882_subsampling-2_upscale.jpg\"><img loading=\"lazy\" decoding=\"async\" class=\"size-medium wp-image-9345 alignleft\" src=\"https:\/\/www.ecotopia.se\/sv\/wp-content\/uploads\/2018\/11\/eng_matrix_5_0.png__3306x1759_q85_crop_subject_location-1653882_subsampling-2_upscale-600x319.jpg\" alt=\"\" width=\"600\" height=\"319\" srcset=\"https:\/\/www.ecotopia.se\/sv\/wp-content\/uploads\/2018\/11\/eng_matrix_5_0.png__3306x1759_q85_crop_subject_location-1653882_subsampling-2_upscale-600x319.jpg 600w, https:\/\/www.ecotopia.se\/sv\/wp-content\/uploads\/2018\/11\/eng_matrix_5_0.png__3306x1759_q85_crop_subject_location-1653882_subsampling-2_upscale-768x409.jpg 768w, https:\/\/www.ecotopia.se\/sv\/wp-content\/uploads\/2018\/11\/eng_matrix_5_0.png__3306x1759_q85_crop_subject_location-1653882_subsampling-2_upscale.jpg 900w\" sizes=\"(max-width: 600px) 100vw, 600px\" \/><\/a><\/p>\n<div class=\"page\" title=\"Page 1\">\n<div class=\"section\">\n<div class=\"layoutArea\">\n<div class=\"column\">\n<p>N\u00e4r en verksamhet har g\u00e5tt igenom de 17 delarna f\u00e5r de mellan 0\u20131000 ECG-po\u00e4ng. F\u00e5r verksamheten 0 po\u00e4ng skapar de v\u00e4ldigt lite eller ingen samh\u00e4llsnytta. F\u00e5r de 1000 po\u00e4ng skulle verksamheten inte ha n\u00e5gon social eller milj\u00f6m\u00e4ssig negativ p\u00e5verkan alls utan bara skapa samh\u00e4llsnytta. Idag har f\u00e5 verksamheter f\u00e5tt \u00f6ver 500 po\u00e4ng d\u00e5 det finns mycket utvecklingspotential f\u00f6r alla verksamheter att bli mer h\u00e5llbara.<\/p>\n<\/div>\n<\/div>\n<\/div>\n<\/div>\n<blockquote><p>Ekonomin f\u00f6r det allm\u00e4nna b\u00e4sta \u00e4r en r\u00f6relse f\u00f6r en alternativ marknadsekonomi, men ocks\u00e5 ett konkret verktyg f\u00f6r att g\u00f6ra h\u00e5llbarhetsrapporter. Nu b\u00f6rjar det f\u00e5 f\u00e4ste i Sverige.<\/p><\/blockquote>\n<p><a href=\"http:\/\/www.fria.nu\/artikel\/132359\">H\u00e4r kan du l\u00e4sa mer!<\/a><\/p>\n<p><strong>ECG SVERIGE &#8211; Ekonomi f\u00f6r det allm\u00e4nna b\u00e4sta<\/strong><\/p>\n<p>Denna folkr\u00f6relse med en vision om ett ekonomiskt system som gynnar m\u00e4nniskor och v\u00e5r planet finns att <a href=\"https:\/\/www.facebook.com\/groups\/168923456636038\/about\/\">f\u00f6lja p\u00e5 Facebook<\/a>\u00a0eller bes\u00f6k <a href=\"https:\/\/ecgsverige.se\">ECG Sveriges hemsida<\/a> d\u00e4r du \u00e4ven hittar information om deras konsultutbildning.<\/p>\n","protected":false},"excerpt":{"rendered":"<p>I syfte att m\u00e4ta hur stor Ecotopias samh\u00e4llsnytta som genereras utifr\u00e5n sociala, demokratiska och milj\u00f6m\u00e4ssiga v\u00e4rden \u00e4r har vi valt Economy for the Common Good (ECG) &#8211; en\u00a0balansr\u00e4kning f\u00f6r \u201ddet [&hellip;]<\/p>\n","protected":false},"author":3,"featured_media":0,"parent":0,"menu_order":0,"comment_status":"closed","ping_status":"closed","template":"","meta":{"_et_pb_use_builder":"","_et_pb_old_content":"","_et_gb_content_width":"","footnotes":""},"class_list":["post-9325","page","type-page","status-publish","hentry"],"_links":{"self":[{"href":"https:\/\/www.ecotopia.se\/sv\/wp-json\/wp\/v2\/pages\/9325","targetHints":{"allow":["GET"]}}],"collection":[{"href":"https:\/\/www.ecotopia.se\/sv\/wp-json\/wp\/v2\/pages"}],"about":[{"href":"https:\/\/www.ecotopia.se\/sv\/wp-json\/wp\/v2\/types\/page"}],"author":[{"embeddable":true,"href":"https:\/\/www.ecotopia.se\/sv\/wp-json\/wp\/v2\/users\/3"}],"replies":[{"embeddable":true,"href":"https:\/\/www.ecotopia.se\/sv\/wp-json\/wp\/v2\/comments?post=9325"}],"version-history":[{"count":6,"href":"https:\/\/www.ecotopia.se\/sv\/wp-json\/wp\/v2\/pages\/9325\/revisions"}],"predecessor-version":[{"id":9633,"href":"https:\/\/www.ecotopia.se\/sv\/wp-json\/wp\/v2\/pages\/9325\/revisions\/9633"}],"wp:attachment":[{"href":"https:\/\/www.ecotopia.se\/sv\/wp-json\/wp\/v2\/media?parent=9325"}],"curies":[{"name":"wp","href":"https:\/\/api.w.org\/{rel}","templated":true}]}}