{"id":9008,"date":"2018-10-18T09:21:47","date_gmt":"2018-10-18T08:21:47","guid":{"rendered":"https:\/\/www.ecotopia.se\/sv\/?page_id=9008"},"modified":"2018-12-16T09:55:36","modified_gmt":"2018-12-16T08:55:36","slug":"vegetariskt-julbord-2018","status":"publish","type":"page","link":"https:\/\/www.ecotopia.se\/sv\/kalendarium-arkiv\/vegetariskt-julbord-2018\/","title":{"rendered":"Veganskt julbord"},"content":{"rendered":"<p><img loading=\"lazy\" decoding=\"async\" class=\"alignnone size-full wp-image-9010\" src=\"https:\/\/www.ecotopia.se\/sv\/wp-content\/uploads\/2018\/10\/collage-julbord-2018.jpg\" alt=\"\" width=\"600\" height=\"200\"><\/p>\n<h3><strong><span style=\"color: #c72020;\">Rawfood Julbord &#8211; Mandel &amp; M\u00e5lla g\u00e4star Ecotopia!<\/span><\/strong><br \/>\n<span style=\"color: #008000;\">-med eller utan \u00f6vernattning i ekoboende<\/span><\/h3>\n<h5>Fre 7 dec <span style=\"color: #339966;\">Fullbokat <\/span><br \/>\nL\u00f6r 8 dec <span style=\"color: #339966;\">Fullbokat<\/span><br \/>\nFre 14 dec <span style=\"color: #339966;\">Fullbokat<\/span><br \/>\nL\u00f6r 15 dec <span style=\"color: #339966;\">Fullbokat<\/span><\/h5>\n<p><img loading=\"lazy\" decoding=\"async\" class=\"alignright size-full wp-image-9011\" src=\"https:\/\/www.ecotopia.se\/sv\/wp-content\/uploads\/2018\/10\/Mandel-Malla-Logo22.png\" alt=\"\" width=\"200\" height=\"133\"><strong>Njut av och l\u00e5t er inspireras av \u00e5rets veganska rawfood julmat. En afton n\u00e4r <a href=\"https:\/\/www.facebook.com\/mandelochmalla\/\" target=\"_blank\" rel=\"noopener\">Mandel &amp; M\u00e5lla<\/a> g\u00e4star Ecotopia och firar jul tillsammans.<\/strong><\/p>\n<p>Mandel &amp; M\u00e5llas julbord har genom \u00e5ren f\u00e5tt idel lovord. I deras nyskapade julmat \u00e5terfinner ni traditionella julsmaker i ett m\u00f6te med andra kulturer. Ett julbord med b\u00e5de h\u00e4lsosam och fantastiskt god och kreativ julmat!<\/p>\n<p>Med detta julbord sl\u00e5r vi ett vingslag bort fr\u00e5n det traditionella och till det sunda och n\u00e4ringsrika julbordet. R\u00e5varorna \u00e4r ekologiska och delvis sk\u00f6rdade p\u00e5 g\u00e5rden.<\/p>\n<p><img loading=\"lazy\" decoding=\"async\" class=\"alignright size-full wp-image-9024\" src=\"https:\/\/www.ecotopia.se\/sv\/wp-content\/uploads\/2018\/10\/photodune-Weihnachten2.jpg\" alt=\"\" width=\"200\" height=\"181\"><strong>K\u00f6ksm\u00e4stare \u00e4r rawfoodkocken Henrik Petersson: <\/strong><\/p>\n<blockquote><p>Jag \u00e4r en kreat\u00f6r och tycker att det \u00e4r fantastiskt roligt att skapa nya r\u00e4tter som inte gjorts tidigare. Maten skall b\u00e5de vara h\u00e4lsosam och fantastiskt god. N\u00e4r jag hittar p\u00e5 en r\u00e4tt k\u00e4nner jag ett lyckorus och vill dela med mig av den nya matkreationen till andra. Det g\u00e4ller att utmana sig sj\u00e4lv hela tiden<\/p><\/blockquote>\n<p>Henrik b\u00f6rjade redan 2001 att laga och experimentera med vegansk mat. Sedan 2009 har han specialiserat sig p\u00e5 rawfood.<\/p>\n<p>Till denna julmat erbjuder vi ekologisk cider, l\u00e4tt\u00f6l och alkoholfritt vin. Ekologisk gl\u00f6gg och svenskt bubbel finns naturligtvis ocks\u00e5 med bland de alkoholfria dryckerna liksom g\u00e5rdens \u00e4ppelmust och fl\u00e4dersaft.<\/p>\n<p><strong>V\u00e4lkommen att boka!<\/strong><\/p>\n<p><strong>Tider:<\/strong> Fredag 7 och 14 december 2018 kl 18.30<br \/>\n<strong>Tider:<\/strong> L\u00f6rdag 8 och 15 december 2018 kl 18.30<\/p>\n<p><strong>Pris julbord:<\/strong> 369:- per person inkl moms<\/p>\n<p><strong>Pris julbord med ekoboende inkl frukost fredag-l\u00f6rdag eller l\u00f6rdag-s\u00f6ndag:<\/strong> 689:- per person inkl moms.<\/p>\n<p><strong>Gruppbokning:<\/strong> Har ni fr\u00e5gor och planerar att komma i grupp ber vi er kontakta oss p\u00e5 mob 0703 330&nbsp;814 eller via v\u00e5rt <a href=\"https:\/\/www.ecotopia.se\/sv\/kontakt\/\">kontaktformul\u00e4r<\/a>.<\/p>\n<p><strong>F\u00f6r mer information:<\/strong>&nbsp;<a href=\"https:\/\/www.ecotopia.se\/sv\/kontakt\/\">skriv till&nbsp;oss<\/a>&nbsp;eller&nbsp;ring 0703 330&nbsp;814<\/p>\n","protected":false},"excerpt":{"rendered":"<p>Rawfood Julbord &#8211; Mandel &amp; M\u00e5lla g\u00e4star Ecotopia! -med eller utan \u00f6vernattning i ekoboende Fre 7 dec Fullbokat L\u00f6r 8 dec Fullbokat Fre 14 dec Fullbokat L\u00f6r 15 dec Fullbokat [&hellip;]<\/p>\n","protected":false},"author":2,"featured_media":0,"parent":555,"menu_order":0,"comment_status":"closed","ping_status":"closed","template":"","meta":{"_et_pb_use_builder":"","_et_pb_old_content":"","_et_gb_content_width":"","footnotes":""},"class_list":["post-9008","page","type-page","status-publish","hentry"],"_links":{"self":[{"href":"https:\/\/www.ecotopia.se\/sv\/wp-json\/wp\/v2\/pages\/9008","targetHints":{"allow":["GET"]}}],"collection":[{"href":"https:\/\/www.ecotopia.se\/sv\/wp-json\/wp\/v2\/pages"}],"about":[{"href":"https:\/\/www.ecotopia.se\/sv\/wp-json\/wp\/v2\/types\/page"}],"author":[{"embeddable":true,"href":"https:\/\/www.ecotopia.se\/sv\/wp-json\/wp\/v2\/users\/2"}],"replies":[{"embeddable":true,"href":"https:\/\/www.ecotopia.se\/sv\/wp-json\/wp\/v2\/comments?post=9008"}],"version-history":[{"count":27,"href":"https:\/\/www.ecotopia.se\/sv\/wp-json\/wp\/v2\/pages\/9008\/revisions"}],"predecessor-version":[{"id":9583,"href":"https:\/\/www.ecotopia.se\/sv\/wp-json\/wp\/v2\/pages\/9008\/revisions\/9583"}],"up":[{"embeddable":true,"href":"https:\/\/www.ecotopia.se\/sv\/wp-json\/wp\/v2\/pages\/555"}],"wp:attachment":[{"href":"https:\/\/www.ecotopia.se\/sv\/wp-json\/wp\/v2\/media?parent=9008"}],"curies":[{"name":"wp","href":"https:\/\/api.w.org\/{rel}","templated":true}]}}