{"id":8784,"date":"2018-06-19T11:33:51","date_gmt":"2018-06-19T10:33:51","guid":{"rendered":"https:\/\/www.ecotopia.se\/sv\/?page_id=8784"},"modified":"2025-01-15T18:28:29","modified_gmt":"2025-01-15T17:28:29","slug":"integritetspolicy","status":"publish","type":"page","link":"https:\/\/www.ecotopia.se\/sv\/om-ecotopia\/integritetspolicy\/","title":{"rendered":"Integritetspolicy"},"content":{"rendered":"<p>[et_pb_section admin_label=&#8221;section&#8221;]<br \/>\n\t\t\t[et_pb_row admin_label=&#8221;row&#8221;]<br \/>\n\t\t\t\t[et_pb_column type=&#8221;4_4&#8243;][et_pb_text admin_label=&#8221;Text&#8221;]<\/p>\n<h3>BEHANDLING AV PERSONUPPGIFTER<br \/>\n&#8211; Information enligt Dataskyddsf\u00f6rordningen (2016\/679\/EG)<\/h3>\n<p>Ecotopia p\u00e5 \u00d6sterlen \u00e4r personuppgiftsansvarig f\u00f6r de personuppgifter avseende kontaktpersoner vi erh\u00e5ller i samband med uppdrag, anm\u00e4lningar och bokningar eller som annars behandlas n\u00e4r dessa f\u00f6rbereds eller administreras.<\/p>\n<p>Du \u00e4r inte skyldig att l\u00e4mna personuppgifter till oss men utan att det sker kan vi inte \u00e5ta oss ett uppdrag. Vi behandlar uppgifterna f\u00f6r att utf\u00f6ra och genomf\u00f6ra uppdraget, f\u00f6r att tillvarata dina intressen och f\u00f6r redovisnings- och fakturerings\u00e4ndam\u00e5l. Dessa uppgifter behandlas p\u00e5 grundval av artikel 6 i Dataskyddslagen. Vi kommer inte att l\u00e4mna ut personuppgifter till utomst\u00e5ende.<\/p>\n<p>Personuppgifterna sparas, i enlighet med den skyldighet som \u00e5vilar Ecotopia. Du har r\u00e4tt att kostnadsfritt beg\u00e4ra information fr\u00e5n Ecotopia p\u00e5 \u00d6sterlen om anv\u00e4ndning av de personuppgifter som r\u00f6r dig. Vi kommer p\u00e5 din beg\u00e4ran eller p\u00e5 eget initiativ r\u00e4tta och radera uppgifter som \u00e4r felaktiga och begr\u00e4nsa behandlingen av s\u00e5dana uppgifter.<\/p>\n<p>Du har \u00e4ven r\u00e4tt att f\u00e5 ta del av dina personuppgifter. Om du \u00e4r missn\u00f6jd med v\u00e5r behandling kan du l\u00e4mna in ett klagom\u00e5l till en tillsynsmyndighet vilket i Sverige \u00e4r Datainspektionen (www.dataspektionen.se). Du kan ocks\u00e5 v\u00e4nda dig till tillsynsmyndigheten i det land d\u00e4r du bor.<\/p>\n<p><a href=\"https:\/\/www.ecotopia.se\/sv\/kontakt\/\">Har du fr\u00e5gor ang\u00e5ende detta var v\u00e4nlig kontakta oss h\u00e4r!<\/a>[\/et_pb_text][\/et_pb_column]<br \/>\n\t\t\t[\/et_pb_row]<br \/>\n\t\t[\/et_pb_section]<\/p>\n","protected":false},"excerpt":{"rendered":"<p>BEHANDLING AV PERSONUPPGIFTER &#8211; Information enligt Dataskyddsf\u00f6rordningen (2016\/679\/EG) Ecotopia p\u00e5 \u00d6sterlen \u00e4r personuppgiftsansvarig f\u00f6r de personuppgifter avseende kontaktpersoner vi erh\u00e5ller i samband med uppdrag, anm\u00e4lningar och bokningar eller som annars [&hellip;]<\/p>\n","protected":false},"author":3,"featured_media":0,"parent":2,"menu_order":10,"comment_status":"closed","ping_status":"closed","template":"","meta":{"_et_pb_use_builder":"on","_et_pb_old_content":"<h3>BEHANDLING AV PERSONUPPGIFTER\r\n- Information enligt Dataskyddsf\u00f6rordningen (2016\/679\/EG)<\/h3>\r\nEcotopia p\u00e5 \u00d6sterlen \u00e4r personuppgiftsansvarig f\u00f6r de personuppgifter avseende kontaktpersoner vi erh\u00e5ller i samband med uppdrag, anm\u00e4lningar och bokningar eller som annars behandlas n\u00e4r dessa f\u00f6rbereds eller administreras.\r\n\r\nDu \u00e4r inte skyldig att l\u00e4mna personuppgifter till oss men utan att det sker kan vi inte \u00e5ta oss ett uppdrag. Vi behandlar uppgifterna f\u00f6r att utf\u00f6ra och genomf\u00f6ra uppdraget, f\u00f6r att tillvarata dina intressen och f\u00f6r redovisnings- och fakturerings\u00e4ndam\u00e5l. Dessa uppgifter behandlas p\u00e5 grundval av artikel 6 i Dataskyddslagen. Vi kommer inte att l\u00e4mna ut personuppgifter till utomst\u00e5ende.\r\n\r\nPersonuppgifterna sparas, i enlighet med den skyldighet som \u00e5vilar Ecotopia. Du har r\u00e4tt att kostnadsfritt beg\u00e4ra information fr\u00e5n Ecotopia p\u00e5 \u00d6sterlen om anv\u00e4ndning av de personuppgifter som r\u00f6r dig. Vi kommer p\u00e5 din beg\u00e4ran eller p\u00e5 eget initiativ r\u00e4tta och radera uppgifter som \u00e4r felaktiga och begr\u00e4nsa behandlingen av s\u00e5dana uppgifter.\r\n\r\nDu har \u00e4ven r\u00e4tt att f\u00e5 ta del av dina personuppgifter. Om du \u00e4r missn\u00f6jd med v\u00e5r behandling kan du l\u00e4mna in ett klagom\u00e5l till en tillsynsmyndighet vilket i Sverige \u00e4r Datainspektionen (www.dataspektionen.se). Du kan ocks\u00e5 v\u00e4nda dig till tillsynsmyndigheten i det land d\u00e4r du bor.\r\n\r\n<a href=\"https:\/\/www.ecotopia.se\/sv\/kontakt\/\">Har du fr\u00e5gor ang\u00e5ende detta var v\u00e4nlig kontakta oss h\u00e4r!<\/a>","_et_gb_content_width":"","footnotes":""},"class_list":["post-8784","page","type-page","status-publish","hentry"],"_links":{"self":[{"href":"https:\/\/www.ecotopia.se\/sv\/wp-json\/wp\/v2\/pages\/8784","targetHints":{"allow":["GET"]}}],"collection":[{"href":"https:\/\/www.ecotopia.se\/sv\/wp-json\/wp\/v2\/pages"}],"about":[{"href":"https:\/\/www.ecotopia.se\/sv\/wp-json\/wp\/v2\/types\/page"}],"author":[{"embeddable":true,"href":"https:\/\/www.ecotopia.se\/sv\/wp-json\/wp\/v2\/users\/3"}],"replies":[{"embeddable":true,"href":"https:\/\/www.ecotopia.se\/sv\/wp-json\/wp\/v2\/comments?post=8784"}],"version-history":[{"count":3,"href":"https:\/\/www.ecotopia.se\/sv\/wp-json\/wp\/v2\/pages\/8784\/revisions"}],"predecessor-version":[{"id":17616,"href":"https:\/\/www.ecotopia.se\/sv\/wp-json\/wp\/v2\/pages\/8784\/revisions\/17616"}],"up":[{"embeddable":true,"href":"https:\/\/www.ecotopia.se\/sv\/wp-json\/wp\/v2\/pages\/2"}],"wp:attachment":[{"href":"https:\/\/www.ecotopia.se\/sv\/wp-json\/wp\/v2\/media?parent=8784"}],"curies":[{"name":"wp","href":"https:\/\/api.w.org\/{rel}","templated":true}]}}