{"id":8246,"date":"2017-12-19T13:07:59","date_gmt":"2017-12-19T12:07:59","guid":{"rendered":"https:\/\/www.ecotopia.se\/sv\/?page_id=8246"},"modified":"2018-08-07T07:53:21","modified_gmt":"2018-08-07T06:53:21","slug":"workshop-halmbalshusbygge-2018","status":"publish","type":"page","link":"https:\/\/www.ecotopia.se\/sv\/kalendarium-arkiv\/workshop-halmbalshusbygge-2018\/","title":{"rendered":"Workshop \u2013 Lerhusbygge"},"content":{"rendered":"<p><img loading=\"lazy\" decoding=\"async\" class=\"alignnone size-full wp-image-8472\" src=\"https:\/\/www.ecotopia.se\/sv\/wp-content\/uploads\/2018\/02\/collage_lerbygge_2018.jpg\" alt=\"\" width=\"600\" height=\"200\" \/><\/p>\n<h3>Putsa lerv\u00e4ggar &#8211; olika tekniker!<\/h3>\n<p><strong><br \/>\nDatum:<\/strong> 28-31 juli<\/p>\n<blockquote><p>Att bygga med lera har m\u00e5nga f\u00f6rdelar. De kr\u00e4ver sm\u00e5 m\u00e4ngder energi eftersom dessa naturliga och of\u00f6r\u00e4dlade material finns tillg\u00e4ngliga p\u00e5 m\u00e5nga platser och kan levereras utan l\u00e5ngv\u00e4ga transporter. Materialen \u00e4r billiga eller t.o.m. gratis och fria fr\u00e5n gifter. Lerputsade hus f\u00e5r en j\u00e4mn luftfuktighet eftersom leran kan buffra fukt och putsen g\u00f6r att husen faktiskt \u00e4r mer brands\u00e4kra \u00e4n konventionella hus.<\/p><\/blockquote>\n<p>Men vad m\u00e5ste man t\u00e4nka p\u00e5 n\u00e4r man arbetar med lera? Vilka tekniker kan man anv\u00e4nda? I denna kurs l\u00e4r du dig att putsa lerv\u00e4ggar med eller utan pigment b\u00e5de in- och utv\u00e4ndigt utifr\u00e5n olika tekniker. Allt fr\u00e5n att blanda lera till att utifr\u00e5n olika tekniker putsa halmbalsv\u00e4ggar. Workshopen inneh\u00e5ller ocks\u00e5 att pigmentera och putsa med kaolinlera. Dessutom f\u00e5r du m\u00f6jlighet att sl\u00e5 lerstenar.<\/p>\n<p>I workshopen varvas teori med praktik kring f\u00f6ljande inneh\u00e5ll:<\/p>\n<p>&#8211; Lerans best\u00e5ndsdelar och egenskaper<br \/>\n&#8211; Bygglerans sammans\u00e4ttning och egenskaper<br \/>\n&#8211; F\u00f6rbereda bygglera (test, blandning, bearbetning av prover f\u00f6r puts, lerstensblandning, andra anv\u00e4ndningsomr\u00e5den)<br \/>\n&#8211; Pigmentera lera och putsa med f\u00e4rgad lera<br \/>\n&#8211; Putsa lerv\u00e4ggar i ett halmbalshus (vilka och hur m\u00e5nga skikt)<\/p>\n<p>En workshop f\u00f6r dig som vill l\u00e4ra dig olika ler-tekniker om hur man putsar lerv\u00e4ggar i ett halmbalshus. Men \u00e4ven hur man pigmenterar lera i \u00f6nskad nyans och hur man kan f\u00f6rsegla ett lergolv. Stallet i halmbalsteknik p\u00e5 Ecotopia utg\u00f6r tr\u00e4ningsbyggnaden. D\u00e4r \u00e4r det fritt fram att prova olika tekniker och gestalta efter smak och tycke.<\/p>\n<p>Kursen sker i samverkan med det tyska n\u00e4tverket f\u00f6r halmbalshusbygge, Fachverband Strohballenbau Deutschland e.V. <a href=\"http:\/\/fasba.de\/\">FASBA<\/a> och <a href=\"http:\/\/www.attstrom.se\/\">Econyans<\/a>:<br \/>\n<img loading=\"lazy\" decoding=\"async\" class=\"alignnone wp-image-8470\" src=\"https:\/\/www.ecotopia.se\/sv\/wp-content\/uploads\/2018\/02\/logo-fasba.png\" alt=\"\" width=\"100\" height=\"101\" srcset=\"https:\/\/www.ecotopia.se\/sv\/wp-content\/uploads\/2018\/02\/logo-fasba.png 169w, https:\/\/www.ecotopia.se\/sv\/wp-content\/uploads\/2018\/02\/logo-fasba-150x150.png 150w\" sizes=\"(max-width: 100px) 100vw, 100px\" \/><br \/>\n<img loading=\"lazy\" decoding=\"async\" class=\"alignnone size-full wp-image-4055\" src=\"https:\/\/www.ecotopia.se\/sv\/wp-content\/uploads\/2014\/12\/logo_econyans.jpg\" alt=\"\" width=\"600\" height=\"60\" \/><\/p>\n<p><img loading=\"lazy\" decoding=\"async\" class=\"alignright wp-image-8471\" src=\"https:\/\/www.ecotopia.se\/sv\/wp-content\/uploads\/2018\/02\/michael_fischer-150x150.jpg\" alt=\"\" width=\"100\" height=\"67\" \/><strong>Heinz-Michael Fischer<\/strong> \u00e4r halmbalshusbyggare. Hans specialiteter som hantverkare \u00e4r f\u00f6rutom att bygga halmbalshus, lerhusbygge och att putsa v\u00e4ggar med lera. Heinz-Michael tillh\u00f6r <a href=\"http:\/\/fasba.de\/\">FASBA<\/a>:s styrelse och har varit delaktig i utarbetandet av de tyska riktlinjerna f\u00f6r halmbalshusbygge (SBR 214). Som f\u00f6redragsh\u00e5llare f\u00f6rel\u00e4ser han bl.a. om klimatsmart byggande med halm. Heinz-Michael tillh\u00f6r ledarteamet f\u00f6r ESBA \u2013 European Straw Building Association.<\/p>\n<p><img loading=\"lazy\" decoding=\"async\" class=\"size-thumbnail wp-image-7417 alignright\" src=\"https:\/\/www.ecotopia.se\/sv\/wp-content\/uploads\/2017\/01\/maria3attstrom-150x150.jpg\" alt=\"\" width=\"100\" height=\"100\" \/><strong>Maria Attstr\u00f6m<\/strong>, utbildad konstn\u00e4r och scenograf, driver m\u00e5lerifirman <a href=\"http:\/\/www.attstrom.se\/\">Econyans<\/a>, och har l\u00e5ng yrkeserfarenhet av byggnadsm\u00e5leri, f\u00e4rgmaterial och form. Sedan 20 \u00e5r har hon byggt med olika lertekniker p\u00e5 fritiden. Maria bor med sambo p\u00e5 en permakulturg\u00e5rd utanf\u00f6r Linder\u00f6d.<\/p>\n<p><strong>Datum:<\/strong> L\u00f6rdag 28 till tisdag 31 juli 2018<br \/>\n<strong>\u2028Tider:<\/strong> L\u00f6r 16-19.30, (gemensam m\u00e5ltid 17-18), s\u00f6n-m\u00e5n 9.30-17 (ev. kv\u00e4llsprogram) och tis 9.30-16<br \/>\n<em>Inga f\u00f6rkunskaper kr\u00e4vs.<\/em><br \/>\n<strong>Spr\u00e5k:<\/strong>\u00a0Heinz-Michael Fischer talar engelska och Maria Attstr\u00f6m svenska<br \/>\n<em>Kursintyg erh\u00e5lles<\/em><\/p>\n<p><strong>Kurskostnader (inkl 25% moms) inkl. vegetariska m\u00e5ltider och fika:\u2028<\/strong><br \/>\n<strong>A.<\/strong> Utan boende 2800:-<br \/>\n<strong>B.<\/strong> Med boende i eget t\u00e4lt p\u00e5 Ecotopia 2850:-<br \/>\n<strong>\u2028C.<\/strong> Med boende i ekostuga\/ 2-4 personer med servicehus tre n\u00e4tter 3250:-<br \/>\n<strong>\u2028D.<\/strong> Med boende i ekostuga\/ gruppboende (max 4 pers) med eget k\u00f6k, wc o dusch tre n\u00e4tter 3400:-<\/p>\n","protected":false},"excerpt":{"rendered":"<p>Putsa lerv\u00e4ggar &#8211; olika tekniker! Datum: 28-31 juli Att bygga med lera har m\u00e5nga f\u00f6rdelar. De kr\u00e4ver sm\u00e5 m\u00e4ngder energi eftersom dessa naturliga och of\u00f6r\u00e4dlade material finns tillg\u00e4ngliga p\u00e5 m\u00e5nga [&hellip;]<\/p>\n","protected":false},"author":2,"featured_media":0,"parent":555,"menu_order":0,"comment_status":"closed","ping_status":"closed","template":"","meta":{"_et_pb_use_builder":"","_et_pb_old_content":"","_et_gb_content_width":"","footnotes":""},"class_list":["post-8246","page","type-page","status-publish","hentry"],"_links":{"self":[{"href":"https:\/\/www.ecotopia.se\/sv\/wp-json\/wp\/v2\/pages\/8246","targetHints":{"allow":["GET"]}}],"collection":[{"href":"https:\/\/www.ecotopia.se\/sv\/wp-json\/wp\/v2\/pages"}],"about":[{"href":"https:\/\/www.ecotopia.se\/sv\/wp-json\/wp\/v2\/types\/page"}],"author":[{"embeddable":true,"href":"https:\/\/www.ecotopia.se\/sv\/wp-json\/wp\/v2\/users\/2"}],"replies":[{"embeddable":true,"href":"https:\/\/www.ecotopia.se\/sv\/wp-json\/wp\/v2\/comments?post=8246"}],"version-history":[{"count":12,"href":"https:\/\/www.ecotopia.se\/sv\/wp-json\/wp\/v2\/pages\/8246\/revisions"}],"predecessor-version":[{"id":8869,"href":"https:\/\/www.ecotopia.se\/sv\/wp-json\/wp\/v2\/pages\/8246\/revisions\/8869"}],"up":[{"embeddable":true,"href":"https:\/\/www.ecotopia.se\/sv\/wp-json\/wp\/v2\/pages\/555"}],"wp:attachment":[{"href":"https:\/\/www.ecotopia.se\/sv\/wp-json\/wp\/v2\/media?parent=8246"}],"curies":[{"name":"wp","href":"https:\/\/api.w.org\/{rel}","templated":true}]}}