{"id":8126,"date":"2017-12-12T00:50:05","date_gmt":"2017-12-11T23:50:05","guid":{"rendered":"https:\/\/www.ecotopia.se\/sv\/?page_id=8126"},"modified":"2018-08-07T08:16:24","modified_gmt":"2018-08-07T07:16:24","slug":"kurs-traditionellt-och-miljovanligt-maleri-del-2-2018","status":"publish","type":"page","link":"https:\/\/www.ecotopia.se\/sv\/kalendarium-arkiv\/kurs-traditionellt-och-miljovanligt-maleri-del-2-2018\/","title":{"rendered":"Kurs \u2013 Traditionellt och milj\u00f6v\u00e4nligt m\u00e5leri (del 2)"},"content":{"rendered":"<p><img loading=\"lazy\" decoding=\"async\" class=\"alignnone size-medium wp-image-8676\" src=\"https:\/\/www.ecotopia.se\/sv\/wp-content\/uploads\/2018\/05\/collage-malning-2-2018-600x200.jpg\" alt=\"\" width=\"600\" height=\"200\" \/><\/p>\n<h2>Kalk. Ett vackert och h\u00e5llbart material med l\u00e5ng historia<\/h2>\n<p>&nbsp;<\/p>\n<p><strong>Datum:<\/strong> 17 juni 2018<\/p>\n<p><strong>M\u00e5nga med sk\u00e5nel\u00e4ngor, gamla stall, k\u00e4llare eller grund i natursten kommer i kontakt med fr\u00e5gor om kalk och cement. P\u00e5 denna kursen l\u00e4r du dig om kalk, kalkcement och kalkostf\u00e4rg. Kalk och cementprodukter \u00e4r mineraliska material som binder kemiskt till underlaget, av flera anledningar \u00e4r f\u00f6ruts\u00e4ttningarna helt annorlunda \u00e4n f\u00f6r andra f\u00e4rgtyper.<\/strong><\/p>\n<p>Meningen \u00e4r att du efter denna dag ska ha tillr\u00e4cklig kunskap om kalk och vitcement f\u00f6r att underh\u00e5lla och m\u00e5la egna projekt. Du f\u00e5r tips om hur du ta reda p\u00e5 vad anv\u00e4nda och vad det g\u00e4ller att t\u00e4nka p\u00e5 inf\u00f6r att avf\u00e4rga med kalkprodukter f\u00f6r att f\u00e5 ett bra resultat. Dessutom tar kursen upp putskvalit\u00e9, pigmentering av kalk, olika fabrikat samt f\u00f6ruts\u00e4ttningarna f\u00f6r ett bra resultat. Vi tillverkar kalkostf\u00e4rg av kokt filmj\u00f6lk, bereder av kalkvatten och kommer att g\u00f6ra den gula kalkf\u00e4rgen som du kan se p\u00e5 Christinehofs slott.<\/p>\n<p><img loading=\"lazy\" decoding=\"async\" class=\"alignright size-full wp-image-7417\" src=\"https:\/\/www.ecotopia.se\/sv\/wp-content\/uploads\/2017\/01\/maria3attstrom.jpg\" alt=\"\" width=\"150\" height=\"180\" \/><strong>Kursledare:<\/strong> Maria Attstr\u00f6m, driver m\u00e5lerifirman <a href=\"http:\/\/www.attstrom.se\/\" target=\"_blank\" rel=\"noopener\">Econyans, med f\u00e4rgbutik<\/a> och har l\u00e5ng yrkeserfarenhet av byggnadsm\u00e5leri, f\u00e4rgs\u00e4ttning, f\u00e4rgmaterial och form. Hennes fokus ligger p\u00e5 det estetiska samtidigt som hon utg\u00e5r fr\u00e5n milj\u00f6v\u00e4nliga, ekonomiska och l\u00e5ngsiktigt h\u00e5llbara tekniker dvs. m\u00e5leri med linoljef\u00e4rg, slamf\u00e4rg, \u00e4ggoljetempera, limf\u00e4rg och kalkf\u00e4rg. Sedan slutet p\u00e5 90-talet arbetar hon med milj\u00f6v\u00e4nligt m\u00e5leri, dekorationsm\u00e5lning och linoljef\u00e4rgstillverkning. Efter flera \u00e5r som yrkesverksam p\u00e5 ett (linolje)f\u00e4rgmakeri har hon god erfarenhet av r\u00e5dgivning och v\u00e4gledning. Maria bor med sambo p\u00e5 en permakulturg\u00e5rd utanf\u00f6r Linder\u00f6d.<\/p>\n<p><strong>N\u00e4r:<\/strong> S\u00f6ndag den 17 juni 2018, kl 10-16.30<br \/>\n<strong>Plats:<\/strong> Ecotopia p\u00e5 \u00d6sterlen<\/p>\n<p><strong>Kurskostnad (inkl 25% moms) inkl. vegetarisk lunch och fika:<\/strong> 855:- \u2028I kursavgiften ing\u00e5r en pensel och allt material som anv\u00e4nds under kursen. Du kan \u00e4ven ta med dig material hem till reducerat pris b\u00e5de penslar, pigment, olja etc. T\u00e4nk p\u00e5 att kalk och cement \u00e4r fr\u00e4tande, s\u00e5 ta med skyddsglas\u00f6gon, l\u00e5ng\u00e4rmat och handskar.<\/p>\n<p><strong>Rabatterad kurskostnad f\u00f6r denna del 2 och <a href=\"https:\/\/www.ecotopia.se\/sv\/kalendarium\/traditionellt-maleri-del-1-2018\/\">del 1 (16\/6)<\/a>:<\/strong> 1400:- (ordinarie pris 1710:-)<\/p>\n<p><em>Begr\u00e4nsat antal deltagare<\/em><\/p>\n<p><strong>F\u00f6r mer information:<\/strong> <a href=\"https:\/\/www.ecotopia.se\/sv\/kontakt\/\">Kontakta oss h\u00e4r<\/a> eller ring 0703 330814<\/p>\n<p>I samverkan med:<br \/>\n<img loading=\"lazy\" decoding=\"async\" class=\"alignnone size-full wp-image-4055\" src=\"https:\/\/www.ecotopia.se\/sv\/wp-content\/uploads\/2014\/12\/logo_econyans.jpg\" alt=\"\" width=\"600\" height=\"60\" \/><\/p>\n","protected":false},"excerpt":{"rendered":"<p>Kalk. Ett vackert och h\u00e5llbart material med l\u00e5ng historia &nbsp; Datum: 17 juni 2018 M\u00e5nga med sk\u00e5nel\u00e4ngor, gamla stall, k\u00e4llare eller grund i natursten kommer i kontakt med fr\u00e5gor om [&hellip;]<\/p>\n","protected":false},"author":2,"featured_media":0,"parent":555,"menu_order":0,"comment_status":"closed","ping_status":"closed","template":"","meta":{"_et_pb_use_builder":"","_et_pb_old_content":"","_et_gb_content_width":"","footnotes":""},"class_list":["post-8126","page","type-page","status-publish","hentry"],"_links":{"self":[{"href":"https:\/\/www.ecotopia.se\/sv\/wp-json\/wp\/v2\/pages\/8126","targetHints":{"allow":["GET"]}}],"collection":[{"href":"https:\/\/www.ecotopia.se\/sv\/wp-json\/wp\/v2\/pages"}],"about":[{"href":"https:\/\/www.ecotopia.se\/sv\/wp-json\/wp\/v2\/types\/page"}],"author":[{"embeddable":true,"href":"https:\/\/www.ecotopia.se\/sv\/wp-json\/wp\/v2\/users\/2"}],"replies":[{"embeddable":true,"href":"https:\/\/www.ecotopia.se\/sv\/wp-json\/wp\/v2\/comments?post=8126"}],"version-history":[{"count":13,"href":"https:\/\/www.ecotopia.se\/sv\/wp-json\/wp\/v2\/pages\/8126\/revisions"}],"predecessor-version":[{"id":8775,"href":"https:\/\/www.ecotopia.se\/sv\/wp-json\/wp\/v2\/pages\/8126\/revisions\/8775"}],"up":[{"embeddable":true,"href":"https:\/\/www.ecotopia.se\/sv\/wp-json\/wp\/v2\/pages\/555"}],"wp:attachment":[{"href":"https:\/\/www.ecotopia.se\/sv\/wp-json\/wp\/v2\/media?parent=8126"}],"curies":[{"name":"wp","href":"https:\/\/api.w.org\/{rel}","templated":true}]}}