{"id":8083,"date":"2017-11-30T12:20:42","date_gmt":"2017-11-30T11:20:42","guid":{"rendered":"https:\/\/www.ecotopia.se\/sv\/?page_id=8083"},"modified":"2018-06-07T09:26:53","modified_gmt":"2018-06-07T08:26:53","slug":"kurs-i-halmbalshusbygge-2018","status":"publish","type":"page","link":"https:\/\/www.ecotopia.se\/sv\/kalendarium-arkiv\/kurs-i-halmbalshusbygge-2018\/","title":{"rendered":"Kurs i halmbalshusbygge"},"content":{"rendered":"<p><img loading=\"lazy\" decoding=\"async\" class=\"alignnone size-full wp-image-5580\" src=\"https:\/\/www.ecotopia.se\/sv\/wp-content\/uploads\/2015\/12\/header_halmbalshusbygge2016.png\" alt=\"header_halmbalshusbygge2016\" width=\"600\" height=\"200\" \/><\/p>\n<h4>En kurs f\u00f6r dig som vill planera ditt eget hus <span style=\"color: #0000ff;\">Fullbokad<\/span><\/h4>\n<p>&nbsp;<\/p>\n<p><strong>Datum:<\/strong>\u00a02 \u2013 5 juni 2018<\/p>\n<p><strong>Funderar du p\u00e5 att bygga ett nytt eller bygga om ett best\u00e5ende hus? Eller kanske en friggebod eller varf\u00f6r inte en lada i halmbalsteknik? Denna kurs riktar sig framf\u00f6rallt till dig som vill bygga.<br \/>\n<\/strong><\/p>\n<blockquote><p>Att bygga med halm och lera har flera f\u00f6rdelar. Halmen med sina goda isolerande egenskaper 0,038\u20130,067 W\/mK, ers\u00e4tter isoleringen. Det finns idag m\u00e5nga olika tekniker f\u00f6r halmhusbygge. Halm och lera kr\u00e4ver sm\u00e5 m\u00e4ngder energi eftersom dessa naturliga och of\u00f6r\u00e4dlade material finns tillg\u00e4ngliga p\u00e5 m\u00e5nga platser och kan levereras utan l\u00e5ngv\u00e4ga transporter. Materialen \u00e4r billiga och fria fr\u00e5n gifter. Lerputsade hus f\u00e5r en j\u00e4mn luftfuktighet eftersom leran kan buffra fukt och putsen g\u00f6r att husen faktiskt \u00e4r mer brands\u00e4kra \u00e4n konventionella hus. Om huset \u00e4r mycket utsatt f\u00f6r v\u00e4der och vind kan man ocks\u00e5 kl\u00e4 huset med br\u00e4der.<\/p><\/blockquote>\n<p>En bygglovschef, en expert p\u00e5 halmbalshusbygge och tv\u00e5 sj\u00e4lvbyggare visar v\u00e4gen fr\u00e5n egna id\u00e9er och ritningar till bygghandlingar samtidigt som de ger svar p\u00e5 f\u00f6ljande fr\u00e5gest\u00e4llningar:<\/p>\n<p>\u2022 Hur f\u00f6rverkligar man ett halmhusprojekt?<br \/>\n\u2022 Vilka tekniker o konstruktioner b\u00f6r man v\u00e4lja?<br \/>\n\u2022 Hur ans\u00f6ker man om bygglov utifr\u00e5n den nya plan- och bygglovslagen?<br \/>\n\u2022 Vad m\u00e5ste man t\u00e4nka p\u00e5 rent praktiskt p\u00e5 n\u00e4r man bygger med halmbalar?<\/p>\n<p><strong>Kursen innefattar workshops<\/strong> d\u00e4r du f\u00e5r tillf\u00e4lle att prova p\u00e5 olika tekniker f\u00f6r halmhusbygge samt att putsa med lera.<\/p>\n<p>Herbert Gruber, en av Europas fr\u00e4msta experter p\u00e5 halmbalshusbygge visar v\u00e4gen fr\u00e5n id\u00e9 till skiss, val av r\u00e4tt teknik och hur du kan konstruera huset.<\/p>\n<p><strong>Detta utifr\u00e5n f\u00f6ljande grundl\u00e4ggande inneh\u00e5ll:<\/strong><\/p>\n<p>\u2022 Olika tekniker f\u00f6r halmhusbygge<br \/>\n\u2022 Hur k\u00e4nner jag igen den idealiska halmbalen?<br \/>\n\u2022 Vilka krav st\u00e4lls p\u00e5 den certifierade halmbalen?<br \/>\n\u2022 Konstruktions- och byggnadsalternativ<br \/>\n\u2022 Olika konstruktioners f\u00f6r- och nackdelar<br \/>\n\u2022 Skiss och planering av ett halmbalshus<br \/>\n\u2022 Detaljerade konstruktionsl\u00f6sningar<br \/>\n\u2022 Utvalda projekt i Europa<br \/>\n\u2022 Byggekologiska g\u00f6r-det-sj\u00e4lv tips<br \/>\n\u2022 Hur man bygger effektivt med halmbalar<br \/>\n\u2022 Byggfysiologiska tips<br \/>\n\u2022 Fasadbekl\u00e4dnad<\/p>\n<p>F\u00f6rutom f\u00f6rel\u00e4sningar och workshops presenterar Magnus Hjorth familjens nybyggda halmbalshus i ekobyn Utsikten p\u00e5 Orust. Han presenterar byggetapper, materialval, egna konstruktioner, kontrollunderlaget f\u00f6r slutbesiktningen etc. Ja, hela resan fr\u00e5n handskisser till bygglovshandlingar och uppbyggnaden. Paret Wallenlind Hjorth har b\u00e5de t\u00e4nkt p\u00e5 milj\u00f6n och pl\u00e5nboken. Huset har exempelvis en stomme av tr\u00e4 som Magnus sj\u00e4lv huggit i ekobyns skog och f\u00f6nstren satt tidigare i byggnad p\u00e5 Sahlgrenska. <a href=\"https:\/\/www.youtube.com\/watch?v=hSLc7dFZYM8\" target=\"_blank\" rel=\"noopener\">H\u00e4r kan du b\u00e5de se och lyssna.<\/a><\/p>\n<p><img loading=\"lazy\" decoding=\"async\" class=\"alignnone size-full wp-image-8085\" src=\"https:\/\/www.ecotopia.se\/sv\/wp-content\/uploads\/2017\/11\/collage_hamlbalsbygge_1238574.jpg\" alt=\"\" width=\"600\" height=\"200\" \/><\/p>\n<p>Dessutom inneh\u00e5ller kursen ett studiebes\u00f6k. D\u00e5 bes\u00f6ker vi det halmbalshus som byggts p\u00e5 Ecotopia. P\u00e5 <a href=\"http:\/\/ssbn.se\/om\/\" target=\"_blank\" rel=\"noopener\">Swedish Strawbale Network\u00b4s<\/a> hemsida kan du informera dig om <a href=\"http:\/\/ssbn.se\/ecotopia-oesterlen\/\" target=\"_blank\" rel=\"noopener\">detta byggprojekt<\/a>.<\/p>\n<p><img loading=\"lazy\" decoding=\"async\" class=\"alignnone size-full wp-image-8089\" src=\"https:\/\/www.ecotopia.se\/sv\/wp-content\/uploads\/2017\/11\/collage_halmbalsbygge_2847616.jpg\" alt=\"\" width=\"600\" height=\"200\" \/><\/p>\n<p>Du f\u00e5r \u00e4ven kunskap om bygglovsprocessen enligt den nya plan-och bygglovslagen (2011).\u00a0M\u00e5nga best\u00e4mmelser i lagen \u00e4r delvis sv\u00e5rtolkade. D\u00e4rf\u00f6r kommer byggchefen Ingrid J\u00e4rnefelt fr\u00e5n Tomelilla kommun som g\u00e4stf\u00f6rel\u00e4sare och besvarar fr\u00e5gor som:<\/p>\n<p>\u2022 Vem ansvarar f\u00f6r vad i bygglovsprocessen?<br \/>\n\u2022 Hur ser sj\u00e4lva bygglovsprocessen ut?<br \/>\n\u2022 Vilka handlingar beh\u00f6vs?<br \/>\n\u2022 Hur g\u00e5r man till v\u00e4ga?<br \/>\n\u2022 Vad menas med tekniska egenskapskrav?<br \/>\n\u2022 Vad skall dokumentationen best\u00e5 av?<\/p>\n<p><img loading=\"lazy\" decoding=\"async\" class=\"alignright size-full wp-image-786\" src=\"https:\/\/www.ecotopia.se\/sv\/wp-content\/uploads\/2013\/01\/herbert_gruber_asbn.jpg\" alt=\"herbert_gruber_asbn\" width=\"100\" height=\"100\" srcset=\"https:\/\/www.ecotopia.se\/sv\/wp-content\/uploads\/2013\/01\/herbert_gruber_asbn.jpg 163w, https:\/\/www.ecotopia.se\/sv\/wp-content\/uploads\/2013\/01\/herbert_gruber_asbn-150x150.jpg 150w\" sizes=\"(max-width: 100px) 100vw, 100px\" \/><strong>Kursledare: Herbert Gruber <\/strong>\u00e4r i grunden utbildad Art director och sedan 1998 ordf\u00f6rande f\u00f6r ASBN (Austrian Strawbale Network) som \u00e4r medlem i ESBN (European Strawbale Network) och GSBN (Global Strawbale Network). 2012 publicerade han sin bok \u201dNeues bauen mit Stroh\u201d (Sv: Nytt byggande med halm) i 4. rev utg\u00e5van som har \u00f6versatts bl.a. till franska. Som pionj\u00e4r och idag expert p\u00e5 omr\u00e5det f\u00f6rel\u00e4ser han och h\u00e5ller kurser och workshops i de flesta europeiska l\u00e4nder \u00e4ven i grannlandet Danmark. Herbert Gruber lever i Ravelsbach i \u00d6sterrike d\u00e4r han byggt upp en virtuell plattform f\u00f6r utbildningar med b\u00e5de privata och professionella halmbalsbyggare av enfamiljs- och flerv\u00e5ningshus, ekonomibyggnader etc. som deltagare. Att bygga hus med halmbalsmoduler h\u00f6r \u00e4ven till Herberts specialiteter.\u00a0Herbert tilldelades <a href=\"http:\/\/baubiologie.at\/workshops\/virtuelle-baustelle-ravelsbach-sieger-beim-energy-globe-award-2015\/\" target=\"_blank\" rel=\"noopener noreferrer\">Energy-Globe-Award priset 2015<\/a>.<\/p>\n<p><img loading=\"lazy\" decoding=\"async\" class=\"alignright wp-image-6864 size-full\" src=\"https:\/\/www.ecotopia.se\/sv\/wp-content\/uploads\/2017\/01\/ingridjarefeldt.jpg\" width=\"100\" height=\"100\" \/><strong>G\u00e4stf\u00f6rel\u00e4sare:\u00a0Ingrid J\u00e4refelt<\/strong> \u00e4r bygglovschef i Tomelilla kommun. Tidigare arbetade hon som stadsarkitekt och projektchef inom andra kommuner. Det roliga jobbet \u00e4r f\u00f6r henne att hj\u00e4lpa till med bygglov och annat som beh\u00f6vs n\u00e4r man skall bygga. Nu har hon flyttat hem till \u00d6sterlen och bor i ett egenh\u00e4ndigt ritat och byggt hus. P\u00e5 fritiden \u00e4r det segelb\u00e5ten som g\u00e4ller.<\/p>\n<p><img loading=\"lazy\" decoding=\"async\" class=\"alignright size-thumbnail wp-image-8084\" src=\"https:\/\/www.ecotopia.se\/sv\/wp-content\/uploads\/2017\/11\/magnus_hjorth_2018-150x150.jpg\" alt=\"\" width=\"100\" height=\"100\" \/><strong>G\u00e4stf\u00f6rel\u00e4sare: Magnus Hjorth<\/strong> \u00e4r psykolog och vill bidra till ett l\u00e5ngsiktigt h\u00e5llbart samh\u00e4lle, bland annat genom att bygga bost\u00e4derna s\u00e5 ekologiskt som m\u00f6jligt. Familjen Wallenlind Hjorth har byggt sitt hus av halmbalar, tr\u00e4 och lera. Det g\u00e5r att bygga sig ett b\u00e4ttre liv, till l\u00e4gre kostnader och skapa mer tid f\u00f6r familjen. Magnus Hjorth och Malin Wallenlind lyckades med det p\u00e5 Orust norr om G\u00f6teborg. V\u00e4gen dit gick \u00f6ver eget s\u00e5gverk, containerfynd och envist arbete.<\/p>\n<p><img loading=\"lazy\" decoding=\"async\" class=\"alignright size-full wp-image-2301\" src=\"https:\/\/www.ecotopia.se\/sv\/wp-content\/uploads\/2013\/12\/EvaS-163x163.jpg\" alt=\"EvaS 163x163\" width=\"100\" height=\"100\" srcset=\"https:\/\/www.ecotopia.se\/sv\/wp-content\/uploads\/2013\/12\/EvaS-163x163.jpg 163w, https:\/\/www.ecotopia.se\/sv\/wp-content\/uploads\/2013\/12\/EvaS-163x163-150x150.jpg 150w\" sizes=\"(max-width: 100px) 100vw, 100px\" \/><strong>Eva H\u00e5kansson<\/strong> assisterar Herbert Gruber i denna kurs. Eva deltog i kursen halmbalshusbygge p\u00e5 Ecotopia 2012. D\u00e4rmed blev hennes planer p\u00e5 att bygga ett eget hus och stall p\u00e5 den nyf\u00f6rv\u00e4rvade tomten konkreta. Eva best\u00e4mde sig f\u00f6r att bygga med halmbalar. Efter en intensiv planeringsfas med beviljat bygglov har hon nu tagit f\u00f6rsta steget in i sj\u00e4lva byggprocessen. Eva \u00e4r bloggare inom\u00a0Facebookforumet Halmbalshusbyggarna som hon sj\u00e4lv skapat. Ett viktigt bidrag till den v\u00e4xande gruppen sj\u00e4lvbyggare i landet och det st\u00e4ndigt \u00f6kande intresset f\u00f6r halm som byggmaterial.<\/p>\n<p><strong>Datum:<\/strong> L\u00f6rdag den 2 juni till tisdag den 5 juni 2018<br \/>\n<strong>Tider:<\/strong> L\u00f6r 17-20.30 (gemensam m\u00e5ltid 17-18), s\u00f6n och m\u00e5n 9.30-18 (ev. kv\u00e4llsprogram) och tis 9.30-15.30<br \/>\n<em>Inga f\u00f6rkunskaper kr\u00e4vs.<\/em><br \/>\n<strong>Spr\u00e5k:<\/strong>\u00a0Kursen \u00e4r p\u00e5 engelska men g\u00e4stf\u00f6rel\u00e4sningarna p\u00e5 svenska.<br \/>\n<em>Kursintyg erh\u00e5lles<\/em><\/p>\n<p><strong>\u2028\u2028Kurskostnader (inkl 25% moms) inkl. vegetariska m\u00e5ltider och fika:<\/strong><br \/>\n<strong>A.<\/strong> Utan boende 3050:-<br \/>\n<strong>B.<\/strong> Med boende i eget t\u00e4lt p\u00e5 Ecotopia 3100:-<br \/>\n<strong>C.<\/strong> Med boende i ekostuga\/ 2-4 personer med servicehus tre n\u00e4tter 3500:-<br \/>\n<strong>D.<\/strong> Med boende i ekostuga\/ gruppboende (max 4 pers) med eget k\u00f6k, wc o dusch tre n\u00e4tter 3650:-<br \/>\n<em>Partnerrabatt 800:- (2 personer)<br \/>\nRabatt 400:- f\u00f6r studenter o pension\u00e4rer (1 person)<\/em><\/p>\n<p><strong>F\u00f6r mer information:<\/strong>\u00a0skriv till\u00a0oss\u00a0eller\u00a0ring 0703 330814<\/p>\n<p>I samverkan med:<br \/>\n<img loading=\"lazy\" decoding=\"async\" class=\"alignnone size-full wp-image-800\" src=\"https:\/\/www.ecotopia.se\/sv\/wp-content\/uploads\/2013\/01\/Screen-Shot-2013-01-30-at-9.22.23-PM.png\" alt=\"Screen Shot 2013-01-30 at 9.22.23 PM\" width=\"146\" height=\"184\" \/><br \/>\n<a href=\"http:\/\/ssbn.se\/\" target=\"_blank\" rel=\"noopener noreferrer\"><img loading=\"lazy\" decoding=\"async\" class=\"alignnone size-full wp-image-6861\" src=\"https:\/\/www.ecotopia.se\/sv\/wp-content\/uploads\/2017\/01\/ssbn_logo.png\" alt=\"\" width=\"199\" height=\"77\" \/><\/a><\/p>\n","protected":false},"excerpt":{"rendered":"<p>En kurs f\u00f6r dig som vill planera ditt eget hus Fullbokad &nbsp; Datum:\u00a02 \u2013 5 juni 2018 Funderar du p\u00e5 att bygga ett nytt eller bygga om ett best\u00e5ende hus? [&hellip;]<\/p>\n","protected":false},"author":2,"featured_media":0,"parent":555,"menu_order":0,"comment_status":"closed","ping_status":"closed","template":"","meta":{"_et_pb_use_builder":"","_et_pb_old_content":"","_et_gb_content_width":"","footnotes":""},"class_list":["post-8083","page","type-page","status-publish","hentry"],"_links":{"self":[{"href":"https:\/\/www.ecotopia.se\/sv\/wp-json\/wp\/v2\/pages\/8083","targetHints":{"allow":["GET"]}}],"collection":[{"href":"https:\/\/www.ecotopia.se\/sv\/wp-json\/wp\/v2\/pages"}],"about":[{"href":"https:\/\/www.ecotopia.se\/sv\/wp-json\/wp\/v2\/types\/page"}],"author":[{"embeddable":true,"href":"https:\/\/www.ecotopia.se\/sv\/wp-json\/wp\/v2\/users\/2"}],"replies":[{"embeddable":true,"href":"https:\/\/www.ecotopia.se\/sv\/wp-json\/wp\/v2\/comments?post=8083"}],"version-history":[{"count":13,"href":"https:\/\/www.ecotopia.se\/sv\/wp-json\/wp\/v2\/pages\/8083\/revisions"}],"predecessor-version":[{"id":8703,"href":"https:\/\/www.ecotopia.se\/sv\/wp-json\/wp\/v2\/pages\/8083\/revisions\/8703"}],"up":[{"embeddable":true,"href":"https:\/\/www.ecotopia.se\/sv\/wp-json\/wp\/v2\/pages\/555"}],"wp:attachment":[{"href":"https:\/\/www.ecotopia.se\/sv\/wp-json\/wp\/v2\/media?parent=8083"}],"curies":[{"name":"wp","href":"https:\/\/api.w.org\/{rel}","templated":true}]}}