{"id":7504,"date":"2017-07-05T10:05:35","date_gmt":"2017-07-05T09:05:35","guid":{"rendered":"https:\/\/www.ecotopia.se\/sv\/?page_id=7504"},"modified":"2017-10-02T08:32:56","modified_gmt":"2017-10-02T07:32:56","slug":"workshop-matlagning_ht_2017","status":"publish","type":"page","link":"https:\/\/www.ecotopia.se\/sv\/kalendarium-arkiv\/workshop-matlagning_ht_2017\/","title":{"rendered":"Workshop \u2013 Matlagning"},"content":{"rendered":"<h2>H\u00f6stens vilda skafferi<\/h2>\n<p><img loading=\"lazy\" decoding=\"async\" class=\"alignnone size-medium wp-image-7152\" src=\"https:\/\/www.ecotopia.se\/sv\/wp-content\/uploads\/2017\/02\/collagevildmat2017-600x200.jpg\" alt=\"\" width=\"600\" height=\"200\" \/><\/p>\n<p><strong>Datum:<\/strong>\u00a030 september 2017<\/p>\n<p><strong>Denna workshop h\u00e5lls av biologen Louise Lundberg som brinner f\u00f6r ekologi, &#8220;gr\u00f6nt&#8221; och h\u00e5llbart. Louise undervisar i vilda plantor, b\u00e4r och svampar som vi kan \u00e4ta och om deras historia. H\u00e4r f\u00e5r du m\u00f6jligheten att l\u00e4ra k\u00e4nna de \u00e4tliga vilda v\u00e4xterna, b\u00e4ren och kanske en och annan svamp som vi hittar n\u00e4r vi g\u00e5r ut och botaniserar.<\/strong><\/p>\n<p>Vi marinerar, koker, mixar, picklar etc. M\u00e5ltiden som vi gemensamt tillagar avnjuter vi tillsammans!<\/p>\n<p>Louise vill inspirera dig till att anv\u00e4nda r\u00e5varor fr\u00e5n naturens egna skafferi. Du l\u00e4r dig \u00e4ven hur man kan anv\u00e4nda dem och lite om deras medicinalhistoria.<\/p>\n<p>Du f\u00e5r recept och kan ta \u00f6rter att torka med dig hem.<\/p>\n<p>Upplev en sp\u00e4nnande dag och f\u00e5 massor av inspiration!<\/p>\n<p><img loading=\"lazy\" decoding=\"async\" class=\"alignright size-thumbnail wp-image-7398\" src=\"https:\/\/www.ecotopia.se\/sv\/wp-content\/uploads\/2017\/02\/20161020_151744_2017-150x150.jpg\" alt=\"\" width=\"150\" height=\"150\" \/><strong>Kursledare:<\/strong> Louise Lundberg driver f\u00f6retaget <a href=\"http:\/\/gronarestad.se\/\">Gr\u00f6nare stad AB<\/a>. Hon anv\u00e4nder sig av sina kunskaper om h\u00e5llbar stadsutveckling, \u00f6ppna dagvattensystem, gr\u00f6na tak, stadsodling, biologi, botanik och ekologi n\u00e4r hon inspirerar, f\u00f6rel\u00e4ser, guidar, workshoppar och arbetar f\u00f6r en h\u00e5llbarare och gr\u00f6nare framtid.<strong><br \/>\n<\/strong><\/p>\n<p><strong>Datum:<\/strong> L\u00f6rdagen den 30 september<br \/>\n<strong>Tid:<\/strong> Kl 10 &#8211; 16<br \/>\n<strong>Kurskostnad (inkl 25% moms) inkl. m\u00e5ltid:<\/strong> 680:-<br \/>\n<strong>F\u00f6r mer information:<\/strong>\u00a0<a href=\"https:\/\/www.ecotopia.se\/sv\/kontakt\/\">Skriv till\u00a0oss<\/a>\u00a0eller\u00a0ring 0703 330814<\/p>\n<table style=\"background-color: #ffe1ac;\" border=\"0\" width=\"100%\">\n<tbody>\n<tr>\n<td valign=\"top\"><\/td>\n<td valign=\"top\">\n<h3><span style=\"color: #808000;\">Kursanm\u00e4lan g\u00f6rs i 2 steg<\/span><\/h3>\n<p><strong>1.<\/strong> Fyll i och skicka kursanm\u00e4lan s\u00e5 f\u00e5r du en bekr\u00e4ftelse av oss.<\/p>\n<p><strong>2.<\/strong> Genom att betala in avgiften till Ecotopia p\u00e5 \u00d6sterlen bankgiro 771-1955 har du anm\u00e4lt dig och din plats i kursen \u00e4r s\u00e4krad. N\u00e4r avgiften inkommit f\u00e5r du en betalningsbekr\u00e4ftelse av oss.<\/p>\n<p>N\u00e5gra veckor innan kursstart skickar vi ut en mer detaljerad information.<\/p>\n","protected":false},"excerpt":{"rendered":"<p>H\u00f6stens vilda skafferi Datum:\u00a030 september 2017 Denna workshop h\u00e5lls av biologen Louise Lundberg som brinner f\u00f6r ekologi, &#8220;gr\u00f6nt&#8221; och h\u00e5llbart. Louise undervisar i vilda plantor, b\u00e4r och svampar som vi [&hellip;]<\/p>\n","protected":false},"author":2,"featured_media":0,"parent":555,"menu_order":0,"comment_status":"closed","ping_status":"closed","template":"","meta":{"_et_pb_use_builder":"","_et_pb_old_content":"","_et_gb_content_width":"","footnotes":""},"class_list":["post-7504","page","type-page","status-publish","hentry"],"_links":{"self":[{"href":"https:\/\/www.ecotopia.se\/sv\/wp-json\/wp\/v2\/pages\/7504","targetHints":{"allow":["GET"]}}],"collection":[{"href":"https:\/\/www.ecotopia.se\/sv\/wp-json\/wp\/v2\/pages"}],"about":[{"href":"https:\/\/www.ecotopia.se\/sv\/wp-json\/wp\/v2\/types\/page"}],"author":[{"embeddable":true,"href":"https:\/\/www.ecotopia.se\/sv\/wp-json\/wp\/v2\/users\/2"}],"replies":[{"embeddable":true,"href":"https:\/\/www.ecotopia.se\/sv\/wp-json\/wp\/v2\/comments?post=7504"}],"version-history":[{"count":12,"href":"https:\/\/www.ecotopia.se\/sv\/wp-json\/wp\/v2\/pages\/7504\/revisions"}],"predecessor-version":[{"id":7836,"href":"https:\/\/www.ecotopia.se\/sv\/wp-json\/wp\/v2\/pages\/7504\/revisions\/7836"}],"up":[{"embeddable":true,"href":"https:\/\/www.ecotopia.se\/sv\/wp-json\/wp\/v2\/pages\/555"}],"wp:attachment":[{"href":"https:\/\/www.ecotopia.se\/sv\/wp-json\/wp\/v2\/media?parent=7504"}],"curies":[{"name":"wp","href":"https:\/\/api.w.org\/{rel}","templated":true}]}}