{"id":7492,"date":"2017-07-05T08:54:28","date_gmt":"2017-07-05T07:54:28","guid":{"rendered":"https:\/\/www.ecotopia.se\/sv\/?page_id=7492"},"modified":"2017-10-18T17:20:54","modified_gmt":"2017-10-18T16:20:54","slug":"kurs-i-froodling_2017","status":"publish","type":"page","link":"https:\/\/www.ecotopia.se\/sv\/kalendarium-arkiv\/kurs-i-froodling_2017\/","title":{"rendered":"Kurs \u2013 Ekologisk fr\u00f6odling"},"content":{"rendered":"<p><img loading=\"lazy\" decoding=\"async\" class=\"alignnone size-full wp-image-7500\" src=\"https:\/\/www.ecotopia.se\/sv\/wp-content\/uploads\/2017\/07\/collage_froodling_2017.jpg\" alt=\"\" width=\"600\" height=\"200\" \/><\/p>\n<h2>Grundkurs &#8211; Fr\u00f6 \u00e4r framtid!<\/h2>\n<p><strong>Datum:<\/strong> 14 oktober 2017<\/p>\n<p><strong>F\u00f6r att bevara den odlade m\u00e5ngfalden \u00e4r det viktigt att vi odlare l\u00e4r oss att odla v\u00e5ra egna gr\u00f6nsaksfr\u00f6er. N\u00e4r multinationella f\u00f6retag vill ha monopol och EUs regelverk gynnar de stora akt\u00f6rerna, men inte m\u00e5ngfald och sm\u00e5skalighet beh\u00f6ver vi ta saken i egna h\u00e4nder. Fr\u00f6erna \u00e4r grunden till mats\u00e4kerhet.<\/strong><\/p>\n<p>P\u00e5 den h\u00e4r kursen kommer du att f\u00e5 l\u00e4ra dig vad du beh\u00f6ver f\u00f6r att komma ig\u00e5ng med din egen fr\u00f6odling. Fr\u00e5n att bevara just din mormors \u00e4rtor till att v\u00e4lja ut de l\u00f6kar som fungerar b\u00e4st p\u00e5 din jord. Vi kommer att l\u00e4ra oss att f\u00e5 fram moget fr\u00f6, att undvika att sorterna korsar sig med varandra, och att f\u00f6rvara dem med god livsl\u00e4ngd. Dina hemmaodlade fr\u00f6er kommer att ha b\u00e4ttre grobarhet \u00e4n de som vanligen finns att s\u00e4lja, och du kommer att f\u00e5 \u00f6verskott som du kan vara gener\u00f6s med till dina v\u00e4nner!<\/p>\n<p>Vi som har fr\u00f6er att dela med oss av tar med till kursen, och du kan f\u00e5 eller byta till dig kul sorter. De fr\u00f6er vi arbetar med under kursdagen kommer du att f\u00e5 med dig hem av. En bra m\u00f6jlighet att f\u00e5 tag i udda fr\u00f6sorter och att bidra till den odlade m\u00e5ngfalden \u00e4r F\u00f6reningen Sesam. I priset f\u00f6r kursen ing\u00e5r d\u00e4rf\u00f6r f\u00f6reningens fina Jubileumsnummer av tidningen SesamNytt.<\/p>\n<p>En kurs som b\u00e5de ger kunskap, energi och framtidstro!<\/p>\n<p><img loading=\"lazy\" decoding=\"async\" class=\"alignright size-thumbnail wp-image-7502\" src=\"https:\/\/www.ecotopia.se\/sv\/wp-content\/uploads\/2017\/07\/louise_froodling_2017-135x150.jpg\" alt=\"\" width=\"135\" height=\"150\" \/><br \/>\n<strong>Kursledare:<\/strong> Louise Lundberg som leder kursen \u00e4r aktiv i F\u00f6reningen Sesam. Louise \u00e4r ekolog, sm\u00e5brukare, f\u00f6rel\u00e4sare och v\u00e4rldsf\u00f6r\u00e4ndrare med fokus p\u00e5 att f\u00e5 in mer gr\u00f6nska i st\u00e4derna och i m\u00e4nniskors hj\u00e4rtan och medvetande. H\u00e5llbar stadsplanering, omst\u00e4llning till en resilient framtida livsstil, permakultur, odling, hotade husdjursraser i levande genbank, skapande hantverk, samverkan med naturen \u00e4r de genomg\u00e5ende fokusomr\u00e5dena i Louises arbete. Louise \u00e4r en engagerande och inspirerande kursledare med bred kunskap och sprudlande entusiasm.<\/p>\n<p><strong>N\u00e4r:<\/strong> L\u00f6rdagen den 14 oktober; kl 10-17<\/p>\n<p><strong>Plats:<\/strong>\u00a0Ecotopia p\u00e5 \u00d6sterlen<\/p>\n<p><strong>Kurskostnad\u00a0(inkl 25% moms) inkl. vegetarisk lunch och fika:<\/strong> 800:- I priset ing\u00e5r ett Jubileumsnummer av tidningen SesamNytt.<\/p>\n<p>Boken Fr\u00f6 F\u00f6r Framtiden, kommer att finnas till f\u00f6rs\u00e4ljning. D\u00e4r kan du f\u00f6rdjupa dig i vad varje v\u00e4xtslag st\u00e4ller f\u00f6r krav.<\/p>\n<p><strong>F\u00f6r mer information:<\/strong>\u00a0<a href=\"https:\/\/www.ecotopia.se\/sv\/kontakt\/\">Skriv till\u00a0oss<\/a>\u00a0eller\u00a0ring 0703 330814<\/p>\n<p>Vill du veta mer om kursen f\u00e5r du g\u00e4rna <a href=\"http:\/\/gronarestad.se\/contact\/contact.php\">kontakta Louise Lundberg, Gr\u00f6nare Stad AB<\/a><\/p>\n","protected":false},"excerpt":{"rendered":"<p>Grundkurs &#8211; Fr\u00f6 \u00e4r framtid! Datum: 14 oktober 2017 F\u00f6r att bevara den odlade m\u00e5ngfalden \u00e4r det viktigt att vi odlare l\u00e4r oss att odla v\u00e5ra egna gr\u00f6nsaksfr\u00f6er. N\u00e4r multinationella [&hellip;]<\/p>\n","protected":false},"author":2,"featured_media":0,"parent":555,"menu_order":0,"comment_status":"closed","ping_status":"closed","template":"","meta":{"_et_pb_use_builder":"","_et_pb_old_content":"","_et_gb_content_width":"","footnotes":""},"class_list":["post-7492","page","type-page","status-publish","hentry"],"_links":{"self":[{"href":"https:\/\/www.ecotopia.se\/sv\/wp-json\/wp\/v2\/pages\/7492","targetHints":{"allow":["GET"]}}],"collection":[{"href":"https:\/\/www.ecotopia.se\/sv\/wp-json\/wp\/v2\/pages"}],"about":[{"href":"https:\/\/www.ecotopia.se\/sv\/wp-json\/wp\/v2\/types\/page"}],"author":[{"embeddable":true,"href":"https:\/\/www.ecotopia.se\/sv\/wp-json\/wp\/v2\/users\/2"}],"replies":[{"embeddable":true,"href":"https:\/\/www.ecotopia.se\/sv\/wp-json\/wp\/v2\/comments?post=7492"}],"version-history":[{"count":22,"href":"https:\/\/www.ecotopia.se\/sv\/wp-json\/wp\/v2\/pages\/7492\/revisions"}],"predecessor-version":[{"id":7874,"href":"https:\/\/www.ecotopia.se\/sv\/wp-json\/wp\/v2\/pages\/7492\/revisions\/7874"}],"up":[{"embeddable":true,"href":"https:\/\/www.ecotopia.se\/sv\/wp-json\/wp\/v2\/pages\/555"}],"wp:attachment":[{"href":"https:\/\/www.ecotopia.se\/sv\/wp-json\/wp\/v2\/media?parent=7492"}],"curies":[{"name":"wp","href":"https:\/\/api.w.org\/{rel}","templated":true}]}}