{"id":72,"date":"2013-01-09T19:24:43","date_gmt":"2013-01-09T18:24:43","guid":{"rendered":"https:\/\/www.ecotopia.se\/sv\/?page_id=72"},"modified":"2025-01-22T15:14:33","modified_gmt":"2025-01-22T14:14:33","slug":"hyra-utbildningslokal","status":"publish","type":"page","link":"https:\/\/www.ecotopia.se\/sv\/upptack-ecotopia\/hyra-utbildningslokal\/","title":{"rendered":"Skr\u00e4ddarsydda Evenemang"},"content":{"rendered":"<p>[et_pb_section fb_built=&#8221;1&#8243; _builder_version=&#8221;4.16&#8243; global_colors_info=&#8221;{}&#8221;][et_pb_row _builder_version=&#8221;4.16&#8243; background_size=&#8221;initial&#8221; background_position=&#8221;top_left&#8221; background_repeat=&#8221;repeat&#8221; global_colors_info=&#8221;{}&#8221; custom_margin=&#8221;|auto||462px||&#8221;][et_pb_column type=&#8221;4_4&#8243; _builder_version=&#8221;4.16&#8243; custom_padding=&#8221;|||&#8221; global_colors_info=&#8221;{}&#8221; custom_padding__hover=&#8221;|||&#8221;][et_pb_text _builder_version=&#8221;4.27.4&#8243; background_size=&#8221;initial&#8221; background_position=&#8221;top_left&#8221; background_repeat=&#8221;repeat&#8221; hover_enabled=&#8221;0&#8243; global_colors_info=&#8221;{}&#8221; sticky_enabled=&#8221;0&#8243;]<\/p>\n<p>Planerar ni teamdagar, en kick off eller en framtidsverkstad med fokus p\u00e5 medskapande av en h\u00e5llbar framtid? Eller ett \u00e5rsm\u00f6te, dop eller en jubileumsfest? Eller en retreat? D\u00e5 har ni kommit r\u00e4tt.<\/p>\n<p>Ecotopia \u00d6sterlen erbjuder skr\u00e4ddarsydda events med hela kunskapscentret och g\u00e5rden som fysisk plats. Ecotopias utbildare och inspirat\u00f6rer st\u00e5r f\u00f6r inneh\u00e5llet utifr\u00e5n era \u00f6nskem\u00e5l. Och i v\u00e5rt <a href=\"https:\/\/www.ecotopia.se\/sv\/upptack-ecotopia\/ekofiket\/\">ekocaf\u00e9<\/a> med sitt Peacefood-k\u00f6k erbjuds veganska m\u00e5ltider och menyer.<\/p>\n<p>Ni kan \u00e4ven ta del av Ecotopias h\u00e5llbara l\u00f6sningar i naturlig milj\u00f6: h\u00e5llbart och ekologiskt byggande, klimatsmarta och energisn\u00e5la l\u00f6sningar, kretsloppsavlopp, permakultur, medicinalv\u00e4xter och vilda \u00e4tbara v\u00e4xter etcetera. En verksamhetspresentation ing\u00e5r men vi erbjuder ocks\u00e5 g\u00e4rna en <a href=\"https:\/\/www.ecotopia.se\/sv\/upptack-ecotopia\/guidad-visning\/\">guidad visning<\/a>.<\/p>\n<p>F\u00f6r \u00f6vernattning st\u00e5r Ecotopias <a href=\"https:\/\/www.ecotopia.se\/sv\/upptack-ecotopia\/ekoboende\/\">ekoboenden <\/a>till ert f\u00f6rfogande.<\/p>\n<p><a href=\"https:\/\/www.ecotopia.se\/sv\/om-ecotopia\/kontakt\/\">V\u00e4lkommen att kontakta oss<\/a> f\u00f6r mer information och planering!<\/p>\n<p><div style=\"width: 613px\" class=\"wp-caption alignnone\"><img loading=\"lazy\" decoding=\"async\" class=\"wp-image-9233 size-full\" src=\"https:\/\/www.ecotopia.se\/sv\/wp-content\/uploads\/2018\/11\/DSC_0661_2018.jpg\" alt=\"\" width=\"600\" height=\"363\" \/><p class=\"wp-caption-text\"><br \/><em><em>Luna Soul And Sound<\/p><\/div><\/em><\/em><\/p>\n<div id=\"attachment_9250\" style=\"width: 610px\" class=\"wp-caption alignnone\"><img loading=\"lazy\" decoding=\"async\" aria-describedby=\"caption-attachment-9250\" src=\"http:\/\/www.ecotopia.se\/sites\/default\/files\/img_2805_2.jpg\" alt=\"\" width=\"603\" height=\"302\" \/><p id=\"caption-attachment-9250\" class=\"wp-caption-text\"><em>Socialh\u00f6gskolan i Lund<\/em><\/p><\/div><div id=\"attachment_9250\" style=\"width: 610px\" class=\"wp-caption alignnone\"><img loading=\"lazy\" decoding=\"async\" aria-describedby=\"caption-attachment-9250\" class=\"wp-image-9250 size-full\" src=\"https:\/\/www.ecotopia.se\/sv\/wp-content\/uploads\/2018\/11\/DSC_1145-2018.jpg\" alt=\"\" width=\"600\" height=\"393\" \/><p id=\"caption-attachment-9250\" class=\"wp-caption-text\"><em>Temakv\u00e4ll med David Appelgren<\/em><\/p><\/div><div id=\"attachment_9239\" style=\"width: 610px\" class=\"wp-caption alignnone\"><img loading=\"lazy\" decoding=\"async\" aria-describedby=\"caption-attachment-9239\" class=\"size-full wp-image-9239\" src=\"https:\/\/www.ecotopia.se\/sv\/wp-content\/uploads\/2018\/11\/DSC_0490-2017.jpg\" alt=\"\" width=\"600\" height=\"371\" \/><p id=\"caption-attachment-9239\" class=\"wp-caption-text\"><em>Framtidsverkstaden<\/em><\/p><\/div><div id=\"attachment_9284\" style=\"width: 610px\" class=\"wp-caption alignnone\"><img loading=\"lazy\" decoding=\"async\" aria-describedby=\"caption-attachment-9284\" class=\"size-full wp-image-9284\" src=\"https:\/\/www.ecotopia.se\/sv\/wp-content\/uploads\/2018\/11\/DSC_00082.jpg\" alt=\"\" width=\"600\" height=\"368\" \/><p id=\"caption-attachment-9284\" class=\"wp-caption-text\"><em>Kristianstads symfoniorkester<\/em><\/p><\/div>[\/et_pb_text][\/et_pb_column][\/et_pb_row][\/et_pb_section]<\/p>\n","protected":false},"excerpt":{"rendered":"<p>Planerar ni teamdagar, en kick off eller en framtidsverkstad med fokus p\u00e5 medskapande av en h\u00e5llbar framtid? Eller ett \u00e5rsm\u00f6te, dop eller en jubileumsfest? Eller en retreat? D\u00e5 har ni [&hellip;]<\/p>\n","protected":false},"author":2,"featured_media":0,"parent":54,"menu_order":0,"comment_status":"open","ping_status":"open","template":"","meta":{"_et_pb_use_builder":"on","_et_pb_old_content":"Planerar ni teamdagar, en kick off eller en framtidsverkstad med fokus p\u00e5 medskapande av en h\u00e5llbar framtid? Eller ett \u00e5rsm\u00f6te, dop eller en jubileumsfest? Eller en retreat? D\u00e5 har ni kommit r\u00e4tt.\r\n\r\nEcotopia \u00d6sterlen erbjuder skr\u00e4ddarsydda events med hela kunskapscentret och g\u00e5rden som fysisk plats. Ecotopias utbildare och inspirat\u00f6rer st\u00e5r f\u00f6r inneh\u00e5llet utifr\u00e5n era \u00f6nskem\u00e5l. Och i v\u00e5rt <a href=\"https:\/\/www.ecotopia.se\/sv\/upptack-ecotopia\/ekofiket\/\">ekocaf\u00e9<\/a> med sitt Peacefood-k\u00f6k erbjuds veganska m\u00e5ltider och menyer.\r\n\r\nNi kan \u00e4ven ta del av Ecotopias h\u00e5llbara l\u00f6sningar i naturlig milj\u00f6: h\u00e5llbart och ekologiskt byggande, klimatsmarta och energisn\u00e5la l\u00f6sningar, kretsloppsavlopp, permakultur, medicinalv\u00e4xter och vilda \u00e4tbara v\u00e4xter etcetera. En verksamhetspresentation ing\u00e5r men vi erbjuder ocks\u00e5 g\u00e4rna en <a href=\"https:\/\/www.ecotopia.se\/sv\/upptack-ecotopia\/guidad-visning\/\">guidad visning<\/a>.\r\n\r\nF\u00f6r \u00f6vernattning st\u00e5r Ecotopias <a href=\"https:\/\/www.ecotopia.se\/sv\/upptack-ecotopia\/ekoboende\/\">ekoboenden <\/a>till ert f\u00f6rfogande.\r\n\r\n<a href=\"https:\/\/www.ecotopia.se\/sv\/om-ecotopia\/kontakt\/\">V\u00e4lkommen att kontakta oss<\/a> f\u00f6r mer information och planering!\r\n\r\n<img class=\"wp-image-9233 size-full\" src=\"https:\/\/www.ecotopia.se\/sv\/wp-content\/uploads\/2018\/11\/DSC_0661_2018.jpg\" alt=\"\" width=\"600\" height=\"363\" \/>\r\n<em>Luna Soul And Sound<\/em>\r\n\r\n[caption id=\"\" align=\"alignnone\" width=\"603\"]<img src=\"http:\/\/www.ecotopia.se\/sites\/default\/files\/img_2805_2.jpg\" alt=\"\" width=\"603\" height=\"302\" \/> <em>Socialh\u00f6gskolan i Lund<\/em>[\/caption]\r\n\r\n[caption id=\"attachment_9250\" align=\"alignnone\" width=\"600\"]<img class=\"wp-image-9250 size-full\" src=\"https:\/\/www.ecotopia.se\/sv\/wp-content\/uploads\/2018\/11\/DSC_1145-2018.jpg\" alt=\"\" width=\"600\" height=\"393\" \/> <em>Temakv\u00e4ll med David Appelgren<\/em>[\/caption]\r\n\r\n[caption id=\"attachment_9239\" align=\"alignnone\" width=\"600\"]<img class=\"size-full wp-image-9239\" src=\"https:\/\/www.ecotopia.se\/sv\/wp-content\/uploads\/2018\/11\/DSC_0490-2017.jpg\" alt=\"\" width=\"600\" height=\"371\" \/> <em>Framtidsverkstaden<\/em>[\/caption]\r\n\r\n[caption id=\"attachment_9284\" align=\"alignnone\" width=\"600\"]<img class=\"size-full wp-image-9284\" src=\"https:\/\/www.ecotopia.se\/sv\/wp-content\/uploads\/2018\/11\/DSC_00082.jpg\" alt=\"\" width=\"600\" height=\"368\" \/> <em>Kristianstads symfoniorkester<\/em>[\/caption]","_et_gb_content_width":"1110","footnotes":""},"class_list":["post-72","page","type-page","status-publish","hentry"],"_links":{"self":[{"href":"https:\/\/www.ecotopia.se\/sv\/wp-json\/wp\/v2\/pages\/72","targetHints":{"allow":["GET"]}}],"collection":[{"href":"https:\/\/www.ecotopia.se\/sv\/wp-json\/wp\/v2\/pages"}],"about":[{"href":"https:\/\/www.ecotopia.se\/sv\/wp-json\/wp\/v2\/types\/page"}],"author":[{"embeddable":true,"href":"https:\/\/www.ecotopia.se\/sv\/wp-json\/wp\/v2\/users\/2"}],"replies":[{"embeddable":true,"href":"https:\/\/www.ecotopia.se\/sv\/wp-json\/wp\/v2\/comments?post=72"}],"version-history":[{"count":56,"href":"https:\/\/www.ecotopia.se\/sv\/wp-json\/wp\/v2\/pages\/72\/revisions"}],"predecessor-version":[{"id":17686,"href":"https:\/\/www.ecotopia.se\/sv\/wp-json\/wp\/v2\/pages\/72\/revisions\/17686"}],"up":[{"embeddable":true,"href":"https:\/\/www.ecotopia.se\/sv\/wp-json\/wp\/v2\/pages\/54"}],"wp:attachment":[{"href":"https:\/\/www.ecotopia.se\/sv\/wp-json\/wp\/v2\/media?parent=72"}],"curies":[{"name":"wp","href":"https:\/\/api.w.org\/{rel}","templated":true}]}}