{"id":7063,"date":"2017-02-01T10:14:32","date_gmt":"2017-02-01T09:14:32","guid":{"rendered":"https:\/\/www.ecotopia.se\/sv\/?page_id=7063"},"modified":"2017-04-07T10:16:09","modified_gmt":"2017-04-07T09:16:09","slug":"temakvall-miljovanliga-avlopp_2017","status":"publish","type":"page","link":"https:\/\/www.ecotopia.se\/sv\/kalendarium-arkiv\/temakvall-miljovanliga-avlopp_2017\/","title":{"rendered":"Temakv\u00e4ll &#8211; Enskilda(kretslopps)avlopp"},"content":{"rendered":"<p><img loading=\"lazy\" decoding=\"async\" class=\"alignnone size-medium wp-image-7202\" src=\"https:\/\/www.ecotopia.se\/sv\/wp-content\/uploads\/2017\/03\/collageheaderavlopp2017_2-600x200.jpg\" alt=\"\" width=\"600\" height=\"200\" \/><\/p>\n<h2>Nya krav \u00e4r p\u00e5 v\u00e4g &#8211; informera dig redan idag!<\/h2>\n<p><strong>Datum:<\/strong> Torsdagen den 6 april kl 18<\/p>\n<p><strong>Denna temakv\u00e4ll handlar om milj\u00f6v\u00e4nliga enskilda avlopp och kretsloppsavlopp. M\u00e5nga nya best\u00e4mmelser \u00e4r p\u00e5 v\u00e4g att tr\u00e4da i kraft f\u00f6r enskilda avloppsanl\u00e4ggningar. I v\u00e5r region finns det 9000 sm\u00e5 avlopp som inte \u00e4r anslutna till kommunalt VA-reningsverk. Ystad-\u00d6sterlenregionens Milj\u00f6f\u00f6rbund g\u00f6r just nu en inventering och uppf\u00f6ljning av dessa anl\u00e4ggningar. D\u00e4rf\u00f6r har vi bjudit in milj\u00f6inspekt\u00f6rer, entrepren\u00f6rer och experter som presentera h\u00e5llbara avloppsl\u00f6sningar och ger dig f\u00f6rhandsinformation.<\/strong><\/p>\n<p>De b\u00e5da milj\u00f6inspekt\u00f6rerna <strong>Anna Levin och Rasmus Ahlm<\/strong>, Ystad-\u00d6sterlenregionens Milj\u00f6f\u00f6rbund \u00e4r p\u00e5 plats. De svarar p\u00e5 fr\u00e5gan N\u00e4r kr\u00e4vs tillst\u00e5nd och n\u00e4r m\u00e5ste man bara g\u00f6ra en anm\u00e4lan och hur g\u00e5r man till v\u00e4ga? Men du kan ocks\u00e5 ta tillf\u00e4llet i akt och st\u00e4lla personliga fr\u00e5gor till dem som g\u00e4ller ditt eget avlopp.<\/p>\n<p><strong>Froste Persson<\/strong> inleder temakv\u00e4llen utifr\u00e5n sin l\u00e5nga erfarenhet som handl\u00e4ggare av enskilda avlopp och kretsloppsavlopp i Simrishamns kommun. Han l\u00e4gger grunden f\u00f6r f\u00f6rst\u00e5elsen av enskilda avlopp och de krav som st\u00e4lls p\u00e5 skyddsniv\u00e5er, reducering, teknik etc. Froste beskriver den utveckling som skett under \u00e5ren och f\u00f6rklarar hur ett kretsloppsavlopp fungerar.<\/p>\n<p><strong><img loading=\"lazy\" decoding=\"async\" class=\"alignright size-full wp-image-7195\" src=\"https:\/\/www.ecotopia.se\/sv\/wp-content\/uploads\/2017\/03\/6jim2017.jpg\" alt=\"\" width=\"150\" height=\"107\" \/>Stanislaw Lazarek, <\/strong>Carex of Sweden. Stanislaw har utvecklat och presenterar ett biologiskt reningssystem TreeWell som uppfyller de krav som st\u00e4lls p\u00e5 enskilda avlopp och bidrar till den biologiska m\u00e5ngfalden p\u00e5 ett s\u00e4tt som traditionella minireningsverk inte g\u00f6r. Metoden g\u00e5r ut p\u00e5 att efterlikna naturen, mikroorganismer och v\u00e4xter tar hand om avloppet och kvar blir bara kv\u00e4vgas och vatten som kan \u00e5tervinnas.<\/p>\n<p><strong>Jim Johansson, <\/strong>Aquatron \u00e4r entrepren\u00f6ren med erfarenhet av milj\u00f6riktiga och l\u00e4tthanterliga toalettsystemet till enskilt avlopp utan driftkostnader med vanliga vattentoaletter. Detta system skiljer sig fr\u00e5n <strong>Ecodry fr\u00e5n Wostman<\/strong> som <strong>Froste Persson<\/strong> presenterar n\u00e4r han beskriver Ecotopias kretsloppsavlopp.<\/p>\n<blockquote><p><img loading=\"lazy\" decoding=\"async\" class=\"alignright size-full wp-image-7198\" src=\"https:\/\/www.ecotopia.se\/sv\/wp-content\/uploads\/2017\/02\/TreeWell-skiss.jpg\" alt=\"\" width=\"350\" height=\"187\" \/>S\u00e4rskilt enskilda avlopp b\u00f6r i h\u00f6gre grad anpassas f\u00f6r att \u00e5terf\u00f6ring av n\u00e4rings\u00e4mnen skall kunna ske och d\u00e4rtill minska milj\u00f6p\u00e5verkan fr\u00e5n dessa avlopp&#8230;<\/p><\/blockquote>\n<p><strong>N\u00e4r:<\/strong>\u00a0Torsdag 6 april kl. 18.00 \u2013 ca. 21<br \/>\n<strong>Intr\u00e4de:<\/strong> 100:- (ingen anm\u00e4lan kr\u00e4vs)<br \/>\n<strong>Ekofik:<\/strong> \u00d6ppet innan f\u00f6redraget och under pausen<br \/>\nMer info: <a href=\"https:\/\/www.ecotopia.se\/sv\/kontakt\/\">Skriv till oss<\/a> eller ring 0703 330\u00a0814<\/p>\n<p>I samverkan med<\/p>\n<p>&nbsp;<\/p>\n<div class='one_half'>\n\t\t\t\t\t<p><img loading=\"lazy\" decoding=\"async\" class=\"alignnone wp-image-7175\" src=\"https:\/\/www.ecotopia.se\/sv\/wp-content\/uploads\/2017\/02\/milj\u00f6f\u00f6rbundetslogga-600x169.png\" alt=\"\" width=\"300\" height=\"85\" srcset=\"https:\/\/www.ecotopia.se\/sv\/wp-content\/uploads\/2017\/02\/milj\u00f6f\u00f6rbundetslogga-600x169.png 600w, https:\/\/www.ecotopia.se\/sv\/wp-content\/uploads\/2017\/02\/milj\u00f6f\u00f6rbundetslogga-768x217.png 768w, https:\/\/www.ecotopia.se\/sv\/wp-content\/uploads\/2017\/02\/milj\u00f6f\u00f6rbundetslogga.png 825w\" sizes=\"(max-width: 300px) 100vw, 300px\" \/><\/p>\n\t\t\t\t<\/div> <div class='one_half et_column_last'>\n\t\t\t\t\t<p><img loading=\"lazy\" decoding=\"async\" class=\"alignnone wp-image-7188\" src=\"https:\/\/www.ecotopia.se\/sv\/wp-content\/uploads\/2017\/02\/carexofsweden-logo-rt-600x92.png\" alt=\"\" width=\"300\" height=\"46\" \/><\/p>\n\t\t\t\t<\/div><div class='clear'><\/div><\/p>\n<div class='one_half'>\n\t\t\t\t\t<p><img loading=\"lazy\" decoding=\"async\" class=\"alignnone wp-image-7177\" src=\"https:\/\/www.ecotopia.se\/sv\/wp-content\/uploads\/2017\/02\/aquatron-logotype.png\" alt=\"\" width=\"300\" height=\"187\" \/><\/p>\n\t\t\t\t<\/div> <div class='one_half et_column_last'>\n\t\t\t\t\t<p><img loading=\"lazy\" decoding=\"async\" class=\"alignnone wp-image-7196\" src=\"https:\/\/www.ecotopia.se\/sv\/wp-content\/uploads\/2017\/03\/logawostman.png\" alt=\"\" width=\"300\" height=\"90\" \/><\/p>\n\t\t\t\t<\/div><div class='clear'><\/div><\/p>\n","protected":false},"excerpt":{"rendered":"<p>Nya krav \u00e4r p\u00e5 v\u00e4g &#8211; informera dig redan idag! Datum: Torsdagen den 6 april kl 18 Denna temakv\u00e4ll handlar om milj\u00f6v\u00e4nliga enskilda avlopp och kretsloppsavlopp. M\u00e5nga nya best\u00e4mmelser \u00e4r [&hellip;]<\/p>\n","protected":false},"author":3,"featured_media":0,"parent":555,"menu_order":0,"comment_status":"closed","ping_status":"closed","template":"","meta":{"_et_pb_use_builder":"","_et_pb_old_content":"","_et_gb_content_width":"","footnotes":""},"class_list":["post-7063","page","type-page","status-publish","hentry"],"_links":{"self":[{"href":"https:\/\/www.ecotopia.se\/sv\/wp-json\/wp\/v2\/pages\/7063","targetHints":{"allow":["GET"]}}],"collection":[{"href":"https:\/\/www.ecotopia.se\/sv\/wp-json\/wp\/v2\/pages"}],"about":[{"href":"https:\/\/www.ecotopia.se\/sv\/wp-json\/wp\/v2\/types\/page"}],"author":[{"embeddable":true,"href":"https:\/\/www.ecotopia.se\/sv\/wp-json\/wp\/v2\/users\/3"}],"replies":[{"embeddable":true,"href":"https:\/\/www.ecotopia.se\/sv\/wp-json\/wp\/v2\/comments?post=7063"}],"version-history":[{"count":18,"href":"https:\/\/www.ecotopia.se\/sv\/wp-json\/wp\/v2\/pages\/7063\/revisions"}],"predecessor-version":[{"id":7275,"href":"https:\/\/www.ecotopia.se\/sv\/wp-json\/wp\/v2\/pages\/7063\/revisions\/7275"}],"up":[{"embeddable":true,"href":"https:\/\/www.ecotopia.se\/sv\/wp-json\/wp\/v2\/pages\/555"}],"wp:attachment":[{"href":"https:\/\/www.ecotopia.se\/sv\/wp-json\/wp\/v2\/media?parent=7063"}],"curies":[{"name":"wp","href":"https:\/\/api.w.org\/{rel}","templated":true}]}}