{"id":70,"date":"2013-01-09T19:24:12","date_gmt":"2013-01-09T18:24:12","guid":{"rendered":"https:\/\/www.ecotopia.se\/sv\/?page_id=70"},"modified":"2026-02-20T14:53:43","modified_gmt":"2026-02-20T13:53:43","slug":"studiebesok","status":"publish","type":"page","link":"https:\/\/www.ecotopia.se\/sv\/upptack-ecotopia\/studiebesok\/","title":{"rendered":"Studiebes\u00f6k"},"content":{"rendered":"<p>[et_pb_section fb_built=&#8221;1&#8243; _builder_version=&#8221;4.16&#8243; global_colors_info=&#8221;{}&#8221;][et_pb_row _builder_version=&#8221;4.16&#8243; background_size=&#8221;initial&#8221; background_position=&#8221;top_left&#8221; background_repeat=&#8221;repeat&#8221; global_colors_info=&#8221;{}&#8221;][et_pb_column type=&#8221;4_4&#8243; _builder_version=&#8221;4.16&#8243; custom_padding=&#8221;|||&#8221; global_colors_info=&#8221;{}&#8221; custom_padding__hover=&#8221;|||&#8221;][et_pb_text _builder_version=&#8221;4.16&#8243; background_size=&#8221;initial&#8221; background_position=&#8221;top_left&#8221; background_repeat=&#8221;repeat&#8221; global_colors_info=&#8221;{}&#8221;]<\/p>\n<p>Studiebes\u00f6k f\u00f6r slutna grupper maj &#8211; september 2026. Ber\u00e4knad tid ca 2, 5 timmar inkl v\u00e4lkomstdryck.<\/p>\n<p><strong>Bes\u00f6ket b\u00f6rjar med en introduktion<\/strong><strong>\u00a0vid utst\u00e4llningen &#8220;Naturresurser p\u00e5 Ecotopia&#8221; p\u00e5 Ecotopias m\u00f6tesplats.<\/strong><\/p>\n<p>Utst\u00e4llningen \u00e4r indelad i sju omr\u00e5den: Ekobygge, energi, vatten, vild mat och dryck, nyttov\u00e4xter, odlad mat och dryck samt g\u00e5rdens nyttodjur.<\/p>\n<p><strong>Under rundvandringen<\/strong> presenteras h\u00e5llbara l\u00f6sningar i naturlig milj\u00f6. Denna guidade visning handlar om och vill inspirera till ekologiskt, energisparande och klimatsmart byggande, halmbalshusbygge, byggen med lera, sten, stampad jord och tr\u00e4, isolering med lin, hampa, f\u00e5rull och cellulosa, m\u00e5leri med \u00e4ggoljetempera, linoljef\u00e4rg och mineralf\u00e4rg, byggnadsv\u00e5rd, recycling och \u00e5terbruk, kretsloppsavlopp, vattenverk, solel, solv\u00e4rme i kombinerat v\u00e4rmesystem, vilda \u00e4tbara v\u00e4xter, sj\u00e4lvhush\u00e5llning, lagring i jordk\u00e4llare etc. ur ett helhetsperspektiv.<\/p>\n<p>D\u00e5 vi \u00e4ven har byggt en villa i halmbalsteknik avslutas rundvandringen i detta sj\u00e4lvbygge.<\/p>\n<p>Innan eller efter visningen serverar vi rawfoodfika om s\u00e5 \u00f6nskas. Studiebes\u00f6ket kan \u00e4ven kombineras med vegansk lunch eller middag i v\u00e5rt <a href=\"https:\/\/www.ecotopia.se\/sv\/upptack-ecotopia\/ekofiket\/\">Veganska Ekocaf\u00e9.<\/a><\/p>\n<p>V\u00e4lkommen att kontakta oss f\u00f6r planering och tidsbokning!<\/p>\n<p><a href=\"https:\/\/www.ecotopia.se\/sv\/om-ecotopia\/kontakt\/\">Studiebes\u00f6k f\u00f6rfr\u00e5gan\u00a0<\/a><\/p>\n<p><img loading=\"lazy\" decoding=\"async\" class=\"aligncenter wp-image-15301 size-full\" src=\"https:\/\/www.ecotopia.se\/sv\/wp-content\/uploads\/2023\/02\/collage-guidad-visning-2022-600x338-1.jpg\" alt=\"\" width=\"600\" height=\"338\" \/><\/p>\n<p>[\/et_pb_text][\/et_pb_column][\/et_pb_row][\/et_pb_section]<\/p>\n","protected":false},"excerpt":{"rendered":"<p>Studiebes\u00f6k f\u00f6r slutna grupper maj &#8211; september 2026. Ber\u00e4knad tid ca 2, 5 timmar inkl v\u00e4lkomstdryck. Bes\u00f6ket b\u00f6rjar med en introduktion\u00a0vid utst\u00e4llningen &#8220;Naturresurser p\u00e5 Ecotopia&#8221; p\u00e5 Ecotopias m\u00f6tesplats. Utst\u00e4llningen \u00e4r [&hellip;]<\/p>\n","protected":false},"author":2,"featured_media":0,"parent":54,"menu_order":0,"comment_status":"open","ping_status":"open","template":"","meta":{"_et_pb_use_builder":"on","_et_pb_old_content":"Studiebes\u00f6k f\u00f6r slutna grupper maj - oktober 2025. Ber\u00e4knad tid ca 2, 5 timmar inkl v\u00e4lkomstdryck.\r\n\r\n<strong>Bes\u00f6ket b\u00f6rjar med en introduktion<\/strong><strong>\u00a0vid utst\u00e4llningen \"Naturresurser p\u00e5 Ecotopia\" p\u00e5 Ecotopias m\u00f6tesplats.<\/strong>\r\n\r\nUtst\u00e4llningen \u00e4r indelad i sju omr\u00e5den: Ekobygge, energi, vatten, vild mat och dryck, nyttov\u00e4xter, odlad mat och dryck samt g\u00e5rdens nyttodjur.\r\n\r\n<strong>Under rundvandringen<\/strong> presenteras h\u00e5llbara l\u00f6sningar i naturlig milj\u00f6. Denna guidade visning handlar om och vill inspirera till ekologiskt, energisparande och klimatsmart byggande, halmbalshusbygge, byggen med lera, sten, stampad jord och tr\u00e4, isolering med lin, hampa, f\u00e5rull och cellulosa, m\u00e5leri med \u00e4ggoljetempera, linoljef\u00e4rg och mineralf\u00e4rg, byggnadsv\u00e5rd, recycling och \u00e5terbruk, kretsloppsavlopp, vattenverk, solel, solv\u00e4rme i kombinerat v\u00e4rmesystem, vilda \u00e4tbara v\u00e4xter, sj\u00e4lvhush\u00e5llning, lagring i jordk\u00e4llare etc. ur ett helhetsperspektiv.\r\n\r\nD\u00e5 vi \u00e4ven har byggt en villa i halmbalsteknik avslutas rundvandringen i detta sj\u00e4lvbygge.\r\n\r\nInnan eller efter visningen serverar vi rawfoodfika om s\u00e5 \u00f6nskas. Studiebes\u00f6ket kan \u00e4ven kombineras med vegansk lunch eller middag i v\u00e5rt <a href=\"https:\/\/www.ecotopia.se\/sv\/upptack-ecotopia\/ekofiket\/\">Veganska Ekocaf\u00e9.<\/a>\r\n\r\nV\u00e4lkommen att kontakta oss f\u00f6r planering och tidsbokning!\r\n\r\n<a href=\"https:\/\/www.ecotopia.se\/sv\/om-ecotopia\/kontakt\/\">Studiebes\u00f6k f\u00f6rfr\u00e5gan\u00a0<\/a>\r\n\r\n<img class=\"aligncenter wp-image-15301 size-full\" src=\"https:\/\/www.ecotopia.se\/sv\/wp-content\/uploads\/2023\/02\/collage-guidad-visning-2022-600x338-1.jpg\" alt=\"\" width=\"600\" height=\"338\" \/>","_et_gb_content_width":"1110","footnotes":""},"class_list":["post-70","page","type-page","status-publish","hentry"],"_links":{"self":[{"href":"https:\/\/www.ecotopia.se\/sv\/wp-json\/wp\/v2\/pages\/70","targetHints":{"allow":["GET"]}}],"collection":[{"href":"https:\/\/www.ecotopia.se\/sv\/wp-json\/wp\/v2\/pages"}],"about":[{"href":"https:\/\/www.ecotopia.se\/sv\/wp-json\/wp\/v2\/types\/page"}],"author":[{"embeddable":true,"href":"https:\/\/www.ecotopia.se\/sv\/wp-json\/wp\/v2\/users\/2"}],"replies":[{"embeddable":true,"href":"https:\/\/www.ecotopia.se\/sv\/wp-json\/wp\/v2\/comments?post=70"}],"version-history":[{"count":41,"href":"https:\/\/www.ecotopia.se\/sv\/wp-json\/wp\/v2\/pages\/70\/revisions"}],"predecessor-version":[{"id":18866,"href":"https:\/\/www.ecotopia.se\/sv\/wp-json\/wp\/v2\/pages\/70\/revisions\/18866"}],"up":[{"embeddable":true,"href":"https:\/\/www.ecotopia.se\/sv\/wp-json\/wp\/v2\/pages\/54"}],"wp:attachment":[{"href":"https:\/\/www.ecotopia.se\/sv\/wp-json\/wp\/v2\/media?parent=70"}],"curies":[{"name":"wp","href":"https:\/\/api.w.org\/{rel}","templated":true}]}}