{"id":6840,"date":"2017-01-30T10:40:09","date_gmt":"2017-01-30T09:40:09","guid":{"rendered":"https:\/\/www.ecotopia.se\/sv\/?page_id=6840"},"modified":"2017-08-07T06:46:25","modified_gmt":"2017-08-07T05:46:25","slug":"ortmedicin_170805","status":"publish","type":"page","link":"https:\/\/www.ecotopia.se\/sv\/kalendarium-arkiv\/ortmedicin_170805\/","title":{"rendered":"Kurs &#8211; \u00d6rtmedicin"},"content":{"rendered":"<h2>Plocka ditt eget naturapotek<\/h2>\n<p><img loading=\"lazy\" decoding=\"async\" class=\"alignright size-full wp-image-5454\" src=\"https:\/\/www.ecotopia.se\/sv\/wp-content\/uploads\/2015\/12\/header2.jpg\" alt=\"\" width=\"600\" height=\"200\" \/><\/p>\n<p><strong>Datum:<\/strong> L\u00f6rdagen den 5 augusti 2017<\/p>\n<p><strong>Nu \u00e4r det h\u00f6g tid att b\u00f6rja plocka \u00f6rter och sammanst\u00e4lla h\u00f6stens och vinterns naturapotek. <\/strong><\/p>\n<p>Denna kurs handlar om att f\u00f6rdjupa sig i \u00f6rtmedicin f\u00f6r b\u00e5de m\u00e4nniskor och djur. Detta genom att l\u00e4ra sig mer om vilda v\u00e4xter och vilka man kan anv\u00e4nda i sin vardag. Vilka \u00f6rter man b\u00f6r plocka och vad man kan anv\u00e4nda dem till. Vilka v\u00e4xter, s.k. medicinalv\u00e4xter, som anv\u00e4nds som l\u00e4kemedel och som man framst\u00e4ller l\u00e4kemedel ur.<\/p>\n<p>I denna kurs f\u00e5r du b\u00e5de m\u00f6jlighet att inh\u00e4mta grundl\u00e4ggande \u00f6rtkunskap och att g\u00e5 ut i naturen och plocka ditt eget naturapotek som du sedan kan ta med sig hem och torka.<\/p>\n<blockquote><p>Catharina Ehlo l\u00e4gger grunden f\u00f6r nya tankar kring medicin samtidigt som hon vill \u00f6ka f\u00f6rst\u00e5elsen f\u00f6r skillnaden mellan symtombehandlande skolmedicin och botande alternativ- och komplement\u00e4rmedicin.<\/p><\/blockquote>\n<p>Catharina har l\u00e5ng erfarenhet fr\u00e5n sin egen praktik och \u00e4r inspirerad av Hildegard fr\u00e5n Bingen, sin tids stora naturl\u00e4kare, som levde som abbedissa p\u00e5 1100-talet. Hildegard \u00e4gnade sig \u00e5t naturens krafter och s\u00f6kte de kroppsliga, mentala och sj\u00e4lsliga orsakerna f\u00f6r sjukdomar och svagheter. Hon menar att m\u00e4nniskan \u00e4r frisk om de fyra kroppssafterna st\u00e5r i r\u00e4tt f\u00f6rh\u00e5llande till varandra. D\u00e4rf\u00f6r har hon f\u00f6rutom m\u00e5nga medicinalb\u00f6cker efterl\u00e4mnat originalrecept av naturliga \u00f6rtblandningar som bidrar till denna \u201dinre balans\u201d.<\/p>\n<p>M\u00f6tet med naturens eget apotek kopplade till praktiska exempel fr\u00e5n Catharinas egen praktik f\u00e5r denna kurs att b\u00e5de bli l\u00e4rorik och sp\u00e4nnande.<\/p>\n<p><img loading=\"lazy\" decoding=\"async\" class=\"alignright wp-image-3750\" src=\"https:\/\/www.ecotopia.se\/sv\/wp-content\/uploads\/2014\/08\/catarina_liten.jpg\" alt=\"catarina_liten\" width=\"100\" height=\"134\" \/> <strong>Kursledare: Catharina Ehlo <\/strong>har byggt upp och leder tv\u00e5 verksamheter. Efter mer \u00e4n 10 \u00e5rs framg\u00e5ngsrikt arbete med bland annat \u00f6rtmedicin p\u00e5 sin egen praktik Sj\u00e4lens Stj\u00e4rna bildade hon <a href=\"http:\/\/www.stjarnorter.se\" target=\"_blank\" rel=\"noopener\">Stj\u00e4rn\u00f6rter<\/a> d\u00e4r hon tagit fram egna produkter som hon nu framst\u00e4ller b\u00e5de till m\u00e4nniskor och djur (registrerade som fodertillskott hos Jordbruksverket).<\/p>\n<p><strong>N\u00e4r:<\/strong> L\u00f6rdagen den 5 augusti 2017, kl 10-16.30<\/p>\n<p><strong>Plats:<\/strong> Ecotopia p\u00e5 \u00d6sterlen<\/p>\n<p><strong>Kurskostnad<\/strong> (inkl 25% moms) inkl. vegetariska lunch och fika: 850:-<\/p>\n<p><em>Student- och pension\u00e4rsrabatt: 190:-<\/em><\/p>\n<p><strong>F\u00f6r mer information:<\/strong> <a href=\"https:\/\/www.ecotopia.se\/sv\/kontakt\/\">Kontakta oss h\u00e4r<\/a> eller ring 0703 330814<\/p>\n","protected":false},"excerpt":{"rendered":"<p>Plocka ditt eget naturapotek Datum: L\u00f6rdagen den 5 augusti 2017 Nu \u00e4r det h\u00f6g tid att b\u00f6rja plocka \u00f6rter och sammanst\u00e4lla h\u00f6stens och vinterns naturapotek. Denna kurs handlar om att [&hellip;]<\/p>\n","protected":false},"author":3,"featured_media":0,"parent":555,"menu_order":0,"comment_status":"closed","ping_status":"closed","template":"","meta":{"_et_pb_use_builder":"","_et_pb_old_content":"","_et_gb_content_width":"","footnotes":""},"class_list":["post-6840","page","type-page","status-publish","hentry"],"_links":{"self":[{"href":"https:\/\/www.ecotopia.se\/sv\/wp-json\/wp\/v2\/pages\/6840","targetHints":{"allow":["GET"]}}],"collection":[{"href":"https:\/\/www.ecotopia.se\/sv\/wp-json\/wp\/v2\/pages"}],"about":[{"href":"https:\/\/www.ecotopia.se\/sv\/wp-json\/wp\/v2\/types\/page"}],"author":[{"embeddable":true,"href":"https:\/\/www.ecotopia.se\/sv\/wp-json\/wp\/v2\/users\/3"}],"replies":[{"embeddable":true,"href":"https:\/\/www.ecotopia.se\/sv\/wp-json\/wp\/v2\/comments?post=6840"}],"version-history":[{"count":18,"href":"https:\/\/www.ecotopia.se\/sv\/wp-json\/wp\/v2\/pages\/6840\/revisions"}],"predecessor-version":[{"id":7715,"href":"https:\/\/www.ecotopia.se\/sv\/wp-json\/wp\/v2\/pages\/6840\/revisions\/7715"}],"up":[{"embeddable":true,"href":"https:\/\/www.ecotopia.se\/sv\/wp-json\/wp\/v2\/pages\/555"}],"wp:attachment":[{"href":"https:\/\/www.ecotopia.se\/sv\/wp-json\/wp\/v2\/media?parent=6840"}],"curies":[{"name":"wp","href":"https:\/\/api.w.org\/{rel}","templated":true}]}}