{"id":68,"date":"2013-01-09T19:23:38","date_gmt":"2013-01-09T18:23:38","guid":{"rendered":"https:\/\/www.ecotopia.se\/sv\/?page_id=68"},"modified":"2026-02-20T15:23:47","modified_gmt":"2026-02-20T14:23:47","slug":"guidad-visning","status":"publish","type":"page","link":"https:\/\/www.ecotopia.se\/sv\/upptack-ecotopia\/guidad-visning\/","title":{"rendered":"Guidad visning"},"content":{"rendered":"<p>[et_pb_section fb_built=&#8221;1&#8243; _builder_version=&#8221;4.16&#8243; global_colors_info=&#8221;{}&#8221;][et_pb_row _builder_version=&#8221;4.16&#8243; background_size=&#8221;initial&#8221; background_position=&#8221;top_left&#8221; background_repeat=&#8221;repeat&#8221; global_colors_info=&#8221;{}&#8221;][et_pb_column type=&#8221;4_4&#8243; _builder_version=&#8221;4.16&#8243; custom_padding=&#8221;|||&#8221; global_colors_info=&#8221;{}&#8221; custom_padding__hover=&#8221;|||&#8221;][et_pb_text _builder_version=&#8221;4.16&#8243; background_size=&#8221;initial&#8221; background_position=&#8221;top_left&#8221; background_repeat=&#8221;repeat&#8221; global_colors_info=&#8221;{}&#8221;]<\/p>\n<h2><img loading=\"lazy\" decoding=\"async\" class=\"size-medium wp-image-14095 alignnone\" src=\"https:\/\/www.ecotopia.se\/sv\/wp-content\/uploads\/2021\/11\/collage-guidad-visning-2022-600x338.jpg\" alt=\"\" width=\"600\" height=\"338\" srcset=\"https:\/\/www.ecotopia.se\/sv\/wp-content\/uploads\/2021\/11\/collage-guidad-visning-2022-600x338.jpg 600w, https:\/\/www.ecotopia.se\/sv\/wp-content\/uploads\/2021\/11\/collage-guidad-visning-2022-768x432.jpg 768w, https:\/\/www.ecotopia.se\/sv\/wp-content\/uploads\/2021\/11\/collage-guidad-visning-2022.jpg 780w\" sizes=\"(max-width: 600px) 100vw, 600px\" \/><\/h2>\n<h2>H\u00e5llbara l\u00f6sningar i naturlig milj\u00f6<\/h2>\n<h3><strong><span style=\"color: #008000;\">V\u00e4lkommen p\u00e5 guidad sommarvisning av Ecotopia 2026!<\/span><\/strong><\/h3>\n<h4><strong><span style=\"color: #008000;\">S\u00f6ndagar: 19 och 26 juli kl 14 &#8211; ca. 16:30<\/span><\/strong><\/h4>\n<p><strong>Visningen b\u00f6rjar med en introduktion<\/strong><strong>\u00a0vid utst\u00e4llningen &#8220;Naturresurser p\u00e5 Ecotopia&#8221; p\u00e5 Ecotopias m\u00f6tesplats.<\/strong> Utst\u00e4llningen \u00e4r indelad i sju omr\u00e5den: Ekobygge, energi, vatten, vild mat och dryck, nyttov\u00e4xter, odlad mat och dryck samt g\u00e5rdens nyttodjur.<\/p>\n<p><strong>Under rundvandringen<\/strong> presenteras h\u00e5llbara l\u00f6sningar i naturlig milj\u00f6. Denna guidade visning handlar om och vill inspirera till ekologiskt, energisparande och klimatsmart byggande, halmbalshusbygge, byggen med lera, sten, stampad jord och tr\u00e4, isolering med lin, hampa, f\u00e5rull och cellulosa, m\u00e5leri med \u00e4ggoljetempera, linoljef\u00e4rg och mineralf\u00e4rg, byggnadsv\u00e5rd, recycling och \u00e5terbruk, kretsloppsavlopp, vattenverk, solel, solv\u00e4rme i kombinerat v\u00e4rmesystem, vilda \u00e4tbara v\u00e4xter, sj\u00e4lvhush\u00e5llning, lagring i jordk\u00e4llare etc. ur ett helhetsperspektiv.<\/p>\n<p>D\u00e5 vi \u00e4ven har byggt en villa i halmbalsteknik avslutas rundvandringen i detta sj\u00e4lvbygge.<\/p>\n<p><strong>Visningen tar ca 2,5 timmar.<\/strong> Avgift 125 sek per person. Ingen f\u00f6ranm\u00e4lan kr\u00e4vs f\u00f6rutom f\u00f6r mindre grupper.\u00a0 St\u00f6rre grupper h\u00e4nvisas v\u00e4nligen till<a href=\"https:\/\/www.ecotopia.se\/sv\/upptack-ecotopia\/studiebesok\/\"> studiebes\u00f6k<\/a><\/p>\n<p><strong>Visningen kan kombineras<\/strong> med en Peacefood &#8211; smakupplevelse p\u00e5 best\u00e4llning och erbjuds p\u00e5 v\u00e5rt <a href=\"https:\/\/www.ecotopia.se\/sv\/upptack-ecotopia\/ekofiket\/\">Veganska Ekocaf\u00e9.<\/a><\/p>\n<p>[\/et_pb_text][\/et_pb_column][\/et_pb_row][\/et_pb_section]<\/p>\n","protected":false},"excerpt":{"rendered":"<p>H\u00e5llbara l\u00f6sningar i naturlig milj\u00f6 V\u00e4lkommen p\u00e5 guidad sommarvisning av Ecotopia 2026! S\u00f6ndagar: 19 och 26 juli kl 14 &#8211; ca. 16:30 Visningen b\u00f6rjar med en introduktion\u00a0vid utst\u00e4llningen &#8220;Naturresurser p\u00e5 [&hellip;]<\/p>\n","protected":false},"author":2,"featured_media":0,"parent":54,"menu_order":0,"comment_status":"closed","ping_status":"closed","template":"","meta":{"_et_pb_use_builder":"on","_et_pb_old_content":"<h2><img class=\"size-medium wp-image-14095 alignnone\" src=\"https:\/\/www.ecotopia.se\/sv\/wp-content\/uploads\/2021\/11\/collage-guidad-visning-2022-600x338.jpg\" alt=\"\" width=\"600\" height=\"338\" \/><\/h2>\r\n<h2>H\u00e5llbara l\u00f6sningar i naturlig milj\u00f6<\/h2>\r\n<h3><span style=\"color: #008000;\">V\u00e4lkommen p\u00e5 guidad sommarvisning av Ecotopia 2025!<\/span><\/h3>\r\n<h4><span style=\"color: #008000;\">S\u00f6ndagar: 6\/7, 13\/7, 20\/7 och 27\/7 kl 14 - ca. 16:30<\/span><\/h4>\r\n<strong>Visningen b\u00f6rjar med en introduktion<\/strong><strong>\u00a0vid utst\u00e4llningen \"Naturresurser p\u00e5 Ecotopia\" p\u00e5 Ecotopias m\u00f6tesplats.<\/strong> Utst\u00e4llningen \u00e4r indelad i sju omr\u00e5den: Ekobygge, energi, vatten, vild mat och dryck, nyttov\u00e4xter, odlad mat och dryck samt g\u00e5rdens nyttodjur.\r\n\r\n<strong>Under rundvandringen<\/strong> presenteras h\u00e5llbara l\u00f6sningar i naturlig milj\u00f6. Denna guidade visning handlar om och vill inspirera till ekologiskt, energisparande och klimatsmart byggande, halmbalshusbygge, byggen med lera, sten, stampad jord och tr\u00e4, isolering med lin, hampa, f\u00e5rull och cellulosa, m\u00e5leri med \u00e4ggoljetempera, linoljef\u00e4rg och mineralf\u00e4rg, byggnadsv\u00e5rd, recycling och \u00e5terbruk, kretsloppsavlopp, vattenverk, solel, solv\u00e4rme i kombinerat v\u00e4rmesystem, vilda \u00e4tbara v\u00e4xter, sj\u00e4lvhush\u00e5llning, lagring i jordk\u00e4llare etc. ur ett helhetsperspektiv.\r\n\r\nD\u00e5 vi \u00e4ven har byggt en villa i halmbalsteknik avslutas rundvandringen i detta sj\u00e4lvbygge.\r\n\r\n<strong>Visningen tar ca 2,5 timmar.<\/strong> Avgift 125 sek per person. Ingen f\u00f6ranm\u00e4lan kr\u00e4vs f\u00f6rutom f\u00f6r mindre grupper.\u00a0 St\u00f6rre grupper h\u00e4nvisas v\u00e4nligen till<a href=\"https:\/\/www.ecotopia.se\/sv\/upptack-ecotopia\/studiebesok\/\"> studiebes\u00f6k<\/a>\r\n\r\n<strong>Visningen kan kombineras<\/strong> med en Peacefood - smakupplevelse p\u00e5 best\u00e4llning och erbjuds p\u00e5 v\u00e5rt <a href=\"https:\/\/www.ecotopia.se\/sv\/upptack-ecotopia\/ekofiket\/\">Veganska Ekocaf\u00e9.<\/a>","_et_gb_content_width":"1110","footnotes":""},"class_list":["post-68","page","type-page","status-publish","hentry"],"_links":{"self":[{"href":"https:\/\/www.ecotopia.se\/sv\/wp-json\/wp\/v2\/pages\/68","targetHints":{"allow":["GET"]}}],"collection":[{"href":"https:\/\/www.ecotopia.se\/sv\/wp-json\/wp\/v2\/pages"}],"about":[{"href":"https:\/\/www.ecotopia.se\/sv\/wp-json\/wp\/v2\/types\/page"}],"author":[{"embeddable":true,"href":"https:\/\/www.ecotopia.se\/sv\/wp-json\/wp\/v2\/users\/2"}],"replies":[{"embeddable":true,"href":"https:\/\/www.ecotopia.se\/sv\/wp-json\/wp\/v2\/comments?post=68"}],"version-history":[{"count":98,"href":"https:\/\/www.ecotopia.se\/sv\/wp-json\/wp\/v2\/pages\/68\/revisions"}],"predecessor-version":[{"id":18875,"href":"https:\/\/www.ecotopia.se\/sv\/wp-json\/wp\/v2\/pages\/68\/revisions\/18875"}],"up":[{"embeddable":true,"href":"https:\/\/www.ecotopia.se\/sv\/wp-json\/wp\/v2\/pages\/54"}],"wp:attachment":[{"href":"https:\/\/www.ecotopia.se\/sv\/wp-json\/wp\/v2\/media?parent=68"}],"curies":[{"name":"wp","href":"https:\/\/api.w.org\/{rel}","templated":true}]}}