{"id":6790,"date":"2017-01-19T10:35:47","date_gmt":"2017-01-19T09:35:47","guid":{"rendered":"https:\/\/www.ecotopia.se\/sv\/?page_id=6790"},"modified":"2017-05-08T08:31:33","modified_gmt":"2017-05-08T07:31:33","slug":"temakvall-ekologisk-odling_170505","status":"publish","type":"page","link":"https:\/\/www.ecotopia.se\/sv\/kalendarium-arkiv\/temakvall-ekologisk-odling_170505\/","title":{"rendered":"Temakv\u00e4ll \u2013 Ekologisk odling"},"content":{"rendered":"<p><img loading=\"lazy\" decoding=\"async\" class=\"alignnone size-full wp-image-6791\" src=\"https:\/\/www.ecotopia.se\/sv\/wp-content\/uploads\/2017\/01\/collage_ekologisk_odling_temakvall_170505.jpg\" alt=\"collage_ekologisk_odling_temakvall_170505\" width=\"600\" height=\"200\" \/><\/p>\n<h4>Ekologisk\u00a0odling i pallkragar och b\u00e4ddar<\/h4>\n<p><strong>Datum:<\/strong>\u00a0Fredag 5 maj 2017<\/p>\n<p><strong>En kv\u00e4ll om hur du kan producera massor av gr\u00f6nsaker p\u00e5 liten yta p\u00e5 ett bekv\u00e4mt s\u00e4tt med hj\u00e4lp av pallkragar eller\u00a0i\u00a0vanliga b\u00e4ddar.<\/strong><\/p>\n<p>Vi b\u00f6rjar kv\u00e4llen med att g\u00e5 igenom hur plantor f\u00e5r sin n\u00e4ring och hur du kan f\u00f6rse dina plantor med den n\u00e4ring de beh\u00f6ver. Med mycket organiskt material kan man 3-4 dubbla sk\u00f6rden p\u00e5 en\u00a0given\u00a0yta, vilket \u00e4r precis det man vill n\u00e4r man inte har en stor \u00e5ker till sitt f\u00f6rfogande.<\/p>\n<p>D\u00e4refter g\u00e5r vi igenom hur du kan anv\u00e4nda pallkragar f\u00f6r att ytterligare \u00f6ka sk\u00f6rden. Du kommer ocks\u00e5 att f\u00e5 se speciella toppar, som man kan s\u00e4tta p\u00e5 pallkragarna f\u00f6r att f\u00e5 ett b\u00e4ttre mikroklimat och skydda plantorna mot allsk\u00f6ns ov\u00e4lkomna g\u00e4ster.<\/p>\n<p>Till sist g\u00e5r vi igenom vilka sorters gr\u00f6nsaker som l\u00e4mpar sig f\u00f6r odling p\u00e5 sm\u00e5 ytor och hur man kan placera dem f\u00f6r optimal sk\u00f6rd, vare sig det \u00e4r pallkragar eller vanliga b\u00e4ddar.<\/p>\n<p><img loading=\"lazy\" decoding=\"async\" class=\"alignright size-full wp-image-2590\" src=\"https:\/\/www.ecotopia.se\/sv\/wp-content\/uploads\/2014\/01\/wikstrom150x150.png\" alt=\"wikstrom150x150\" width=\"125\" height=\"125\" srcset=\"https:\/\/www.ecotopia.se\/sv\/wp-content\/uploads\/2014\/01\/wikstrom150x150.png 149w, https:\/\/www.ecotopia.se\/sv\/wp-content\/uploads\/2014\/01\/wikstrom150x150-100x100.png 100w\" sizes=\"(max-width: 125px) 100vw, 125px\" \/><strong>F\u00f6rel\u00e4sare:<\/strong>\u00a0\u00c5ke Wikstr\u00f6m brinner f\u00f6r fr\u00e5gor kring h\u00e4lsa, ekologisk odling och milj\u00f6. Han har 40 \u00e5rs erfarenhet av ekologisk odling. \u00c5ke var f\u00f6rst mycket aktiv inom f\u00f6rbundet f\u00f6r Organisk-Biologisk odling. Senare har han varit eldsj\u00e4len bakom ett meditationscenter och uppbyggnaden av H\u00e4llungen Kursg\u00e5rd (idag Solh\u00e4lla). Nu driver han f\u00f6retaget\u00a0H\u00e5llbar H\u00e4lsa, ett projekt inom ekologi, permakultur och h\u00e5llbar utveckling. H\u00e4r driver han en 10 000 kvadratmeter stor ekologisk tr\u00e4dg\u00e5rd, g\u00e5rdsbutik och caf\u00e9, levererar ekol\u00e5dor, erbjuder tr\u00e4dg\u00e5rdsvandringar och h\u00e5ller kurser. Detta tillsammans med sin fru Tingting.<\/p>\n<p><strong>N\u00e4r:<\/strong>\u00a0Fredag den 5 maj kl. 18.30 &#8211; ca. 21<br \/>\n<strong>Intr\u00e4de:<\/strong> 100:- (ingen anm\u00e4lan kr\u00e4vs)<br \/>\n<strong>Ekofik:<\/strong> \u00d6ppet innan f\u00f6redraget och under pausen<br \/>\n<strong>Mer info:<\/strong> <a href=\"https:\/\/www.ecotopia.se\/sv\/kontakt\/\">Skriv till oss<\/a> eller ring 0703 330\u00a0814. Mer info om f\u00f6retaget <a href=\"http:\/\/www.hallbarhalsa.nu\" target=\"_blank\">H\u00e5llbar H\u00e4lsa hittar du h\u00e4r<\/a>.<\/p>\n","protected":false},"excerpt":{"rendered":"<p>Ekologisk\u00a0odling i pallkragar och b\u00e4ddar Datum:\u00a0Fredag 5 maj 2017 En kv\u00e4ll om hur du kan producera massor av gr\u00f6nsaker p\u00e5 liten yta p\u00e5 ett bekv\u00e4mt s\u00e4tt med hj\u00e4lp av pallkragar [&hellip;]<\/p>\n","protected":false},"author":3,"featured_media":0,"parent":555,"menu_order":0,"comment_status":"closed","ping_status":"closed","template":"","meta":{"_et_pb_use_builder":"","_et_pb_old_content":"","_et_gb_content_width":"","footnotes":""},"class_list":["post-6790","page","type-page","status-publish","hentry"],"_links":{"self":[{"href":"https:\/\/www.ecotopia.se\/sv\/wp-json\/wp\/v2\/pages\/6790","targetHints":{"allow":["GET"]}}],"collection":[{"href":"https:\/\/www.ecotopia.se\/sv\/wp-json\/wp\/v2\/pages"}],"about":[{"href":"https:\/\/www.ecotopia.se\/sv\/wp-json\/wp\/v2\/types\/page"}],"author":[{"embeddable":true,"href":"https:\/\/www.ecotopia.se\/sv\/wp-json\/wp\/v2\/users\/3"}],"replies":[{"embeddable":true,"href":"https:\/\/www.ecotopia.se\/sv\/wp-json\/wp\/v2\/comments?post=6790"}],"version-history":[{"count":5,"href":"https:\/\/www.ecotopia.se\/sv\/wp-json\/wp\/v2\/pages\/6790\/revisions"}],"predecessor-version":[{"id":7264,"href":"https:\/\/www.ecotopia.se\/sv\/wp-json\/wp\/v2\/pages\/6790\/revisions\/7264"}],"up":[{"embeddable":true,"href":"https:\/\/www.ecotopia.se\/sv\/wp-json\/wp\/v2\/pages\/555"}],"wp:attachment":[{"href":"https:\/\/www.ecotopia.se\/sv\/wp-json\/wp\/v2\/media?parent=6790"}],"curies":[{"name":"wp","href":"https:\/\/api.w.org\/{rel}","templated":true}]}}