{"id":6780,"date":"2017-01-18T09:12:28","date_gmt":"2017-01-18T08:12:28","guid":{"rendered":"https:\/\/www.ecotopia.se\/sv\/?page_id=6780"},"modified":"2017-04-12T07:31:57","modified_gmt":"2017-04-12T06:31:57","slug":"kurs-permakultur_skogstradgard_170408","status":"publish","type":"page","link":"https:\/\/www.ecotopia.se\/sv\/kalendarium-arkiv\/kurs-permakultur_skogstradgard_170408\/","title":{"rendered":"Kurs &#8211; Permakultur"},"content":{"rendered":"<p><img loading=\"lazy\" decoding=\"async\" class=\"alignnone size-full wp-image-6965\" src=\"https:\/\/www.ecotopia.se\/sv\/wp-content\/uploads\/2017\/01\/collage_skogstradgard_2017.jpg\" alt=\"\" width=\"600\" height=\"200\" \/><\/p>\n<h2>Skogstr\u00e4dg\u00e5rd &#8211; Design f\u00f6r h\u00e5llbar matf\u00f6rs\u00f6rjning<\/h2>\n<p><strong>Datum:<\/strong> L\u00f6rdag 8-9 april 2017<\/p>\n<p><strong>Vad \u00e4r egentligen en skogstr\u00e4dg\u00e5rd och hur g\u00e5r jag till v\u00e4ga f\u00f6r att designa en? Hur kan jag anv\u00e4nda skogstr\u00e4dg\u00e5rdsdesignen i ett h\u00e5llbart matf\u00f6rs\u00f6rjningssystem, hemma och i samh\u00e4llet?<\/strong><\/p>\n<p>I den h\u00e4r kursen f\u00e5r du l\u00e4ra dig mer om vad en skogstr\u00e4dg\u00e5rd \u00e4r, de olika funktionerna i skogstr\u00e4dg\u00e5rden och hur du g\u00e5r tillv\u00e4ga f\u00f6r att designa en skogstr\u00e4dg\u00e5rd. Med utg\u00e5ngspunkt i en design till ecotopias skogstr\u00e4dg\u00e5rd blandas teori med praktiska design\u00f6vningar f\u00f6r att du ska f\u00e5 konkreta verktyg att skapa p\u00e5 egen hand efter kursen. Du l\u00e4r dig hur du kan placera v\u00e4xter f\u00f6r att n\u00e4ringsbalansen i jorden ska bli bra, hur du designar f\u00f6r att gynna insekterna och hur du g\u00f6r en grunddesign utifr\u00e5n behoven p\u00e5 den specifika platsen. F\u00f6r att med enkla verktyg kunna skapa en vacker och sp\u00e4nnande milj\u00f6 f\u00e5r du ocks\u00e5 id\u00e9er kring hur du kan jobba med f\u00e4rg och form och hur du kan t\u00e4nka kring v\u00e4xtval och placering f\u00f6r att trivas i tr\u00e4dg\u00e5rden.<\/p>\n<p>Oavs\u00e4tt om du vill anv\u00e4nda kunskaperna i din villatr\u00e4dg\u00e5rd, designa en skogstr\u00e4dg\u00e5rd f\u00f6r sj\u00e4lvhush\u00e5llning eller vill designa in ekosystemtj\u00e4nster i din stora produktion bjuder denna kurs p\u00e5 v\u00e4rdefull kunskap.<\/p>\n<p><img loading=\"lazy\" decoding=\"async\" class=\"alignright size-full wp-image-6782\" src=\"https:\/\/www.ecotopia.se\/sv\/wp-content\/uploads\/2017\/01\/hanna_skogstradgard_2017.jpg\" alt=\"hanna_skogstradgard_2017\" width=\"90\" height=\"135\" \/><strong>Kursledare:<\/strong> \u2028Hanna J\u00f6nsson \u00e4r florist, \u00e5terbruksdesigner och skogstr\u00e4dg\u00e5rdsdesigner med ett brinnande intresse f\u00f6r h\u00e5llbarhetsfr\u00e5gor och natur. Hon \u00e4r designern som st\u00e4ndigt jobbar f\u00f6r att hitta nya s\u00e4tt att f\u00f6r\u00e4ndra v\u00e4rlden och inspirera andra till ett mer h\u00e5llbart liv. Efter utbildningen Ledarskap f\u00f6r en h\u00e5llbar v\u00e4rld har hon jobbat mycket med film och f\u00f6rest\u00e4llningsprojekt f\u00f6r att l\u00e4ra ut sambandet mellan mat och klimat. F\u00f6r att f\u00e5 st\u00f6rre f\u00f6rst\u00e5else f\u00f6r ekosystemen och f\u00f6r att arbeta mer i tr\u00e4dg\u00e5rden, som alltid f\u00f6ljt henne, utbildade hon sig i skogstr\u00e4dg\u00e5rdsdesign och \u00e4ven till permakulturdesigner. Sedan 2011 har hon regelbundet h\u00e5llit kurser och workshops f\u00f6r att inspirera till att skapa h\u00e5llbart. <a href=\"http:\/\/www.hannajonsson.com\/\" target=\"_blank\">L\u00e4s mer om Hanna h\u00e4r!<\/a><\/p>\n<p><img loading=\"lazy\" decoding=\"async\" class=\"alignright size-full wp-image-6806\" src=\"https:\/\/www.ecotopia.se\/sv\/wp-content\/uploads\/2017\/01\/IMG_6349.jpg\" alt=\"IMG_6349\" width=\"90\" height=\"135\" \/><strong>Johan och Peter Hessedal <\/strong>\u00e4r utbildade inom ekologisk odling och permakultur och ligger bakom <a href=\"http:\/\/notvab.se\/\">Natur &amp; Tr\u00e4dg\u00e5rdsv\u00e5rd<\/a> som \u00e4r verksamma i Sk\u00e5ne och riktar sig till alla som f\u00f6rfogar \u00f6ver en bit jord. F\u00f6retaget formger och sk\u00f6ter tr\u00e4dg\u00e5rdar p\u00e5 ett h\u00e5llbart s\u00e4tt d\u00e4r naturens v\u00e4lm\u00e5ende \u00e4r i centrum. De arbetar med ekologiska, lokala resurser och med naturen som l\u00e4rom\u00e4stare.<\/p>\n<p><strong>N\u00e4r:<\/strong> L\u00f6rdag den 8 april (kl 10-18) och s\u00f6ndag den 9 april 2017 (kl 10-16)<br \/>\n<strong>Plats:<\/strong> Ecotopia\u2028 p\u00e5 \u00d6sterlen<\/p>\n<p><strong>Kurskostnader (inkl 25% moms) per person inkl. vegetariska m\u00e5ltider och fika i:<\/strong><\/p>\n<p>A. Utan boende 1700:-<br \/>\nB. Med boende i eget t\u00e4lt p\u00e5 Ecotopia 1750:-<br \/>\nC. Med boende i ekostuga\/dubbelrum med servicehus 1850:-<br \/>\nD. Med boende i ekostuga\/gruppboende (max 4 pers) med eget k\u00f6k, wc o dusch 1900:-<\/p>\n<p><strong>Sista anm\u00e4lningsdag:<\/strong> 31 mars 2017<br \/>\n<strong>F\u00f6r mer information:<\/strong> <a href=\"https:\/\/www.ecotopia.se\/sv\/kontakt\/\">Kontakta oss h\u00e4r<\/a> eller ring 0703 330814<\/p>\n","protected":false},"excerpt":{"rendered":"<p>Skogstr\u00e4dg\u00e5rd &#8211; Design f\u00f6r h\u00e5llbar matf\u00f6rs\u00f6rjning Datum: L\u00f6rdag 8-9 april 2017 Vad \u00e4r egentligen en skogstr\u00e4dg\u00e5rd och hur g\u00e5r jag till v\u00e4ga f\u00f6r att designa en? Hur kan jag anv\u00e4nda [&hellip;]<\/p>\n","protected":false},"author":3,"featured_media":0,"parent":555,"menu_order":0,"comment_status":"closed","ping_status":"closed","template":"","meta":{"_et_pb_use_builder":"","_et_pb_old_content":"","_et_gb_content_width":"","footnotes":""},"class_list":["post-6780","page","type-page","status-publish","hentry"],"_links":{"self":[{"href":"https:\/\/www.ecotopia.se\/sv\/wp-json\/wp\/v2\/pages\/6780","targetHints":{"allow":["GET"]}}],"collection":[{"href":"https:\/\/www.ecotopia.se\/sv\/wp-json\/wp\/v2\/pages"}],"about":[{"href":"https:\/\/www.ecotopia.se\/sv\/wp-json\/wp\/v2\/types\/page"}],"author":[{"embeddable":true,"href":"https:\/\/www.ecotopia.se\/sv\/wp-json\/wp\/v2\/users\/3"}],"replies":[{"embeddable":true,"href":"https:\/\/www.ecotopia.se\/sv\/wp-json\/wp\/v2\/comments?post=6780"}],"version-history":[{"count":20,"href":"https:\/\/www.ecotopia.se\/sv\/wp-json\/wp\/v2\/pages\/6780\/revisions"}],"predecessor-version":[{"id":7287,"href":"https:\/\/www.ecotopia.se\/sv\/wp-json\/wp\/v2\/pages\/6780\/revisions\/7287"}],"up":[{"embeddable":true,"href":"https:\/\/www.ecotopia.se\/sv\/wp-json\/wp\/v2\/pages\/555"}],"wp:attachment":[{"href":"https:\/\/www.ecotopia.se\/sv\/wp-json\/wp\/v2\/media?parent=6780"}],"curies":[{"name":"wp","href":"https:\/\/api.w.org\/{rel}","templated":true}]}}