{"id":6745,"date":"2017-01-16T10:31:11","date_gmt":"2017-01-16T09:31:11","guid":{"rendered":"https:\/\/www.ecotopia.se\/sv\/?page_id=6745"},"modified":"2017-02-27T15:56:27","modified_gmt":"2017-02-27T14:56:27","slug":"omstallningsmote_170226","status":"publish","type":"page","link":"https:\/\/www.ecotopia.se\/sv\/kalendarium-arkiv\/omstallningsmote_170226\/","title":{"rendered":"Omst\u00e4llningsm\u00f6te"},"content":{"rendered":"<h4><img loading=\"lazy\" decoding=\"async\" class=\"alignnone size-full wp-image-5444\" src=\"https:\/\/www.ecotopia.se\/sv\/wp-content\/uploads\/2015\/12\/header2.png\" alt=\"header2\" width=\"600\" height=\"200\" \/><\/h4>\n<h4>Fr\u00f6insamling &#8211; sj\u00e4lvhush\u00e5llningens k\u00e4rna<\/h4>\n<p>med Jan Friheden<\/p>\n<p><strong>Datum:<\/strong> S\u00f6ndag den 26 februari 2017, kl 14-17<\/p>\n<p><em>Alla \u00e4r v\u00e4lkomna!<\/em><\/p>\n<p>Egentligen \u00e4r det ju f\u00f6rst n\u00e4r man tar sina egna fr\u00f6er som man blir oberoende och sj\u00e4lvhush\u00e5llande p\u00e5 allvar. Idag \u00e4r restriktionerna kring den mer sm\u00e5skaliga fr\u00f6f\u00f6rs\u00e4ljningen omfattande och det blir allt sv\u00e5rare f\u00f6r de mindre ekologiska fr\u00f6firmorna att h\u00e5lla alla gamla sorter ig\u00e5ng. Samtidigt blir det allt viktigare att uppr\u00e4tth\u00e5lla m\u00e5ngfalden i det vi odlar och h\u00e5lla sorter som passar bra lokalt, vid liv.<\/p>\n<p>L\u00f6sningen att \u00e4r att ta fr\u00f6er sj\u00e4lv och byta med andra lokalt. Det har en fr\u00f6grupp p\u00e5 \u00d6sterlen gjort i en rad v\u00e4xts\u00e4songer nu. \u00c4r du nyfiken p\u00e5 hur det gjort, skulle du vilja delta i ett s\u00e5dant samarbete eller kanske bilda en liknande grupp sj\u00e4lv? Denna s\u00f6ndag finns n\u00e5gra av dem p\u00e5 plats p\u00e5 Ecotopia f\u00f6r att dela med sig av sina \u00f6verskottsfr\u00f6er.<\/p>\n<p>Dessutom kommer den ekologiske odlingsl\u00e4raren Jan Friheden och ber\u00e4ttar om alldeles speciella gamla sorter \u00e4rtor och b\u00f6nor som han specialiserat sig p\u00e5.<\/p>\n<p>Samtidigt finns n\u00e5gra ut fr\u00f6g\u00e4ngets systergrupp som odlar gr\u00f6nsaker tillsammans p\u00e5 en gemenskapsodling utanf\u00f6r Sk\u00e5ne Tran\u00e5s h\u00e4r. Kanske vill ansluta dig till gruppen eller \u00e4r sugen p\u00e5 att starta ett eget odlingsg\u00e4ng?<\/p>\n<p><img loading=\"lazy\" decoding=\"async\" class=\"alignright size-full wp-image-6764\" src=\"https:\/\/www.ecotopia.se\/sv\/wp-content\/uploads\/2017\/01\/Header2_jan_friheden.jpg\" alt=\"Header2_jan_friheden\" width=\"90\" height=\"135\" \/><strong>G\u00e4stf\u00f6rel\u00e4sare:<\/strong>\u00a0Jan Friheden<u>,<\/u> ekologisk odlare sedan 30 \u00e5r. Redan 1977 ledde han Sveriges f\u00f6rsta l\u00e5ngkurs i ekologisk odling och medverkade 1980 i v\u00e4rldens f\u00f6rsta internationella konferens i ekologisk odling som h\u00f6lls i Malm\u00f6. Som l\u00e4rare p\u00e5 \u00d6sterlens Folkh\u00f6gskola har Jan som brinner f\u00f6r folkbildning och vill ge m\u00e4nniskor m\u00f6jlighet till en nystart i livet, utvecklat modellen R\u00f6ddinge odlingen.<\/p>\n<p><strong>Tid:<\/strong> S\u00f6ndag 26\/2 kl 14-17<br \/>\n<strong>Fika:<\/strong> Till sj\u00e4lvkostnadspris<br \/>\n<strong>Plats: <\/strong>Ecotopia (utmed v\u00e4g 19 mellan Sk\u00e5ne-Tran\u00e5s och Br\u00f6sarp) <strong><br \/>\n<\/strong><\/p>\n<p>&nbsp;<\/p>\n","protected":false},"excerpt":{"rendered":"<p>Fr\u00f6insamling &#8211; sj\u00e4lvhush\u00e5llningens k\u00e4rna med Jan Friheden Datum: S\u00f6ndag den 26 februari 2017, kl 14-17 Alla \u00e4r v\u00e4lkomna! Egentligen \u00e4r det ju f\u00f6rst n\u00e4r man tar sina egna fr\u00f6er som [&hellip;]<\/p>\n","protected":false},"author":3,"featured_media":0,"parent":555,"menu_order":0,"comment_status":"closed","ping_status":"closed","template":"","meta":{"_et_pb_use_builder":"","_et_pb_old_content":"","_et_gb_content_width":"","footnotes":""},"class_list":["post-6745","page","type-page","status-publish","hentry"],"_links":{"self":[{"href":"https:\/\/www.ecotopia.se\/sv\/wp-json\/wp\/v2\/pages\/6745","targetHints":{"allow":["GET"]}}],"collection":[{"href":"https:\/\/www.ecotopia.se\/sv\/wp-json\/wp\/v2\/pages"}],"about":[{"href":"https:\/\/www.ecotopia.se\/sv\/wp-json\/wp\/v2\/types\/page"}],"author":[{"embeddable":true,"href":"https:\/\/www.ecotopia.se\/sv\/wp-json\/wp\/v2\/users\/3"}],"replies":[{"embeddable":true,"href":"https:\/\/www.ecotopia.se\/sv\/wp-json\/wp\/v2\/comments?post=6745"}],"version-history":[{"count":9,"href":"https:\/\/www.ecotopia.se\/sv\/wp-json\/wp\/v2\/pages\/6745\/revisions"}],"predecessor-version":[{"id":6777,"href":"https:\/\/www.ecotopia.se\/sv\/wp-json\/wp\/v2\/pages\/6745\/revisions\/6777"}],"up":[{"embeddable":true,"href":"https:\/\/www.ecotopia.se\/sv\/wp-json\/wp\/v2\/pages\/555"}],"wp:attachment":[{"href":"https:\/\/www.ecotopia.se\/sv\/wp-json\/wp\/v2\/media?parent=6745"}],"curies":[{"name":"wp","href":"https:\/\/api.w.org\/{rel}","templated":true}]}}