{"id":6668,"date":"2016-12-30T08:21:33","date_gmt":"2016-12-30T07:21:33","guid":{"rendered":"https:\/\/www.ecotopia.se\/sv\/?page_id=6668"},"modified":"2017-02-20T09:51:51","modified_gmt":"2017-02-20T08:51:51","slug":"framtidscafe-sondagsbrunch_170219","status":"publish","type":"page","link":"https:\/\/www.ecotopia.se\/sv\/kalendarium-arkiv\/framtidscafe-sondagsbrunch_170219\/","title":{"rendered":"S\u00f6ndagsbrunch i februari"},"content":{"rendered":"<h4><img loading=\"lazy\" decoding=\"async\" class=\"alignnone size-full wp-image-4008\" src=\"https:\/\/www.ecotopia.se\/sv\/wp-content\/uploads\/2014\/12\/header_framtidscafe.jpg\" alt=\"header_framtidscafe\" width=\"600\" height=\"150\" \/><\/h4>\n<h4>Framtidscaf\u00e9 \u2013 S\u00f6ndagsbrunch med f\u00f6redrag och samtal<\/h4>\n<h4>Hoppet om framtiden<\/h4>\n<p>&nbsp;<\/p>\n<p><strong>Datum:<\/strong> S\u00f6ndag 19 februari 2017, kl 11-14<\/p>\n<p><strong>S\u00f6ndagsbrunchen b\u00f6rjar med att vi avnjuter vegetariskt, veganskt och rawfood fr\u00e5n g\u00e5rdens s\u00f6ndagsbuff\u00e9. S\u00e5 f\u00f6ljer en f\u00f6rel\u00e4sning till dagens tema av Ulrich Nitsch, professor i milj\u00f6kommunikation vid SLU. Sen f\u00f6ljer samtal vid borden och gemensamt.<\/strong><\/p>\n<p>Tema f\u00f6r s\u00f6ndagsbrunch om \u201dHoppet f\u00f6r framtiden\u201d tar upp fr\u00e5gor som:<\/p>\n<p>Vad k\u00e4nnetecknar v\u00e4rlden av idag? Hur kommer det sig att m\u00e5nga m\u00e4nniskor lockas att \u00f6verge f\u00f6rnuft och blunda f\u00f6r kunskap? Vilka v\u00e4gar kan vi se till fredlig samexistens med m\u00e4nniskor och natur? Var finns hopp att h\u00e4mta f\u00f6r en b\u00e4ttre v\u00e4rld? Hur finner vi energi f\u00f6r att verka f\u00f6r det goda?<\/p>\n<p><img loading=\"lazy\" decoding=\"async\" class=\"size-full wp-image-6336 alignright\" src=\"https:\/\/www.ecotopia.se\/sv\/wp-content\/uploads\/2016\/08\/ulrichnitsch2016.jpg\" alt=\"ulrichnitsch2016\" width=\"96\" height=\"128\" \/><strong>Moderator:<\/strong> Ulrich Nitsch har studerat lantbruksvetenskap vid SLU och vuxenpedagogik i USA. Som professor har han undervisat och forskat och om kommunikation och beslutsfattande. Han har ett djupt intresse f\u00f6r samh\u00e4lls- och milj\u00f6fr\u00e5gor och anser att dialog \u00e4r f\u00f6ruts\u00e4ttning f\u00f6r all h\u00e5llbar utveckling.<\/p>\n<p><strong>Typ av brunch:<\/strong> Buff\u00e9<br \/>\n<strong>N\u00e4r:<\/strong> S\u00f6ndag 19 februari kl 11-14<br \/>\n<strong>Pris:<\/strong> 175 kr inkl ekologisk cider, barn under 10 \u00e4ter gratis<br \/>\n<strong>Mer info:<\/strong> <a href=\"https:\/\/www.ecotopia.se\/sv\/kontakt\/\">Skriv till oss<\/a> eller ring 0703 330\u00a0814<\/p>\n","protected":false},"excerpt":{"rendered":"<p>Framtidscaf\u00e9 \u2013 S\u00f6ndagsbrunch med f\u00f6redrag och samtal Hoppet om framtiden &nbsp; Datum: S\u00f6ndag 19 februari 2017, kl 11-14 S\u00f6ndagsbrunchen b\u00f6rjar med att vi avnjuter vegetariskt, veganskt och rawfood fr\u00e5n g\u00e5rdens [&hellip;]<\/p>\n","protected":false},"author":2,"featured_media":0,"parent":555,"menu_order":0,"comment_status":"closed","ping_status":"closed","template":"","meta":{"_et_pb_use_builder":"","_et_pb_old_content":"","_et_gb_content_width":"","footnotes":""},"class_list":["post-6668","page","type-page","status-publish","hentry"],"_links":{"self":[{"href":"https:\/\/www.ecotopia.se\/sv\/wp-json\/wp\/v2\/pages\/6668","targetHints":{"allow":["GET"]}}],"collection":[{"href":"https:\/\/www.ecotopia.se\/sv\/wp-json\/wp\/v2\/pages"}],"about":[{"href":"https:\/\/www.ecotopia.se\/sv\/wp-json\/wp\/v2\/types\/page"}],"author":[{"embeddable":true,"href":"https:\/\/www.ecotopia.se\/sv\/wp-json\/wp\/v2\/users\/2"}],"replies":[{"embeddable":true,"href":"https:\/\/www.ecotopia.se\/sv\/wp-json\/wp\/v2\/comments?post=6668"}],"version-history":[{"count":19,"href":"https:\/\/www.ecotopia.se\/sv\/wp-json\/wp\/v2\/pages\/6668\/revisions"}],"predecessor-version":[{"id":7114,"href":"https:\/\/www.ecotopia.se\/sv\/wp-json\/wp\/v2\/pages\/6668\/revisions\/7114"}],"up":[{"embeddable":true,"href":"https:\/\/www.ecotopia.se\/sv\/wp-json\/wp\/v2\/pages\/555"}],"wp:attachment":[{"href":"https:\/\/www.ecotopia.se\/sv\/wp-json\/wp\/v2\/media?parent=6668"}],"curies":[{"name":"wp","href":"https:\/\/api.w.org\/{rel}","templated":true}]}}