{"id":6664,"date":"2016-12-30T08:12:23","date_gmt":"2016-12-30T07:12:23","guid":{"rendered":"https:\/\/www.ecotopia.se\/sv\/?page_id=6664"},"modified":"2017-02-27T15:59:26","modified_gmt":"2017-02-27T14:59:26","slug":"yogaklasser-8-ggr","status":"publish","type":"page","link":"https:\/\/www.ecotopia.se\/sv\/kalendarium-arkiv\/yogaklasser-8-ggr\/","title":{"rendered":"Yogaklasser"},"content":{"rendered":"<p><img loading=\"lazy\" decoding=\"async\" src=\"https:\/\/www.ecotopia.se\/sv\/wp-content\/uploads\/2016\/12\/yoga_header_23_2017.jpg\" alt=\"\" width=\"600\" height=\"200\" class=\"alignnone size-full wp-image-7084\" \/><\/p>\n<h2>Yoga fr\u00e5n hj\u00e4rtat (8 ggr)<\/h2>\n<h4>med Karolina Taflin<\/h4>\n<p><strong>Start:<\/strong> Onsdagen den 15 februari t.o.m. den 5 april kl 18.30-20.00<br \/>\n<strong>Prova p\u00e5:<\/strong> Onsdagen den 15 februari kl 18.30-20.00<\/p>\n<p>Dessa yogaklasser \u00e4r f\u00f6r dig som \u00e4r nyb\u00f6rjare, men du som har tidigare erfarenhet av yoga har m\u00f6jlighet att delta och d\u00e5 g\u00e5 in mer p\u00e5 djupet i \u00f6vningarna.<\/p>\n<p><strong>Yogaklasserna som Karolina Taflin undervisar i best\u00e5r av mjuka \u00f6vningar som syftar till att l\u00e5ta dig landa i din kropp och dig sj\u00e4lv. Fokus \u00e4r p\u00e5 andning, djupavslappning och att hitta ditt eget fl\u00f6de. Betoningen p\u00e5 att k\u00e4nna in var du sj\u00e4lv befinner dig, g\u00f6r att dina fysiska f\u00f6ruts\u00e4ttningar inte beh\u00f6ver begr\u00e4nsa dig, snarare ger klasserna dig olika upplevelser beroende p\u00e5 ditt utg\u00e5ngsl\u00e4ge.<\/strong><\/p>\n<p>Yogan l\u00e4rs ut p\u00e5 ett holistiskt och traditionellt s\u00e4tt med fokus p\u00e5 att integrera yogan i vardagen. Olika metoder f\u00f6r att m\u00f6ta olika delar av ens personlighet i form av kropp, sinne, tanke och k\u00e4nsla, f\u00f6r att m\u00f6ta det som finns bortom. Ordet yoga betyder enhet och syftar p\u00e5 ett tillst\u00e5nd d\u00e4r man \u00e4r i kontakt med sig sj\u00e4lv p\u00e5 ett djupare plan. D\u00e4rmed \u00e4r yoga n\u00e5got som kan praktiseras hela dagen i allt man g\u00f6r. M\u00f6jligheterna \u00e4r o\u00e4ndliga!<br \/>\n<strong><img loading=\"lazy\" decoding=\"async\" class=\"alignright wp-image-6426\" src=\"https:\/\/www.ecotopia.se\/sv\/wp-content\/uploads\/2016\/08\/IMG_0054_yoga_2016.jpg\" alt=\"IMG_0054_yoga_2016\" width=\"150\" height=\"200\" \/><\/strong><\/p>\n<p><strong>Karolina Taflin <\/strong>\u00e4r socionom och arbetar som kurator med rehabilitering inom Region Sk\u00e5ne. Hon en klassisk yogal\u00e4rare som har f\u00e5tt namnet Karunamayi. Efter m\u00e5nga \u00e5rs s\u00f6kande kom hon f\u00f6r sju \u00e5r sedan i kontakt med en Swami, som introducerade henne i den holistiska yogatradition som hon nu undervisar utifr\u00e5n. Efter detta m\u00f6te har hon spenderat st\u00f6rre delen av tiden p\u00e5 ashram (en plats f\u00f6r inre arbete\u00a0med en sj\u00e4lv och yttre arbete f\u00f6r andra), f\u00f6rst p\u00e5 Nya Zeeland och sedan i Indien, samt yogic studies\u00a0i Australien. Med sin bakgrund som socionom tilltalades hon av ett inkluderande f\u00f6rh\u00e5llningss\u00e4tt med betoning p\u00e5 att \u00e4ven leva yogan i handling genom att t.ex. st\u00f6tta lokalbefolkningens behov av hus, mat och utbildning.<\/p>\n<p><strong>Plats:<\/strong> Ecotopia p\u00e5 \u00d6sterlen<br \/>\n<strong>Pris 8 kv\u00e4llar (onsdagar)<\/strong><strong> inkl. 25% moms:<\/strong> 990:-<br \/>\n<strong>Prova p\u00e5 den 15 februari<\/strong>: 115:-<\/p>\n","protected":false},"excerpt":{"rendered":"<p>Yoga fr\u00e5n hj\u00e4rtat (8 ggr) med Karolina Taflin Start: Onsdagen den 15 februari t.o.m. den 5 april kl 18.30-20.00 Prova p\u00e5: Onsdagen den 15 februari kl 18.30-20.00 Dessa yogaklasser \u00e4r [&hellip;]<\/p>\n","protected":false},"author":2,"featured_media":0,"parent":555,"menu_order":0,"comment_status":"closed","ping_status":"closed","template":"","meta":{"_et_pb_use_builder":"","_et_pb_old_content":"","_et_gb_content_width":"","footnotes":""},"class_list":["post-6664","page","type-page","status-publish","hentry"],"_links":{"self":[{"href":"https:\/\/www.ecotopia.se\/sv\/wp-json\/wp\/v2\/pages\/6664","targetHints":{"allow":["GET"]}}],"collection":[{"href":"https:\/\/www.ecotopia.se\/sv\/wp-json\/wp\/v2\/pages"}],"about":[{"href":"https:\/\/www.ecotopia.se\/sv\/wp-json\/wp\/v2\/types\/page"}],"author":[{"embeddable":true,"href":"https:\/\/www.ecotopia.se\/sv\/wp-json\/wp\/v2\/users\/2"}],"replies":[{"embeddable":true,"href":"https:\/\/www.ecotopia.se\/sv\/wp-json\/wp\/v2\/comments?post=6664"}],"version-history":[{"count":20,"href":"https:\/\/www.ecotopia.se\/sv\/wp-json\/wp\/v2\/pages\/6664\/revisions"}],"predecessor-version":[{"id":7128,"href":"https:\/\/www.ecotopia.se\/sv\/wp-json\/wp\/v2\/pages\/6664\/revisions\/7128"}],"up":[{"embeddable":true,"href":"https:\/\/www.ecotopia.se\/sv\/wp-json\/wp\/v2\/pages\/555"}],"wp:attachment":[{"href":"https:\/\/www.ecotopia.se\/sv\/wp-json\/wp\/v2\/media?parent=6664"}],"curies":[{"name":"wp","href":"https:\/\/api.w.org\/{rel}","templated":true}]}}