{"id":6489,"date":"2016-10-03T10:36:40","date_gmt":"2016-10-03T09:36:40","guid":{"rendered":"https:\/\/www.ecotopia.se\/sv\/?page_id=6489"},"modified":"2016-12-20T14:21:35","modified_gmt":"2016-12-20T13:21:35","slug":"julbord_2016","status":"publish","type":"page","link":"https:\/\/www.ecotopia.se\/sv\/kalendarium-arkiv\/julbord_2016\/","title":{"rendered":"Vegetariskt julbord p\u00e5 Ecotopia"},"content":{"rendered":"<h3><span style=\"color: #339966;\">Vegetariskt julbord \u2013 en smakrikt och doftande \u00f6gonfr\u00f6jd!<\/span><\/h3>\n<p><img loading=\"lazy\" decoding=\"async\" class=\"alignnone size-full wp-image-6502\" src=\"https:\/\/www.ecotopia.se\/sv\/wp-content\/uploads\/2016\/10\/collage_julbord_2016.jpg\" alt=\"collage_julbord_2016\" width=\"600\" height=\"200\" \/><\/p>\n<h4><span style=\"color: #339966;\">&#8230;med eller utan \u00f6vernattning i ekostuga<\/span><\/h4>\n<p><strong>Datum:<\/strong>\u00a0Fredag 2 eller 9 december 2016<\/p>\n<p>Njut av och l\u00e5t er inspireras av vegetarisk, vegansk och raw julmat.<\/p>\n<p>Med detta julbord vill vi sl\u00e5 ett vingslag bort fr\u00e5n det traditionella och till det sunda och n\u00e4ringsrika julbordet. K\u00f6tt och s\u00f6ta kakor kan l\u00e4tt ers\u00e4ttas av gr\u00f6nsaker och rawfoodkakor. Vi dukar upp ett julbord med doftande och smakrik vegetarisk julmat. R\u00e5varorna \u00e4r ekologiska och m\u00e5nga av dem har sk\u00f6rdats p\u00e5 g\u00e5rden. Rotfrukterna har vi h\u00e4mtat i jordk\u00e4llaren.<\/p>\n<p>Till denna julmat erbjuder vi cider fr\u00e5n Frankrike och lyxigt alkoholfritt vin fr\u00e5n Tyskland, Spanien och Portugal. Gl\u00f6gg och franskt bubbel finns naturligtvis ocks\u00e5 med bland de alkoholfria dryckerna liksom g\u00e5rdens \u00e4ppelmust och fl\u00e4dersaft.<\/p>\n<p>F\u00f6rutom middag bjuder vi p\u00e5 \u00f6verraskningar varf\u00f6r vi f\u00f6resl\u00e5r bekv\u00e4ma skor och varma kl\u00e4der f\u00f6r de korta stunder vi \u00e4r utomhus&#8230;<\/p>\n<p>H\u00e4r kan ni l\u00e4sa mer om v\u00e5rt<a href=\"https:\/\/www.ecotopia.se\/sv\/upptack-ecotopia\/ekoboende\/\"> boende i ekostugor<\/a><\/p>\n<p>Har ni fr\u00e5gor eller planerar att komma i grupp ber vi er kontakta oss p\u00e5 telefon 0703 330\u00a0814 eller via <a href=\"https:\/\/www.ecotopia.se\/sv\/kontakt\/\">v\u00e5r kontaktsida<\/a>.<\/p>\n<p>V\u00e4lkommen att boka!<\/p>\n<p><strong>Tid:<\/strong> Fredag 2 eller 9 december 2016 kl 18.30<br \/>\n<strong>Pris utan boende:<\/strong> 369\/pers (inkl moms)<br \/>\n<strong>Pris med boende i ekostuga fredag-l\u00f6rdag:<\/strong> 569\/pers (inkl moms)<br \/>\n<strong>F\u00f6r mer information:<\/strong>\u00a0<a href=\"https:\/\/www.ecotopia.se\/sv\/kontakt\/\">skriv till\u00a0oss<\/a>\u00a0eller\u00a0ring 0703 330\u00a0814<\/p>\n<table style=\"background-color: #ffe1ac;\" border=\"0\" width=\"100%\">\n<tbody>\n<tr>\n<td valign=\"top\"><\/td>\n<td valign=\"top\">\n<h3><span style=\"color: #808000;\">Bokning<\/span><\/h3>\n<p><\/td>\n<td valign=\"top\"><\/td>\n<\/tr>\n<tr>\n<td valign=\"top\">*<\/td>\n<td valign=\"top\">Obligatoriska f\u00e4lt<\/td>\n<td valign=\"top\"><\/td>\n<\/tr>\n<\/tbody>\n<\/table>\n","protected":false},"excerpt":{"rendered":"<p>Vegetariskt julbord \u2013 en smakrikt och doftande \u00f6gonfr\u00f6jd! &#8230;med eller utan \u00f6vernattning i ekostuga Datum:\u00a0Fredag 2 eller 9 december 2016 Njut av och l\u00e5t er inspireras av vegetarisk, vegansk och [&hellip;]<\/p>\n","protected":false},"author":2,"featured_media":0,"parent":555,"menu_order":0,"comment_status":"closed","ping_status":"closed","template":"","meta":{"_et_pb_use_builder":"","_et_pb_old_content":"","_et_gb_content_width":"","footnotes":""},"class_list":["post-6489","page","type-page","status-publish","hentry"],"_links":{"self":[{"href":"https:\/\/www.ecotopia.se\/sv\/wp-json\/wp\/v2\/pages\/6489","targetHints":{"allow":["GET"]}}],"collection":[{"href":"https:\/\/www.ecotopia.se\/sv\/wp-json\/wp\/v2\/pages"}],"about":[{"href":"https:\/\/www.ecotopia.se\/sv\/wp-json\/wp\/v2\/types\/page"}],"author":[{"embeddable":true,"href":"https:\/\/www.ecotopia.se\/sv\/wp-json\/wp\/v2\/users\/2"}],"replies":[{"embeddable":true,"href":"https:\/\/www.ecotopia.se\/sv\/wp-json\/wp\/v2\/comments?post=6489"}],"version-history":[{"count":15,"href":"https:\/\/www.ecotopia.se\/sv\/wp-json\/wp\/v2\/pages\/6489\/revisions"}],"predecessor-version":[{"id":6583,"href":"https:\/\/www.ecotopia.se\/sv\/wp-json\/wp\/v2\/pages\/6489\/revisions\/6583"}],"up":[{"embeddable":true,"href":"https:\/\/www.ecotopia.se\/sv\/wp-json\/wp\/v2\/pages\/555"}],"wp:attachment":[{"href":"https:\/\/www.ecotopia.se\/sv\/wp-json\/wp\/v2\/media?parent=6489"}],"curies":[{"name":"wp","href":"https:\/\/api.w.org\/{rel}","templated":true}]}}