{"id":6331,"date":"2016-08-19T09:07:53","date_gmt":"2016-08-19T08:07:53","guid":{"rendered":"https:\/\/www.ecotopia.se\/sv\/?page_id=6331"},"modified":"2016-10-03T09:56:46","modified_gmt":"2016-10-03T08:56:46","slug":"framtidscafe-sondagsbrunch","status":"publish","type":"page","link":"https:\/\/www.ecotopia.se\/sv\/kalendarium-arkiv\/framtidscafe-sondagsbrunch\/","title":{"rendered":"Framtidscaf\u00e9 \u2013 S\u00f6ndagsbrunch"},"content":{"rendered":"<h4><img loading=\"lazy\" decoding=\"async\" class=\"alignnone size-full wp-image-4008\" src=\"https:\/\/www.ecotopia.se\/sv\/wp-content\/uploads\/2014\/12\/header_framtidscafe.jpg\" alt=\"header_framtidscafe\" width=\"600\" height=\"150\" \/><\/h4>\n<h4>S\u00f6ndagsbrunch \u201dHoppet om framtiden\u201d<br \/>\nmed kort f\u00f6redrag och samtal<\/h4>\n<p><strong>Datum:<\/strong>\u00a0S\u00f6ndag 2 oktober 2016<\/p>\n<p>Under h\u00f6sten bjuder Ecotopia p\u00e5 \u00d6sterlen in till s\u00f6ndagsbrunch den 2 och 30 oktober.<\/p>\n<p><strong>Varje s\u00f6ndagsbrunch inleds med ett kort f\u00f6redrag om dagens tema av Ulrich Nitsch, professor i milj\u00f6kommunikation vid SLU. Sedan \u00e4r det fritt fram att samtala och diskutera samtidigt som man avnjuter vegetariskt, veganskt och rawfood fr\u00e5n g\u00e5rdens s\u00f6ndagsbuff\u00e9.<br \/>\n<\/strong><\/p>\n<p>Tema f\u00f6r denna s\u00f6ndagsbrunch \u00e4r Hoppet om framtiden med fr\u00e5gor som:<\/p>\n<p>Var kan vi hitta hopp f\u00f6r fredlig samexistens m\u00e4nniskor emellan och mellan m\u00e4nniska och natur? Varf\u00f6r \u00e4r det som tycks s\u00e5 sj\u00e4lvklart \u00f6nskv\u00e4rt s\u00e5 sv\u00e5rt att f\u00f6rverkliga? Vad finns att h\u00e4mta fr\u00e5n teknikutveckling, utbildning, h\u00e5llbar ekonomi och olika samverkansformer? Och hur kan vi f\u00f6rst\u00e4rka m\u00e4nniskans f\u00f6rm\u00e5ga till medk\u00e4nsla och reflektion?<\/p>\n<p><img loading=\"lazy\" decoding=\"async\" class=\"size-full wp-image-6336 alignright\" src=\"https:\/\/www.ecotopia.se\/sv\/wp-content\/uploads\/2016\/08\/ulrichnitsch2016.jpg\" alt=\"ulrichnitsch2016\" width=\"96\" height=\"128\" \/><strong>Moderator:<\/strong>\u00a0Ulrich Nitsch, professor emeritus i informationsl\u00e4ra och agronom har l\u00e4nge undervisat och forskat om kommunikation och beslutsprocesser i fr\u00e5gor om milj\u00f6 och lantbruk vid SLU. Ulrich \u00e4r uppvuxen med lantbruk och alltid har arbetat med fr\u00e5gor om lantbruk, milj\u00f6 och samh\u00e4lle. Han anser att dialog \u00e4r f\u00f6ruts\u00e4ttning f\u00f6r all h\u00e5llbar utveckling.<\/p>\n<p><strong>Typ av brunch:<\/strong> Buff\u00e9<br \/>\n<strong>N\u00e4r:<\/strong> S\u00f6ndag 2 oktober kl 11-14<br \/>\n<strong>Pris:<\/strong> 150 kr, barn under 10 \u00e4ter gratis<br \/>\n<strong>Mer info:<\/strong> Skriv till eller ring 0703 330\u00a0814<\/p>\n","protected":false},"excerpt":{"rendered":"<p>S\u00f6ndagsbrunch \u201dHoppet om framtiden\u201d med kort f\u00f6redrag och samtal Datum:\u00a0S\u00f6ndag 2 oktober 2016 Under h\u00f6sten bjuder Ecotopia p\u00e5 \u00d6sterlen in till s\u00f6ndagsbrunch den 2 och 30 oktober. Varje s\u00f6ndagsbrunch inleds [&hellip;]<\/p>\n","protected":false},"author":2,"featured_media":0,"parent":555,"menu_order":0,"comment_status":"closed","ping_status":"closed","template":"","meta":{"_et_pb_use_builder":"","_et_pb_old_content":"","_et_gb_content_width":"","footnotes":""},"class_list":["post-6331","page","type-page","status-publish","hentry"],"_links":{"self":[{"href":"https:\/\/www.ecotopia.se\/sv\/wp-json\/wp\/v2\/pages\/6331","targetHints":{"allow":["GET"]}}],"collection":[{"href":"https:\/\/www.ecotopia.se\/sv\/wp-json\/wp\/v2\/pages"}],"about":[{"href":"https:\/\/www.ecotopia.se\/sv\/wp-json\/wp\/v2\/types\/page"}],"author":[{"embeddable":true,"href":"https:\/\/www.ecotopia.se\/sv\/wp-json\/wp\/v2\/users\/2"}],"replies":[{"embeddable":true,"href":"https:\/\/www.ecotopia.se\/sv\/wp-json\/wp\/v2\/comments?post=6331"}],"version-history":[{"count":11,"href":"https:\/\/www.ecotopia.se\/sv\/wp-json\/wp\/v2\/pages\/6331\/revisions"}],"predecessor-version":[{"id":6475,"href":"https:\/\/www.ecotopia.se\/sv\/wp-json\/wp\/v2\/pages\/6331\/revisions\/6475"}],"up":[{"embeddable":true,"href":"https:\/\/www.ecotopia.se\/sv\/wp-json\/wp\/v2\/pages\/555"}],"wp:attachment":[{"href":"https:\/\/www.ecotopia.se\/sv\/wp-json\/wp\/v2\/media?parent=6331"}],"curies":[{"name":"wp","href":"https:\/\/api.w.org\/{rel}","templated":true}]}}