{"id":6038,"date":"2016-05-18T09:23:49","date_gmt":"2016-05-18T08:23:49","guid":{"rendered":"https:\/\/www.ecotopia.se\/sv\/?page_id=6038"},"modified":"2016-08-18T09:02:29","modified_gmt":"2016-08-18T08:02:29","slug":"akvarellkurs","status":"publish","type":"page","link":"https:\/\/www.ecotopia.se\/sv\/kalendarium-arkiv\/akvarellkurs\/","title":{"rendered":"Kurs &#8211; Akvarellm\u00e5lning"},"content":{"rendered":"<p><img loading=\"lazy\" decoding=\"async\" src=\"https:\/\/www.ecotopia.se\/sv\/wp-content\/uploads\/2016\/05\/collage_akvarellkurs2016_1.jpg\" alt=\"collage_akvarellkurs2016_1\" width=\"600\" height=\"200\" class=\"alignnone size-full wp-image-6063\" \/><\/p>\n<h2>Akvarellworkshop i sk\u00f6rdetid<\/h2>\n<p><strong>Datum:<\/strong>\u00a08-10 augusti 2016<\/p>\n<p>V\u00e4lkommen till en f\u00e4rgrik workshop i akvarell: experiment och \u00f6vningar med kul\u00f6rer, kul\u00f6rblandning, pigment, bindemedel och f\u00e4rgteori.<\/p>\n<p>P\u00e5 morgnarna: genomg\u00e5ng och presentation av dagens \u00f6vningar. En motivm\u00e4ssig inspiration finner vi i g\u00e5rdens gr\u00f6nsakssk\u00f6rd. Fram till lunch arbetar vi med uppgifterna och p\u00e5 eftermiddagen forts\u00e4tter vi efter en kort genomg\u00e5ng eller jobbar utifr\u00e5n egna bilder. Vi avslutar med att gemensamt titta p\u00e5 dagens uppgifter. Lokal kommer att vara Ecotopias framtidsverkstad och utomhus.<\/p>\n<p>Kursen v\u00e4nder sig till dig som vill m\u00e5la med akvarellf\u00e4rger. Du undervisas b\u00e5de individuellt och i grupp.<\/p>\n<p>En del material f\u00f6r att kunna genomf\u00f6ra morgonens \u00f6vningar kommer att ing\u00e5, som gummi arabicum, pigment, papper mm. Skivor att montera underlag p\u00e5 tillhandah\u00e5lls. Det erbjuds m\u00f6jlighet att k\u00f6pa papper och visst f\u00e4rgmaterial.<\/p>\n<p>V\u00e4l m\u00f6tt!<\/p>\n<p><img loading=\"lazy\" decoding=\"async\" src=\"https:\/\/www.ecotopia.se\/sv\/wp-content\/uploads\/2016\/05\/collage_akvarellkurs2016_2.jpg\" alt=\"collage_akvarellkurs2016_2\" width=\"600\" height=\"200\" class=\"alignnone size-full wp-image-6064\" \/><\/p>\n<p><strong>Kursledare:\u00a0Maria Attstr\u00f6m, <\/strong>har under tio \u00e5r undervisat i akvarell, teckning och skulptur efter modell p\u00e5 Folkuniversitet i Lund, samt haft sommarkurser i akvarell. Utbildad inom konst och med egen firma som arbetar med traditionella och milj\u00f6v\u00e4nliga f\u00e4rger b\u00e5de konstn\u00e4rligt och inom byggnadsm\u00e5leri.<\/p>\n<p><strong>Datum: <\/strong>M\u00e5ndag &#8211; onsdag 8-10 augusti 2016<\/p>\n<p><strong>Tid:<\/strong>\u00a0M\u00e5n 10-17, tis 9-17 och ons 9.00-15<\/p>\n<p><strong>Kurskostnader (inkl 25% moms) per person inkl. vegetariska m\u00e5ltider och fika<\/strong>:<\/p>\n<p>A. Utan boende 1500:-<br \/>\nB. Med boende i eget t\u00e4lt p\u00e5 Ecotopia 1550:-<br \/>\nC. Med boende i ekostuga\/dubbelrum med servicehus 1800:-<br \/>\nD. Med boende i ekostuga\/gruppboende (max 4 pers) med eget k\u00f6k, wc o dusch 1900:-<\/p>\n<p><strong>Begr\u00e4nsat antal deltagare<\/strong><\/p>\n<p><strong>F\u00f6rkunskaper:<\/strong> Viss erfarenhet av bildskapande, akvarell eller vattentekniker.<\/p>\n<p><strong>Plats:<\/strong> Ecotopia p\u00e5 \u00d6sterlen<\/p>\n<p><strong>Sista anm\u00e4lningsdag:<\/strong>\u00a029 juli 2016<\/p>\n<p><strong>F\u00f6r mer information:<\/strong> <a href=\"https:\/\/www.ecotopia.se\/sv\/kontakt\/\">Kontakta oss h\u00e4r<\/a> eller ring 0417-23034. Vill du veta mer om kursen f\u00e5r du g\u00e4rna ringa till Maria p\u00e5 0769 \u2013 46 33 60 eller maila till <a title=\"m.attstroem@gmail.com\" href=\"mailto:m.attstroem@gmail.com\" target=\"_blank\">m.attstroem@gmail.com<\/a>. Mer info om Maria Attstr\u00f6ms f\u00f6retag hittar du p\u00e5 <a href=\"http:\/\/www.attstrom.se\" target=\"_blank\">www.econyans.se<\/a>.<\/p>\n","protected":false},"excerpt":{"rendered":"<p>Akvarellworkshop i sk\u00f6rdetid Datum:\u00a08-10 augusti 2016 V\u00e4lkommen till en f\u00e4rgrik workshop i akvarell: experiment och \u00f6vningar med kul\u00f6rer, kul\u00f6rblandning, pigment, bindemedel och f\u00e4rgteori. P\u00e5 morgnarna: genomg\u00e5ng och presentation av dagens [&hellip;]<\/p>\n","protected":false},"author":3,"featured_media":0,"parent":555,"menu_order":0,"comment_status":"closed","ping_status":"closed","template":"","meta":{"_et_pb_use_builder":"","_et_pb_old_content":"","_et_gb_content_width":"","footnotes":""},"class_list":["post-6038","page","type-page","status-publish","hentry"],"_links":{"self":[{"href":"https:\/\/www.ecotopia.se\/sv\/wp-json\/wp\/v2\/pages\/6038","targetHints":{"allow":["GET"]}}],"collection":[{"href":"https:\/\/www.ecotopia.se\/sv\/wp-json\/wp\/v2\/pages"}],"about":[{"href":"https:\/\/www.ecotopia.se\/sv\/wp-json\/wp\/v2\/types\/page"}],"author":[{"embeddable":true,"href":"https:\/\/www.ecotopia.se\/sv\/wp-json\/wp\/v2\/users\/3"}],"replies":[{"embeddable":true,"href":"https:\/\/www.ecotopia.se\/sv\/wp-json\/wp\/v2\/comments?post=6038"}],"version-history":[{"count":11,"href":"https:\/\/www.ecotopia.se\/sv\/wp-json\/wp\/v2\/pages\/6038\/revisions"}],"predecessor-version":[{"id":6328,"href":"https:\/\/www.ecotopia.se\/sv\/wp-json\/wp\/v2\/pages\/6038\/revisions\/6328"}],"up":[{"embeddable":true,"href":"https:\/\/www.ecotopia.se\/sv\/wp-json\/wp\/v2\/pages\/555"}],"wp:attachment":[{"href":"https:\/\/www.ecotopia.se\/sv\/wp-json\/wp\/v2\/media?parent=6038"}],"curies":[{"name":"wp","href":"https:\/\/api.w.org\/{rel}","templated":true}]}}