{"id":5277,"date":"2015-12-08T07:15:16","date_gmt":"2015-12-08T06:15:16","guid":{"rendered":"https:\/\/www.ecotopia.se\/sv\/?page_id=5277"},"modified":"2016-09-28T08:49:17","modified_gmt":"2016-09-28T07:49:17","slug":"2016_kurs-ekologisk-odling-permakultur-i-praktiken2","status":"publish","type":"page","link":"https:\/\/www.ecotopia.se\/sv\/kalendarium-arkiv\/2016_kurs-ekologisk-odling-permakultur-i-praktiken2\/","title":{"rendered":"Kurs &#8211; Ekologisk odling &#038; permakultur i praktiken"},"content":{"rendered":"<h2>F\u00f6rberedelser inf\u00f6r vintern<\/h2>\n<p><img loading=\"lazy\" decoding=\"async\" class=\"alignright size-full wp-image-4089\" src=\"https:\/\/www.ecotopia.se\/sv\/wp-content\/uploads\/2014\/12\/header_web.jpg\" alt=\"header_web\" width=\"600\" height=\"150\" \/><\/p>\n<h2>Det viktigaste i odlingen \u00e4r jorden<\/h2>\n<p><strong>Datum:<\/strong> L\u00f6rdagen den 17 september 2016<\/p>\n<p><strong>Efter sk\u00f6rden m\u00e5ste vi f\u00f6rbereda jorden inf\u00f6r vintern. Det viktigaste i odlingen \u00e4r jorden. S\u00e5dan jord s\u00e5dan v\u00e4xtkraft och sk\u00f6rd n\u00e4sta \u00e5r!\u00a0<\/strong><\/p>\n<p>Alla jordar kan bli b\u00f6rdiga. Fr\u00e5gan \u00e4r bara hur vi brukar, bygger upp och tar hand om jorden och dess n\u00e4rings\u00e4mnen. Detta avg\u00f6r kvaliteten p\u00e5 sk\u00f6rden. Hur underligt det \u00e4n kan l\u00e5ta, s\u00e5 \u00e4r v\u00e5r h\u00e4lsa beroende av kvaliteten hos den jord d\u00e4r v\u00e5r mat v\u00e4xer, eftersom den ursprungliga k\u00e4llan till v\u00e5r n\u00e4ring kommer fr\u00e5n jorden, inte fr\u00e5n v\u00e4xterna. Frisk jord ger oss friska plantor och en n\u00e4ringsrik sk\u00f6rd n\u00e4sta \u00e5r.<\/p>\n<p>I denna kurs \u00e4r vi oss hur man f\u00f6rbereder tr\u00e4dg\u00e5rdslandet inf\u00f6r vintern. Vi kommer att f\u00f6rst\u00e5 varf\u00f6r organiskt material och livet i jorden \u00e4r s\u00e5 viktigt och varf\u00f6r vi m\u00e5ste ta hand om det. Om alla organismer som lever d\u00e4r, vad dom \u00e4ter och hur dom upplever h\u00f6st och vinter. Du f\u00e5r l\u00e4ra dig vad jordens n\u00e4rings\u00e4mnen och organismerna beh\u00f6ver f\u00f6r att \u00f6vervintra. Principerna kring gr\u00f6ng\u00f6dslingen och hur man bygger en vanlig och en l\u00f6vkompost. Om permakulturens t\u00e4ckodling f\u00f6r att h\u00e5lla jorden fuktig, f\u00f6r\u00f6ka daggmaskarna, f\u00f6rse jorden med n\u00e4ring och reducera ogr\u00e4set. Vi kommer att praktisera \u201dGr\u00e4v-inte\u201d metoden. F\u00f6rutom praktisk erfarenhetskunskap kommer vi att diskutera jordar och organiskt v\u00e4xande.<\/p>\n<p>Ett viktigt m\u00e5l f\u00f6r denna kurs \u00e4r att varje deltagare tar med sig kunskap hem som de kan anv\u00e4nda i den egna t\u00e4ppan, p\u00e5 kolonilotten eller i gr\u00f6nsaksodlingen.<\/p>\n<p>Kunskapsintaget sker b\u00e5de genom undervisning, diskussioner utifr\u00e5n praktiska exempel och praktiska \u00f6vningar.<\/p>\n<p>Dagens vegetariska lunch tillagas p\u00e5 nysk\u00f6rdat fr\u00e5n g\u00e5rden.<\/p>\n<p><img loading=\"lazy\" decoding=\"async\" class=\"alignright size-full wp-image-4090\" src=\"https:\/\/www.ecotopia.se\/sv\/wp-content\/uploads\/2014\/12\/holger_web.jpg\" alt=\"holger_web\" width=\"150\" height=\"196\" \/><strong>Kursledare:<\/strong> Holger Kahl \u00e4r biolog och har studerat organisk odling i Tyskland och U.S.A. Han har undervisat i organisk tr\u00e4dg\u00e5rdsodling p\u00e5 universitetsniv\u00e5 och har bl.a. varit delaktig i uppbyggnaden av en fr\u00f6bank i Nya Zealand.\u00a0Med sin stora erfarenhet av odling, kunskapsf\u00f6rmedling och r\u00e5dgivning har han varit delaktig i ett stort antal projekt, \u00e4ven permakulturprojekt, v\u00e4rlden \u00f6ver. Numera arbetar Holger i Ghana och Tajikistan n\u00e4r han inte \u00e4r hemma med Sabine i deras lerhusbygge i ekobyn Baskem\u00f6lla. Holger \u00e4r aktiv i omst\u00e4llningsprojektet Gemenskapsodling &amp; Fr\u00f6grupp som initierats av Ecotopia i samverkan med Omst\u00e4llning \u00d6sterlen.<\/p>\n<p><em>\u201dProffsig kurs p\u00e5 alla s\u00e4tt och vis: undervisning, diskussioner, praktik och mat. Rekommenderar kursen varmt till alla jag k\u00e4nner. Jag har f\u00e5tt en annan f\u00f6rst\u00e5else f\u00f6r naturen och naturlig odling\u201d Irene O<\/em><\/p>\n<p><strong>N\u00e4r:<\/strong> L\u00f6rdag 17 september 2016, kl 10\u201415.30<br \/>\n<strong>Plats:<\/strong>\u00a0Ecotopia\u2028 p\u00e5 \u00d6sterlen<br \/>\n<strong>Spr\u00e5k:<\/strong> Engelska och svenska<br \/>\n<strong>Kurskostnad (inkl. 25% moms) inkl. vegetarisk lunch och fika:<\/strong>\u00a0650:-<br \/>\n<strong>Sista anm\u00e4lningsdag:<\/strong>\u00a07 september 2016<br \/>\n<strong>F\u00f6r mer information:<\/strong> <a href=\"https:\/\/www.ecotopia.se\/sv\/kontakt\/\">Kontakta oss h\u00e4r<\/a> eller ring 0417-23034<\/p>\n","protected":false},"excerpt":{"rendered":"<p>F\u00f6rberedelser inf\u00f6r vintern Det viktigaste i odlingen \u00e4r jorden Datum: L\u00f6rdagen den 17 september 2016 Efter sk\u00f6rden m\u00e5ste vi f\u00f6rbereda jorden inf\u00f6r vintern. Det viktigaste i odlingen \u00e4r jorden. S\u00e5dan [&hellip;]<\/p>\n","protected":false},"author":3,"featured_media":0,"parent":555,"menu_order":0,"comment_status":"open","ping_status":"closed","template":"","meta":{"_et_pb_use_builder":"","_et_pb_old_content":"","_et_gb_content_width":"","footnotes":""},"class_list":["post-5277","page","type-page","status-publish","hentry"],"_links":{"self":[{"href":"https:\/\/www.ecotopia.se\/sv\/wp-json\/wp\/v2\/pages\/5277","targetHints":{"allow":["GET"]}}],"collection":[{"href":"https:\/\/www.ecotopia.se\/sv\/wp-json\/wp\/v2\/pages"}],"about":[{"href":"https:\/\/www.ecotopia.se\/sv\/wp-json\/wp\/v2\/types\/page"}],"author":[{"embeddable":true,"href":"https:\/\/www.ecotopia.se\/sv\/wp-json\/wp\/v2\/users\/3"}],"replies":[{"embeddable":true,"href":"https:\/\/www.ecotopia.se\/sv\/wp-json\/wp\/v2\/comments?post=5277"}],"version-history":[{"count":14,"href":"https:\/\/www.ecotopia.se\/sv\/wp-json\/wp\/v2\/pages\/5277\/revisions"}],"predecessor-version":[{"id":6457,"href":"https:\/\/www.ecotopia.se\/sv\/wp-json\/wp\/v2\/pages\/5277\/revisions\/6457"}],"up":[{"embeddable":true,"href":"https:\/\/www.ecotopia.se\/sv\/wp-json\/wp\/v2\/pages\/555"}],"wp:attachment":[{"href":"https:\/\/www.ecotopia.se\/sv\/wp-json\/wp\/v2\/media?parent=5277"}],"curies":[{"name":"wp","href":"https:\/\/api.w.org\/{rel}","templated":true}]}}