{"id":5267,"date":"2015-12-08T06:59:33","date_gmt":"2015-12-08T05:59:33","guid":{"rendered":"https:\/\/www.ecotopia.se\/sv\/?page_id=5267"},"modified":"2016-07-20T09:37:08","modified_gmt":"2016-07-20T08:37:08","slug":"2016_kurs-ekologisk-odling-permakultur-i-praktiken","status":"publish","type":"page","link":"https:\/\/www.ecotopia.se\/sv\/kalendarium-arkiv\/2016_kurs-ekologisk-odling-permakultur-i-praktiken\/","title":{"rendered":"Kurs &#8211; Ekologisk odling i praktiken (1)"},"content":{"rendered":"<h2>Ekologisk sjukdoms- och skadedjurshantering &amp; bevattning<\/h2>\n<p><img loading=\"lazy\" decoding=\"async\" src=\"https:\/\/www.ecotopia.se\/sv\/wp-content\/uploads\/2015\/12\/collageheaderekologiskodling2016.jpg\" alt=\"collageheaderekologiskodling2016\" width=\"600\" height=\"200\" class=\"alignnone size-full wp-image-6129\" \/><\/p>\n<p><strong>Datum:<\/strong> L\u00f6rdagen den 16 juli 2016<\/p>\n<p>Nu \u00e4r det sommar. En tid d\u00e5 m\u00e5nga andra organismer ocks\u00e5 \u00e4r intresserade av plantorna i odlingen. Vi brukar tala om skadeinsekter och plantsjukdomar.<\/p>\n<p>Denna kurs handlar b\u00e5de teoretiskt och praktiskt om hur vi p\u00e5 ett ekologiskt s\u00e4tt kan hantera skadeinsekter och plantsjukdomar som finns i regionen.<\/p>\n<p>Dessutom handlar kursen om bevattning. Hur bevattnar man riktigt? N\u00e4r och hur mycket? Vatten utg\u00f6r en sinande resurs. Vi diskuterar olika l\u00f6sningar med fokus p\u00e5 en ansvarsfull vattenhantering och l\u00e4r oss inneb\u00f6rden av en ansvarsfull vattenhantering utifr\u00e5n sambandet mellan v\u00e4xter, djur och vatten som resurs.<\/p>\n<p>Kunskapsintaget sker b\u00e5de genom undervisning, diskussioner utifr\u00e5n praktiska exempel och praktiska \u00f6vningar.<\/p>\n<p>Dagens vegetariska lunch tillagas p\u00e5 nysk\u00f6rdat fr\u00e5n g\u00e5rden.<\/p>\n<p><img loading=\"lazy\" decoding=\"async\" class=\"alignright size-full wp-image-4090\" src=\"https:\/\/www.ecotopia.se\/sv\/wp-content\/uploads\/2014\/12\/holger_web.jpg\" alt=\"holger_web\" width=\"150\" height=\"196\" \/><strong>Kursledare: Holger Kahl<\/strong> \u00e4r biolog och har studerat organisk odling i Tyskland och U.S.A. Han har undervisat i organisk tr\u00e4dg\u00e5rdsodling p\u00e5 universitetsniv\u00e5 och har bl.a. varit delaktig i uppbyggnaden av en fr\u00f6bank i Nya Zealand.\u00a0Med sin stora erfarenhet av odling, kunskapsf\u00f6rmedling och r\u00e5dgivning har han varit delaktig i ett stort antal projekt, \u00e4ven permakulturprojekt, v\u00e4rlden \u00f6ver. Numera arbetar Holger i Ghana och Tajikistan n\u00e4r han inte \u00e4r hemma med Sabine i deras lerhusbygge i ekobyn Baskem\u00f6lla. Holger \u00e4r aktiv i omst\u00e4llningsprojektet Gemenskapsodling &amp; Fr\u00f6grupp som initierats av Ecotopia i samverkan med Omst\u00e4llning \u00d6sterlen.<\/p>\n<p><em>\u201dProffsig kurs p\u00e5 alla s\u00e4tt och vis: undervisning, diskussioner, praktik och mat. Rekommenderar kursen varmt till alla jag k\u00e4nner. Jag har f\u00e5tt en annan f\u00f6rst\u00e5else f\u00f6r naturen och naturlig odling\u201d Irene O<\/em><\/p>\n<p><strong>N\u00e4r:<\/strong> L\u00f6rdag 16 juli 2016, kl 10\u201415.30<\/p>\n<p><strong>\u2028Plats:<\/strong>\u00a0Ecotopia\u2028 p\u00e5 \u00d6sterlen<\/p>\n<p><strong>Spr\u00e5k:<\/strong> Engelska och svenska<\/p>\n<p><strong>Kurskostnad (inkl. 25% moms) inkl. vegetarisk lunch och fika:<\/strong>\u00a0650:-<\/p>\n<p><strong>Sista anm\u00e4lningsdag:<\/strong> 6 juli 2016<\/p>\n<p><strong>F\u00f6r mer information:<\/strong> <a href=\"https:\/\/www.ecotopia.se\/sv\/kontakt\/\">Kontakta oss h\u00e4r<\/a> eller ring 0417-23034<\/p>\n","protected":false},"excerpt":{"rendered":"<p>Ekologisk sjukdoms- och skadedjurshantering &amp; bevattning Datum: L\u00f6rdagen den 16 juli 2016 Nu \u00e4r det sommar. En tid d\u00e5 m\u00e5nga andra organismer ocks\u00e5 \u00e4r intresserade av plantorna i odlingen. Vi [&hellip;]<\/p>\n","protected":false},"author":3,"featured_media":0,"parent":555,"menu_order":0,"comment_status":"open","ping_status":"closed","template":"","meta":{"_et_pb_use_builder":"","_et_pb_old_content":"","_et_gb_content_width":"","footnotes":""},"class_list":["post-5267","page","type-page","status-publish","hentry"],"_links":{"self":[{"href":"https:\/\/www.ecotopia.se\/sv\/wp-json\/wp\/v2\/pages\/5267","targetHints":{"allow":["GET"]}}],"collection":[{"href":"https:\/\/www.ecotopia.se\/sv\/wp-json\/wp\/v2\/pages"}],"about":[{"href":"https:\/\/www.ecotopia.se\/sv\/wp-json\/wp\/v2\/types\/page"}],"author":[{"embeddable":true,"href":"https:\/\/www.ecotopia.se\/sv\/wp-json\/wp\/v2\/users\/3"}],"replies":[{"embeddable":true,"href":"https:\/\/www.ecotopia.se\/sv\/wp-json\/wp\/v2\/comments?post=5267"}],"version-history":[{"count":12,"href":"https:\/\/www.ecotopia.se\/sv\/wp-json\/wp\/v2\/pages\/5267\/revisions"}],"predecessor-version":[{"id":6198,"href":"https:\/\/www.ecotopia.se\/sv\/wp-json\/wp\/v2\/pages\/5267\/revisions\/6198"}],"up":[{"embeddable":true,"href":"https:\/\/www.ecotopia.se\/sv\/wp-json\/wp\/v2\/pages\/555"}],"wp:attachment":[{"href":"https:\/\/www.ecotopia.se\/sv\/wp-json\/wp\/v2\/media?parent=5267"}],"curies":[{"name":"wp","href":"https:\/\/api.w.org\/{rel}","templated":true}]}}