{"id":5260,"date":"2015-12-08T05:43:50","date_gmt":"2015-12-08T04:43:50","guid":{"rendered":"https:\/\/www.ecotopia.se\/sv\/?page_id=5260"},"modified":"2016-06-23T23:02:15","modified_gmt":"2016-06-23T22:02:15","slug":"2016_workshop-ortmedicin","status":"publish","type":"page","link":"https:\/\/www.ecotopia.se\/sv\/kalendarium-arkiv\/2016_workshop-ortmedicin\/","title":{"rendered":"Workshop \u2013 \u00d6rtmedicin"},"content":{"rendered":"<h2>Plocka ditt eget naturapotek<\/h2>\n<p><img loading=\"lazy\" decoding=\"async\" class=\"alignnone size-full wp-image-4273\" src=\"https:\/\/www.ecotopia.se\/sv\/wp-content\/uploads\/2015\/01\/header_naturmedicin_web.jpg\" alt=\"header_naturmedicin_web\" width=\"600\" height=\"151\" \/><\/p>\n<p><strong>Datum:<\/strong> L\u00f6rdagen den 18 juni 2016<\/p>\n<p><strong>Nu inf\u00f6r midsommar \u00e4r det dags att b\u00f6rja plocka \u00f6rter och sammanst\u00e4lla sitt eget naturapotek. <\/strong><\/p>\n<p>Denna workshop handlar om att f\u00f6rdjupa sig i \u00f6rtmedicin f\u00f6r b\u00e5de m\u00e4nniskor och djur. Detta genom att l\u00e4ra sig mer om vilda v\u00e4xter och vilka man kan anv\u00e4nda i sin vardag. Vilka \u00f6rter man b\u00f6r plocka och vad man kan anv\u00e4nda dem till. Vilka v\u00e4xter, s.k. medicinalv\u00e4xter, som anv\u00e4nds som l\u00e4kemedel och som man framst\u00e4ller l\u00e4kemedel ur.<\/p>\n<p>I denna workshop f\u00e5r du b\u00e5de m\u00f6jlighet att inh\u00e4mta grundl\u00e4ggande \u00f6rtkunskap och att g\u00e5 ut i naturen och plocka ditt eget naturapotek som du sedan kan ta med sig hem och torka.<\/p>\n<blockquote><p>Catharina Ehlo l\u00e4gger grunden f\u00f6r nya tankar kring medicin samtidigt som hon vill \u00f6ka f\u00f6rst\u00e5elsen f\u00f6r skillnaden mellan symtombehandlande skolmedicin och botande alternativ- och komplement\u00e4rmedicin.<\/p><\/blockquote>\n<p>Catharina har l\u00e5ng erfarenhet fr\u00e5n sin egen praktik och \u00e4r inspirerad av Hildegard fr\u00e5n Bingen, sin tids stora naturl\u00e4kare, som levde som abbedissa p\u00e5 1100-talet. Hildegard \u00e4gnade sig \u00e5t naturens krafter och s\u00f6kte de kroppsliga, mentala och sj\u00e4lsliga orsakerna f\u00f6r sjukdomar och svagheter. Hon menar att m\u00e4nniskan \u00e4r frisk om de fyra kroppssafterna st\u00e5r i r\u00e4tt f\u00f6rh\u00e5llande till varandra. D\u00e4rf\u00f6r har hon f\u00f6rutom m\u00e5nga medicinalb\u00f6cker efterl\u00e4mnat originalrecept av naturliga \u00f6rtblandningar som bidrar till denna \u201dinre balans\u201d.<\/p>\n<p>M\u00f6tet med naturens eget apotek kopplade till praktiska exempel fr\u00e5n Catharinas egen praktik f\u00e5r denna workshop att b\u00e5de bli l\u00e4rorik och sp\u00e4nnande.<\/p>\n<p><img loading=\"lazy\" decoding=\"async\" class=\"alignright wp-image-3750\" src=\"https:\/\/www.ecotopia.se\/sv\/wp-content\/uploads\/2014\/08\/catarina_liten.jpg\" alt=\"catarina_liten\" width=\"100\" height=\"134\" \/> <strong>Kursledare: Catharina Ehlo <\/strong>har byggt upp och leder tv\u00e5 verksamheter. Efter mer \u00e4n 10 \u00e5rs framg\u00e5ngsrikt arbete med bland annat \u00f6rtmedicin p\u00e5 sin egen praktik Sj\u00e4lens Stj\u00e4rna bildade hon Stj\u00e4rn\u00f6rter d\u00e4r hon tagit fram egna produkter som hon nu framst\u00e4ller b\u00e5de till m\u00e4nniskor och djur (registrerade som fodertillskott hos Jordbruksverket).<\/p>\n<p><strong>N\u00e4r:<\/strong>\u00a0L\u00f6rdagen den 18 juni 2016, kl 10-16.30<\/p>\n<p><strong>Plats:<\/strong>\u00a0Ecotopia p\u00e5 \u00d6sterlen<\/p>\n<p><strong>Kurskostnad<\/strong>\u00a0(inkl 25% moms) inkl. vegetariska lunch och fika: 780:-<\/p>\n<p><em>Student- och pension\u00e4rsrabatt: 180:-<br \/>\n<\/em><br \/>\n<strong>Sista anm\u00e4lningsdag:<\/strong> 8 juni 2016<\/p>\n<p><strong>F\u00f6r mer information:<\/strong> <a href=\"https:\/\/www.ecotopia.se\/sv\/kontakt\/\">Kontakta oss h\u00e4r<\/a> eller ring 0417-23034<\/p>\n","protected":false},"excerpt":{"rendered":"<p>Plocka ditt eget naturapotek Datum: L\u00f6rdagen den 18 juni 2016 Nu inf\u00f6r midsommar \u00e4r det dags att b\u00f6rja plocka \u00f6rter och sammanst\u00e4lla sitt eget naturapotek. Denna workshop handlar om att [&hellip;]<\/p>\n","protected":false},"author":3,"featured_media":0,"parent":555,"menu_order":0,"comment_status":"closed","ping_status":"closed","template":"","meta":{"_et_pb_use_builder":"","_et_pb_old_content":"","_et_gb_content_width":"","footnotes":""},"class_list":["post-5260","page","type-page","status-publish","hentry"],"_links":{"self":[{"href":"https:\/\/www.ecotopia.se\/sv\/wp-json\/wp\/v2\/pages\/5260","targetHints":{"allow":["GET"]}}],"collection":[{"href":"https:\/\/www.ecotopia.se\/sv\/wp-json\/wp\/v2\/pages"}],"about":[{"href":"https:\/\/www.ecotopia.se\/sv\/wp-json\/wp\/v2\/types\/page"}],"author":[{"embeddable":true,"href":"https:\/\/www.ecotopia.se\/sv\/wp-json\/wp\/v2\/users\/3"}],"replies":[{"embeddable":true,"href":"https:\/\/www.ecotopia.se\/sv\/wp-json\/wp\/v2\/comments?post=5260"}],"version-history":[{"count":10,"href":"https:\/\/www.ecotopia.se\/sv\/wp-json\/wp\/v2\/pages\/5260\/revisions"}],"predecessor-version":[{"id":6144,"href":"https:\/\/www.ecotopia.se\/sv\/wp-json\/wp\/v2\/pages\/5260\/revisions\/6144"}],"up":[{"embeddable":true,"href":"https:\/\/www.ecotopia.se\/sv\/wp-json\/wp\/v2\/pages\/555"}],"wp:attachment":[{"href":"https:\/\/www.ecotopia.se\/sv\/wp-json\/wp\/v2\/media?parent=5260"}],"curies":[{"name":"wp","href":"https:\/\/api.w.org\/{rel}","templated":true}]}}