{"id":5229,"date":"2015-12-08T05:02:50","date_gmt":"2015-12-08T04:02:50","guid":{"rendered":"https:\/\/www.ecotopia.se\/sv\/?page_id=5229"},"modified":"2016-07-30T07:16:53","modified_gmt":"2016-07-30T06:16:53","slug":"2016_kurs-hallbar-privatekonomi","status":"publish","type":"page","link":"https:\/\/www.ecotopia.se\/sv\/kalendarium-arkiv\/2016_kurs-hallbar-privatekonomi\/","title":{"rendered":"Kurs &#8211; H\u00e5llbar ekonomi"},"content":{"rendered":"<h2>Nyt\u00e4nkande kring pengar och ekonomi<\/h2>\n<p><img loading=\"lazy\" decoding=\"async\" class=\"alignnone size-full wp-image-5517\" src=\"https:\/\/www.ecotopia.se\/sv\/wp-content\/uploads\/2015\/12\/header_hallbarprivatekonomi.jpg\" alt=\"header_hallbarprivatekonomi\" width=\"600\" height=\"200\" \/><\/p>\n<p><strong>Datum:<\/strong> 16 april 2016<\/p>\n<p>L\u00e4nge har vinstintresset styrt v\u00e5r ekonomi och vi har blivit konsumenter beroende av varor och tj\u00e4nster. Skuldberget, bostadspriser, kontrollen \u00f6ver kontanter etc. stiger samtidigt som bankernas vinster. M\u00e5nga m\u00e4nniskor har hamnat i skuldf\u00e4llor. Milj\u00f6bovarna \u00e4r m\u00e5nga och naturresurserna sinar. S\u00e5 hur ser framtidens ekonomi ut? Ekonomer talar nu om cirkul\u00e4r ekonomi, permaekonomi, allm\u00e4nnyttig ekonomi, garantiinkomst och lokal andelsekonomi. Vad betyder och inneb\u00e4r det egentligen?<\/p>\n<p>Denna kurs handlar just om dessa nya former f\u00f6r ekonomi. Hur vi kan minska konsumtion och milj\u00f6p\u00e5verkan genom basinkomst\/medborgarl\u00f6n, lokal valuta, delningsekonomi etc. Hur vi kan dela p\u00e5 saker, \u00e5tervinna, byta och \u00e5terbruka. Kursen belyser det nuvarande ekonomiska systemet och \u00f6ppnar upp f\u00f6r nyt\u00e4nkande, nya m\u00f6jligheter och framtidstro.<\/p>\n<p>En av kursledarna, G\u00f6ran Hjort, kommer \u00e4ven att framst\u00e4lla en \u00f6nskv\u00e4rd ekonomisk framtid utifr\u00e5n sin nyutgivna bok \u201dPermaekonomi &#8211; N\u00e4r pengar g\u00f6r som b\u00e4st nytta\u201d.<\/p>\n<p>I kursen ges utrymme f\u00f6r personliga fr\u00e5gor och diskussion.<\/p>\n<p><img loading=\"lazy\" decoding=\"async\" class=\"alignright wp-image-4863\" src=\"https:\/\/www.ecotopia.se\/sv\/wp-content\/uploads\/2015\/07\/emmapetersson_IMG_5167_s.jpg\" alt=\"emmapetersson_IMG_5167_s\" width=\"90\" height=\"101\" \/><strong>Kursledare: Emma Petersson<\/strong> fr\u00e5n Hifab har i flera \u00e5r f\u00f6rel\u00e4st om h\u00e5llbara former f\u00f6r ekonomi. I hennes arbete som h\u00e5llbarhetskonsult processleder hon \u00e4ven utvecklingsarbetet av kommuners och f\u00f6retag inom n\u00e4ringslivet. Hon har stor kunskap inom \u00e4mnet h\u00e5llbar ekonomi och god \u00f6verblick \u00f6ver den senaste utvecklingen.<\/p>\n<p><img loading=\"lazy\" decoding=\"async\" class=\"alignright wp-image-5472\" src=\"https:\/\/www.ecotopia.se\/sv\/wp-content\/uploads\/2015\/12\/gorangjort2016-150x150.jpg\" alt=\"gorangjort2016\" width=\"90\" height=\"90\" srcset=\"https:\/\/www.ecotopia.se\/sv\/wp-content\/uploads\/2015\/12\/gorangjort2016-150x150.jpg 150w, https:\/\/www.ecotopia.se\/sv\/wp-content\/uploads\/2015\/12\/gorangjort2016.jpg 163w\" sizes=\"(max-width: 90px) 100vw, 90px\" \/><strong>Kursledare: G\u00f6ran Hjort<\/strong>, har erfarenheter fr\u00e5n ett omv\u00e4xlande arbetsliv som pedagog och undervisning i ekonomi, bank- och penningsystem samt som konsult. Sedan 2006 har han gett ut ett flertal b\u00f6cker om ekonomi varav \u201dPermaekonomi \u2013 N\u00e4r pengar g\u00f6r som b\u00e4st nytta\u201d \u00e4r nyutgiven. Permaekonomi betyder en best\u00e5ende och fungerande hush\u00e5llning med naturens resurser och oss sj\u00e4lva. Ekonomin \u00e4r baserad p\u00e5 en ny etik f\u00f6r v\u00e5rt s\u00e4tt att leva och det finansiella systemets s\u00e4tt att arbeta. F\u00f6r en ekonomi som inte forts\u00e4tter att f\u00f6r\u00f6da f\u00f6ruts\u00e4ttningarna f\u00f6r v\u00e5r existens kr\u00e4vs attitydf\u00f6r\u00e4ndringar, menar han.<\/p>\n<p><strong>N\u00e4r:<\/strong>\u00a0L\u00f6rdagen den 16 april 2016, kl 10-16<\/p>\n<p><strong>Plats:<\/strong>\u00a0Ecotopia p\u00e5 \u00d6sterlen<\/p>\n<p><strong>\u2028Kurskostnad (inkl 25% moms) inkl. vegetariska lunch och fika<\/strong>: 780:-<\/p>\n<p><em>Student- och pension\u00e4rsrabatt: 180:-<br \/>\n<\/em><br \/>\n<strong>Sista anm\u00e4lningsdag:<\/strong> 6 april 2016<\/p>\n<p><strong>F\u00f6r mer information:<\/strong> <a href=\"https:\/\/www.ecotopia.se\/sv\/kontakt\/\">Kontakta oss h\u00e4r<\/a> eller ring 0417-23034<\/p>\n","protected":false},"excerpt":{"rendered":"<p>Nyt\u00e4nkande kring pengar och ekonomi Datum: 16 april 2016 L\u00e4nge har vinstintresset styrt v\u00e5r ekonomi och vi har blivit konsumenter beroende av varor och tj\u00e4nster. Skuldberget, bostadspriser, kontrollen \u00f6ver kontanter [&hellip;]<\/p>\n","protected":false},"author":3,"featured_media":0,"parent":555,"menu_order":0,"comment_status":"closed","ping_status":"closed","template":"","meta":{"_et_pb_use_builder":"","_et_pb_old_content":"","_et_gb_content_width":"","footnotes":""},"class_list":["post-5229","page","type-page","status-publish","hentry"],"_links":{"self":[{"href":"https:\/\/www.ecotopia.se\/sv\/wp-json\/wp\/v2\/pages\/5229","targetHints":{"allow":["GET"]}}],"collection":[{"href":"https:\/\/www.ecotopia.se\/sv\/wp-json\/wp\/v2\/pages"}],"about":[{"href":"https:\/\/www.ecotopia.se\/sv\/wp-json\/wp\/v2\/types\/page"}],"author":[{"embeddable":true,"href":"https:\/\/www.ecotopia.se\/sv\/wp-json\/wp\/v2\/users\/3"}],"replies":[{"embeddable":true,"href":"https:\/\/www.ecotopia.se\/sv\/wp-json\/wp\/v2\/comments?post=5229"}],"version-history":[{"count":18,"href":"https:\/\/www.ecotopia.se\/sv\/wp-json\/wp\/v2\/pages\/5229\/revisions"}],"predecessor-version":[{"id":5978,"href":"https:\/\/www.ecotopia.se\/sv\/wp-json\/wp\/v2\/pages\/5229\/revisions\/5978"}],"up":[{"embeddable":true,"href":"https:\/\/www.ecotopia.se\/sv\/wp-json\/wp\/v2\/pages\/555"}],"wp:attachment":[{"href":"https:\/\/www.ecotopia.se\/sv\/wp-json\/wp\/v2\/media?parent=5229"}],"curies":[{"name":"wp","href":"https:\/\/api.w.org\/{rel}","templated":true}]}}