{"id":5076,"date":"2015-10-05T20:37:42","date_gmt":"2015-10-05T19:37:42","guid":{"rendered":"https:\/\/www.ecotopia.se\/sv\/?page_id=5076"},"modified":"2015-11-26T16:30:00","modified_gmt":"2015-11-26T15:30:00","slug":"lerugnsbygge1510","status":"publish","type":"page","link":"https:\/\/www.ecotopia.se\/sv\/kalendarium-2015\/lerugnsbygge1510\/","title":{"rendered":"Workshop &#8211; Lerugnsbygge med Johannes Riesterer"},"content":{"rendered":"<h3>Uppbyggnad och principer kring lerugnsbygge<\/h3>\n<p><img loading=\"lazy\" decoding=\"async\" class=\"alignnone size-full wp-image-5081\" src=\"https:\/\/www.ecotopia.se\/sv\/wp-content\/uploads\/2015\/10\/lerugnsbyggeheader.jpg\" alt=\"lerugnsbyggeheader\" width=\"600\" height=\"150\" \/><\/p>\n<p><strong>Datum:<\/strong> 7-8 november 2015<\/p>\n<p>Funderar du p\u00e5 att v\u00e4rma upp ditt hus med en lerugn? Eller vill du f\u00f6rst\u00e5 principerna f\u00f6r hur en lerugn \u00e4r uppbyggd? Eller vill du ta del av uppbyggnaden av en lerugn?<\/p>\n<p>\u00c5r 2012 byggde ugnsmurarm\u00e4staren Johannes Riesterer en bakugn p\u00e5 Ecotopia. I \u00e5r \u00e4r han tillbaka f\u00f6r att bygga n\u00e4sta lerugn p\u00e5 plats. Detta i det boningshus (103 m2) som just nu byggs i halmbalsteknik. Ett halmbalshus som uppv\u00e4rms med solv\u00e4rme, en vattenburen vedk\u00f6ksspis och sist men inte minst en lerugn.<\/p>\n<p>I denna workshop l\u00e4r Johannes ut teorin om principerna kring ett lerugnsbygge med skorsten, du f\u00e5r uppleva uppbyggnaden f\u00f6r att f\u00f6rst\u00e5 densamma och under ledning av Johannes gemensamt med andra vara delaktig i sj\u00e4lva uppbyggnaden. Detta f\u00f6r att genom praktiskt arbete b\u00e4ttre kunna f\u00f6rst\u00e5 principerna och f\u00f6r att sedan sj\u00e4lv kunna planera uppbyggnaden av en egen lerugn.<\/p>\n<p>Denna workshop innefattar \u00e4ven information om kommunens och brandskyddstj\u00e4nstens krav p\u00e5 eldst\u00e4der.<\/p>\n<p>Johannes utvecklar i n\u00e4ra samarbete med kunden\/arkitekten mycket individuella och till r\u00e5dande f\u00f6rh\u00e5llanden anpassade l\u00f6sningar. All sin kunskap, erfarenheter och kompetens om ekologisk byggande st\u00e4ller han till f\u00f6rfogande. I denna workshop f\u00e5r du ta del av densamma \u00e4ven genom att st\u00e4lla fr\u00e5gor.<\/p>\n<p>[custom_frame_right shadow=&#8221;on&#8221;]<img loading=\"lazy\" decoding=\"async\" src=\"https:\/\/www.ecotopia.se\/sv\/wp-content\/uploads\/2015\/10\/johannes-150x150.jpg\" alt=\"\" width=\"150\" height=\"150\" \/>[\/custom_frame_right]<strong>Kursledare:<\/strong> Johannes Riesterer, f\u00f6dd och uppvuxen i sydv\u00e4stra delen av Tyskland. Han \u00e4r utbildad m\u00f6bel- och inredningssnickare, lerbyggare och ugnsmurarm\u00e4stare. 1998 grundade han tillsammans med andra firman <a href=\"http:\/\/www.svenskajordhus.se\/\">Svenska Jordhus<\/a> som han nu driver. F\u00f6retaget har specialiserat sig p\u00e5 lerbygge och finska massugnar. I sitt arbete spelar den ekologiska aspekten en stor och viktig roll. Med naturn\u00e4ra byggmaterial som till exempel lera, tegel och tr\u00e4 skapar han en trivsam, h\u00e4lsosam och vacker boendemilj\u00f6, som m\u00f6ter kraven p\u00e5 ett modernt boende.<\/p>\n<p><strong>Datum:<\/strong> 7-8 november 2015<\/p>\n<p><strong>Tid:<\/strong> L\u00f6r 10-17 och s\u00f6n 9-15.30<\/p>\n<p>Inga f\u00f6rkunskaper kr\u00e4vs.<\/p>\n<p><strong>Kursintyg erh\u00e5lles<\/strong><\/p>\n<p><strong>Kurskostnader (inkl 25% moms) inkl. vegetariska m\u00e5ltider och fika i:<\/strong><br \/>\nA. Eget boende 1780:-<br \/>\nB. Eget t\u00e4lt p\u00e5 Ecotopia 1800:-<br \/>\nC. Ekostuga\/dubbel med servicehus 1950:-<br \/>\nD. Ekostuga\/ gruppboende med eget k\u00f6k, wc o dusch 2000:-<\/p>\n<p><strong>Rabatt\u00a0<\/strong>f\u00f6r studenter och pension\u00e4rer 180:-<\/p>\n<p><strong>Sista anm\u00e4lningsdag:<\/strong> 2 november 2015<\/p>\n<p><strong>F\u00f6r mer information:<\/strong> <a href=\"https:\/\/www.ecotopia.se\/sv\/kontakt\/\">Skriv till oss<\/a> eller ring 0417-23034<\/p>\n","protected":false},"excerpt":{"rendered":"<p>Uppbyggnad och principer kring lerugnsbygge Datum: 7-8 november 2015 Funderar du p\u00e5 att v\u00e4rma upp ditt hus med en lerugn? Eller vill du f\u00f6rst\u00e5 principerna f\u00f6r hur en lerugn \u00e4r [&hellip;]<\/p>\n","protected":false},"author":3,"featured_media":0,"parent":217,"menu_order":0,"comment_status":"open","ping_status":"closed","template":"","meta":{"_et_pb_use_builder":"","_et_pb_old_content":"","_et_gb_content_width":"","footnotes":""},"class_list":["post-5076","page","type-page","status-publish","hentry"],"_links":{"self":[{"href":"https:\/\/www.ecotopia.se\/sv\/wp-json\/wp\/v2\/pages\/5076","targetHints":{"allow":["GET"]}}],"collection":[{"href":"https:\/\/www.ecotopia.se\/sv\/wp-json\/wp\/v2\/pages"}],"about":[{"href":"https:\/\/www.ecotopia.se\/sv\/wp-json\/wp\/v2\/types\/page"}],"author":[{"embeddable":true,"href":"https:\/\/www.ecotopia.se\/sv\/wp-json\/wp\/v2\/users\/3"}],"replies":[{"embeddable":true,"href":"https:\/\/www.ecotopia.se\/sv\/wp-json\/wp\/v2\/comments?post=5076"}],"version-history":[{"count":16,"href":"https:\/\/www.ecotopia.se\/sv\/wp-json\/wp\/v2\/pages\/5076\/revisions"}],"predecessor-version":[{"id":5191,"href":"https:\/\/www.ecotopia.se\/sv\/wp-json\/wp\/v2\/pages\/5076\/revisions\/5191"}],"up":[{"embeddable":true,"href":"https:\/\/www.ecotopia.se\/sv\/wp-json\/wp\/v2\/pages\/217"}],"wp:attachment":[{"href":"https:\/\/www.ecotopia.se\/sv\/wp-json\/wp\/v2\/media?parent=5076"}],"curies":[{"name":"wp","href":"https:\/\/api.w.org\/{rel}","templated":true}]}}