{"id":4937,"date":"2015-07-29T12:13:05","date_gmt":"2015-07-29T11:13:05","guid":{"rendered":"https:\/\/www.ecotopia.se\/sv\/?page_id=4937"},"modified":"2015-10-27T11:36:35","modified_gmt":"2015-10-27T10:36:35","slug":"vilda-oktober-pa-osterlen-2015","status":"publish","type":"page","link":"https:\/\/www.ecotopia.se\/sv\/kalendarium-arkiv\/vilda-oktober-pa-osterlen-2015\/","title":{"rendered":"Vilda oktober p\u00e5 \u00d6sterlen 2015"},"content":{"rendered":"<h3>Halmbalshusbygge p\u00e5 Ecotopia<\/h3>\n<p><strong>Datum:<\/strong>\u00a024-25 oktober 2015<\/p>\n<p>Denna vilda oktoberhelg har som teman \u00e5terbruk och h\u00e5llbarhet. Dessutom skapar byarna p\u00e5 \u00d6sterlen halmbalsskulpturer. S\u00e5 Ecotopia har valt att presentera halmbalshusbyggen p\u00e5 g\u00e5rden. \u00c4ven det halmbalshus planerat i plusenergistandard som just nu byggs &#8211; ett enfamiljshus p\u00e5 103 m2 inkl vintertr\u00e4dg\u00e5rd. Exempel p\u00e5 ekobyggmaterial som anv\u00e4nds \u00e4r f\u00f6rutom halm tr\u00e4, lera, skumglas och sedum. Certifierade halmbalar med sina l\u00e5ga k-v\u00e4rden utg\u00f6r husets isolering.<\/p>\n<p><strong>V\u00e4lkomna p\u00e5 guidad visning!<\/strong><\/p>\n<p><strong>Guidad visning:<\/strong> L\u00f6rdag och s\u00f6ndag kl 14 (avgift 100:-)<br \/>\n<strong>\u00d6ppettider utst\u00e4llning &amp; ekofik:<\/strong> 11-16<br \/>\n<strong>Plats:<\/strong> Ecotopia<br \/>\n<strong>Mer info:<\/strong> <a href=\"https:\/\/www.ecotopia.se\/sv\/kontakt\/\">Skriv till oss<\/a> eller ring 0417-23034.<\/p>\n<p><a href=\"http:\/\/www.visitystadosterlen.se\/vildaoktober\" target=\"_blank\">VILDA OKTOBER P\u00c5 \u00d6STERLEN 2015<\/a><\/p>\n","protected":false},"excerpt":{"rendered":"<p>Halmbalshusbygge p\u00e5 Ecotopia Datum:\u00a024-25 oktober 2015 Denna vilda oktoberhelg har som teman \u00e5terbruk och h\u00e5llbarhet. Dessutom skapar byarna p\u00e5 \u00d6sterlen halmbalsskulpturer. S\u00e5 Ecotopia har valt att presentera halmbalshusbyggen p\u00e5 g\u00e5rden. [&hellip;]<\/p>\n","protected":false},"author":3,"featured_media":0,"parent":555,"menu_order":0,"comment_status":"open","ping_status":"closed","template":"","meta":{"_et_pb_use_builder":"","_et_pb_old_content":"","_et_gb_content_width":"","footnotes":""},"class_list":["post-4937","page","type-page","status-publish","hentry"],"_links":{"self":[{"href":"https:\/\/www.ecotopia.se\/sv\/wp-json\/wp\/v2\/pages\/4937","targetHints":{"allow":["GET"]}}],"collection":[{"href":"https:\/\/www.ecotopia.se\/sv\/wp-json\/wp\/v2\/pages"}],"about":[{"href":"https:\/\/www.ecotopia.se\/sv\/wp-json\/wp\/v2\/types\/page"}],"author":[{"embeddable":true,"href":"https:\/\/www.ecotopia.se\/sv\/wp-json\/wp\/v2\/users\/3"}],"replies":[{"embeddable":true,"href":"https:\/\/www.ecotopia.se\/sv\/wp-json\/wp\/v2\/comments?post=4937"}],"version-history":[{"count":6,"href":"https:\/\/www.ecotopia.se\/sv\/wp-json\/wp\/v2\/pages\/4937\/revisions"}],"predecessor-version":[{"id":5106,"href":"https:\/\/www.ecotopia.se\/sv\/wp-json\/wp\/v2\/pages\/4937\/revisions\/5106"}],"up":[{"embeddable":true,"href":"https:\/\/www.ecotopia.se\/sv\/wp-json\/wp\/v2\/pages\/555"}],"wp:attachment":[{"href":"https:\/\/www.ecotopia.se\/sv\/wp-json\/wp\/v2\/media?parent=4937"}],"curies":[{"name":"wp","href":"https:\/\/api.w.org\/{rel}","templated":true}]}}