{"id":4923,"date":"2015-07-29T11:44:48","date_gmt":"2015-07-29T10:44:48","guid":{"rendered":"https:\/\/www.ecotopia.se\/sv\/?page_id=4923"},"modified":"2015-08-11T18:44:54","modified_gmt":"2015-08-11T17:44:54","slug":"temakvall-ortmedicin-huskurer","status":"publish","type":"page","link":"https:\/\/www.ecotopia.se\/sv\/kalendarium-2015\/temakvall-ortmedicin-huskurer\/","title":{"rendered":"Temakv\u00e4ll \u00d6rtmedicin &#8211; Huskurer"},"content":{"rendered":"<p><img loading=\"lazy\" decoding=\"async\" class=\"alignnone size-medium wp-image-4273\" src=\"https:\/\/www.ecotopia.se\/sv\/wp-content\/uploads\/2015\/01\/header_naturmedicin_web-600x151.jpg\" alt=\"header_naturmedicin_web\" width=\"600\" height=\"151\" \/><\/p>\n<h3>Undvik f\u00f6rkylning i vinter<\/h3>\n<p><strong>Datum:<\/strong>\u00a0Torsdagen den 12 november 2015<\/p>\n<p>Denna temakv\u00e4ll handlar om hur man kan f\u00f6rebygga och behandla olika f\u00f6rkylningar. Mot f\u00f6rkylning hj\u00e4lper inte antibiotika men det finns mycket man kan g\u00f6ra sj\u00e4lv genom \u00f6rter, olika medel och oljor med bakterie- och virusbek\u00e4mpande egenskaper som st\u00e4rker immunf\u00f6rsvaret och g\u00f6r cellv\u00e4ggarna mer motst\u00e5ndskraftiga mot infektioner. Medicin fr\u00e5n naturen som \u00e4r antibakteriell, antiinflammatorisk, sleml\u00f6sande och antioxidantrikt. I naturen finns alla komponenter som beh\u00f6vs f\u00f6r att f\u00f6rebygga och l\u00e4ka infektioner i luftr\u00f6ren som t.ex. bronkit, hosta, snuva genom huskurer som att l\u00e4gga p\u00e5 omslag, inhalera, gnugga in br\u00f6stkorgen, dricka avkok etc.<br \/>\nCatharina Ehlo f\u00f6rel\u00e4ser om hur hon tagit fram \u00f6rtblandningar f\u00f6r luftv\u00e4gar, leder\/muskler etc., om enskilda \u00f6rters anv\u00e4ndningsomr\u00e5den och hur de framst\u00e4lls. Men temakv\u00e4llen handlar ocks\u00e5 om homeopati, som p\u00e5 ett milt men djupg\u00e5ende s\u00e4tt bist\u00e5r kroppens egen inneboende f\u00f6rm\u00e5ga att l\u00e4ka sig sj\u00e4lv. En s\u00e4ker och biverkningsfri naturmedicin som triggar dessa naturliga l\u00e4kningsprocesser och p\u00e5 det viset \u00e5terskapar h\u00e4lsa.<\/p>\n<p>Denna kv\u00e4ll f\u00e5 du smaka p\u00e5 \u00f6rtte och kan k\u00f6pa med dig \u00f6rtblandningar hem. I anslutning till denna temakv\u00e4ll kan du anm\u00e4la dig till Catharinas n\u00e4sta kurs p\u00e5 Ecotopia under v\u00e5ren 2016.<\/p>\n<p>[custom_frame_right shadow=&#8221;on&#8221;]<img loading=\"lazy\" decoding=\"async\" class=\"alignnone wp-image-3750\" src=\"https:\/\/www.ecotopia.se\/sv\/wp-content\/uploads\/2014\/08\/catarina_liten.jpg\" alt=\"catarina_liten\" width=\"100\" height=\"134\" \/>[\/custom_frame_right]<strong>F\u00f6rel\u00e4sare:<\/strong>\u00a0Utifr\u00e5n ett m\u00e5ng\u00e5rigt intresse f\u00f6r \u00f6rter och naturens krafter startade Catharina Ehlo Stj\u00e4rn\u00f6rter. Efter mer \u00e4n 10 \u00e5rs framg\u00e5ngsrikt arbete med bland annat \u00f6rtmedicin p\u00e5 sin egen praktik har hon tagit fram egna produkter som hon framst\u00e4ller b\u00e5de till m\u00e4nniskor och djur (registrerade som fodertillskott hos Jordbruksverket). Catharina \u00e4r inspirerad av Hildegard fr\u00e5n Bingen, sin tids stora naturl\u00e4kare, som levde som abbedissa p\u00e5 1100-talet.<\/p>\n<p><strong>Tid:<\/strong> Torsdagen den 12 november 2015 kl 18.30 \u2013 ca. 21<br \/>\n<strong>Plats:<\/strong>\u00a0Ecotopia<br \/>\n<strong>Intr\u00e4de:<\/strong>\u00a0100 kr<br \/>\n<strong>Ekofik:<\/strong>\u00a0\u00d6ppet innan f\u00f6rel\u00e4sningen och i pausen<br \/>\n<strong>Mer info:<\/strong> <a href=\"https:\/\/www.ecotopia.se\/sv\/kontakt\/\">Skriv till oss<\/a> eller ring 0417-23034<\/p>\n","protected":false},"excerpt":{"rendered":"<p>Undvik f\u00f6rkylning i vinter Datum:\u00a0Torsdagen den 12 november 2015 Denna temakv\u00e4ll handlar om hur man kan f\u00f6rebygga och behandla olika f\u00f6rkylningar. Mot f\u00f6rkylning hj\u00e4lper inte antibiotika men det finns mycket [&hellip;]<\/p>\n","protected":false},"author":3,"featured_media":0,"parent":217,"menu_order":0,"comment_status":"open","ping_status":"closed","template":"","meta":{"_et_pb_use_builder":"","_et_pb_old_content":"","_et_gb_content_width":"","footnotes":""},"class_list":["post-4923","page","type-page","status-publish","hentry"],"_links":{"self":[{"href":"https:\/\/www.ecotopia.se\/sv\/wp-json\/wp\/v2\/pages\/4923","targetHints":{"allow":["GET"]}}],"collection":[{"href":"https:\/\/www.ecotopia.se\/sv\/wp-json\/wp\/v2\/pages"}],"about":[{"href":"https:\/\/www.ecotopia.se\/sv\/wp-json\/wp\/v2\/types\/page"}],"author":[{"embeddable":true,"href":"https:\/\/www.ecotopia.se\/sv\/wp-json\/wp\/v2\/users\/3"}],"replies":[{"embeddable":true,"href":"https:\/\/www.ecotopia.se\/sv\/wp-json\/wp\/v2\/comments?post=4923"}],"version-history":[{"count":5,"href":"https:\/\/www.ecotopia.se\/sv\/wp-json\/wp\/v2\/pages\/4923\/revisions"}],"predecessor-version":[{"id":4964,"href":"https:\/\/www.ecotopia.se\/sv\/wp-json\/wp\/v2\/pages\/4923\/revisions\/4964"}],"up":[{"embeddable":true,"href":"https:\/\/www.ecotopia.se\/sv\/wp-json\/wp\/v2\/pages\/217"}],"wp:attachment":[{"href":"https:\/\/www.ecotopia.se\/sv\/wp-json\/wp\/v2\/media?parent=4923"}],"curies":[{"name":"wp","href":"https:\/\/api.w.org\/{rel}","templated":true}]}}