{"id":4902,"date":"2015-07-29T08:32:28","date_gmt":"2015-07-29T07:32:28","guid":{"rendered":"https:\/\/www.ecotopia.se\/sv\/?page_id=4902"},"modified":"2015-10-19T07:01:55","modified_gmt":"2015-10-19T06:01:55","slug":"projekt-bygg-din-egen-solvarmeanlaggning","status":"publish","type":"page","link":"https:\/\/www.ecotopia.se\/sv\/kalendarium-arkiv\/projekt-bygg-din-egen-solvarmeanlaggning\/","title":{"rendered":"Projekt Solenergi Sj\u00e4lvbygge"},"content":{"rendered":"<p><img loading=\"lazy\" decoding=\"async\" class=\"alignnone size-medium wp-image-4910\" src=\"https:\/\/www.ecotopia.se\/sv\/wp-content\/uploads\/2015\/07\/IMG_1111_web-600x151.jpg\" alt=\"IMG_1111_web\" width=\"600\" height=\"151\" \/><\/p>\n<h3><span style=\"color: #ff6600;\">Vill du delta utan kostnad eller till rabatterat pris? Skicka d\u00e5 in din ans\u00f6kan <span style=\"text-decoration: underline;\">eller<\/span> anm\u00e4l dig till en workshop!<\/span><\/h3>\n<p>Nu kan du l\u00e4ra dig att bygga en solf\u00e5ngare sj\u00e4lv, under ledning av en solv\u00e4rmeexpert och erfarna solv\u00e4rmeentusiaster. L\u00e4mna in din ans\u00f6kan innan den 1 oktober s\u00e5 har du chansen att delta i projektet utan kostnad <span style=\"text-decoration: underline;\">eller<\/span> anm\u00e4l dig till en rabatterad workshop genom att fylla i formul\u00e4ret nedan.<\/p>\n<p><strong>Datum:<\/strong> 17-18 oktober 2015<\/p>\n<p>Bj\u00f6rn Stensson, Simrishamn, ligger bakom den svenska sj\u00e4lvbyggerir\u00f6relsen f\u00f6r solv\u00e4rme p\u00e5 1980-talet. I l\u00e4nder som Italien \u00e4r sj\u00e4lvbyggerir\u00f6relsen idag h\u00f6gaktuell. Var fj\u00e4rde solf\u00e5ngare \u00e4r ett sj\u00e4lvbygge. Med denna workshop bjuder vi in dig att tillsammans med oss \u00e5teruppliva sj\u00e4lvbyggeriet i Sverige.<\/p>\n<p><strong>Varf\u00f6r? Jo, f\u00f6r att<\/strong><\/p>\n<ul>\n<li>solen ger gratis varmvatten<\/li>\n<li>bidra med ett aktivt st\u00f6d till en h\u00e5llbar utveckling<\/li>\n<li>byggkostnaden \u00e4r inte \u00e4r h\u00f6gre \u00e4n att alla har r\u00e5d med den<\/li>\n<li>inga tekniska och hantverksm\u00e4ssiga f\u00f6rkunskaper kr\u00e4vs<\/li>\n<li>solv\u00e4rme kan kombineras med alla andra v\u00e4rmesystem<\/li>\n<li>solv\u00e4rme \u00e4r kostnadseffektivt och \u00e4nd\u00e5 h\u00f6gkvalitativt<\/li>\n<li>bra solf\u00e5ngare har en mycket l\u00e5ng livsl\u00e4ngd<\/li>\n<li>gemensamt sj\u00e4lvbyggeri \u00e4r roligt<\/li>\n<li>tusentals sj\u00e4lvbyggen av solf\u00e5ngare talar b\u00e5de f\u00f6r kvalitet och personlig framg\u00e5ng<\/li>\n<\/ul>\n<p>Solenergin fl\u00f6dar i enorma m\u00e4ngder \u2013 \u00e4ven i Sverige. Vi kan omvandla den till v\u00e4rme med hj\u00e4lp av solf\u00e5ngare och till elenergi med hj\u00e4lp av solceller. Solenergi g\u00f6r oss FRIA och OBEROENDE. Dessutom kommer kolet, oljan, fossilgasen och uranet att ta slut; det g\u00f6r inte solen. Solenergi bidrar inte till f\u00f6rsurningen och v\u00e4xthuseffekten och den bryter inte ner ozonskiktet. F\u00f6r varje kilowattimme solenergi vi lyckas omvandla till v\u00e4rme eller elenergi sparar vi milj\u00f6n en liten bit. Driftskostnaden f\u00f6r en solv\u00e4rmeanl\u00e4ggning \u00e4r n\u00e4stan lika med noll. Solen \u00e4r ju gratis!<\/p>\n<p>[custom_frame_right shadow=&#8221;on&#8221;]<img loading=\"lazy\" decoding=\"async\" class=\"alignnone size-full wp-image-4796\" src=\"https:\/\/www.ecotopia.se\/sv\/wp-content\/uploads\/2015\/07\/solfangarskiss.jpg\" alt=\"DSC_3769_90x90\" width=\"364\" height=\"300\" \/>[\/custom_frame_right]<strong>S\u00e5 enkel \u00e4r en solv\u00e4rmeanl\u00e4ggning:<\/strong><\/p>\n<p>1. Solenergi<\/p>\n<p>2. Solf\u00e5ngare<\/p>\n<p>3. V\u00e4rme\u00f6verf\u00f6ring fr\u00e5n solf\u00e5ngare till ackumulatortank<\/p>\n<p>4. Ackumulatortank<\/p>\n<p>5. Styrningen av v\u00e4rme\u00f6verf\u00f6ringen<\/p>\n<p>6. Anv\u00e4ndning av varmvatten<\/p>\n<p>7. Efterv\u00e4rmning<\/p>\n<p>&nbsp;<\/p>\n<p>I samband med att solv\u00e4rmeanl\u00e4ggningen installeras p\u00e5 Ecotopia ger vi dig m\u00f6jligheten att l\u00e4ra dig att bygga din egen solv\u00e4rmeanl\u00e4ggning. Vi har experter p\u00e5 plats.<\/p>\n<p><strong>ALTERNATIV 1<\/strong><br \/>\nSkicka i din projektans\u00f6kan. \u00c4r du en h\u00e4ndig person som gillar att meka, bygga, ansluta och snickra? Planerar du att installera solv\u00e4rme i ditt hus? Vill du l\u00e4ra dig hur man bygger en solv\u00e4rmeanl\u00e4ggning f\u00f6r att sedan bygga den i egen regi? Vill du samverka med andra solv\u00e4rmeentusiaster? D\u00e5 \u00e4r du r\u00e4tt person!<br \/>\nSkicka in din ans\u00f6kan\u00a0med namn, adress, g\u00e4rna ett foto p\u00e5 dig sj\u00e4lv, din inst\u00e4llning till solenergi, lite om dina praktiska f\u00f6rkunskaper, varf\u00f6r du vill bli en l\u00e4nk i detta soln\u00e4tverk och sist men inte minst varf\u00f6r du vill delta i detta projekt. Skicka din ans\u00f6kan senast den 1 oktober 2015 till Ecotopia, Bondrum 1334, 273 92 Sk\u00e5ne Tran\u00e5s eller via e-post. Projektledningen v\u00e4ljer sedan ut tre personer som utan kurskostnad f\u00e5r delta. Efter denna helg blir du en l\u00e4nk i det n\u00e4tverk av sj\u00e4lvbyggare f\u00f6r solv\u00e4rme som nu byggs upp.<\/p>\n<p><strong>Tider:<\/strong>\u00a0L\u00f6rdagen den 17 \u2013 18 oktober. 17\/10 kl 10-17 och 18\/10 kl 9 -16<br \/>\n<strong>Pris:<\/strong>\u00a0\u00d6vernattning l\u00f6r-s\u00f6n med vegetarisk lunch, fika och frukost till sj\u00e4lvkostnadspris\u00a0350:-<br \/>\n<strong>Sista ans\u00f6kningsdag:<\/strong>\u00a01 oktober 2015<br \/>\nSkulle du inte bli antagen har du m\u00f6jlighet att anm\u00e4la dig till workshopen.<\/p>\n<p><strong>ALTERNATIV 2<\/strong><br \/>\nAnm\u00e4l dig till en workshop till rabatterat pris genom att fylla i formul\u00e4ret nedan. F\u00f6r dig som \u00e4r intresserad av att f\u00f6lja uppbyggnaden, ta del av erfarenhetskunskapen och st\u00e4lla fr\u00e5gor till projektteamet.<\/p>\n<p><strong>Tider:<\/strong>\u00a0L\u00f6rdagen den 17 \u2013 18 oktober. 17\/10 kl 10-17 och 18\/10 kl 9 -16<br \/>\n<strong>Rabatterad kurskostnad inkl 25 % moms och vegetariska m\u00e5ltider:<\/strong> 1100:-<br \/>\n<strong>Kurskostnad inkl \u00f6vernattning i ekostuga:<\/strong> 1250:-<br \/>\nBegr\u00e4nsat antal deltagare.<br \/>\n<strong>Sista anm\u00e4lningsdag:<\/strong> 12 oktober 2015<\/p>\n<h5><span style=\"color: #ff6600;\"><strong>Projektledare:\u00a0<\/strong><\/span><\/h5>\n<p>[custom_frame_right shadow=&#8221;on&#8221;]<img loading=\"lazy\" decoding=\"async\" class=\"alignnone size-full wp-image-4796\" src=\"https:\/\/www.ecotopia.se\/sv\/wp-content\/uploads\/2015\/07\/messi_fred-150x150.jpg\" alt=\"DSC_3769_90x90\" width=\"110\" height=\"110\" \/>[\/custom_frame_right]<span style=\"color: #000000;\"><strong><span style=\"color: #000000;\">Hans Messenb\u00f6ck oc<\/span>h Fred Ebner<\/strong><\/span>\u00a0Tv\u00e5 experter i energi- och solv\u00e4rmeanl\u00e4ggningar. \u00c4ven om var och en har mer \u00e4n 30 \u00e5rs yrkeserfarenhet \u00e4r deras intresse och fascination f\u00f6r solenergi st\u00e4ndigt v\u00e4xande. De har installerat mer \u00e4n tusen hus med sol- och v\u00e4rmesystem. De f\u00f6rsta anl\u00e4ggningarna fungerar fortfarande felfritt efter mer \u00e4n 30 \u00e5r och \u00e4garna uppskattar denna oberoende energif\u00f6rs\u00f6rjning. Fred \u00e4r samordnare och projektledaren Hans \u00e4r \u00e4ven ekobonde och \u201dgr\u00f6n\u201d lokalpolitiker. [custom_frame_right shadow=&#8221;on&#8221;]<img loading=\"lazy\" decoding=\"async\" class=\"alignnone size-full wp-image-4796\" src=\"https:\/\/www.ecotopia.se\/sv\/wp-content\/uploads\/2015\/07\/manfred_soellinger_klein-150x150.jpg\" alt=\"DSC_3769_90x90\" width=\"110\" height=\"110\" \/>[\/custom_frame_right]Deras kollega, elektrikern <span style=\"color: #000000;\"><strong>Manfred S\u00f6llinger<\/strong>\u00a0utg\u00f6r ocks\u00e5 en viktig l\u00e4nk i teamet liksom<\/span><br \/>\n[custom_frame_right shadow=&#8221;on&#8221;]<img loading=\"lazy\" decoding=\"async\" class=\"alignnone size-full wp-image-4796\" src=\"https:\/\/www.ecotopia.se\/sv\/wp-content\/uploads\/2015\/07\/paula_baltic_suntech-150x150.jpg\" alt=\"DSC_3769_90x90\" width=\"110\" height=\"110\" \/>[\/custom_frame_right]<span style=\"color: #000000;\"><strong>Paula Ode\u00a0<\/strong><\/span>Paula\u00a0studerade till solenergitekniker med biobr\u00e4nslekompetens vid Heta utbildningar i H\u00e4rn\u00f6sand \u00e5ren 2008-10. Hon driver sedan 2013 f\u00f6retaget Baltic Suntech, som erbjuder milj\u00f6v\u00e4nliga och h\u00e5llbara energil\u00f6sningar f\u00f6r framtiden. Paula samarbetar med SOLARier GmbH i \u00d6sterrike, d\u00e4r hon \u00e4ven gjorde sin praktik under utbildningen. Baltic Suntech AB har f\u00e5tt uppdraget att installera solv\u00e4rmeanl\u00e4ggningen i halmbalshuset p\u00e5 Ecotopia.<\/p>\n<p><div class='one_half'>\n\t\t\t\t\t<em>I samverkan med<\/em>\n<img loading=\"lazy\" decoding=\"async\" class=\"alignnone size-full wp-image-4909\" src=\"https:\/\/www.ecotopia.se\/sv\/wp-content\/uploads\/2015\/07\/solarier_logo_web.jpg\" alt=\"solarier_logo_web\" width=\"200\" height=\"162\" \/>\n<img loading=\"lazy\" decoding=\"async\" class=\"alignnone size-full wp-image-4908\" src=\"https:\/\/www.ecotopia.se\/sv\/wp-content\/uploads\/2015\/07\/balticsuntech_web_logo.jpg\" alt=\"balticsuntech_web_logo\" width=\"200\" height=\"100\" \/>\n\t\t\t\t<\/div><br \/>\n<div class='one_half et_column_last'>\n\t\t\t\t\t[message type=&#8221;custom&#8221; width=&#8221;100%&#8221; align=&#8221;center&#8221; start_color=&#8221;#cfecfe&#8221; end_color=&#8221;#bbd6e7&#8243; border=&#8221;#339989&#8243; color=&#8221;#333333&#8243;]Bj\u00f6rn Stensson, Simrishamn, ligger bakom den svenska sj\u00e4lvbyggerir\u00f6relsen f\u00f6r solv\u00e4rme. Tillsammans med n\u00e5gra kollegor utvecklade han i b\u00f6rjan av 1980-talet en enkel men genial solf\u00e5ngare \u2013 LESOL \u2013 som villa\u00e4gare kunde bygga sj\u00e4lva. Konceptet blev framg\u00e5ngsrikt och spreds \u00f6ver landet via\u00a0studiecirklar. Under \u00e5rens lopp har sj\u00e4lvbygget minskat till f\u00f6rm\u00e5n f\u00f6r \u201dtakf\u00e4rdiga\u201d\u00a0<a href=\"http:\/\/www.lesol.se\/produkter\/plana-solfangare-2\/\" target=\"_blank\">solf\u00e5ngare<\/a>. Med denna workshop \u00e5terupplivar vi den svenska solbyggerir\u00f6relsen f\u00f6r solv\u00e4rme. L\u00e4gre priser-gemensam gl\u00e4dje-bra solf\u00e5ngare f\u00f6r sj\u00e4lvbygge h\u00e5ller l\u00e4ngre och \u00e4r av b\u00e4sta kvalitet.[\/message]\n\t\t\t\t<\/div><div class='clear'><\/div><\/p>\n","protected":false},"excerpt":{"rendered":"<p>Vill du delta utan kostnad eller till rabatterat pris? Skicka d\u00e5 in din ans\u00f6kan eller anm\u00e4l dig till en workshop! Nu kan du l\u00e4ra dig att bygga en solf\u00e5ngare sj\u00e4lv, [&hellip;]<\/p>\n","protected":false},"author":3,"featured_media":0,"parent":555,"menu_order":0,"comment_status":"open","ping_status":"closed","template":"","meta":{"_et_pb_use_builder":"","_et_pb_old_content":"","_et_gb_content_width":"","footnotes":""},"class_list":["post-4902","page","type-page","status-publish","hentry"],"_links":{"self":[{"href":"https:\/\/www.ecotopia.se\/sv\/wp-json\/wp\/v2\/pages\/4902","targetHints":{"allow":["GET"]}}],"collection":[{"href":"https:\/\/www.ecotopia.se\/sv\/wp-json\/wp\/v2\/pages"}],"about":[{"href":"https:\/\/www.ecotopia.se\/sv\/wp-json\/wp\/v2\/types\/page"}],"author":[{"embeddable":true,"href":"https:\/\/www.ecotopia.se\/sv\/wp-json\/wp\/v2\/users\/3"}],"replies":[{"embeddable":true,"href":"https:\/\/www.ecotopia.se\/sv\/wp-json\/wp\/v2\/comments?post=4902"}],"version-history":[{"count":37,"href":"https:\/\/www.ecotopia.se\/sv\/wp-json\/wp\/v2\/pages\/4902\/revisions"}],"predecessor-version":[{"id":5120,"href":"https:\/\/www.ecotopia.se\/sv\/wp-json\/wp\/v2\/pages\/4902\/revisions\/5120"}],"up":[{"embeddable":true,"href":"https:\/\/www.ecotopia.se\/sv\/wp-json\/wp\/v2\/pages\/555"}],"wp:attachment":[{"href":"https:\/\/www.ecotopia.se\/sv\/wp-json\/wp\/v2\/media?parent=4902"}],"curies":[{"name":"wp","href":"https:\/\/api.w.org\/{rel}","templated":true}]}}