{"id":4875,"date":"2015-07-28T17:10:27","date_gmt":"2015-07-28T16:10:27","guid":{"rendered":"https:\/\/www.ecotopia.se\/sv\/?page_id=4875"},"modified":"2015-09-24T09:03:49","modified_gmt":"2015-09-24T08:03:49","slug":"avfall-konsumtion-och-hallbar-utveckling_2015","status":"publish","type":"page","link":"https:\/\/www.ecotopia.se\/sv\/kalendarium-arkiv\/avfall-konsumtion-och-hallbar-utveckling_2015\/","title":{"rendered":"Temakv\u00e4ll &#8211; Avfall, konsumtion och h\u00e5llbar utveckling"},"content":{"rendered":"<p><img loading=\"lazy\" decoding=\"async\" class=\"alignnone size-large wp-image-4878\" src=\"https:\/\/www.ecotopia.se\/sv\/wp-content\/uploads\/2015\/07\/header_IMG_1105-920x229.jpg\" alt=\"header_IMG_1105\" width=\"600\" height=\"149\" srcset=\"https:\/\/www.ecotopia.se\/sv\/wp-content\/uploads\/2015\/07\/header_IMG_1105.jpg 920w, https:\/\/www.ecotopia.se\/sv\/wp-content\/uploads\/2015\/07\/header_IMG_1105-600x149.jpg 600w\" sizes=\"(max-width: 600px) 100vw, 600px\" \/><\/p>\n<h3>Om avfallshantering med invigning av milj\u00f6stugan p\u00e5 Ecotopia<\/h3>\n<p>Allt vi producerar och konsumerar blir f\u00f6rr eller senare avfall och m\u00e5ste tas omhand. \u2028Dagens avfallshantering g\u00e5r till stor del ut p\u00e5 att ta tillvara\u00a0resurserna i avfallet s\u00e5 mycket som m\u00f6jligt. \u2028Men det sl\u00e4ngs ocks\u00e5 mer och mer sopor.\u2028 \u00c4ven om vi \u00e4r duktiga p\u00e5 att \u00e5tervinna avfall s\u00e5 \u00e4r det viktigt att minska m\u00e4ngderna. Allt nytt som produceras t\u00e4r p\u00e5 jordens resurser.\u00a0Genom att handla smart och\u00a0t\u00e4nka p\u00e5\u00a0hur vi konsumerar\u00a0kan vi minska m\u00e4ngden avfall. Rustan Nilsson ger oss m\u00e5nga goda r\u00e5d och tips! Denna kv\u00e4ll inviger vi \u00e4ven milj\u00f6stugan p\u00e5 Ecotopia. Detta f\u00f6r att l\u00e4ra oss mer om den praktiska avfallshanteringen.<\/p>\n<p><img loading=\"lazy\" decoding=\"async\" class=\"alignnone size-medium wp-image-4880\" src=\"https:\/\/www.ecotopia.se\/sv\/wp-content\/uploads\/2015\/07\/image004-600x207.jpg\" alt=\"image004\" width=\"600\" height=\"207\" srcset=\"https:\/\/www.ecotopia.se\/sv\/wp-content\/uploads\/2015\/07\/image004-600x207.jpg 600w, https:\/\/www.ecotopia.se\/sv\/wp-content\/uploads\/2015\/07\/image004.jpg 870w\" sizes=\"(max-width: 600px) 100vw, 600px\" \/><\/p>\n<p>[custom_frame_right shadow=&#8221;on&#8221;]<img loading=\"lazy\" decoding=\"async\" class=\"alignnone size-full wp-image-4796\" src=\"https:\/\/www.ecotopia.se\/sv\/wp-content\/uploads\/2015\/07\/rustan_nilsson.png\" alt=\"DSC_3769_90x90\" width=\"90\" height=\"90\" \/>[\/custom_frame_right]Rustan Nilsson arbetar som milj\u00f6pedagog p\u00e5 Sysav och h\u00e5ller inspirationsf\u00f6rel\u00e4sningar kring temat \u201dAvfall, konsumtion och h\u00e5llbar utveckling\u201d.<\/p>\n<p><strong>N\u00e4r:<\/strong>\u00a0Torsdagen den 17 september 2015 kl. 18.30 &#8211; ca. 21<\/p>\n<p><strong>Intr\u00e4de:<\/strong> 100:-<\/p>\n<p><strong>Ekofik:<\/strong> \u00d6ppet innan f\u00f6rel\u00e4sningen och under pausen<\/p>\n<p><strong>Mer info:<\/strong> <a href=\"https:\/\/www.ecotopia.se\/sv\/kontakt\/\">Skriv till<\/a> eller ring 0417-23034.<\/p>\n<p><em>I samverkan med<\/em><br \/>\n<a href=\"http:\/\/www.sysav.se\/Privat\/\" target=\"_blank\"><img loading=\"lazy\" decoding=\"async\" class=\"alignnone size-full wp-image-4881\" src=\"https:\/\/www.ecotopia.se\/sv\/wp-content\/uploads\/2015\/07\/sysavlogo.gif\" alt=\"sysavlogo\" width=\"139\" height=\"58\" \/><\/a><\/p>\n","protected":false},"excerpt":{"rendered":"<p>Om avfallshantering med invigning av milj\u00f6stugan p\u00e5 Ecotopia Allt vi producerar och konsumerar blir f\u00f6rr eller senare avfall och m\u00e5ste tas omhand. \u2028Dagens avfallshantering g\u00e5r till stor del ut p\u00e5 [&hellip;]<\/p>\n","protected":false},"author":3,"featured_media":0,"parent":555,"menu_order":0,"comment_status":"open","ping_status":"closed","template":"","meta":{"_et_pb_use_builder":"","_et_pb_old_content":"","_et_gb_content_width":"","footnotes":""},"class_list":["post-4875","page","type-page","status-publish","hentry"],"_links":{"self":[{"href":"https:\/\/www.ecotopia.se\/sv\/wp-json\/wp\/v2\/pages\/4875","targetHints":{"allow":["GET"]}}],"collection":[{"href":"https:\/\/www.ecotopia.se\/sv\/wp-json\/wp\/v2\/pages"}],"about":[{"href":"https:\/\/www.ecotopia.se\/sv\/wp-json\/wp\/v2\/types\/page"}],"author":[{"embeddable":true,"href":"https:\/\/www.ecotopia.se\/sv\/wp-json\/wp\/v2\/users\/3"}],"replies":[{"embeddable":true,"href":"https:\/\/www.ecotopia.se\/sv\/wp-json\/wp\/v2\/comments?post=4875"}],"version-history":[{"count":5,"href":"https:\/\/www.ecotopia.se\/sv\/wp-json\/wp\/v2\/pages\/4875\/revisions"}],"predecessor-version":[{"id":4966,"href":"https:\/\/www.ecotopia.se\/sv\/wp-json\/wp\/v2\/pages\/4875\/revisions\/4966"}],"up":[{"embeddable":true,"href":"https:\/\/www.ecotopia.se\/sv\/wp-json\/wp\/v2\/pages\/555"}],"wp:attachment":[{"href":"https:\/\/www.ecotopia.se\/sv\/wp-json\/wp\/v2\/media?parent=4875"}],"curies":[{"name":"wp","href":"https:\/\/api.w.org\/{rel}","templated":true}]}}