{"id":4844,"date":"2015-07-28T12:30:29","date_gmt":"2015-07-28T11:30:29","guid":{"rendered":"https:\/\/www.ecotopia.se\/sv\/?page_id=4844"},"modified":"2015-10-12T17:15:17","modified_gmt":"2015-10-12T16:15:17","slug":"temakvall-varfor-ekologiskt-ar-sa-viktigt","status":"publish","type":"page","link":"https:\/\/www.ecotopia.se\/sv\/kalendarium-arkiv\/temakvall-varfor-ekologiskt-ar-sa-viktigt\/","title":{"rendered":"Temakv\u00e4ll &#8211; Varf\u00f6r \u201dekologiskt\u201d \u00e4r s\u00e5 viktigt"},"content":{"rendered":"<p><a href=\"https:\/\/www.ecotopia.se\/sv\/wp-content\/uploads\/2013\/12\/rawfoodheader.jpg\"><img loading=\"lazy\" decoding=\"async\" class=\"alignright size-full wp-image-2330\" src=\"https:\/\/www.ecotopia.se\/sv\/wp-content\/uploads\/2013\/12\/rawfoodheader.jpg\" alt=\"rawfoodheader\" width=\"600\" height=\"145\" \/><\/a><\/p>\n<p><strong>Datum:<\/strong> 9 oktober 2015<\/p>\n<p><strong> Tid:<\/strong> 18.30 &#8211; ca 21:00<\/p>\n<p>Ett f\u00f6redrag om varf\u00f6r ekologiska gr\u00f6nsaker b\u00e5de \u00e4r mer n\u00e4ringsrika och egentligen ocks\u00e5 billigare \u00e4n konventionellt odlade och varf\u00f6r ekologisk odling \u00e4r den enda l\u00f6sningen f\u00f6r att r\u00e4dda v\u00e5r planet. F\u00f6redraget handlar ocks\u00e5 om symbiosen mellan bakterier och v\u00e4xter och mellan bakterier och oss m\u00e4nniskor. Allt i ett fascinerande samspel som naturen skapat under \u00e5rmiljoner. Och som vi i ekologisk odling f\u00f6rs\u00f6ker efterlikna i st\u00e4llet f\u00f6r att odla med konstg\u00f6dsel och gifter. Hur vi tar hj\u00e4lp av naturen f\u00f6r att f\u00f6da v\u00e5ra plantor i st\u00e4llet f\u00f6r att producera dyr konstg\u00f6dsel med hj\u00e4lp av fossil energi.<\/p>\n<p><strong><a href=\"https:\/\/www.ecotopia.se\/sv\/wp-content\/uploads\/2014\/01\/wikstrom150x150.png\"><img loading=\"lazy\" decoding=\"async\" class=\"size-thumbnail wp-image-766 alignright\" src=\"https:\/\/www.ecotopia.se\/sv\/wp-content\/uploads\/2014\/01\/wikstrom150x150.png\" alt=\"\" width=\"130\" height=\"130\" \/><\/a>F\u00f6rel\u00e4sare:<\/strong> \u00c5ke Wikstr\u00f6m brinner f\u00f6r fr\u00e5gor kring h\u00e4lsa, ekologisk odling och milj\u00f6. Han har 40 \u00e5rs erfarenhet av ekologisk odling. \u00c5ke driver f\u00f6retaget\u00a0H\u00e5llbar H\u00e4lsa, ett projekt inom ekologi, permakultur och h\u00e5llbar utveckling. H\u00e4r driver han en 10 000 kvadratmeter stor ekologisk tr\u00e4dg\u00e5rd, g\u00e5rdsbutik och caf\u00e9, levererar ekol\u00e5dor, erbjuder tr\u00e4dg\u00e5rdsvandringar och h\u00e5ller kurser. Detta tillsammans med sin fru Tingting.<\/p>\n<p><strong>Intr\u00e4de:<\/strong> 100:- (ingen anm\u00e4lan). Fritt intr\u00e4de inkl. fika f\u00f6r <a href=\"https:\/\/www.ecotopia.se\/sv\/kalendarium-2015\/odla-skorda-och-njut_2015\/\">kursdeltagare<\/a>.<\/p>\n<p><strong>Ekofik:<\/strong> \u00d6ppet innan f\u00f6redraget och under pausen<\/p>\n<p>Mer info: <a href=\"https:\/\/www.ecotopia.se\/sv\/kontakt\/\">Skriv till oss<\/a> eller ring 0417-23034. Mer info om H\u00e5llbar H\u00e4lsa hittar du p\u00e5 <a href=\"http:\/\/www.hallbarhalsa.nu\" target=\"_blank\">www.hallbarhalsa.nu<\/a>.<\/p>\n<p><img loading=\"lazy\" decoding=\"async\" class=\"size-full wp-image-2328 aligncenter\" src=\"https:\/\/www.ecotopia.se\/sv\/wp-content\/uploads\/2013\/12\/Sk\u00e4rmavbild-2013-12-09-kl.-13.45.13.png\" alt=\"Sk\u00e4rmavbild 2013-12-09 kl. 13.45.13\" width=\"311\" height=\"177\" \/><\/p>\n","protected":false},"excerpt":{"rendered":"<p>Datum: 9 oktober 2015 Tid: 18.30 &#8211; ca 21:00 Ett f\u00f6redrag om varf\u00f6r ekologiska gr\u00f6nsaker b\u00e5de \u00e4r mer n\u00e4ringsrika och egentligen ocks\u00e5 billigare \u00e4n konventionellt odlade och varf\u00f6r ekologisk odling [&hellip;]<\/p>\n","protected":false},"author":3,"featured_media":0,"parent":555,"menu_order":0,"comment_status":"open","ping_status":"closed","template":"","meta":{"_et_pb_use_builder":"","_et_pb_old_content":"","_et_gb_content_width":"","footnotes":""},"class_list":["post-4844","page","type-page","status-publish","hentry"],"_links":{"self":[{"href":"https:\/\/www.ecotopia.se\/sv\/wp-json\/wp\/v2\/pages\/4844","targetHints":{"allow":["GET"]}}],"collection":[{"href":"https:\/\/www.ecotopia.se\/sv\/wp-json\/wp\/v2\/pages"}],"about":[{"href":"https:\/\/www.ecotopia.se\/sv\/wp-json\/wp\/v2\/types\/page"}],"author":[{"embeddable":true,"href":"https:\/\/www.ecotopia.se\/sv\/wp-json\/wp\/v2\/users\/3"}],"replies":[{"embeddable":true,"href":"https:\/\/www.ecotopia.se\/sv\/wp-json\/wp\/v2\/comments?post=4844"}],"version-history":[{"count":5,"href":"https:\/\/www.ecotopia.se\/sv\/wp-json\/wp\/v2\/pages\/4844\/revisions"}],"predecessor-version":[{"id":4849,"href":"https:\/\/www.ecotopia.se\/sv\/wp-json\/wp\/v2\/pages\/4844\/revisions\/4849"}],"up":[{"embeddable":true,"href":"https:\/\/www.ecotopia.se\/sv\/wp-json\/wp\/v2\/pages\/555"}],"wp:attachment":[{"href":"https:\/\/www.ecotopia.se\/sv\/wp-json\/wp\/v2\/media?parent=4844"}],"curies":[{"name":"wp","href":"https:\/\/api.w.org\/{rel}","templated":true}]}}