{"id":4827,"date":"2015-07-27T12:27:49","date_gmt":"2015-07-27T11:27:49","guid":{"rendered":"https:\/\/www.ecotopia.se\/sv\/?page_id=4827"},"modified":"2015-10-12T17:17:32","modified_gmt":"2015-10-12T16:17:32","slug":"odla-skorda-och-njut_2015","status":"publish","type":"page","link":"https:\/\/www.ecotopia.se\/sv\/kalendarium-arkiv\/odla-skorda-och-njut_2015\/","title":{"rendered":"Kurs &#8211; Odla, sk\u00f6rda och njut"},"content":{"rendered":"<h1><a href=\"https:\/\/www.ecotopia.se\/sv\/wp-content\/uploads\/2014\/01\/odlingskursheader.jpg\"><img loading=\"lazy\" decoding=\"async\" class=\"alignnone size-full wp-image-2664\" src=\"https:\/\/www.ecotopia.se\/sv\/wp-content\/uploads\/2014\/01\/odlingskursheader.jpg\" alt=\"odlingskursheader\" width=\"600\" height=\"150\" \/><\/a><\/h1>\n<h1><span style=\"color: #99cc00;\"><strong>Allt f\u00f6r en b\u00e4ttre h\u00e4lsa<\/strong><\/span><\/h1>\n<p><strong>Datum:<\/strong>\u00a09-11 oktober 2015<\/p>\n<p>En kurs om ekologisk odling, sk\u00f6rd och f\u00f6rvaring och samtidigt en kurs om raw food och maten som Din medicin. En kurs om hur mikrolivet i jorden \u00e4r en f\u00f6ruts\u00e4ttning f\u00f6r n\u00e4ringsrika gr\u00f6nsaker och hur mikrolivet i dina tarmar \u00e4r en f\u00f6ruts\u00e4ttning f\u00f6r optimal h\u00e4lsa. Allt bygger p\u00e5 denna symbios. I kursen l\u00e4r du dig ocks\u00e5 att mj\u00f6lksyra, f\u00f6r att kunna f\u00e5 i dig alla dessa nyttiga bakterier. Och du f\u00e5r en djupare f\u00f6rst\u00e5else varf\u00f6r b\u00e5de ekologisk odling och ett \u00f6kat intag av r\u00e5 mat \u00e4r svaret p\u00e5 m\u00e5nga av de problem som v\u00e5r planet och vi som individer m\u00f6ter idag.<\/p>\n<p><strong>Kursledare \u00e4r \u00c5ke Wikstr\u00f6m<\/strong>, som har 40 \u00e5rs erfarenhet av ekologisk odling och idag driver f\u00f6retaget H\u00e5llbar H\u00e4lsa. Han har under m\u00e5nga \u00e5r h\u00e5llit uppskattade kurser b\u00e5de om ekologisk odling och om raw food och h\u00e4lsa. S\u00e5 h\u00e4r s\u00e4ger n\u00e5gra av tidigare deltagare:<\/p>\n<p><em>\u201dOtroligt inspirerande och l\u00e4rorikt. \u00c5kes kunskaper \u00e4r enormt imponerande.\u201d<br \/>\n\u201dFantastiskt kurs. Skapar intresse och inspiration att bygga vidare p\u00e5.\u201d<br \/>\n\u201d\u00c5ke vet vad han pratar om. Superinspirerande kurs.\u201d<br \/>\n&#8220;Tack f\u00f6r en underbart berikande dag! Inspirationen bara fl\u00f6dar.&#8221;<\/em><\/p>\n<p><strong>Kursen v\u00e4nder sig b\u00e5de till<\/strong> dig som vill l\u00e4ra dig att odla i det lilla formatet och till dig som vill l\u00e4ra dig mer om raw food och hur du kan l\u00e5ta maten vara din medicin. Om du sedan odlar en del av din mat, \u00e4r det naturligtvis \u00e4nnu b\u00e4ttre.<\/p>\n<p>Kursen <a href=\"https:\/\/www.ecotopia.se\/sv\/kalendarium-2015\/temakvall-varfor-ekologiskt-ar-sa-viktigt\/\">b\u00f6rjar med en \u00f6ppen kv\u00e4ll<\/a> med temat:<\/p>\n<p><strong>Varf\u00f6r \u201dekologiskt\u201d \u00e4r s\u00e5 viktigt <\/strong><br \/>\nEtt f\u00f6redrag om varf\u00f6r ekologiska gr\u00f6nsaker b\u00e5de \u00e4r mer n\u00e4ringsrika och egentligen ocks\u00e5 billigare \u00e4n konventionellt odlade och varf\u00f6r ekologisk odling \u00e4r den enda l\u00f6sningen f\u00f6r att r\u00e4dda v\u00e5r planet. F\u00f6redraget handlar ocks\u00e5 om symbiosen mellan bakterier och v\u00e4xter och mellan bakterier och oss m\u00e4nniskor. Allt i ett fascinerande samspel som naturen skapat under \u00e5rmiljoner. Och som vi i ekologisk odling f\u00f6rs\u00f6ker efterlikna i st\u00e4llet f\u00f6r att odla med konstg\u00f6dsel och gifter. Hur vi tar hj\u00e4lp av naturen f\u00f6r att f\u00f6da v\u00e5ra plantor i st\u00e4llet f\u00f6r att producera dyr konstg\u00f6dsel med hj\u00e4lp av fossil energi.<\/p>\n<p>F\u00f6ljande moment ing\u00e5r i kursen:<\/p>\n<p><strong>Del 1. Ekologisk odling i det lilla formatet<\/strong><br \/>\n&#8211; Jordens beskaffenhet och mikrolivets betydelse f\u00f6r odlingen<br \/>\n&#8211; Varf\u00f6r en levande jord ger levande plantor, som ger friska m\u00e4nniskor<br \/>\n&#8211; Metoder f\u00f6r att h\u00e5lla jorden frisk och h\u00f6gavkastande<br \/>\n&#8211; Varf\u00f6r odling med konstg\u00f6dning och gifter inte kan fungera i l\u00e4ngden<br \/>\n&#8211; Konsten att dra upp plantor<br \/>\n&#8211; Att bereda och g\u00f6dsla jorden p\u00e5 r\u00e4tt s\u00e4tt<br \/>\n&#8211; Anv\u00e4ndning av organisk material, kompost, stenmj\u00f6l och algmj\u00f6l<br \/>\n&#8211; Odling i pallkrage<br \/>\n&#8211; Markt\u00e4ckning &#8211; f\u00f6r- och nackdelar<br \/>\n&#8211; Att l\u00e4gga en kompost<br \/>\n&#8211; S\u00e5dd och utplantering<br \/>\n&#8211; Att rensa ogr\u00e4s och att slippa ogr\u00e4s.<br \/>\n&#8211; Bek\u00e4mpning av angripare som k\u00e5lfj\u00e4ril, sniglar, sorkar etc<br \/>\n&#8211; Samodling och gr\u00f6ng\u00f6dsling. F\u00e5nggr\u00f6dor.<br \/>\n&#8211; Sk\u00f6rd och f\u00f6rvaring s\u00e5som torkning, frysning, syrning och jordk\u00e4llare<br \/>\n&#8211; Demonstration av hur man syrar gr\u00f6nsaker<\/p>\n<p><strong>Del 2. Raw food och h\u00e4lsa \u2013 L\u00e5t maten vara Din medicin<\/strong><br \/>\n&#8211; Skall vi \u00e4ta r\u00e5 eller kokt mat, vegetabiliskt eller animaliskt<br \/>\n&#8211; Hur p\u00e5verkas vi av all industrimat.<br \/>\n&#8211; Hur uppkommer sjukdom<br \/>\n&#8211; Hur kan vi anv\u00e4nda maten f\u00f6r att leva ett l\u00e5ngt, friskt liv<br \/>\n&#8211; F\u00f6rdelarna med att \u00e4ta mycket levande f\u00f6da<br \/>\n&#8211; Hur man g\u00f6r gr\u00f6na smoothies och juicer<br \/>\n&#8211; Raw food och levande f\u00f6da i praktiken<br \/>\n&#8211; Biofotoner och matens inneh\u00e5ll av livsenergi<br \/>\n&#8211; Enzymernas funktion<br \/>\n&#8211; Syra-bas balansen<br \/>\n&#8211; Fria radikaler och antioxidanter<br \/>\n&#8211; Bra och d\u00e5liga fetter<br \/>\n&#8211; Hur man groddar och spirar<\/p>\n<p><strong>Kursen syftar till<\/strong> att ge dig en f\u00f6rst\u00e5else b\u00e5de f\u00f6r hur ekologisk odling fungerar och varf\u00f6r mycket r\u00e5 mat i din kost ger dig b\u00e4ttre h\u00e4lsa, s\u00e5 att du f\u00e5r en grund att st\u00e5 p\u00e5. I kursen ing\u00e5r ocks\u00e5 flera praktiska moment, s\u00e5 att du kan s\u00e4tta ig\u00e5ng direkt n\u00e4r du kommer hem.<\/p>\n<p><a href=\"https:\/\/www.ecotopia.se\/sv\/wp-content\/uploads\/2013\/12\/rawfoodheader.jpg\"><img loading=\"lazy\" decoding=\"async\" class=\"alignnone size-full wp-image-2330\" src=\"https:\/\/www.ecotopia.se\/sv\/wp-content\/uploads\/2013\/12\/rawfoodheader.jpg\" alt=\"rawfoodheader\" width=\"600\" height=\"145\" \/><\/a><\/p>\n<p><strong>Datum:<\/strong>\u00a0Fredag 9-11 oktober 2015<\/p>\n<p><strong>Tid:<\/strong>\u00a0Fre 18.30-21, l\u00f6r 9.30-17 och s\u00f6n 9.30-15.30<\/p>\n<p><strong>[custom_frame_right shadow=&#8221;on&#8221;]<img loading=\"lazy\" decoding=\"async\" src=\"https:\/\/www.ecotopia.se\/sv\/wp-content\/uploads\/2014\/01\/wikstrom150x150.png\" alt=\"\" width=\"150\" height=\"150\" \/>[\/custom_frame_right]Kursledare:<\/strong>\u00a0\u00c5ke Wikstr\u00f6m brinner f\u00f6r fr\u00e5gor kring h\u00e4lsa, ekologisk odling och milj\u00f6. Han har 40 \u00e5rs erfarenhet av ekologisk odling. \u00c5ke var f\u00f6rst mycket aktiv inom f\u00f6rbundet f\u00f6r Organisk-Biologisk odling. Senare har han varit eldsj\u00e4len bakom ett meditationscenter och uppbyggnaden av H\u00e4llungen Kursg\u00e5rd (idag Solh\u00e4lla). Nu driver han f\u00f6retaget\u00a0<a href=\"http:\/\/www.hallbarhalsa.nu\/\" target=\"_blank\">H\u00e5llbar H\u00e4lsa<\/a>, ett projekt inom ekologi, permakultur och h\u00e5llbar utveckling. H\u00e4r driver han en 10 000 kvadratmeter stor ekologisk tr\u00e4dg\u00e5rd, g\u00e5rdsbutik och caf\u00e9, levererar ekol\u00e5dor, erbjuder tr\u00e4dg\u00e5rdsvandringar och h\u00e5ller kurser. Detta tillsammans med sin fru Tingting.<\/p>\n<p><b>Kurskostnader (inkl 25% moms) per person inkl. vegetariska m\u00e5ltider och fika:\u00a0<\/b><\/p>\n<ul>\n<li>A. Utan boende 2250:-<\/li>\n<li>B. Med boende i eget t\u00e4lt p\u00e5 Ecotopia 2300:-<\/li>\n<li>C. Med boende i ekostuga\/dubbelrum med servicehus 2600:-<\/li>\n<li>D. Med boende i ekostuga\/gruppboende (max 4 pers) med eget k\u00f6k, wc o dusch 2700:-<\/li>\n<\/ul>\n<p><b>Rabatt <\/b>f\u00f6r studenter och pension\u00e4rer: 350:- (1 person)<\/p>\n<p><strong>Plats:<\/strong> Ecotopia<\/p>\n<p><b>Kursintyg <\/b>erh\u00e5lles<b>\u00a0<\/b><\/p>\n<p><b>Sista anm\u00e4lningsdag: <\/b>1\u00a0oktober 2015<\/p>\n<p><strong>Mer information:<\/strong> <a href=\"https:\/\/www.ecotopia.se\/sv\/kontakt\/\">Skriv till oss<\/a> eller ring 0417-23034. Vill du veta mer om kursen f\u00e5r du g\u00e4rna ringa till \u00c5ke p\u00e5 0706 \u2013 005 068 eller maila till jawikstrom@yahoo.se. Mer info om H\u00e5llbar H\u00e4lsa hittar du p\u00e5 <a href=\"http:\/\/www.hallbarhalsa.nu\">www.hallbarhalsa.nu<\/a>.<\/p>\n","protected":false},"excerpt":{"rendered":"<p>Allt f\u00f6r en b\u00e4ttre h\u00e4lsa Datum:\u00a09-11 oktober 2015 En kurs om ekologisk odling, sk\u00f6rd och f\u00f6rvaring och samtidigt en kurs om raw food och maten som Din medicin. En kurs [&hellip;]<\/p>\n","protected":false},"author":3,"featured_media":0,"parent":555,"menu_order":0,"comment_status":"open","ping_status":"closed","template":"","meta":{"_et_pb_use_builder":"","_et_pb_old_content":"","_et_gb_content_width":"","footnotes":""},"class_list":["post-4827","page","type-page","status-publish","hentry"],"_links":{"self":[{"href":"https:\/\/www.ecotopia.se\/sv\/wp-json\/wp\/v2\/pages\/4827","targetHints":{"allow":["GET"]}}],"collection":[{"href":"https:\/\/www.ecotopia.se\/sv\/wp-json\/wp\/v2\/pages"}],"about":[{"href":"https:\/\/www.ecotopia.se\/sv\/wp-json\/wp\/v2\/types\/page"}],"author":[{"embeddable":true,"href":"https:\/\/www.ecotopia.se\/sv\/wp-json\/wp\/v2\/users\/3"}],"replies":[{"embeddable":true,"href":"https:\/\/www.ecotopia.se\/sv\/wp-json\/wp\/v2\/comments?post=4827"}],"version-history":[{"count":12,"href":"https:\/\/www.ecotopia.se\/sv\/wp-json\/wp\/v2\/pages\/4827\/revisions"}],"predecessor-version":[{"id":5097,"href":"https:\/\/www.ecotopia.se\/sv\/wp-json\/wp\/v2\/pages\/4827\/revisions\/5097"}],"up":[{"embeddable":true,"href":"https:\/\/www.ecotopia.se\/sv\/wp-json\/wp\/v2\/pages\/555"}],"wp:attachment":[{"href":"https:\/\/www.ecotopia.se\/sv\/wp-json\/wp\/v2\/media?parent=4827"}],"curies":[{"name":"wp","href":"https:\/\/api.w.org\/{rel}","templated":true}]}}