{"id":4634,"date":"2015-04-01T17:45:23","date_gmt":"2015-04-01T16:45:23","guid":{"rendered":"https:\/\/www.ecotopia.se\/sv\/?page_id=4634"},"modified":"2015-04-01T18:07:47","modified_gmt":"2015-04-01T17:07:47","slug":"temakvall-mitt-halmbalshus","status":"publish","type":"page","link":"https:\/\/www.ecotopia.se\/sv\/kalendarium-2015\/temakvall-mitt-halmbalshus\/","title":{"rendered":"Temakv\u00e4ll Mitt halmbalshus"},"content":{"rendered":"<p><img loading=\"lazy\" decoding=\"async\" src=\"https:\/\/www.ecotopia.se\/sv\/wp-content\/uploads\/2015\/04\/header_temakvall_halmbalshus_2015-600x152.jpg\" alt=\"header_temakvall_halmbalshus_2015\" width=\"600\" height=\"152\" class=\"alignnone size-medium wp-image-4639\" srcset=\"https:\/\/www.ecotopia.se\/sv\/wp-content\/uploads\/2015\/04\/header_temakvall_halmbalshus_2015-600x152.jpg 600w, https:\/\/www.ecotopia.se\/sv\/wp-content\/uploads\/2015\/04\/header_temakvall_halmbalshus_2015-920x233.jpg 920w\" sizes=\"(max-width: 600px) 100vw, 600px\" \/><\/p>\n<h3>Sj\u00e4lvbygge \u2013 V\u00e5rt halmhusprojekt<\/h3>\n<p>Marcus och Christine presenterar sitt halmbalshusprojekt. Deras f\u00f6redrag med titeln \u201dHalmfrid-Om v\u00e4gen till v\u00e5rt halmbalshus\u201d handlar om planering med och utan arkitekt, bygglov och byggstart f\u00f6r ett halmbalshusprojekt i Alings\u00e5s kommun. Kursdeltagarna f\u00e5r f\u00f6lja deras v\u00e4g fr\u00e5n det f\u00f6rsta \u201dgyttjiga spadtaget i \u00f6sregn\u201d fram till idag med ett flertal workshops dvs. mycket \u201dhands-on\u201d st\u00f6d utifr\u00e5n. De delar \u00e4ven med sig av alla de erfarenheter de f\u00e5tt l\u00e4ngs v\u00e4gen \u2013 en sp\u00e4nnande och l\u00e4rorik resa.<\/p>\n<p>[custom_frame_right shadow=&#8221;on&#8221;]<img loading=\"lazy\" decoding=\"async\" class=\"alignnone size-thumbnail wp-image-4328\" src=\"https:\/\/www.ecotopia.se\/sv\/wp-content\/uploads\/2015\/01\/pc3a5-oss-150x150.jpg\" alt=\"pc3a5-oss\" width=\"100\" height=\"100\" srcset=\"https:\/\/www.ecotopia.se\/sv\/wp-content\/uploads\/2015\/01\/pc3a5-oss-150x150.jpg 150w, https:\/\/www.ecotopia.se\/sv\/wp-content\/uploads\/2015\/01\/pc3a5-oss.jpg 226w\" sizes=\"(max-width: 100px) 100vw, 100px\" \/>[\/custom_frame_right]<strong>Marcus och Christine Anveg\u00e5rd<\/strong>, sj\u00e4lvbyggare. Marcus \u00e4r inredningsmont\u00f6ren som genom att uppt\u00e4cka jordskeppet och m\u00f6jligheten att bygga sj\u00e4lv best\u00e4mde sig f\u00f6r att utbilda sig i &#8220;B\u00e4rkraftigt byggande och boende&#8221; p\u00e5 H\u00f6gskolan i Dalarna. Denna utbildning h\u00f6jde standarden p\u00e5 halmbalshuset avsev\u00e4rt, menar han. Detta tillsammans med Christine som arbetar i en milj\u00f6organisation (MKG), som bevakar k\u00e4rnkraftsindustrins planer p\u00e5 ett slutf\u00f6rvar f\u00f6r k\u00e4rnavfall. Marcus och Christine fattar m\u00e5nga beslut i sitt husbygge och alla beslut v\u00e4gs huruvida milj\u00f6v\u00e4nliga, praktiska, estetiska och ekonomiska dom \u00e4r. Christine och Marcus har delat upp arbetsuppgifter mellan sig, efter vad dom \u00e4r bra p\u00e5 och tycker \u00e4r kul. Marcus arbetar mer praktiskt p\u00e5 bygget och Christine ansvarar f\u00f6r husets estetisk och f\u00e4rg och pappersarbete, men mycket g\u00f6rs \u00e4nd\u00e5 gemensamt. Paret har ordnat workshops i halmbalning och lera och fler workshops kommer det att bli. Kommunikationen sker via bloggen och Instagram.\u00a0<a href=\"https:\/\/halmfrid.wordpress.com\/\" target=\"_blank\">H\u00e4r kan du l\u00e4sa mer<\/a>\u00a0eller @halmfrid p\u00e5 Instagram.<\/p>\n<p><strong>Ekofik:<\/strong> Kv\u00e4llens vegetariska soppa och rawfoodkakor erbjuds innan temakv\u00e4llen b\u00f6rjar och i pausen.<br \/>\n<strong>Tid:<\/strong>\u00a0Torsdagen den 14 maj 2015 kl. 18.30-21<br \/>\n<strong>Intr\u00e4de:<\/strong>\u00a0100:-<br \/>\n<strong>Plats:<\/strong>\u00a0Ecotopia<\/p>\n","protected":false},"excerpt":{"rendered":"<p>Sj\u00e4lvbygge \u2013 V\u00e5rt halmhusprojekt Marcus och Christine presenterar sitt halmbalshusprojekt. Deras f\u00f6redrag med titeln \u201dHalmfrid-Om v\u00e4gen till v\u00e5rt halmbalshus\u201d handlar om planering med och utan arkitekt, bygglov och byggstart f\u00f6r [&hellip;]<\/p>\n","protected":false},"author":3,"featured_media":0,"parent":217,"menu_order":0,"comment_status":"open","ping_status":"closed","template":"","meta":{"_et_pb_use_builder":"","_et_pb_old_content":"","_et_gb_content_width":"","footnotes":""},"class_list":["post-4634","page","type-page","status-publish","hentry"],"_links":{"self":[{"href":"https:\/\/www.ecotopia.se\/sv\/wp-json\/wp\/v2\/pages\/4634","targetHints":{"allow":["GET"]}}],"collection":[{"href":"https:\/\/www.ecotopia.se\/sv\/wp-json\/wp\/v2\/pages"}],"about":[{"href":"https:\/\/www.ecotopia.se\/sv\/wp-json\/wp\/v2\/types\/page"}],"author":[{"embeddable":true,"href":"https:\/\/www.ecotopia.se\/sv\/wp-json\/wp\/v2\/users\/3"}],"replies":[{"embeddable":true,"href":"https:\/\/www.ecotopia.se\/sv\/wp-json\/wp\/v2\/comments?post=4634"}],"version-history":[{"count":4,"href":"https:\/\/www.ecotopia.se\/sv\/wp-json\/wp\/v2\/pages\/4634\/revisions"}],"predecessor-version":[{"id":4640,"href":"https:\/\/www.ecotopia.se\/sv\/wp-json\/wp\/v2\/pages\/4634\/revisions\/4640"}],"up":[{"embeddable":true,"href":"https:\/\/www.ecotopia.se\/sv\/wp-json\/wp\/v2\/pages\/217"}],"wp:attachment":[{"href":"https:\/\/www.ecotopia.se\/sv\/wp-json\/wp\/v2\/media?parent=4634"}],"curies":[{"name":"wp","href":"https:\/\/api.w.org\/{rel}","templated":true}]}}