{"id":46,"date":"2013-01-09T19:08:04","date_gmt":"2013-01-09T18:08:04","guid":{"rendered":"https:\/\/www.ecotopia.se\/sv\/?page_id=46"},"modified":"2018-11-20T17:25:40","modified_gmt":"2018-11-20T16:25:40","slug":"samverkan","status":"publish","type":"page","link":"https:\/\/www.ecotopia.se\/sv\/om-ecotopia\/samverkan\/","title":{"rendered":"Eko p\u00e5 \u00d6sterlen"},"content":{"rendered":"<p>Ecotopia ligger p\u00e5 \u00d6sterlen. P\u00e5 \u00d6sterlen (och i dess n\u00e4romr\u00e5de) finns m\u00e5nga h\u00e4ngina och milj\u00f6v\u00e4nliga \u00e4ven kravcertifierade entrepren\u00f6rer som vi g\u00e4rna rekommenderar:<\/p>\n<p><a href=\"http:\/\/mandelmann.se\/\">Mandelmanns tr\u00e4dg\u00e5rdar<\/a><\/p>\n<p><a href=\"http:\/\/ninnistradgard.blogspot.se\/\">Ninnis Tr\u00e4dg\u00e5rd, gr\u00f6nsaksf\u00f6rs\u00e4ljning i Ekobyn Baskem\u00f6lla<\/a><\/p>\n<p><a href=\"http:\/\/xn--rrumsro-90a.se\/\">R\u00f6rumsro frukt och must<\/a><\/p>\n<p><a href=\"https:\/\/www.facebook.com\/Kaf%C3%A9-Helsa-p%C3%A5-172875676329\/\">Helsa p\u00e5 caf\u00e9 i Ystad<\/a><\/p>\n<p><a href=\"http:\/\/www.osterlenkryddor.se\/\">\u00d6sterlenkryddor<\/a><\/p>\n<p><a href=\"https:\/\/sv-se.facebook.com\/Bertil-i-B%C3%A4stekille-307426942720681\/\">Bertil i B\u00e4stekille, bod med gr\u00f6nsaker<\/a><\/p>\n<p><a href=\"http:\/\/www.lonshult.se\/\">Ullmarka g\u00e5rd i L\u00f6nshult<\/a><\/p>\n<p><a href=\"http:\/\/www.kinbageri.se\/\">KIN bageri i \u00d6 Vemmerl\u00f6v och Simrishamn<\/a><\/p>\n<p><a href=\"http:\/\/www.gardsnara.se\/skane\/ekogarden\">Ekog\u00e5rden i Skr\u00e4ddar\u00f6d<\/a><\/p>\n<p><a href=\"https:\/\/www.facebook.com\/H%C3%A4lsans-ekohandel-684838631626763\/\">H\u00e4lsans Ekoaff\u00e4r i Simrishamn<\/a><\/p>\n<p><a href=\"http:\/\/www.mossagarden.se\/\">Mossag\u00e5rden \u2013 Ekologisk n\u00e4thandel och g\u00e5rdbutik<\/a><\/p>\n<p><a href=\"http:\/\/www.dalangarna.se\/blogg\/\">Dal\u00e4ngarna, stenugnsbageri i Mellby<\/a><\/p>\n<p><a href=\"http:\/\/livstradgarden.se\/\">Livstr\u00e4dg\u00e5rden i Mellby<\/a><\/p>\n<p><a href=\"http:\/\/linasochbinas.se\/gardsbutik-och-bisafari\">Linas och binas, g\u00e5rdsbutik i Sillar\u00f6d<\/a><\/p>\n<p><a href=\"http:\/\/www.mossagarden.se\/index.php?id=307\">Agriborg, g\u00e5rdbutik i Hedeberga<\/a><\/p>\n<p><a href=\"http:\/\/www.appleboda.se\/\">\u00c4ppelboda, butiksbod i Mellby<\/a><\/p>\n<p><a href=\"http:\/\/www.ekologisk-mat.se\/linkDetail.aspx?ID=1276\">Soltr\u00e4dg\u00e5rdar<\/a><\/p>\n<p><a href=\"http:\/\/pomonadalen.se\/\">Pomonadalen<\/a><\/p>\n<p><a href=\"http:\/\/www.gronagudinnan.se\/?page_id=70\">Gr\u00f6na gudinna i Simrishamn, ekobutik och behandlingar\u00a0<\/a><\/p>\n<p><a href=\"https:\/\/sv-se.facebook.com\/Leksunt\">Leksunt, ekologiska leksaker mm i G\u00e4rsn\u00e4s<\/a><\/p>\n<p><a href=\"http:\/\/www.lindbloms.se\/\">Lindbloms fr\u00f6, uts\u00e4de f\u00f6r ekologisk odling\u00a0<\/a><\/p>\n<p><a href=\"https:\/\/www.facebook.com\/J%C3%A4gm%C3%A4starbost%C3%A4llet-Bed-Yoga-Breakfast-1654965404734722\/\">J\u00e4gm\u00e4starbost\u00e4llet Bed Yoga &amp; breakfast<\/a><\/p>\n<p><a href=\"http:\/\/asgard-holkestorp.com\/sv\/\">\u00c5sg\u00e5rd-Holkestorp, g\u00e5rdbutik och bo p\u00e5 lantg\u00e5rd\u00a0<\/a><\/p>\n<p><a href=\"http:\/\/christinehofsekopark.se\/\">Christinehofs ekopark<\/a><\/p>\n<p>Talldungens g\u00e5rdshotell<\/p>\n<p>K\u00e4llag\u00e5rden i Br\u00f6sarp, logi och g\u00e5rdsbutik<\/p>\n<p>Alunbrukets kaffestuga<\/p>\n<p>Dr\u00f6mbageriet i Komstad<\/p>\n<p>Recycling Glass Design i S\u00f6vde<\/p>\n<p>R\u00f6ddehof&#8217;s apartment<\/p>\n<p>Franskans creperi i R\u00f6rum<\/p>\n<p>\u00d6sterlens matmarknad i Tomelilla<\/p>\n<p>Hamnens frukt i Kivik<\/p>\n<p>Calles frukt &amp; gr\u00f6nt i Rams\u00e5sa<\/p>\n<p>Ingelstorp tr\u00e4dg\u00e5rd<\/p>\n<p>K\u00e5serbergaodlingens b\u00e4r och gr\u00f6nsaksshop<\/p>\n<p>Lillehems utegrisar<\/p>\n<p>Olof Victors<\/p>\n<p>Daniel Berlin krog<\/p>\n<p>\u00c5bergs Tr\u00e4dg\u00e5rd &amp; cafe i \u00d6ja norr om Ystad<\/p>\n<p>Museibutiken \u00d6sterlens museum<\/p>\n<p>\u00d6sterlenchoklad i Sk\u00e5ne-Tran\u00e5s<\/p>\n<p>L\u00f6dahus chokladkultur i Kivik<\/p>\n<p>&nbsp;<\/p>\n<p>&nbsp;<\/p>\n<p>&nbsp;<\/p>\n<p>&nbsp;<\/p>\n<p>&nbsp;<\/p>\n","protected":false},"excerpt":{"rendered":"<p>Ecotopia ligger p\u00e5 \u00d6sterlen. P\u00e5 \u00d6sterlen (och i dess n\u00e4romr\u00e5de) finns m\u00e5nga h\u00e4ngina och milj\u00f6v\u00e4nliga \u00e4ven kravcertifierade entrepren\u00f6rer som vi g\u00e4rna rekommenderar: Mandelmanns tr\u00e4dg\u00e5rdar Ninnis Tr\u00e4dg\u00e5rd, gr\u00f6nsaksf\u00f6rs\u00e4ljning i Ekobyn Baskem\u00f6lla [&hellip;]<\/p>\n","protected":false},"author":2,"featured_media":0,"parent":2,"menu_order":20,"comment_status":"open","ping_status":"closed","template":"","meta":{"_et_pb_use_builder":"","_et_pb_old_content":"","_et_gb_content_width":"","footnotes":""},"class_list":["post-46","page","type-page","status-publish","hentry"],"_links":{"self":[{"href":"https:\/\/www.ecotopia.se\/sv\/wp-json\/wp\/v2\/pages\/46","targetHints":{"allow":["GET"]}}],"collection":[{"href":"https:\/\/www.ecotopia.se\/sv\/wp-json\/wp\/v2\/pages"}],"about":[{"href":"https:\/\/www.ecotopia.se\/sv\/wp-json\/wp\/v2\/types\/page"}],"author":[{"embeddable":true,"href":"https:\/\/www.ecotopia.se\/sv\/wp-json\/wp\/v2\/users\/2"}],"replies":[{"embeddable":true,"href":"https:\/\/www.ecotopia.se\/sv\/wp-json\/wp\/v2\/comments?post=46"}],"version-history":[{"count":18,"href":"https:\/\/www.ecotopia.se\/sv\/wp-json\/wp\/v2\/pages\/46\/revisions"}],"predecessor-version":[{"id":9205,"href":"https:\/\/www.ecotopia.se\/sv\/wp-json\/wp\/v2\/pages\/46\/revisions\/9205"}],"up":[{"embeddable":true,"href":"https:\/\/www.ecotopia.se\/sv\/wp-json\/wp\/v2\/pages\/2"}],"wp:attachment":[{"href":"https:\/\/www.ecotopia.se\/sv\/wp-json\/wp\/v2\/media?parent=46"}],"curies":[{"name":"wp","href":"https:\/\/api.w.org\/{rel}","templated":true}]}}