{"id":44,"date":"2013-01-09T19:03:38","date_gmt":"2013-01-09T18:03:38","guid":{"rendered":"https:\/\/www.ecotopia.se\/sv\/?page_id=44"},"modified":"2016-03-14T17:29:44","modified_gmt":"2016-03-14T16:29:44","slug":"mariavalls-kloster","status":"publish","type":"page","link":"https:\/\/www.ecotopia.se\/sv\/om-ecotopia\/mariavalls-kloster\/","title":{"rendered":"Mariavalls kloster"},"content":{"rendered":"<p>Ecotopia \u00d6sterlen ligger inom det detaljplanerade n\u00e4rskyddsomr\u00e5det till <a href=\"http:\/\/www.mariavall.se\/\" target=\"_blank\">Mariavalls kloster<\/a>. I dag finns f\u00f6rutom Mariavalls nunnekloster Jesu Moder Marias Kloster som upph\u00f6jdes till abbedi 2007, ocks\u00e5 ett munkkloster Den Helige Benedictus Kloster invigt 2009. Marken har uppl\u00e5tits av greveparet Sparre. Nunneklostret ritades av benediktinmunken och arkitekten Hans van der Laan och munkklostret av arkitekt Per-Olof Kippel.<\/p>\n<p>Allm\u00e4nheten \u00e4r v\u00e4lkommen att bes\u00f6ka klostren f\u00f6rutom under lunchtid mellan 12-13. Nunnorna tar \u00e4ven emot studiebes\u00f6k och m\u00f6jlighet till retreat ges.<\/p>\n<p>Ecotopia ligger p\u00e5 g\u00e5ngavst\u00e5nd till b\u00e5da klostren och v\u00e5r gemensamma bussh\u00e5llplats heter <em>Mariavalls kloster<\/em>.<\/p>\n<p><img loading=\"lazy\" decoding=\"async\" src=\"http:\/\/www.ecotopia.se\/sites\/default\/files\/mariavall.jpg\" alt=\"\" width=\"603\" height=\"302\" \/><\/p>\n","protected":false},"excerpt":{"rendered":"<p>Ecotopia \u00d6sterlen ligger inom det detaljplanerade n\u00e4rskyddsomr\u00e5det till Mariavalls kloster. I dag finns f\u00f6rutom Mariavalls nunnekloster Jesu Moder Marias Kloster som upph\u00f6jdes till abbedi 2007, ocks\u00e5 ett munkkloster Den Helige [&hellip;]<\/p>\n","protected":false},"author":2,"featured_media":0,"parent":2,"menu_order":10,"comment_status":"open","ping_status":"closed","template":"","meta":{"_et_pb_use_builder":"","_et_pb_old_content":"","_et_gb_content_width":"","footnotes":""},"class_list":["post-44","page","type-page","status-publish","hentry"],"_links":{"self":[{"href":"https:\/\/www.ecotopia.se\/sv\/wp-json\/wp\/v2\/pages\/44","targetHints":{"allow":["GET"]}}],"collection":[{"href":"https:\/\/www.ecotopia.se\/sv\/wp-json\/wp\/v2\/pages"}],"about":[{"href":"https:\/\/www.ecotopia.se\/sv\/wp-json\/wp\/v2\/types\/page"}],"author":[{"embeddable":true,"href":"https:\/\/www.ecotopia.se\/sv\/wp-json\/wp\/v2\/users\/2"}],"replies":[{"embeddable":true,"href":"https:\/\/www.ecotopia.se\/sv\/wp-json\/wp\/v2\/comments?post=44"}],"version-history":[{"count":5,"href":"https:\/\/www.ecotopia.se\/sv\/wp-json\/wp\/v2\/pages\/44\/revisions"}],"predecessor-version":[{"id":5817,"href":"https:\/\/www.ecotopia.se\/sv\/wp-json\/wp\/v2\/pages\/44\/revisions\/5817"}],"up":[{"embeddable":true,"href":"https:\/\/www.ecotopia.se\/sv\/wp-json\/wp\/v2\/pages\/2"}],"wp:attachment":[{"href":"https:\/\/www.ecotopia.se\/sv\/wp-json\/wp\/v2\/media?parent=44"}],"curies":[{"name":"wp","href":"https:\/\/api.w.org\/{rel}","templated":true}]}}