{"id":4342,"date":"2015-01-20T23:36:55","date_gmt":"2015-01-20T22:36:55","guid":{"rendered":"https:\/\/www.ecotopia.se\/sv\/?page_id=4342"},"modified":"2015-04-15T17:10:06","modified_gmt":"2015-04-15T16:10:06","slug":"workshop-traditionellt-och-miljovanligt-maleri_del2","status":"publish","type":"page","link":"https:\/\/www.ecotopia.se\/sv\/kalendarium-2015\/workshop-traditionellt-och-miljovanligt-maleri_del2\/","title":{"rendered":"Kurs &#8211; Traditionellt och milj\u00f6v\u00e4nligt m\u00e5leri"},"content":{"rendered":"<h3>\u00c4ggoljetempera och linoljef\u00e4rg (del 2)<\/h3>\n<p><img loading=\"lazy\" decoding=\"async\" class=\"alignnone size-medium wp-image-4494\" src=\"https:\/\/www.ecotopia.se\/sv\/wp-content\/uploads\/2015\/01\/header_maleri-600x150.jpg\" alt=\"header_maleri\" width=\"600\" height=\"150\" srcset=\"https:\/\/www.ecotopia.se\/sv\/wp-content\/uploads\/2015\/01\/header_maleri-600x150.jpg 600w, https:\/\/www.ecotopia.se\/sv\/wp-content\/uploads\/2015\/01\/header_maleri-920x230.jpg 920w\" sizes=\"(max-width: 600px) 100vw, 600px\" \/><\/p>\n<p><strong>Datum:<\/strong> L\u00f6rdagen den 13 juni 2015<\/p>\n<p>\u00c4r det dags att m\u00e5la f\u00f6nster och d\u00f6rrar? Eller taket i stugan? Kanske utomhusm\u00f6blerna eller \u00e4r det tr\u00e4fasaden som ska f\u00e5 nytt liv?<\/p>\n<p>Denna kurs handlar om \u00e4ggoljetempera och linoljef\u00e4rg. B\u00e5da f\u00e4rgtyperna fungerar b\u00e5de inne och ute. Vi g\u00e5r igenom vad du ska t\u00e4nka p\u00e5 vid underarbete, torktider och underh\u00e5ll..<\/p>\n<p>\u00c4ggoljetempera \u00e4r en emulsionf\u00e4rg som ger en slitstark yta( n\u00e4r den h\u00e4rdat klart), \u00e4r l\u00e4tt att blanda och har m\u00e5nga anv\u00e4ndningsomr\u00e5den. Linoljef\u00e4rg \u00e4r en f\u00e4rg b\u00e5de f\u00f6r utv\u00e4ndigt m\u00e5leri (f\u00f6nster, d\u00f6rrar, fasader, puts mm) och inv\u00e4ndigt m\u00e5ler( k\u00f6k, snickerier, golv mm)<\/p>\n<p>Meningen \u00e4r att du efter kursen ska ha tillr\u00e4cklig kunskap att ta dig an ett eget m\u00e5leriprojekt.<\/p>\n<p>De traditionella f\u00e4rgerna \u00e4r ofta milj\u00f6v\u00e4nliga samt bra f\u00f6r m\u00e4nniska och hus. De kan ha ett h\u00f6gre literspris men r\u00e4cker ofta till en st\u00f6rre yta s\u00e5 hela kostnaden blir inte dyrare. Utv\u00e4ndiga ytor med tex linoljef\u00e4rg, slamf\u00e4rg och kalk \u00e5ldras vackert och \u00e4r l\u00e4tta att underh\u00e5lla.<\/p>\n<p>Denna kurs inleds med \u00e4ggoljetempera \u2013 dess historik, sammans\u00e4ttning och anv\u00e4ndningsomr\u00e5de. Efter en genomg\u00e5ng av pigment \u00e4r det dags f\u00f6r blandning och m\u00e5lning med \u00e4ggoljetempera.<\/p>\n<p>Eftermiddagen h\u00f6r linoljef\u00e4rgen till. \u00c4ven h\u00e4r blir det en genomg\u00e5ng av historik, sammans\u00e4ttning och anv\u00e4ndningsomr\u00e5de. Men \u00e4ven valet av penslar, underarbete, efterarbete, reng\u00f6ring etc. Sedan \u00e4r det dags att m\u00e5la med linoljef\u00e4rg b\u00e5de p\u00e5 nytt och gammalt tr\u00e4.<\/p>\n<p>Givetvis \u00e4r du v\u00e4lkommen med alla typer av f\u00e4rgfr\u00e5gor under dagen!<\/p>\n<p>Som introduktion till denna workshop h\u00e4nvisar vi till temakv\u00e4llen p\u00e5 Ecotopia som Maria Attstr\u00f6m h\u00e5ller den 19 mars kl 18.30. <a href=\"https:\/\/www.ecotopia.se\/sv\/kalendarium-2015\/temakvall-traditionellt-och-miljovanligt-maleri\/\">L\u00e4s mer om den h\u00e4r<\/a>.<\/p>\n<p>[custom_frame_right shadow=&#8221;on&#8221;]<img loading=\"lazy\" decoding=\"async\" class=\"alignnone wp-image-4051\" src=\"https:\/\/www.ecotopia.se\/sv\/wp-content\/uploads\/2014\/12\/maria_maleri.jpg\" alt=\"maria_maleri\" width=\"100\" height=\"131\" \/>[\/custom_frame_right]<strong>Kursledare:<\/strong> <strong>Maria Attstr\u00f6m<\/strong> driver m\u00e5lerifirman Econyans och har l\u00e5ng yrkeserfarenhet av byggnadsm\u00e5leri, f\u00e4rgs\u00e4ttning, f\u00e4rgmaterial och form. Hennes fokus ligger p\u00e5 det estetiska samtidigt som hon utg\u00e5r fr\u00e5n milj\u00f6v\u00e4nliga, ekonomiska och l\u00e5ngsiktigt h\u00e5llbara tekniker dvs. m\u00e5leri med linoljef\u00e4rg, slamf\u00e4rg, \u00e4ggoljetempera, limf\u00e4rg och kalkf\u00e4rg. Sedan slutet p\u00e5 90-talet arbetar hon med traditionellt m\u00e5leri, dekorationsm\u00e5lning och linoljef\u00e4rgstillverkning. Att g\u00f6ra egen f\u00e4rg \u00e4r inte s\u00e5 sv\u00e5rt, det \u00e4r lite som matlagning; lite grundl\u00e4ggande kunskap och tr\u00e4ning, sen kan man experimentera, menar hon.<\/p>\n<p><strong>N\u00e4r:<\/strong> L\u00f6rdagen den 13 juni 2015, kl 10-16.30<\/p>\n<p><strong>Plats:<\/strong> Ecotopia p\u00e5 \u00d6sterlen<\/p>\n<p><strong>Kurskostnad<\/strong> (inkl 25% moms) inkl. vegetariska lunch\/fika och m\u00e5larkit (utvalda pigment och pensel): 955 sek<\/p>\n<p><em>Rabatterad kurskostnad f\u00f6r del 1 (den 9 maj) och denna del 2: 1650:- (ordinarie pris 1810:-) <\/em><\/p>\n<p><em>Begr\u00e4nsat antal deltagare<\/em><\/p>\n<p><strong>Sista anm\u00e4lningsdag:<\/strong> 1 juni 2015<\/p>\n<p>F\u00f6r mer information: <a href=\"https:\/\/www.ecotopia.se\/sv\/kontakt\/\">Kontakta oss h\u00e4r<\/a> eller ring 0417-23034<\/p>\n<table style=\"background-color: #ffe1ac;\" border=\"0\" width=\"100%\">\n<tbody>\n<tr>\n<td valign=\"top\"><\/td>\n<td valign=\"top\">\n<h3><span style=\"color: #808000;\">Kursanm\u00e4lan g\u00f6rs i 2 steg<\/span><\/h3>\n<p><strong>1.<\/strong> Fyll i och skicka en anm\u00e4lan s\u00e5 f\u00e5r du en bekr\u00e4ftelse av oss.<\/p>\n<p><strong>2.<\/strong> Genom att betala in avgiften till Ecotopia p\u00e5 \u00d6sterlen bankgiro 771-1955 har du anm\u00e4lt dig och din plats i kursen \u00e4r s\u00e4krad. N\u00e4r avgiften inkommit f\u00e5r du en betalningsbekr\u00e4ftelse av oss.<\/p>\n<p>N\u00e5gra veckor innan kursstart skickar vi ut en mer detaljerad information.<\/p>\n<p><\/td>\n<td valign=\"top\"><\/td>\n<\/tr>\n<tr>\n<td valign=\"top\">*<\/td>\n<td valign=\"top\">Obligatoriska f\u00e4lt<\/td>\n<td valign=\"top\"><\/td>\n<\/tr>\n<\/tbody>\n<\/table>\n<p><em><strong>Ecotopia \u00d6sterlens avbokningsregler<\/strong><\/em><\/p>\n<p><em>Vi har mjukat upp SAUFs (Sveriges auktoriserade utbildningsf\u00f6retag) standardregler f\u00f6r avbokning av \u00f6ppen kurs. Detta inneb\u00e4r att din anm\u00e4lan \u00e4r bindande s\u00e5 snart du har f\u00e5tt en bekr\u00e4ftelse skickad till dig. Vid avbokning 14-8 dagar f\u00f6re kursstart debiteras 50% av kursavgiften. Vid avbokning och icke-deltagande utan avbokning 7-0 dagar f\u00f6re kursstart debiteras 100% av kursavgiften. Du kan s\u00e4nda en ers\u00e4ttare efter samr\u00e5d med oss.<\/em><\/p>\n","protected":false},"excerpt":{"rendered":"<p>\u00c4ggoljetempera och linoljef\u00e4rg (del 2) Datum: L\u00f6rdagen den 13 juni 2015 \u00c4r det dags att m\u00e5la f\u00f6nster och d\u00f6rrar? Eller taket i stugan? Kanske utomhusm\u00f6blerna eller \u00e4r det tr\u00e4fasaden som [&hellip;]<\/p>\n","protected":false},"author":3,"featured_media":0,"parent":217,"menu_order":0,"comment_status":"open","ping_status":"closed","template":"","meta":{"_et_pb_use_builder":"","_et_pb_old_content":"","_et_gb_content_width":"","footnotes":""},"class_list":["post-4342","page","type-page","status-publish","hentry"],"_links":{"self":[{"href":"https:\/\/www.ecotopia.se\/sv\/wp-json\/wp\/v2\/pages\/4342","targetHints":{"allow":["GET"]}}],"collection":[{"href":"https:\/\/www.ecotopia.se\/sv\/wp-json\/wp\/v2\/pages"}],"about":[{"href":"https:\/\/www.ecotopia.se\/sv\/wp-json\/wp\/v2\/types\/page"}],"author":[{"embeddable":true,"href":"https:\/\/www.ecotopia.se\/sv\/wp-json\/wp\/v2\/users\/3"}],"replies":[{"embeddable":true,"href":"https:\/\/www.ecotopia.se\/sv\/wp-json\/wp\/v2\/comments?post=4342"}],"version-history":[{"count":8,"href":"https:\/\/www.ecotopia.se\/sv\/wp-json\/wp\/v2\/pages\/4342\/revisions"}],"predecessor-version":[{"id":4664,"href":"https:\/\/www.ecotopia.se\/sv\/wp-json\/wp\/v2\/pages\/4342\/revisions\/4664"}],"up":[{"embeddable":true,"href":"https:\/\/www.ecotopia.se\/sv\/wp-json\/wp\/v2\/pages\/217"}],"wp:attachment":[{"href":"https:\/\/www.ecotopia.se\/sv\/wp-json\/wp\/v2\/media?parent=4342"}],"curies":[{"name":"wp","href":"https:\/\/api.w.org\/{rel}","templated":true}]}}