{"id":4337,"date":"2015-01-20T23:16:56","date_gmt":"2015-01-20T22:16:56","guid":{"rendered":"https:\/\/www.ecotopia.se\/sv\/?page_id=4337"},"modified":"2015-05-16T08:33:56","modified_gmt":"2015-05-16T07:33:56","slug":"workshop-traditionellt-och-miljovanligt-maleri_del1","status":"publish","type":"page","link":"https:\/\/www.ecotopia.se\/sv\/kalendarium-2015\/workshop-traditionellt-och-miljovanligt-maleri_del1\/","title":{"rendered":"Kurs &#8211; Traditionellt och milj\u00f6v\u00e4nligt m\u00e5leri"},"content":{"rendered":"<h3>Utomhusm\u00e5leri p\u00e5 tr\u00e4 och puts (del 1)<\/h3>\n<p><img loading=\"lazy\" decoding=\"async\" class=\"alignnone size-medium wp-image-4491\" src=\"https:\/\/www.ecotopia.se\/sv\/wp-content\/uploads\/2015\/01\/header_maleri_2015-600x151.jpg\" alt=\"header_maleri_2015\" width=\"600\" height=\"151\" srcset=\"https:\/\/www.ecotopia.se\/sv\/wp-content\/uploads\/2015\/01\/header_maleri_2015-600x151.jpg 600w, https:\/\/www.ecotopia.se\/sv\/wp-content\/uploads\/2015\/01\/header_maleri_2015-920x231.jpg 920w\" sizes=\"(max-width: 600px) 100vw, 600px\" \/><\/p>\n<p><strong>Datum:<\/strong> L\u00f6rdagen den 9 maj 2015<\/p>\n<p><strong>Vad beh\u00f6ver man t\u00e4nka p\u00e5 vid m\u00e5lning utomhus? Vad finns det f\u00f6r h\u00e5llbara milj\u00f6v\u00e4nliga f\u00e4rger?<\/strong><\/p>\n<p>Denna kurs handlar om de traditionella teknikerna: kalk, silikat och slamf\u00e4rg. Givetvis \u00e4r du v\u00e4lkommen med fr\u00e5gor om andra f\u00e4rger ocks\u00e5&#8230;<\/p>\n<p>Det \u00e4r inte alltid l\u00e4tt att veta vilken f\u00e4rg man ska v\u00e4lja till fasaden p\u00e5 sitt hus. Vilken f\u00e4rg \u00e4r det som sitter d\u00e4r nu? G\u00e5r det att underh\u00e5lla?<\/p>\n<p>Meningen \u00e4r att du efter denna dag ska ha tillr\u00e4cklig kunskap f\u00f6r att ta dig an ett eget m\u00e5leriprojekt med dessa f\u00e4rgtyperna.<\/p>\n<p>De traditionella f\u00e4rgerna \u00e4r ofta b\u00e4ttre f\u00f6r milj\u00f6, hus och m\u00e4nniska. De tillverkades lokalt av tillg\u00e4ngliga r\u00e5varor och man kunde enkelt underh\u00e5lla sj\u00e4lv. Ofta \u00e4r de f\u00e4rgerna billigare, b\u00e5de per kvadratmeter och i det l\u00e5nga loppet, \u00e4n moderna f\u00e4rger.<\/p>\n<p>F\u00f6r att f\u00e5 ett bra och best\u00e4ndigt resultat s\u00e5 \u00e4r det en del faktorer att ta h\u00e4nsyn till s\u00e5som v\u00e4der, underlag mm.<\/p>\n<p>Dagen inleds med en genomg\u00e5ng av de mineraliska f\u00e4rgerna: kalk, silikat och kalkcementf\u00e4rg( KC). Dess historik, sammans\u00e4ttning och anv\u00e4ndningsomr\u00e5de. Vi diskuterar f\u00f6ruts\u00e4ttningar, fallgropar och vad man ska t\u00e4nka p\u00e5. Du f\u00e5r blanda och m\u00e5la med kalk, l\u00e4ra dig om pigment och hur man pigmenterar kalkf\u00e4rg. Sedan forts\u00e4tter dagen med en genomg\u00e5ng och kokning av slamf\u00e4rg och avslutas med m\u00e5leri i praktiken.<\/p>\n<p>I kursavgiften ing\u00e5r Otto von Friesens bok: Golv, f\u00f6nster, f\u00e4rg &amp; kalk. Allt material som anv\u00e4nds under kursen ing\u00e5r. Men det blir ocks\u00e5 f\u00f6rs\u00e4ljning av material att ta med sig hem till reducerat pris. B\u00e5de penslar och pigment och olja m.m.<\/p>\n<p>Som introduktion till denna workshop h\u00e4nvisar vi till temakv\u00e4llen den 19 mars kl 18.30. <a href=\"https:\/\/www.ecotopia.se\/sv\/kalendarium-2015\/temakvall-traditionellt-och-miljovanligt-maleri\/\">L\u00e4s mer om den h\u00e4r<\/a>.<\/p>\n<p>[custom_frame_right shadow=&#8221;on&#8221;]<img loading=\"lazy\" decoding=\"async\" class=\"alignnone wp-image-4051\" src=\"https:\/\/www.ecotopia.se\/sv\/wp-content\/uploads\/2014\/12\/maria_maleri.jpg\" alt=\"maria_maleri\" width=\"100\" height=\"131\" \/>[\/custom_frame_right]<strong>Kursledare:<\/strong> <strong>Maria Attstr\u00f6m<\/strong> driver m\u00e5lerifirman Econyans och har l\u00e5ng yrkeserfarenhet av byggnadsm\u00e5leri, f\u00e4rgs\u00e4ttning, f\u00e4rgmaterial och form. Hennes fokus ligger p\u00e5 det estetiska samtidigt som hon utg\u00e5r fr\u00e5n milj\u00f6v\u00e4nliga, ekonomiska och l\u00e5ngsiktigt h\u00e5llbara tekniker dvs. m\u00e5leri med linoljef\u00e4rg, slamf\u00e4rg, \u00e4ggoljetempera, limf\u00e4rg och kalkf\u00e4rg. Sedan slutet p\u00e5 90-talet arbetar hon med traditionellt m\u00e5leri, dekorationsm\u00e5lning och linoljef\u00e4rgstillverkning. Att g\u00f6ra egen f\u00e4rg \u00e4r inte s\u00e5 sv\u00e5rt, det \u00e4r lite som matlagning; lite grundl\u00e4ggande kunskap och tr\u00e4ning, sen kan man experimentera, menar hon.<\/p>\n<p><strong>N\u00e4r:<\/strong> L\u00f6rdagen den 9 maj 2015 kl 10-16.30<\/p>\n<p><strong>Plats:<\/strong> Ecotopia p\u00e5 \u00d6sterlen<\/p>\n<p><strong>Kurskostnad<\/strong> (inkl 25% moms) inkl. vegetariska lunch\/fika och bok: 855 sek<\/p>\n<p><em>Rabatterad kurskostnad f\u00f6r del 2 (den 13 juni) och denna del 1: 1650:- (ordinarie pris 1810:-)<\/em><\/p>\n<p><em>Begr\u00e4nsat antal deltagare<\/em><\/p>\n<p><strong>Sista anm\u00e4lningsdag:<\/strong> 30 april 2015<\/p>\n<p>F\u00f6r mer information: <a href=\"https:\/\/www.ecotopia.se\/sv\/kontakt\/\">Kontakta oss h\u00e4r<\/a> eller ring 0417-23034<\/p>\n","protected":false},"excerpt":{"rendered":"<p>Utomhusm\u00e5leri p\u00e5 tr\u00e4 och puts (del 1) Datum: L\u00f6rdagen den 9 maj 2015 Vad beh\u00f6ver man t\u00e4nka p\u00e5 vid m\u00e5lning utomhus? Vad finns det f\u00f6r h\u00e5llbara milj\u00f6v\u00e4nliga f\u00e4rger? Denna kurs [&hellip;]<\/p>\n","protected":false},"author":3,"featured_media":0,"parent":217,"menu_order":0,"comment_status":"open","ping_status":"closed","template":"","meta":{"_et_pb_use_builder":"","_et_pb_old_content":"","_et_gb_content_width":"","footnotes":""},"class_list":["post-4337","page","type-page","status-publish","hentry"],"_links":{"self":[{"href":"https:\/\/www.ecotopia.se\/sv\/wp-json\/wp\/v2\/pages\/4337","targetHints":{"allow":["GET"]}}],"collection":[{"href":"https:\/\/www.ecotopia.se\/sv\/wp-json\/wp\/v2\/pages"}],"about":[{"href":"https:\/\/www.ecotopia.se\/sv\/wp-json\/wp\/v2\/types\/page"}],"author":[{"embeddable":true,"href":"https:\/\/www.ecotopia.se\/sv\/wp-json\/wp\/v2\/users\/3"}],"replies":[{"embeddable":true,"href":"https:\/\/www.ecotopia.se\/sv\/wp-json\/wp\/v2\/comments?post=4337"}],"version-history":[{"count":13,"href":"https:\/\/www.ecotopia.se\/sv\/wp-json\/wp\/v2\/pages\/4337\/revisions"}],"predecessor-version":[{"id":4687,"href":"https:\/\/www.ecotopia.se\/sv\/wp-json\/wp\/v2\/pages\/4337\/revisions\/4687"}],"up":[{"embeddable":true,"href":"https:\/\/www.ecotopia.se\/sv\/wp-json\/wp\/v2\/pages\/217"}],"wp:attachment":[{"href":"https:\/\/www.ecotopia.se\/sv\/wp-json\/wp\/v2\/media?parent=4337"}],"curies":[{"name":"wp","href":"https:\/\/api.w.org\/{rel}","templated":true}]}}