{"id":4320,"date":"2015-01-20T19:11:24","date_gmt":"2015-01-20T18:11:24","guid":{"rendered":"https:\/\/www.ecotopia.se\/sv\/?page_id=4320"},"modified":"2015-04-29T10:58:51","modified_gmt":"2015-04-29T09:58:51","slug":"kurs-energieffektivt-och-hallbart-byggande","status":"publish","type":"page","link":"https:\/\/www.ecotopia.se\/sv\/kalendarium-2015\/kurs-energieffektivt-och-hallbart-byggande\/","title":{"rendered":"Kurs &#8211; Halmbalshus i passivhusstandard!"},"content":{"rendered":"<h3>Kurs &#8211; Energieffektivt och h\u00e5llbart byggande<\/h3>\n<p><img loading=\"lazy\" decoding=\"async\" class=\"alignnone size-medium wp-image-4345\" src=\"https:\/\/www.ecotopia.se\/sv\/wp-content\/uploads\/2015\/01\/header_passivhus-600x151.jpg\" alt=\"header_passivhus\" width=\"600\" height=\"151\" \/><\/p>\n<p><strong>Datum:<\/strong> 22-24 maj 2015<\/p>\n<p>Funderar du p\u00e5 att bygga ett energieffektivt halmbalshus? G\u00e5r du i tankar om att bygga i passivhus- eller nollenergistandard? Eller vill du helt enkelt l\u00e4ra dig mer om ekobygge och h\u00e5llbart byggande?<\/p>\n<p>Denna kurs h\u00e5lls av Sveriges passivhusexpert, arkitekt Hans Eek tillsammans med arkitekt Martin Zeiko fr\u00e5n \u00d6sterrike med specialkompetens i ekobygge och halmhusbygge. Denna kurs v\u00e4nder sig lika mycket till byggchefer och arkitekter som till sj\u00e4lvbyggare.<\/p>\n<p>Kursens inneh\u00e5ll bygger p\u00e5 ett helhetst\u00e4nk fr\u00e5n planering och b\u00f6rjan i byggprocessen och g\u00e5r fr\u00e5n specialkompetenser till praktiskt utf\u00f6rande p\u00e5 byggarbetsplatsen.<\/p>\n<p>I \u00e5r bygger Ecotopia ett boningshus (103 m2) i halmbalsteknik med certifierade halmbalar. Ett halmbalshus med f\u00f6rnybar v\u00e4rme och el i nollenergistandard utifr\u00e5n de energiber\u00e4kningar som ligger till grund f\u00f6r denna byggnad. Att klarl\u00e4gga detta h\u00f6r till kursinneh\u00e5llet som reder ut begreppen kring energieffektivt byggande. Detta utifr\u00e5n svensk lagstiftning (rekommendationer) och EU:s direktiv f\u00f6r byggnaders energiprestanda.<\/p>\n<p><strong>Kursinneh\u00e5ll:<\/strong><\/p>\n<p>\u2022 Energieffektivt byggande<br \/>\n<a href=\"https:\/\/www.ecotopia.se\/sv\/wp-content\/uploads\/2015\/01\/013-_3D-Holzkonstruktion.jpg\"><img loading=\"lazy\" decoding=\"async\" class=\"alignright size-thumbnail wp-image-4530\" src=\"https:\/\/www.ecotopia.se\/sv\/wp-content\/uploads\/2015\/01\/013-_3D-Holzkonstruktion_small-150x150.jpg\" alt=\"013 _3D Holzkonstruktion_small\" width=\"150\" height=\"150\" srcset=\"https:\/\/www.ecotopia.se\/sv\/wp-content\/uploads\/2015\/01\/013-_3D-Holzkonstruktion_small-150x150.jpg 150w, https:\/\/www.ecotopia.se\/sv\/wp-content\/uploads\/2015\/01\/013-_3D-Holzkonstruktion_small.jpg 247w\" sizes=\"(max-width: 150px) 100vw, 150px\" \/><\/a>\u2022 Ekobygge inkl. halmbalsbygge i nollenergi- och passivhusstandard<br \/>\n<span style=\"line-height: 1.5;\">\u2022 <\/span><span style=\"line-height: 1.5;\">Byggbiologi\/byggekologi<br \/>\n<\/span><span style=\"line-height: 1.5;\">\u2022 Husets livscykel<br \/>\n<\/span><span style=\"line-height: 1.5;\">\u2022 Ekologiska byggmaterial<br \/>\n<\/span><span style=\"line-height: 1.5;\">\u2022 Energihush\u00e5llning<br \/>\n<\/span>\u2022 Kvalitetskrav p\u00e5 ekobygge (milj\u00f6anpassning, installationer, tekniskt utf\u00f6rande etc.)<br \/>\n<span style=\"line-height: 1.5;\">\u2022 Kvalitetskrav p\u00e5 inomhusmilj\u00f6n (tillg\u00e4nglighet, luft, ljusk\u00e4llor, trivsel, brandskydd etc.)<br \/>\n<\/span><span style=\"line-height: 1.5;\">\u2022 Olika byggtekniker (massiva och l\u00e4tta)<br \/>\n<\/span><span style=\"line-height: 1.5;\">\u2022 Halmbalshusbygge (materialegenskaper, kvalitetskriterier, byggteknik, konstruktion)<br \/>\n<\/span><span style=\"line-height: 1.5;\">\u2022 Tr\u00e4regelkonstruktioner \u2013 f\u00f6rdelar och m\u00f6jligheter<br \/>\n<\/span>\u2022 Byggelement<br \/>\n<span style=\"line-height: 1.5;\">\u2022 Att bygga i praktiken<\/span><\/p>\n<p><a href=\"https:\/\/www.ecotopia.se\/sv\/wp-content\/uploads\/2015\/01\/141104_007d-_50_Fund.-s4_SO_Schnitt-SudOst.jpg\"><img loading=\"lazy\" decoding=\"async\" class=\"alignright size-thumbnail wp-image-4532\" src=\"https:\/\/www.ecotopia.se\/sv\/wp-content\/uploads\/2015\/01\/141104_007d-_50_Fund.-s4_SO_Schnitt-SudOst_small-150x150.jpg\" alt=\"141104_007d _50_Fund. s4_SO_Schnitt-SudOst_small\" width=\"150\" height=\"150\" srcset=\"https:\/\/www.ecotopia.se\/sv\/wp-content\/uploads\/2015\/01\/141104_007d-_50_Fund.-s4_SO_Schnitt-SudOst_small-150x150.jpg 150w, https:\/\/www.ecotopia.se\/sv\/wp-content\/uploads\/2015\/01\/141104_007d-_50_Fund.-s4_SO_Schnitt-SudOst_small-300x300.jpg 300w, https:\/\/www.ecotopia.se\/sv\/wp-content\/uploads\/2015\/01\/141104_007d-_50_Fund.-s4_SO_Schnitt-SudOst_small.jpg 394w\" sizes=\"(max-width: 150px) 100vw, 150px\" \/><\/a>Kursen \u00e4r uppdelad i olika delar. F\u00f6rsta dagen handlar om energieffektivt byggande och passivhusstandard. F\u00f6ljande dagar handlar om ekobygge i allm\u00e4nhet och planering och byggande av ett halmbalshus i nollenergistandard i synnerhet. Kursinneh\u00e5llet Byggelement och Att bygga i praktiken undervisas direkt p\u00e5 byggarbetsplatsen. Martin Zeiko preciserar husets olika delar. Kursen avslutas med en workshop d\u00e5 du f\u00e5r m\u00f6jlighet att prova p\u00e5 att bygga med halmbalar. Sedan \u00e4r det bara att \u00e5ka hem och b\u00f6rja planera ditt eget husbygge eller dela med dig av kunskapen till dina arbetskollegor.<\/p>\n<blockquote><p>Passivhus \u00e4r v\u00e4lisolerade byggnader som till stor del v\u00e4rms upp genom den energi som redan finns i huset. Id\u00e9n med passivhus utvecklades i Tyskland p\u00e5 1990-talet, d\u00e4r man blev \u00f6verens om att det g\u00e5r att bygga hus utan radiatorsystem, bara man s\u00e5g till att v\u00e4rmef\u00f6rlusterna var tillr\u00e4ckligt sm\u00e5. En av eldsj\u00e4larna byggde en egen husl\u00e4nga enligt principerna och fick ett b\u00e4ttre inomhusklimat \u00e4n allt som hade byggts i Tyskland tidigare. Passivhuset \u00e4r prisv\u00e4rt. De sm\u00e5 extrakostnaderna f\u00f6r b\u00e4ttre isolering och v\u00e4rmev\u00e4xlad ventilation kan ge l\u00e4gre totalkostnader redan efter n\u00e5gra \u00e5r. Passivhus \u00e4r en del av l\u00f6sningen p\u00e5 klimatfr\u00e5gan d\u00e5 byggsektorn st\u00e5r f\u00f6r cirka 40% av energianv\u00e4ndningen och behovet av k\u00f6pt energi f\u00f6r uppv\u00e4rmning av huset minskar. Passivhuscentrum<\/p><\/blockquote>\n<p>[custom_frame_right shadow=&#8221;on&#8221;]<img loading=\"lazy\" decoding=\"async\" class=\"alignright wp-image-4321\" src=\"https:\/\/www.ecotopia.se\/sv\/wp-content\/uploads\/2015\/01\/hanseek.jpg\" alt=\"hanseek\" width=\"100\" height=\"129\" \/>[\/custom_frame_right]<strong>Arkitekt Hans Eek<\/strong>, expert p\u00e5 <a href=\"http:\/\/www.passivhuscentrum.se\/\">Passivhuscentrum i Alings\u00e5s<\/a>. En passivp\u00e5verkare i v\u00e5rt eget land men ocks\u00e5 i s\u00e5v\u00e4l i Tyskland som p\u00e5 EU-niv\u00e5 leder hans extremt energisn\u00e5la passivhus utvecklingen. Det f\u00f6rsta hus som Hans Eek ritade var ett aktivt solenergihus under energikrisen 1974. I dag finns cirka 30 000 passivhus i Tyskland, \u00d6sterrike och Schweiz och tekniken som Hans utvecklat tillsammans med tyske forskaren Wolfgang Feist har blivit en framtidsstandard i EU. Nu sitter Hans med i EU:s expertkommitt\u00e9 om forskning kring f\u00f6rnybar energi. \u201dF\u00f6r 20 \u00e5r sedan l\u00e5g Sverige l\u00e5ngt f\u00f6re andra l\u00e4nder n\u00e4r det g\u00e4llde energisn\u00e5la bost\u00e4der. Bland annat f\u00f6r att vi hade sbl 75, v\u00e4rldens tuffaste byggnorm ur energiperspektiv. Men nu ligger vi efter\u201d, s\u00e4ger han i en intervju i Sveriges Natur.<\/p>\n<p>[custom_frame_right shadow=&#8221;on&#8221;]<img loading=\"lazy\" decoding=\"async\" class=\"alignright wp-image-4322\" src=\"https:\/\/www.ecotopia.se\/sv\/wp-content\/uploads\/2015\/01\/martinzeiko.jpg\" alt=\"martinzeiko\" width=\"100\" height=\"129\" \/>[\/custom_frame_right]<strong>Arkitekt Martin Zeiko<\/strong>, \u00d6sterrike \u00e4r i grunden byggm\u00e4stare och snickare. Martins specialkompetens \u00e4r ekobygge i passiv- och l\u00e5genergistandard. Men \u00e4ven med halmbalshusbygge, mobila byggsystem och compact living t\u00e4cker han en nisch i den \u00f6sterrikiska byggbranschen. Med sin yrkeserfarenhet \u00e4ven fr\u00e5n Schweiz, Kanada och Ecuador sammanl\u00e4nkar han i sina byggprojekt olika byggtekniker fr\u00e5n olika kulturer. Det som g\u00f6r Martin till en arkitekt som \u00e4r sv\u00e5r att ers\u00e4tta \u00e4r f\u00f6rutom hans v\u00e4lbalanserade teoretiska och praktiska erfarenhetskunskap hans stora intresse i att handleda sj\u00e4lvbyggare i planering och utf\u00f6rande av sina byggprojekt. Att rita med Arkitekt 3D Software h\u00f6r till Martins vardag. Byggnadsingenj\u00f6ren p\u00e5 Tomelilla kommun kommenterade hans ritningar med att han aldrig tidigare sett s\u00e5 proffsiga ritningar\u2026<\/p>\n<p><strong>Datum:<\/strong> Fre 22 \u2013 s\u00f6n den 24 maj 2015<\/p>\n<p><strong>Tid:<\/strong> Fre 10-17, l\u00f6r 10-18 och s\u00f6n 9-15.30<\/p>\n<p><strong>Spr\u00e5k:<\/strong> Engelska och svenska<\/p>\n<p><em>Kursintyg erh\u00e5lles<\/em><\/p>\n<p><strong>Kurskostnader<\/strong>\u00a0inkl. vegetariska m\u00e5ltider och fika:<br \/>\nA. Utan boende 5435:-<br \/>\nB. Med boende i eget t\u00e4lt p\u00e5 Ecotopia 5475:-<br \/>\nC. Med boende i ekostuga\/dubbelrum med servicehus 5735:-<br \/>\nD. Med boende i ekostuga\/ gruppboende (max 4 pers) med eget k\u00f6k, wc o dusch 5835:-<\/p>\n<p>Ev. \u00f6nskan om egen stuga 6035:- anges i formul\u00e4ret &#8211; kursanm\u00e4lan s.n.<\/p>\n<p><em>Rabatt 500:- f\u00f6r studenter o pension\u00e4rer<\/em><\/p>\n<p>Handpenning (1000:-) i samband med anm\u00e4lan. F\u00f6retag kan betala kurskostnaden mot faktura.<\/p>\n<p><em>I samverkan med:<\/em><br \/>\n<em> <img loading=\"lazy\" decoding=\"async\" class=\"alignnone wp-image-4324\" src=\"https:\/\/www.ecotopia.se\/sv\/wp-content\/uploads\/2015\/01\/passivhuscentrum.png\" alt=\"passivhuscentrum\" width=\"200\" height=\"52\" \/><\/em><\/p>\n<p>F\u00f6r mer information: <a href=\"https:\/\/www.ecotopia.se\/sv\/kontakt\/\">Kontakta oss h\u00e4r<\/a> eller ring 0417-23034<\/p>\n<table style=\"background-color: #ffe1ac;\" border=\"0\" width=\"100%\">\n<tbody>\n<tr>\n<td valign=\"top\"><\/td>\n<td valign=\"top\">\n<h3><span style=\"color: #808000;\">Kursanm\u00e4lan g\u00f6rs i 2 steg<\/span><\/h3>\n<p><strong>1.<\/strong> Fyll i och skicka en anm\u00e4lan s\u00e5 f\u00e5r du en bekr\u00e4ftelse av oss.<\/p>\n<p><strong>2.<\/strong> Genom att betala in handpenningen 1000:- till Ecotopia p\u00e5 \u00d6sterlen bankgiro 771-1955 har du anm\u00e4lt dig och din plats i kursen \u00e4r s\u00e4krad. N\u00e4r avgiften inkommit f\u00e5r du en betalningsbekr\u00e4ftelse av oss.<\/p>\n<p>N\u00e5gra veckor innan kursstart skickar vi ut en mer detaljerad information.<\/p>\n<p><\/td>\n<td valign=\"top\"><\/td>\n<\/tr>\n<tr>\n<td valign=\"top\">*<\/td>\n<td valign=\"top\">Obligatoriska f\u00e4lt<\/td>\n<td valign=\"top\"><\/td>\n<\/tr>\n<\/tbody>\n<\/table>\n<p><em><strong>Ecotopia \u00d6sterlens avbokningsregler<\/strong><\/em><\/p>\n<p><em>Vi har mjukat upp SAUFs (Sveriges auktoriserade utbildningsf\u00f6retag) standardregler f\u00f6r avbokning av \u00f6ppen kurs. Detta inneb\u00e4r att din anm\u00e4lan \u00e4r bindande s\u00e5 snart du har f\u00e5tt en bekr\u00e4ftelse skickad till dig. Vid avbokning 14-8 dagar f\u00f6re kursstart debiteras 50% av kursavgiften. Vid avbokning och icke-deltagande utan avbokning 7-0 dagar f\u00f6re kursstart debiteras 100% av kursavgiften. Du kan s\u00e4nda en ers\u00e4ttare efter samr\u00e5d med oss.<\/em><\/p>\n","protected":false},"excerpt":{"rendered":"<p>Kurs &#8211; Energieffektivt och h\u00e5llbart byggande Datum: 22-24 maj 2015 Funderar du p\u00e5 att bygga ett energieffektivt halmbalshus? G\u00e5r du i tankar om att bygga i passivhus- eller nollenergistandard? Eller [&hellip;]<\/p>\n","protected":false},"author":3,"featured_media":0,"parent":217,"menu_order":0,"comment_status":"open","ping_status":"closed","template":"","meta":{"_et_pb_use_builder":"","_et_pb_old_content":"","_et_gb_content_width":"","footnotes":""},"class_list":["post-4320","page","type-page","status-publish","hentry"],"_links":{"self":[{"href":"https:\/\/www.ecotopia.se\/sv\/wp-json\/wp\/v2\/pages\/4320","targetHints":{"allow":["GET"]}}],"collection":[{"href":"https:\/\/www.ecotopia.se\/sv\/wp-json\/wp\/v2\/pages"}],"about":[{"href":"https:\/\/www.ecotopia.se\/sv\/wp-json\/wp\/v2\/types\/page"}],"author":[{"embeddable":true,"href":"https:\/\/www.ecotopia.se\/sv\/wp-json\/wp\/v2\/users\/3"}],"replies":[{"embeddable":true,"href":"https:\/\/www.ecotopia.se\/sv\/wp-json\/wp\/v2\/comments?post=4320"}],"version-history":[{"count":30,"href":"https:\/\/www.ecotopia.se\/sv\/wp-json\/wp\/v2\/pages\/4320\/revisions"}],"predecessor-version":[{"id":4681,"href":"https:\/\/www.ecotopia.se\/sv\/wp-json\/wp\/v2\/pages\/4320\/revisions\/4681"}],"up":[{"embeddable":true,"href":"https:\/\/www.ecotopia.se\/sv\/wp-json\/wp\/v2\/pages\/217"}],"wp:attachment":[{"href":"https:\/\/www.ecotopia.se\/sv\/wp-json\/wp\/v2\/media?parent=4320"}],"curies":[{"name":"wp","href":"https:\/\/api.w.org\/{rel}","templated":true}]}}