{"id":4280,"date":"2015-01-16T14:22:12","date_gmt":"2015-01-16T13:22:12","guid":{"rendered":"https:\/\/www.ecotopia.se\/sv\/?page_id=4280"},"modified":"2015-05-16T08:32:52","modified_gmt":"2015-05-16T07:32:52","slug":"kurs-halmbalshusbygge","status":"publish","type":"page","link":"https:\/\/www.ecotopia.se\/sv\/kalendarium-2015\/kurs-halmbalshusbygge\/","title":{"rendered":"Kurs i halmbalshusbygge"},"content":{"rendered":"<h2>-f\u00f6r dig som vill bygga ditt eget hus<\/h2>\n<p><img loading=\"lazy\" decoding=\"async\" class=\"alignnone size-full wp-image-918\" src=\"https:\/\/www.ecotopia.se\/sv\/wp-content\/uploads\/2013\/01\/halmbal2.jpg\" alt=\"halmbal2\" width=\"600\" height=\"123\" \/><\/p>\n<p><strong>Datum:<\/strong> 14-16 maj 2015<\/p>\n<p>Funderar du p\u00e5 att bygga ett nytt eller bygga om ett best\u00e5ende hus? Eller kanske en friggebod eller varf\u00f6r inte en lada i halmbalsteknik?<\/p>\n<p>Denna kurs riktar sig framf\u00f6rallt till dig som vill bygga sj\u00e4lv. Kursen best\u00e5r \u00e4ven av en workshop. I \u00e5r bygger Ecotopia n\u00e4mligen ett boningshus (103 m2) i halmbalsteknik med certifierade balar. Antingen i passivhus- eller nollenergistandard beroende p\u00e5 de energiber\u00e4kningar som nu g\u00f6rs. Workshopen som utg\u00f6r den praktiska delen av kursen h\u00e5lls p\u00e5 denna byggarbetsplats.<\/p>\n<blockquote><p>\u201dAtt bygga med halm och lera har flera f\u00f6rdelar. Halmen med sina goda isolerande egenskaper u-v\u00e4rde 0,038\u20130,067 W\/mK, ers\u00e4tter isoleringen. Det finns idag m\u00e5nga olika tekniker f\u00f6r halmhusbygge. Halm och lera kr\u00e4ver sm\u00e5 m\u00e4ngder energi eftersom dessa naturliga och of\u00f6r\u00e4dlade material finns tillg\u00e4ngliga p\u00e5 m\u00e5nga platser och kan levereras utan l\u00e5ngv\u00e4ga transporter. Materialen \u00e4r billiga och fria fr\u00e5n gifter. Lerputsade hus f\u00e5r en j\u00e4mn luftfuktighet eftersom leran kan buffra fukt och putsen g\u00f6r att husen faktiskt \u00e4r mer brands\u00e4kra \u00e4n konventionella hus. Om huset \u00e4r mycket utsatt f\u00f6r v\u00e4der och vind kan man ocks\u00e5 kl\u00e4 huset med br\u00e4der.\u201d<\/p><\/blockquote>\n<p>En expert p\u00e5 halmbalsbygge, en byggnadsinspekt\u00f6r\u00a0 och ett par sj\u00e4lvbyggare visar v\u00e4gen fr\u00e5n id\u00e9er och skisser till bygghandlingar och utf\u00f6rande samtidigt som de ger svar p\u00e5 f\u00f6ljande grundl\u00e4ggande fr\u00e5gest\u00e4llningar:<\/p>\n<p>\u2022 Hur f\u00f6rverkligar man ett halmbalshusprojekt?<\/p>\n<p>\u2022 Vilka tekniker o konstruktioner b\u00f6r man v\u00e4lja?<\/p>\n<p>\u2022 Hur ans\u00f6ker man om bygglov utifr\u00e5n den nya plan- och bygglovslagen?<\/p>\n<p>\u2022 Vad m\u00e5ste man t\u00e4nka p\u00e5 rent praktiskt p\u00e5 n\u00e4r man bygger med halmbalar?<\/p>\n<p>Du f\u00e5r kunskap om bygglovsprocessen enligt den nya plan-och bygglovslagen (2011). Den nya lagen inneh\u00e5ller m\u00e5nga best\u00e4mmelser och \u00e4r delvis sv\u00e5rtolkad. H\u00f6rby kommuns byggnadsinspekt\u00f6r <strong>Kristine Zetterstr\u00f6m <\/strong>guidar dig igenom den. Hon f\u00f6rs\u00f6ker att reda ut begrepp och besvara fr\u00e5gor som: Vad \u00e4r viktigt att veta? Hur b\u00f6r man g\u00e5 tillv\u00e4ga? Vad b\u00f6r man absolut inte missa? Hur fyller man i blanketterna? Hur l\u00e4mnar man in ans\u00f6kan? Vad menas med f\u00f6rhandsbesked?<\/p>\n<p><strong>Herbert Gruber<\/strong>, en av Europas fr\u00e4msta experter p\u00e5 halmbalshusbygge visar v\u00e4gen fr\u00e5n id\u00e9 till skiss, val av r\u00e4tt teknik och hur du kan konstruera huset \u00e4ven med hj\u00e4lp av datorn. Detta utifr\u00e5n f\u00f6ljande grundl\u00e4ggande inneh\u00e5ll:<br \/>\n[custom_frame_right shadow=&#8221;on&#8221;]<img loading=\"lazy\" decoding=\"async\" class=\"alignnone size-full wp-image-4332\" src=\"https:\/\/www.ecotopia.se\/sv\/wp-content\/uploads\/2015\/01\/stall_halm2.jpg\" alt=\"stall_halm2\" width=\"197\" height=\"306\" \/>[\/custom_frame_right]<br \/>\n\u2022 Hur k\u00e4nner jag igen den idealiska halmbalen?<\/p>\n<p>\u2022 Konstruktions- och byggnadsalternativ<\/p>\n<p>\u2022 Olika konstruktioners f\u00f6r- och nackdelar<\/p>\n<p>\u2022 Skiss och planering av ett halmbalshus<\/p>\n<p>\u2022 Detaljerade konstruktionsl\u00f6sningar<\/p>\n<p>\u2022 Utvalda projekt i Europa<\/p>\n<p>\u2022 Byggekologiska g\u00f6r-det-sj\u00e4lv tips<\/p>\n<p>\u2022 Hur man bygger effektivt med halmbalar<\/p>\n<p>\u2022 Byggfysiologiska tips<\/p>\n<p>\u2022 Fasadbekl\u00e4dnad<\/p>\n<p><strong>Marcus och Christine Anveg\u00e5rd<\/strong> presenterar sitt halmbalshusprojekt. Deras f\u00f6redrag med titeln \u201dHalmfrid-Om v\u00e4gen till v\u00e5rt halmbalshus\u201d handlar om planering med och utan arkitekt, bygglov och byggstart f\u00f6r ett halmbalshusprojekt i Alings\u00e5s kommun. Kursdeltagarna f\u00e5r f\u00f6lja deras v\u00e4g fr\u00e5n det f\u00f6rsta \u201dgyttjiga spadtaget i \u00f6sregn\u201d fram till idag med ett flertal workshops dvs. mycket \u201dhands-on\u201d st\u00f6d utifr\u00e5n. De delar \u00e4ven med sig av alla de erfarenheter de f\u00e5tt l\u00e4ngs v\u00e4gen &#8211; en sp\u00e4nnande och l\u00e4rorik resa.<\/p>\n<p>[custom_frame_right shadow=&#8221;on&#8221;]<img loading=\"lazy\" decoding=\"async\" class=\"alignnone size-full wp-image-786\" src=\"https:\/\/www.ecotopia.se\/sv\/wp-content\/uploads\/2013\/01\/herbert_gruber_asbn.jpg\" alt=\"herbert_gruber_asbn\" width=\"100\" height=\"100\" srcset=\"https:\/\/www.ecotopia.se\/sv\/wp-content\/uploads\/2013\/01\/herbert_gruber_asbn.jpg 163w, https:\/\/www.ecotopia.se\/sv\/wp-content\/uploads\/2013\/01\/herbert_gruber_asbn-150x150.jpg 150w\" sizes=\"(max-width: 100px) 100vw, 100px\" \/>[\/custom_frame_right]<strong>Kursledare:<\/strong> <strong>Herbert Gruber<\/strong> \u00e4r i grunden utbildad Art director och sedan 1998 ordf\u00f6rande f\u00f6r ASBN (Austrian Strawbale Network) som \u00e4r medlem i ESBN (<a href=\"http:\/\/www.baubiologie.at\/wp\/strohballenbau\/\" target=\"_blank\">European Strawbale Network<\/a>) och GSBN (Global Strawbale Network). 2012 publicerade han sin bok \u201dNeues bauen mit Stroh\u201d (Sv: Nytt byggande med halm) i 4. rev utg\u00e5van som har \u00f6versatts bl.a. till franska. Som pionj\u00e4r och idag expert p\u00e5 omr\u00e5det f\u00f6rel\u00e4ser han och h\u00e5ller kurser och workshops i de flesta europeiska l\u00e4nder \u00e4ven i grannlandet Danmark. Herbert Gruber lever i Ravelsbach i \u00d6sterrike d\u00e4r han byggt upp en <a href=\"http:\/\/www.baubiologie.at\/wp\/projekt\/?pr=253\" target=\"_blank\">virtuell plattform f\u00f6r utbildningar<\/a> med b\u00e5de privata och professionella halmbalsbyggare av enfamiljs- och flerv\u00e5ningshus, ekonomibyggnader etc. som deltagare. Att bygga hus med halmbalsmoduler h\u00f6r \u00e4ven till Herberts specialiteter.\u00a0<strong>Eva Samuelsson<\/strong> som sj\u00e4lv bygger ett halmbalshus i H\u00f6rby assisterar Herbert under kursen.<\/p>\n<p>H\u00e4r ser du bilder fr\u00e5n <a href=\"http:\/\/www.baubiologie.at\/workshop2013\/ecotopia-2013\/index.htm\" target=\"_blank\">workshopen i halmbalshusbygge p\u00e5 Ecotopia 2013<\/a>.<\/p>\n<p>[custom_frame_right shadow=&#8221;on&#8221;]<img loading=\"lazy\" decoding=\"async\" class=\"alignnone size-thumbnail wp-image-4281\" src=\"https:\/\/www.ecotopia.se\/sv\/wp-content\/uploads\/2015\/01\/krizet-150x150.jpg\" alt=\"Screen Shot 2015-01-16 at 14.13.03\" width=\"100\" height=\"100\" \/>[\/custom_frame_right]<strong>G\u00e4stf\u00f6rel\u00e4sare:<\/strong> <strong>Kristine Zetterstr\u00f6m<\/strong>, byggnadsinspekt\u00f6r. 4 \u00e5rig teknisk husbyggnads gymnasial utbildning. B\u00f6rjade min bana inom V\u00e4gverket. Under de 27 \u00e5ren har jag hunnit med att vara arbetsledare inom v\u00e4gunderh\u00e5ll. Ansvarig f\u00f6r projektering och byggprocessen av nybyggnad och renovering av fastighetsbest\u00e5ndet samt arbetat p\u00e5 laboratoriet fr\u00e4mst med betong. 2006 b\u00f6rjade jag i H\u00f6rby kommun som byggnadsinspekt\u00f6r och bygglovshandl\u00e4ggare och har under \u00e5rens lopp haft m\u00e5nga sp\u00e4nnande projekt att ta st\u00e4llning till. H\u00e4sttjej(dam) men tyv\u00e4rr inte aktiv f.n.<\/p>\n<p>[custom_frame_right shadow=&#8221;on&#8221;]<img loading=\"lazy\" decoding=\"async\" class=\"alignnone size-thumbnail wp-image-4328\" src=\"https:\/\/www.ecotopia.se\/sv\/wp-content\/uploads\/2015\/01\/pc3a5-oss-150x150.jpg\" alt=\"pc3a5-oss\" width=\"100\" height=\"100\" srcset=\"https:\/\/www.ecotopia.se\/sv\/wp-content\/uploads\/2015\/01\/pc3a5-oss-150x150.jpg 150w, https:\/\/www.ecotopia.se\/sv\/wp-content\/uploads\/2015\/01\/pc3a5-oss.jpg 226w\" sizes=\"(max-width: 100px) 100vw, 100px\" \/>[\/custom_frame_right]<strong>G\u00e4stf\u00f6rel\u00e4sare:<\/strong> <strong>Marcus och Christine Anveg\u00e5rd<\/strong>, sj\u00e4lvbyggare. Marcus \u00e4r inredningsmont\u00f6ren som genom att uppt\u00e4cka jordskeppet och m\u00f6jligheten att bygga sj\u00e4lv best\u00e4mde sig f\u00f6r att utbilda sig i &#8220;B\u00e4rkraftigt byggande och boende&#8221; p\u00e5 H\u00f6gskolan i Dalarna. Denna utbildning h\u00f6jde standarden p\u00e5 halmbalshuset avsev\u00e4rt, menar han. Detta tillsammans med Christine som arbetar i en milj\u00f6organisation (MKG), som bevakar k\u00e4rnkraftsindustrins planer p\u00e5 ett slutf\u00f6rvar f\u00f6r k\u00e4rnavfall. Marcus och Christine fattar m\u00e5nga beslut i sitt husbygge och alla beslut v\u00e4gs huruvida milj\u00f6v\u00e4nliga, praktiska, estetiska och ekonomiska dom \u00e4r. Christine och Marcus har delat upp arbetsuppgifter mellan sig, efter vad dom \u00e4r bra p\u00e5 och tycker \u00e4r kul. Marcus arbetar mer praktiskt p\u00e5 bygget och Christine ansvarar f\u00f6r husets estetisk och f\u00e4rg och pappersarbete, men mycket g\u00f6rs \u00e4nd\u00e5 gemensamt. Paret har ordnat workshops i halmbalning och lera och fler workshops kommer det att bli. Kommunikationen sker via bloggen och Instagram.\u00a0<a href=\"https:\/\/halmfrid.wordpress.com\/\" target=\"_blank\">H\u00e4r kan du l\u00e4sa mer<\/a>\u00a0eller @halmfrid p\u00e5 Instagram.<\/p>\n<p><strong>Datum:<\/strong> Tors den 14 \u2013 l\u00f6r den 16 maj 2015<\/p>\n<p><strong>Tid:<\/strong> Tors 10-17 och 18.30-21 (Temakv\u00e4ll med Marcus och Christine Anveg\u00e5rd), fre 10-18 och l\u00f6r 9-15.30<\/p>\n<p><em>Inga f\u00f6rkunskaper kr\u00e4vs.<\/em><\/p>\n<p><strong>Spr\u00e5k:<\/strong> Engelska och svenska<\/p>\n<p><em>Kursintyg erh\u00e5lles<\/em><\/p>\n<p><strong>Kurskostnader<\/strong> (inkl 25% moms) inkl. vegetariska m\u00e5ltider och fika:<\/p>\n<p>A. Utan boende 2800:-<\/p>\n<p>B. Med boende i eget t\u00e4lt p\u00e5 Ecotopia 2840:-<\/p>\n<p>C. Med boende i ekostuga\/dubbelrum med servicehus 3100:-<\/p>\n<p>D. Med boende i ekostuga\/ gruppboende (max 4 pers) med eget k\u00f6k, wc o dusch 3200:-<\/p>\n<p><em>Partnerrabatt byggherrar 800:- (2 personer)<\/em><\/p>\n<p><em>Rabatt 400:- f\u00f6r studenter o pension\u00e4rer (1 person)<\/em><\/p>\n<p><strong>Sista anm\u00e4lningsdag<\/strong>: 30 april 2015<\/p>\n<p>Samverkan med:<\/p>\n<p><img loading=\"lazy\" decoding=\"async\" class=\"alignnone wp-image-800 size-thumbnail\" src=\"https:\/\/www.ecotopia.se\/sv\/wp-content\/uploads\/2013\/01\/Screen-Shot-2013-01-30-at-9.22.23-PM-146x150.png\" alt=\"Screen Shot 2013-01-30 at 9.22.23 PM\" width=\"146\" height=\"150\" \/><\/p>\n<p>F\u00f6r mer information: <a href=\"https:\/\/www.ecotopia.se\/sv\/kontakt\/\">Kontakta oss h\u00e4r<\/a> eller ring 0417-23034<\/p>\n","protected":false},"excerpt":{"rendered":"<p>-f\u00f6r dig som vill bygga ditt eget hus Datum: 14-16 maj 2015 Funderar du p\u00e5 att bygga ett nytt eller bygga om ett best\u00e5ende hus? Eller kanske en friggebod eller [&hellip;]<\/p>\n","protected":false},"author":3,"featured_media":0,"parent":217,"menu_order":0,"comment_status":"open","ping_status":"closed","template":"","meta":{"_et_pb_use_builder":"","_et_pb_old_content":"","_et_gb_content_width":"","footnotes":""},"class_list":["post-4280","page","type-page","status-publish","hentry"],"_links":{"self":[{"href":"https:\/\/www.ecotopia.se\/sv\/wp-json\/wp\/v2\/pages\/4280","targetHints":{"allow":["GET"]}}],"collection":[{"href":"https:\/\/www.ecotopia.se\/sv\/wp-json\/wp\/v2\/pages"}],"about":[{"href":"https:\/\/www.ecotopia.se\/sv\/wp-json\/wp\/v2\/types\/page"}],"author":[{"embeddable":true,"href":"https:\/\/www.ecotopia.se\/sv\/wp-json\/wp\/v2\/users\/3"}],"replies":[{"embeddable":true,"href":"https:\/\/www.ecotopia.se\/sv\/wp-json\/wp\/v2\/comments?post=4280"}],"version-history":[{"count":25,"href":"https:\/\/www.ecotopia.se\/sv\/wp-json\/wp\/v2\/pages\/4280\/revisions"}],"predecessor-version":[{"id":4686,"href":"https:\/\/www.ecotopia.se\/sv\/wp-json\/wp\/v2\/pages\/4280\/revisions\/4686"}],"up":[{"embeddable":true,"href":"https:\/\/www.ecotopia.se\/sv\/wp-json\/wp\/v2\/pages\/217"}],"wp:attachment":[{"href":"https:\/\/www.ecotopia.se\/sv\/wp-json\/wp\/v2\/media?parent=4280"}],"curies":[{"name":"wp","href":"https:\/\/api.w.org\/{rel}","templated":true}]}}