{"id":4147,"date":"2014-12-18T15:56:55","date_gmt":"2014-12-18T14:56:55","guid":{"rendered":"https:\/\/www.ecotopia.se\/sv\/?page_id=4147"},"modified":"2015-07-17T14:35:40","modified_gmt":"2015-07-17T13:35:40","slug":"certifieringskurs-i-permakulturdesign-pdc-2015","status":"publish","type":"page","link":"https:\/\/www.ecotopia.se\/sv\/kalendarium-2015\/certifieringskurs-i-permakulturdesign-pdc-2015\/","title":{"rendered":"Certifieringskurs i permakulturdesign (PDC)"},"content":{"rendered":"<h2>72-HOUR PERMACULTURE DESIGN COURSE<\/h2>\n<h4>&#8211; med Christoff Schneider, auktoriserad genom Bill Mollison och Permaculture Research Institute of Australia<\/h4>\n<p><img loading=\"lazy\" decoding=\"async\" class=\"alignleft size-full wp-image-2827\" src=\"https:\/\/www.ecotopia.se\/sv\/wp-content\/uploads\/2014\/01\/permakulturheaderny1.jpg\" alt=\"permakulturheaderny1\" width=\"600\" height=\"144\" \/><\/p>\n<p><strong>Datum:<\/strong> 2-15 juli 2015<\/p>\n<p>Permakultur \u00e4r ett designverktyg som utg\u00e5r fr\u00e5n naturens egna principer n\u00e4r du skapar en milj\u00f6 d\u00e4r du kan leva sj\u00e4lvhush\u00e5llande och h\u00e5llbart. Det handlar om att sluta kretsloppen, hitta synergieffekter och sj\u00e4lvreglerande system. Om att fylla v\u00e5ra basbehov som tak \u00f6ver huvudet, mat p\u00e5 bordet och sociala sammanhang p\u00e5 ett s\u00e4tt som \u00e4r i samklang med v\u00e5r planet och alla varelser som bor p\u00e5 den. Permakultur som system st\u00f6djer en aktsam hantering av naturen, medm\u00e4nniskor och andra resurser och ger oss dessutom mer gl\u00e4dje och tillfredst\u00e4llelse i v\u00e5ra liv!\u00a0Bli inte f\u00f6rv\u00e5nad om du l\u00e4mnar den h\u00e4r kursen med en helt ny syn p\u00e5 vad som \u00e4r ett tillfredst\u00e4llande liv.<\/p>\n<p>[custom_frame_right shadow=&#8221;on&#8221;]<img loading=\"lazy\" decoding=\"async\" class=\"alignleft wp-image-2429\" src=\"https:\/\/www.ecotopia.se\/sv\/wp-content\/uploads\/2014\/01\/permaculture_designers_manual.jpg\" alt=\"permaculture_designers_manual\" width=\"100\" height=\"133\" \/>[\/custom_frame_right]<\/p>\n<p>Under 14 dagar leder Christoff Schneider dig genom det omfattande kursmaterialet som bygger p\u00e5 Bill Mollisions bok \u201dPERMACULTURE &#8211; A Designer\u2019s Manual\u201d. Samtidigt som du till\u00e4mpar dina kunskaper genom ett eget designprojekt som du arbetar fram med hj\u00e4lp av permakulturprinciperna och som du redovisar inf\u00f6r publik den sista dagen. Dessutom f\u00e5r du m\u00f6jlighet till flera praktiska \u00f6vningar och till\u00e4mpningar av kunskaperna. Till det kommer studiebes\u00f6k, g\u00e4stf\u00f6rel\u00e4sare och \u00e5tskilliga filmvisningar. Ja, det h\u00e4r en intensiv kurs med l\u00e5nga dagar. Men den \u00e4r ocks\u00e5 en upplevelse l\u00e5ngt ut\u00f6ver det vanliga.<\/p>\n<p>En ung deltagares kommentarer 2013 var \u201dJag har l\u00e4rt mig mer under dessa 14 dagar \u00e4n under hela min skoltid\u201d.<\/p>\n<p><img loading=\"lazy\" decoding=\"async\" class=\"alignleft size-full wp-image-2826\" src=\"https:\/\/www.ecotopia.se\/sv\/wp-content\/uploads\/2014\/01\/permakulturheader3ny.jpg\" alt=\"permakulturheader3ny\" width=\"600\" height=\"144\" \/><\/p>\n<p>&nbsp;<\/p>\n<p><strong>Det handlar om sj\u00e4lvf\u00f6rs\u00f6rjning!<\/strong> Under kursen l\u00e4r vi oss att hush\u00e5lla med livsmedel och energi. Vi l\u00e4r oss att anv\u00e4nda f\u00f6rnyelsebar energi p\u00e5 ett optimalt s\u00e4tt, att rena och \u00e5teranv\u00e4nda avloppsvatten (kretsloppsavlopp), att bygga ekologiskt och om sociala processer som st\u00e4rker gemenskapen. Vi planerar gemensamt l\u00e5ngsiktiga, sj\u00e4lvst\u00e4ndiga ekosystem som best\u00e5r av m\u00e4nniskor, djur, resurser, landskap, klimat, jordm\u00e5n och plantor. Vi l\u00e4r oss att sammanl\u00e4nka de olika elementen (luft, vatten, jord och eld) med varandra utifr\u00e5n att varje element skall tillgodose m\u00e5nga \u00e4ndam\u00e5l. Vi kommer fram till vilka plantor som st\u00f6djer och skyddar varandra och vilka husdjur som passar in i systemet. Vi l\u00e4r k\u00e4nna gamla kulturer som sedan begynnelsen lever i samklang med landskapet och jorden. Och mycket viktigt, vi kommer gemensamt att ha roligt och skratta.<\/p>\n<p>Kursen h\u00e5lls i en milj\u00f6 som \u00e4r skapad i permakulturandan. Ecotopia \u00d6sterlen \u00e4r, f\u00f6rutom ett kunskapscenter f\u00f6r medskapande av en h\u00e5llbar framtid, ocks\u00e5 en sj\u00e4lvhush\u00e5llande g\u00e5rd p\u00e5 sju hektar som \u00e4r planlagd och anlagd efter permakulturens designprinciper. H\u00e4r finns ocks\u00e5 en liten skogstr\u00e4dg\u00e5rd som anlades p\u00e5 en permakulturkurs f\u00f6rra \u00e5ret. L\u00e4s mer om Ecotopias <a href=\"https:\/\/www.ecotopia.se\/sv\/permakultur\/permakulturdesignprojekt\/\">Permakulturdesign<\/a>. Under din PDC p\u00e5 Ecotopia njuter du av g\u00e5rdens vegetariska k\u00f6k.<\/p>\n<p>Utbildningen f\u00f6ljer de str\u00e4nga riktlinjer som Bill Mollison och Permaculture Research Institute of Australia gett f\u00f6r denna 72-timmars PDC (Permaculture Design Course) kurs och delar d\u00e4rf\u00f6r ut dess internationellt erk\u00e4nda certifikat. Inga f\u00f6rkunskaper kr\u00e4vs men visst underl\u00e4ttar det f\u00f6r en sj\u00e4lv om man l\u00e4st in sig lite grann.\u00a0Varje deltagare planerar efter tredje dagen sitt eget projekt under handledning.<\/p>\n<p><img decoding=\"async\" src=\"https:\/\/www.ecotopia.se\/sv\/wp-content\/uploads\/2014\/01\/permakulturheader21.jpg\" alt=\"permakulturheader2\" \/><\/p>\n<p><strong>Kursens teoretiska inneh\u00e5ll:<\/strong><\/p>\n<p><em>\u2022 <\/em>Grunderna i permakultur<\/p>\n<p>\u2022 Ekologiskt fotavtryck och en matematisk funktion som heter exponentialfunktion<\/p>\n<p>\u2022 Designprinciper och permakulturmetoden<\/p>\n<p>\u2022 Zoner och sektioner<\/p>\n<p>\u2022 Samodling och plantors gemenskap<\/p>\n<p>\u2022 Kontinuitet och sk\u00f6tsel av system<\/p>\n<p>\u2022 Naturens och landskapets modersm\u00e5l<\/p>\n<p>\u2022 V\u00e4der- och klimatfaktorer<\/p>\n<p>\u2022 Tr\u00e4d och hur de p\u00e5verkar oss, biosf\u00e4ren, jord och erosion<\/p>\n<p>\u2022 Skogstr\u00e4dg\u00e5rdssystem och vattencykler<\/p>\n<p>\u2022 Hantering av vatten i designen: Uppsamling, lagring och beredning<\/p>\n<p>\u2022 Hur jorden och dess liv uppst\u00e5r<\/p>\n<p>\u2022 Jordens uppbyggnad och sammans\u00e4ttning<\/p>\n<p>\u2022 Uppbyggnad och funktion av en Biomeiler; kompostv\u00e4rme fr\u00e5n biomassa<\/p>\n<p>\u2022 Hur man f\u00f6rb\u00e4ttrar, konserverar och bygger upp jordens struktur<\/p>\n<p>\u2022 Indikatorplantor och deras funktion<\/p>\n<p>\u2022 Kompostering, maskfarm, Bokashi<\/p>\n<p>\u2022 Jorden \u2013 arbete, planering, m\u00e4tning, strategier<\/p>\n<p>\u2022 Plantering efter jordarbetet<\/p>\n<p>\u2022 Hush\u00e5lla med vatten, p\u00f6lar, dammar, Swales, Chiampas<\/p>\n<p>\u2022 Avkastning, fiskf\u00e5ngst, randzoner och kostnader<\/p>\n<p>\u2022 Gestaltningsstrategier i m\u00e5ttliga klimatzoner<\/p>\n<p>\u2022 Ekologiskt byggande<\/p>\n<p>\u2022 Planering och s\u00e4kerst\u00e4llande av vattenf\u00f6rs\u00f6rjningen<\/p>\n<p>\u2022 etc.<\/p>\n<p><strong>Ett urval av kursens praktiska \u00f6vningar:<\/strong><\/p>\n<p><em>Praktiska \u00f6vningar genomf\u00f6rs utifr\u00e5n m\u00f6jligheter och resurser. (Vi ber om f\u00f6rst\u00e5else f\u00f6r att alla \u00f6vningar kanske inte alltid kan genomf\u00f6ras).<\/em><\/p>\n<p>\u2022 Den enkla v\u00e4gen till en egen h\u00f6gb\u00e4dd<\/p>\n<p>\u2022 Planera sj\u00e4lvhush\u00e5llning p\u00e5 r\u00e4tt s\u00e4tt<\/p>\n<p>\u2022 En \u00e4tbar \u00f6rtvandring<\/p>\n<p>\u2022 Sten\u00e5lderskeramik<\/p>\n<p>\u2022 Kompostering, Terra Preta, Bokashi<\/p>\n<p>\u2022 Framst\u00e4lla \u00e4ttika<\/p>\n<p>\u2022 G\u00f6ra surdegar<\/p>\n<p>\u2022 Baka br\u00f6d<\/p>\n<p>\u2022 M\u00e4tning av topografin utifr\u00e5n egenh\u00e4ndigt byggd A-ram<\/p>\n<p>\u2022 Egna visuella jordprover<\/p>\n<p>\u2022 G\u00f6ra kvarg och yoghurt<\/p>\n<p><strong>Kursen innefattar \u00e4ven studiebes\u00f6k p\u00e5 \u00d6sterlen:<\/strong><\/p>\n<p>Vi \u00e5ker p\u00e5 studiebes\u00f6k till <a href=\"http:\/\/mandelmann.se\" target=\"_blank\">Mandelmanns Tr\u00e4dg\u00e5rdar<\/a>.<\/p>\n<p>[custom_frame_right shadow=&#8221;on&#8221;]<img loading=\"lazy\" decoding=\"async\" class=\"size-full wp-image-875 alignleft\" src=\"https:\/\/www.ecotopia.se\/sv\/wp-content\/uploads\/2013\/01\/christoffer.jpg\" alt=\"christoffer\" width=\"150\" height=\"150\" srcset=\"https:\/\/www.ecotopia.se\/sv\/wp-content\/uploads\/2013\/01\/christoffer.jpg 150w, https:\/\/www.ecotopia.se\/sv\/wp-content\/uploads\/2013\/01\/christoffer-100x100.jpg 100w\" sizes=\"(max-width: 150px) 100vw, 150px\" \/>[\/custom_frame_right]<strong>Kursledare:<\/strong> Christoff Schneider diplomerad permakulturdesigner och r\u00e5dgivare. Sedan 2008 \u00e4r han auktoriserad permakulturl\u00e4rare genom Bill Mollison och Permaculture Research Institute of Australia. Efter ett antalt permakulturutbildningar i Nya Zeeland leder han nu kurser, projekt, h\u00e5ller workshops och f\u00f6redrag i \u00d6sterrike, Tyskland, Nya Zeeland och Tanzania. Christoff \u00e4r certifierad instrukt\u00f6r i att \u201csl\u00e5 med lie\u201c och exporterar liar och know how till New Zealand. Dessutom \u00e4r han utbildad i homeopati, medicinalv\u00e4xter (i Peru) och NLP.<\/p>\n<p>Han har f\u00f6rutom <a href=\"http:\/\/permakulturschule.com\/home.html\" target=\"_blank\">Permakulturskolan<\/a> byggt upp permakulturcentrat Zerwanthof i nationalparken Hohe Want (1132 m.\u00f6.h) i \u00d6sterrike.<\/p>\n<p>Video: H\u00e4r <a href=\"https:\/\/www.youtube.com\/watch?v=kMewDlm-UI0&amp;feature=player_embedded#at=405\" target=\"_blank\">ett smakprov<\/a> p\u00e5 en av Christoffs certifieringskurser.<\/p>\n<p>[custom_frame_right shadow=&#8221;on&#8221;]<img loading=\"lazy\" decoding=\"async\" class=\"size-full wp-image-875 alignleft\" src=\"https:\/\/www.ecotopia.se\/sv\/wp-content\/uploads\/2014\/01\/Kicki-058-150x150.jpg\" alt=\"christoffer\" width=\"100\" height=\"100\" \/>[\/custom_frame_right]<br \/>\n<strong>G\u00e4stf\u00f6rel\u00e4sare:<\/strong>\u00a0Kicki Bobacka, bor med man, barn och barnbarn i Lund och driver Kickis tr\u00e4dg\u00e5rd f\u00f6r alla som vill h\u00e4lsa p\u00e5. Inspireras av permakultur, h\u00f6ns, \u00e4ppelmustning, perenna v\u00e4xter och inte minst tr\u00e4dg\u00e5rden som en plats att trivas och umg\u00e5s i. PDC 2000. Undervisar och arbetar som konsult. \u00c4r engagerad i <a href=\"http:\/\/permakultur.se\/index.php?lang=sv\">permakultur i Sk\u00e5ne<\/a>, Sverige och Norden samt i \u00d6stersj\u00f6projekt om resiliens och ekologiska l\u00f6sningar.<\/p>\n<p>[custom_frame_right shadow=&#8221;on&#8221;]<img loading=\"lazy\" decoding=\"async\" class=\"alignnone wp-image-3750\" src=\"https:\/\/www.ecotopia.se\/sv\/wp-content\/uploads\/2014\/08\/catarina_liten.jpg\" alt=\"catarina_liten\" width=\"75\" height=\"100\" \/>[\/custom_frame_right]<strong>G\u00e4stf\u00f6rel\u00e4sare:<\/strong> Catharina Ehlo har byggt upp och leder tv\u00e5 verksamheter. Efter mer \u00e4n 10 \u00e5rs framg\u00e5ngsrikt arbete med bland annat \u00f6rtmedicin p\u00e5 sin egen praktik Sj\u00e4lens Stj\u00e4rna bildade hon <a href=\"http:\/\/www.stjarnorter.se\/\">Stj\u00e4rn\u00f6rter<\/a> d\u00e4r hon tagit fram egna produkter som hon nu framst\u00e4ller b\u00e5de till m\u00e4nniskor och djur (registrerade som fodertillskott hos Jordbruksverket).<\/p>\n<p><strong>[custom_frame_right shadow=&#8221;on&#8221;]<img loading=\"lazy\" decoding=\"async\" src=\"https:\/\/www.ecotopia.se\/sv\/wp-content\/uploads\/2014\/01\/wikstrom150x150.png\" alt=\"\" width=\"100\" height=\"100\" \/>[\/custom_frame_right]G\u00e4stf\u00f6rel\u00e4sare:<\/strong>\u00a0\u00c5ke Wikstr\u00f6m brinner f\u00f6r fr\u00e5gor kring h\u00e4lsa, ekologisk odling och milj\u00f6. Han var f\u00f6rst mycket aktiv inom f\u00f6rbundet f\u00f6r Organisk-Biologisk odling. Senare har han varit eldsj\u00e4len bakom ett meditationscenter och uppbyggnaden av H\u00e4llungen Kursg\u00e5rd (idag Solh\u00e4lla). Nu driver han f\u00f6retaget\u00a0<a href=\"http:\/\/www.hallbarhalsa.nu\/\" target=\"_blank\">H\u00e5llbar H\u00e4lsa<\/a>, ett projekt inom ekologi, permakultur och h\u00e5llbar utveckling. H\u00e4r driver han en 10 000 kvadratmeter stor ekologisk tr\u00e4dg\u00e5rd, g\u00e5rdsbutik och caf\u00e9, levererar ekol\u00e5dor, erbjuder tr\u00e4dg\u00e5rdsvandringar och h\u00e5ller kurser. Detta tillsammans med sin fru Tingting. \u00c5ke har \u00f6ver 30 \u00e5rs erfarenhet av organisk-biologisk odling.<\/p>\n<p><strong>Datum:<\/strong> Torsdag 2 juli kl 9 till onsdagen 15 juli em 2015<\/p>\n<p><strong>Kursintyg:<\/strong> Certifiering enligt Permaculture Research Institute of Australia. F\u00f6ruts\u00e4ttning: N\u00e4rvaro samt muntlig projektpresentation.<\/p>\n<p><strong>Kursspr\u00e5k:<\/strong> Engelska<\/p>\n<p><strong>Kursbok:<\/strong> Bill Mollison \u201dPERMACULTURE A Designers\u2019s Manual\u201d. <a href=\"http:\/\/www.tagari.com\/\" target=\"_blank\">Kan best\u00e4llas h\u00e4r!<\/a>\u00a0Ecotopia har ett l\u00e5neexemplar som kan l\u00e5nas i samband med kursen. Kursledare delar ut kursmaterial som kan sparas p\u00e5 en h\u00e5rddisk eller ett st\u00f6rre USB minne.<\/p>\n<p><strong> Kurskostnad:<\/strong> 14 dagar och 13 \u00f6vernattningar (14 dagars kurs inkl. en ledig dag)\u00a0inkl vegetarisk helpension per person:<\/p>\n<ul>\n<li>A. Utan boende: 9 900:-<\/li>\n<li>B. Med boende i eget t\u00e4lt p\u00e5 Ecotopia: 10 180:-<\/li>\n<li>C. Med boende i ekostuga\/dubbelrum med serviceenhet (dusch, toalett, k\u00f6k): 11 850:-<\/li>\n<li>D. Med boende i ekostuga\/gruppboende (max 4 pers) med egen toalett, dusch och eget k\u00f6k: 12 500:-<\/li>\n<\/ul>\n<p>Handpenning (1000:-) i samband med anm\u00e4lan. D\u00e4refter f\u00f6ljer faktura. F\u00f6rfr\u00e5gan om delbetalning kan g\u00f6ras. F\u00f6retag kan betala hela kurskostnaden mot faktura.<\/p>\n<p><strong> Sista anm\u00e4lningsdag:<\/strong>\u00a015 juni 2015<\/p>\n<p><strong>F\u00f6r mer information: <\/strong><a href=\"https:\/\/www.ecotopia.se\/sv\/kontakt\/\">skriv till oss<\/a> eller\u00a0ring 0703 330 814<\/p>\n<p>I samverkan med:<\/p>\n<div class='one_half'>\n\t\t\t\t\t<p><img loading=\"lazy\" decoding=\"async\" class=\"size-full wp-image-2399 alignleft\" src=\"https:\/\/www.ecotopia.se\/sv\/wp-content\/uploads\/2014\/01\/logorund1.png\" alt=\"logorund1\" width=\"139\" height=\"150\" \/><a href=\"http:\/\/www.permakulturschule.com\">Permakulturschule<\/a><\/p>\n\t\t\t\t<\/div>\n<div class='one_half et_column_last'>\n\t\t\t\t\t<p><img loading=\"lazy\" decoding=\"async\" class=\"size-full wp-image-2400 alignleft\" src=\"https:\/\/www.ecotopia.se\/sv\/wp-content\/uploads\/2014\/01\/pis.jpg\" alt=\"pis\" width=\"110\" height=\"150\" \/><a href=\"http:\/\/www.permakulturiskane.se\">PIS (Permakultur i Sk\u00e5ne)<\/a><\/p>\n\t\t\t\t<\/div><div class='clear'><\/div>\n","protected":false},"excerpt":{"rendered":"<p>72-HOUR PERMACULTURE DESIGN COURSE &#8211; med Christoff Schneider, auktoriserad genom Bill Mollison och Permaculture Research Institute of Australia Datum: 2-15 juli 2015 Permakultur \u00e4r ett designverktyg som utg\u00e5r fr\u00e5n naturens [&hellip;]<\/p>\n","protected":false},"author":3,"featured_media":0,"parent":217,"menu_order":0,"comment_status":"open","ping_status":"closed","template":"","meta":{"_et_pb_use_builder":"","_et_pb_old_content":"","_et_gb_content_width":"","footnotes":""},"class_list":["post-4147","page","type-page","status-publish","hentry"],"_links":{"self":[{"href":"https:\/\/www.ecotopia.se\/sv\/wp-json\/wp\/v2\/pages\/4147","targetHints":{"allow":["GET"]}}],"collection":[{"href":"https:\/\/www.ecotopia.se\/sv\/wp-json\/wp\/v2\/pages"}],"about":[{"href":"https:\/\/www.ecotopia.se\/sv\/wp-json\/wp\/v2\/types\/page"}],"author":[{"embeddable":true,"href":"https:\/\/www.ecotopia.se\/sv\/wp-json\/wp\/v2\/users\/3"}],"replies":[{"embeddable":true,"href":"https:\/\/www.ecotopia.se\/sv\/wp-json\/wp\/v2\/comments?post=4147"}],"version-history":[{"count":27,"href":"https:\/\/www.ecotopia.se\/sv\/wp-json\/wp\/v2\/pages\/4147\/revisions"}],"predecessor-version":[{"id":4810,"href":"https:\/\/www.ecotopia.se\/sv\/wp-json\/wp\/v2\/pages\/4147\/revisions\/4810"}],"up":[{"embeddable":true,"href":"https:\/\/www.ecotopia.se\/sv\/wp-json\/wp\/v2\/pages\/217"}],"wp:attachment":[{"href":"https:\/\/www.ecotopia.se\/sv\/wp-json\/wp\/v2\/media?parent=4147"}],"curies":[{"name":"wp","href":"https:\/\/api.w.org\/{rel}","templated":true}]}}