{"id":4088,"date":"2014-12-17T15:39:19","date_gmt":"2014-12-17T14:39:19","guid":{"rendered":"https:\/\/www.ecotopia.se\/sv\/?page_id=4088"},"modified":"2015-07-28T18:48:18","modified_gmt":"2015-07-28T17:48:18","slug":"workshop-ekologisk-odling-permakultur-praktiken","status":"publish","type":"page","link":"https:\/\/www.ecotopia.se\/sv\/kalendarium-2015\/workshop-ekologisk-odling-permakultur-praktiken\/","title":{"rendered":"Workshop &#8211; Ekologisk odling &#038; permakultur i praktiken"},"content":{"rendered":"<h2>Hur man brukar jorden ekologiskt<\/h2>\n<h3><img loading=\"lazy\" decoding=\"async\" class=\"alignnone size-full wp-image-4089\" src=\"https:\/\/www.ecotopia.se\/sv\/wp-content\/uploads\/2014\/12\/header_web.jpg\" alt=\"header_web\" width=\"600\" height=\"150\" \/><\/h3>\n<h4>Det viktigaste i odlingen \u00e4r jorden.<\/h4>\n<p><strong>Datum:<\/strong> 28 mars \u2013 30 maj &#8211; 6 juni 2015 (tre l\u00f6rdagar) Det viktigaste i odlingen \u00e4r jorden. S\u00e5dan jord s\u00e5dan v\u00e4xtkraft och sk\u00f6rd. Alla jordar kan bli b\u00f6rdiga. Fr\u00e5gan \u00e4r bara hur vi brukar, bygger upp och tar hand om jorden och dess n\u00e4rings\u00e4mnen. Detta avg\u00f6r kvaliteten p\u00e5 sk\u00f6rden. Hur underligt det \u00e4n kan l\u00e5ta, s\u00e5 \u00e4r v\u00e5r h\u00e4lsa beroende av kvaliteten hos den jord d\u00e4r v\u00e5r mat v\u00e4xer, eftersom den ursprungliga k\u00e4llan till v\u00e5r n\u00e4ring kommer fr\u00e5n jorden, inte fr\u00e5n v\u00e4xterna. Frisk jord ger oss friska plantor och en n\u00e4ringsrik sk\u00f6rd. I dessa workshops l\u00e4r vi oss v\u00e4rdet av organiska material i jorden. Vi kommer att f\u00f6rst\u00e5 varf\u00f6r organiskt material och livet i jorden \u00e4r s\u00e5 viktigt och varf\u00f6r vi m\u00e5ste ta hand om det. <img loading=\"lazy\" decoding=\"async\" class=\"alignnone size-full wp-image-4212\" src=\"https:\/\/www.ecotopia.se\/sv\/wp-content\/uploads\/2014\/12\/Bluegums-Organic-Workshop-005.jpg\" alt=\"Bluegums-Organic-Workshop-005\" width=\"600\" height=\"224\" \/><\/p>\n<h4>Inneh\u00e5ll:<\/h4>\n<p>\u00b7 Gr\u00f6ng\u00f6dsling \u00b7 Kompostering \u00b7 Maskfarm \u00b7 Flytande g\u00f6dningsmedel \u00b7 \u201dGr\u00e4v-inte\u201d-metoden Vi kommer att s\u00e5 gr\u00f6ng\u00f6dsling, observera hur det v\u00e4xer och hur man arbetar in densamma i jorden. Vi kommer att kompostera, v\u00e4nda komposten och observera hur den utvecklar sig till ny jord. Vi kommer att starta en maskfarm och se hur maskarna v\u00e4xer. Vi kommer att framst\u00e4lla flytande g\u00f6dningsmedel av bl.a. n\u00e4sslor, t\u00e5ng och kompost. Vi kommer att praktisera \u201dGr\u00e4v-inte\u201d metoden. F\u00f6rutom praktisk erfarenhetskunskap kommer vi att diskutera jordar och organiskt v\u00e4xande. Ett viktigt m\u00e5l f\u00f6r dessa tre workshops \u00e4r att varje deltagare tar med sig kunskap hem som de kan implementera hemma i den egna t\u00e4ppan, p\u00e5 kolonilotten eller i gr\u00f6nsaksodlingen. [custom_frame_right shadow=&#8221;on&#8221;]<img loading=\"lazy\" decoding=\"async\" class=\"alignnone wp-image-4090\" src=\"https:\/\/www.ecotopia.se\/sv\/wp-content\/uploads\/2014\/12\/holger_web.jpg\" alt=\"holger_web\" width=\"100\" height=\"131\" \/>[\/custom_frame_right]<strong>Kursledare:<\/strong>\u00a0Holger Kahl \u00e4r biolog och har studerat organisk odling i Tyskland och U.S.A. Han har undervisat i organisk tr\u00e4dg\u00e5rdsodling p\u00e5 universitetsniv\u00e5 och har bl.a. varit delaktig i uppbyggnaden av en fr\u00f6bank i Nya Zealand.\u00a0Med sin stora erfarenhet av odling, kunskapsf\u00f6rmedling och r\u00e5dgivning har han varit delaktig i ett stort antal projekt, \u00e4ven permakulturprojekt, v\u00e4rlden \u00f6ver. Numera arbetar Holger i Ghana och Tajikistan n\u00e4r han inte \u00e4r hemma med Sabine i deras lerhusbygge i ekobyn Baskem\u00f6lla. Holger \u00e4r aktiv i omst\u00e4llningsprojektet Gemenskapsodling &amp; Fr\u00f6bank som initierats av Ecotopia i samverkan med Omst\u00e4llning \u00d6sterlen.<\/p>\n<p><strong>Tider:<\/strong> L\u00f6rdagen den 28\/3 och 30\/5 kl 10 \u2013 15 samt l\u00f6rdagen den 6\/6 kl 10-15<\/p>\n<p><strong>Pris (inkl 25 % moms) inkl. vegetarisk lunch f\u00f6r tre kursdagar:<\/strong> 1200:- Per g\u00e5ng 400:-<\/p>\n<p><strong>Plats:<\/strong> Ecotopia <strong>Spr\u00e5k:<\/strong> Svenska och engelska<\/p>\n","protected":false},"excerpt":{"rendered":"<p>Hur man brukar jorden ekologiskt Det viktigaste i odlingen \u00e4r jorden. Datum: 28 mars \u2013 30 maj &#8211; 6 juni 2015 (tre l\u00f6rdagar) Det viktigaste i odlingen \u00e4r jorden. S\u00e5dan [&hellip;]<\/p>\n","protected":false},"author":3,"featured_media":0,"parent":217,"menu_order":0,"comment_status":"open","ping_status":"closed","template":"","meta":{"_et_pb_use_builder":"","_et_pb_old_content":"","_et_gb_content_width":"","footnotes":""},"class_list":["post-4088","page","type-page","status-publish","hentry"],"_links":{"self":[{"href":"https:\/\/www.ecotopia.se\/sv\/wp-json\/wp\/v2\/pages\/4088","targetHints":{"allow":["GET"]}}],"collection":[{"href":"https:\/\/www.ecotopia.se\/sv\/wp-json\/wp\/v2\/pages"}],"about":[{"href":"https:\/\/www.ecotopia.se\/sv\/wp-json\/wp\/v2\/types\/page"}],"author":[{"embeddable":true,"href":"https:\/\/www.ecotopia.se\/sv\/wp-json\/wp\/v2\/users\/3"}],"replies":[{"embeddable":true,"href":"https:\/\/www.ecotopia.se\/sv\/wp-json\/wp\/v2\/comments?post=4088"}],"version-history":[{"count":25,"href":"https:\/\/www.ecotopia.se\/sv\/wp-json\/wp\/v2\/pages\/4088\/revisions"}],"predecessor-version":[{"id":4884,"href":"https:\/\/www.ecotopia.se\/sv\/wp-json\/wp\/v2\/pages\/4088\/revisions\/4884"}],"up":[{"embeddable":true,"href":"https:\/\/www.ecotopia.se\/sv\/wp-json\/wp\/v2\/pages\/217"}],"wp:attachment":[{"href":"https:\/\/www.ecotopia.se\/sv\/wp-json\/wp\/v2\/media?parent=4088"}],"curies":[{"name":"wp","href":"https:\/\/api.w.org\/{rel}","templated":true}]}}