{"id":4050,"date":"2014-12-16T18:02:13","date_gmt":"2014-12-16T17:02:13","guid":{"rendered":"https:\/\/www.ecotopia.se\/sv\/?page_id=4050"},"modified":"2015-03-09T22:16:39","modified_gmt":"2015-03-09T21:16:39","slug":"temakvall-traditionellt-och-miljovanligt-maleri","status":"publish","type":"page","link":"https:\/\/www.ecotopia.se\/sv\/kalendarium-2015\/temakvall-traditionellt-och-miljovanligt-maleri\/","title":{"rendered":"Temakv\u00e4ll &#8211; Traditionellt och milj\u00f6v\u00e4nligt m\u00e5leri"},"content":{"rendered":"<p><img loading=\"lazy\" decoding=\"async\" class=\"alignnone size-medium wp-image-4494\" src=\"https:\/\/www.ecotopia.se\/sv\/wp-content\/uploads\/2015\/01\/header_maleri-600x150.jpg\" alt=\"header_maleri\" width=\"600\" height=\"150\" srcset=\"https:\/\/www.ecotopia.se\/sv\/wp-content\/uploads\/2015\/01\/header_maleri-600x150.jpg 600w, https:\/\/www.ecotopia.se\/sv\/wp-content\/uploads\/2015\/01\/header_maleri-920x230.jpg 920w\" sizes=\"(max-width: 600px) 100vw, 600px\" \/><\/p>\n<p><strong>Datum:<\/strong> Torsdagen den 19 mars 2015<\/p>\n<p>\u00c4r det dags att m\u00e5la utem\u00f6bler, fasaden, k\u00f6ksluckor eller innertaket?<\/p>\n<p>Vill du genom ditt f\u00e4rgval minimera belastningen av milj\u00f6 och h\u00e4lsa inom- och utomhus?<\/p>\n<p>Denna temakv\u00e4ll handlar om vilka f\u00e4rger man b\u00f6r v\u00e4lja och hur man uppn\u00e5r ett h\u00e5llbart och vackert resultat.<\/p>\n<p>Maria Attstr\u00f6m inleder kv\u00e4llen med en kort historik om traditionella f\u00e4rgtyper och om f\u00e4rgs\u00e4ttning. En temakv\u00e4ll om milj\u00f6v\u00e4nliga f\u00e4rgtyper och tekniker som limf\u00e4rg, kalkf\u00e4rg, silikatf\u00e4rg, linoljef\u00e4rg, slamf\u00e4rg samt emulsionsf\u00e4rg s\u00e5som \u00e4ggoljetempera och filmj\u00f6lksf\u00e4rg<\/p>\n<p>[custom_frame_right shadow=&#8221;on&#8221;]<img loading=\"lazy\" decoding=\"async\" class=\"alignnone wp-image-4051\" src=\"https:\/\/www.ecotopia.se\/sv\/wp-content\/uploads\/2014\/12\/maria_maleri.jpg\" alt=\"maria_maleri\" width=\"100\" height=\"131\" \/>[\/custom_frame_right]<strong>F\u00f6rel\u00e4sare:<\/strong> Maria Attstr\u00f6m driver m\u00e5lerifirman <a href=\"http:\/\/www.attstrom.se\" target=\"_blank\">Econyans<\/a> d\u00e4r arbetar med milj\u00f6v\u00e4nliga, ekonomiska och l\u00e5ngsiktigt h\u00e5llbara teknikeroch har l\u00e5ng yrkeserfarenhet av byggnadsm\u00e5leri, f\u00e4rgs\u00e4ttning, f\u00e4rgmaterial och form.<\/p>\n<p>Hennes fokus ligger p\u00e5 det estetiska samtidigt som hon utg\u00e5r fr\u00e5n milj\u00f6v\u00e4nliga, ekonomiska och l\u00e5ngsiktigt h\u00e5llbara tekniker dvs. m\u00e5leri med linoljef\u00e4rg, slamf\u00e4rg, \u00e4ggoljetempera, limf\u00e4rg och kalkf\u00e4rg. Sedan slutet p\u00e5 90-talet arbetar hon med traditionellt m\u00e5leri, dekorationsm\u00e5lning och linoljef\u00e4rgstillverkning.<\/p>\n<p><a href=\"https:\/\/www.ecotopia.se\/sv\/kalendarium-2015\/workshop-traditionellt-och-miljovanligt-maleri_del1\/\">Workshop \u2013 Traditionellt och milj\u00f6v\u00e4nligt m\u00e5leri<br \/>\nUtomhusm\u00e5leri p\u00e5 tr\u00e4 och puts (del 1)<\/a><\/p>\n<p><a href=\"https:\/\/www.ecotopia.se\/sv\/kalendarium-2015\/workshop-traditionellt-och-miljovanligt-maleri_del2\/\">Workshop \u2013 Traditionellt och milj\u00f6v\u00e4nligt m\u00e5leri<br \/>\n\u00c4ggoljetempera och linoljef\u00e4rg (del 2)<\/a><\/p>\n<p><strong>Tid:<\/strong> Torsdagen den 19 mars 2015 kl 18:30 &#8211; 21:00<br \/>\n<strong>Intr\u00e4de:<\/strong> 100:-<br \/>\n<strong>Plats:<\/strong> Ecotopia<br \/>\n<strong>Ekofik:<\/strong> Kv\u00e4llens vegetariska soppa och rawfoodkakor erbjuds innan temakv\u00e4llen b\u00f6rjar och i pausen.<\/p>\n<p><em>I samverkan med<\/em><br \/>\n<img loading=\"lazy\" decoding=\"async\" class=\"alignnone size-full wp-image-4055\" src=\"https:\/\/www.ecotopia.se\/sv\/wp-content\/uploads\/2014\/12\/logo_econyans.jpg\" alt=\"logo_econyans\" width=\"600\" height=\"60\" \/><br \/>\n<img loading=\"lazy\" decoding=\"async\" class=\"alignnone size-medium wp-image-4056\" src=\"https:\/\/www.ecotopia.se\/sv\/wp-content\/uploads\/2014\/12\/maleri_exempel-600x443.jpg\" alt=\"maleri_exempel\" width=\"600\" height=\"443\" srcset=\"https:\/\/www.ecotopia.se\/sv\/wp-content\/uploads\/2014\/12\/maleri_exempel-600x443.jpg 600w, https:\/\/www.ecotopia.se\/sv\/wp-content\/uploads\/2014\/12\/maleri_exempel-920x679.jpg 920w\" sizes=\"(max-width: 600px) 100vw, 600px\" \/><\/p>\n","protected":false},"excerpt":{"rendered":"<p>Datum: Torsdagen den 19 mars 2015 \u00c4r det dags att m\u00e5la utem\u00f6bler, fasaden, k\u00f6ksluckor eller innertaket? Vill du genom ditt f\u00e4rgval minimera belastningen av milj\u00f6 och h\u00e4lsa inom- och utomhus? [&hellip;]<\/p>\n","protected":false},"author":3,"featured_media":0,"parent":217,"menu_order":0,"comment_status":"open","ping_status":"closed","template":"","meta":{"_et_pb_use_builder":"","_et_pb_old_content":"","_et_gb_content_width":"","footnotes":""},"class_list":["post-4050","page","type-page","status-publish","hentry"],"_links":{"self":[{"href":"https:\/\/www.ecotopia.se\/sv\/wp-json\/wp\/v2\/pages\/4050","targetHints":{"allow":["GET"]}}],"collection":[{"href":"https:\/\/www.ecotopia.se\/sv\/wp-json\/wp\/v2\/pages"}],"about":[{"href":"https:\/\/www.ecotopia.se\/sv\/wp-json\/wp\/v2\/types\/page"}],"author":[{"embeddable":true,"href":"https:\/\/www.ecotopia.se\/sv\/wp-json\/wp\/v2\/users\/3"}],"replies":[{"embeddable":true,"href":"https:\/\/www.ecotopia.se\/sv\/wp-json\/wp\/v2\/comments?post=4050"}],"version-history":[{"count":13,"href":"https:\/\/www.ecotopia.se\/sv\/wp-json\/wp\/v2\/pages\/4050\/revisions"}],"predecessor-version":[{"id":4545,"href":"https:\/\/www.ecotopia.se\/sv\/wp-json\/wp\/v2\/pages\/4050\/revisions\/4545"}],"up":[{"embeddable":true,"href":"https:\/\/www.ecotopia.se\/sv\/wp-json\/wp\/v2\/pages\/217"}],"wp:attachment":[{"href":"https:\/\/www.ecotopia.se\/sv\/wp-json\/wp\/v2\/media?parent=4050"}],"curies":[{"name":"wp","href":"https:\/\/api.w.org\/{rel}","templated":true}]}}