{"id":4004,"date":"2014-12-16T15:53:52","date_gmt":"2014-12-16T14:53:52","guid":{"rendered":"https:\/\/www.ecotopia.se\/sv\/?page_id=4004"},"modified":"2015-05-16T08:55:29","modified_gmt":"2015-05-16T07:55:29","slug":"framtidskafe-x5","status":"publish","type":"page","link":"https:\/\/www.ecotopia.se\/sv\/kalendarium-2015\/framtidskafe-x5\/","title":{"rendered":"Framtidskaf\u00e9 (fem tr\u00e4ffar)"},"content":{"rendered":"<h1>&#8211; med f\u00f6redrag och samtal<\/h1>\n<p><a href=\"https:\/\/www.ecotopia.se\/sv\/wp-content\/uploads\/2014\/12\/header_framtidscafe.jpg\"><img loading=\"lazy\" decoding=\"async\" class=\"alignnone size-full wp-image-4008\" src=\"https:\/\/www.ecotopia.se\/sv\/wp-content\/uploads\/2014\/12\/header_framtidscafe.jpg\" alt=\"header_framtidscafe\" width=\"600\" height=\"150\" \/><\/a><\/p>\n<p>Massmedierna rapporterar om klimatf\u00f6r\u00e4ndringar och f\u00f6rbrukning av milj\u00f6 och naturresurser. Samtidigt uppmanas vi att konsumera f\u00f6r att h\u00e5lla ig\u00e5ng ekonomin och skapa jobb. Vad och vem ska man tro? Hur skapar vi en v\u00e4rld d\u00e4r alla lever bra liv inom gr\u00e4nser som planetens klimat- och ekosystem klarar av?<\/p>\n<p>Under v\u00e5ren bjuder Ecotopia p\u00e5 \u00d6sterlen in till fem tr\u00e4ffar med syftet att inspirera till kunskap och handling som bidrar till h\u00e5llbarhet och livskvalitet. Varje tr\u00e4ff inleds med ett kort f\u00f6redrag om kv\u00e4llens tema av Ulrich Nitsch, professor emeritus i milj\u00f6kommunikation vid SLU.<\/p>\n<h3><span style=\"color: #999999;\">29 januari &#8211; Vart \u00e4r vi p\u00e5 v\u00e4g?<\/span><\/h3>\n<p><span style=\"color: #999999;\">Klimatet, energin, naturresurser och tillv\u00e4xt \u2013 vad \u00e4r det som p\u00e5g\u00e5r och vad s\u00e4ger vetenskapen om tillst\u00e5ndet i v\u00e4rlden?<\/span><\/p>\n<p><span style=\"color: #999999;\">\u00a0<\/span><\/p>\n<h3><span style=\"color: #999999;\">26 februari &#8211; Visioner och m\u00f6jligheter?<\/span><\/h3>\n<p><span style=\"color: #999999;\">Vilken v\u00e4rld vill jag se och bidra till? Vad ger v\u00e5ra liv inneh\u00e5ll och mening?<\/span><br \/>\n<span style=\"color: #999999;\"> Var finner vi m\u00f6jligheter till en \u00f6nskad och h\u00e5llbar utveckling?<\/span><\/p>\n<h3><span style=\"color: #999999;\">\u00a026 mars &#8211; F\u00f6r\u00e4ndring och motst\u00e5nd<\/span><\/h3>\n<p><span style=\"color: #999999;\">Vad hindrar utvecklingen av den v\u00e4rld vi vill ha? Vilka inre och yttre motst\u00e5nd bromsar oss och hur kan vi \u00f6vervinna dem?<\/span><\/p>\n<p>&nbsp;<\/p>\n<h3><span style=\"color: #999999;\">23 april &#8211; Handling f\u00f6r f\u00f6r\u00e4ndring<\/span><\/h3>\n<p><span style=\"color: #999999;\">Vilket blir mitt n\u00e4sta steg av handling? Vilka \u00e5tg\u00e4rder \u00e4r jag beredd att genomf\u00f6ra i mitt eget liv och vad kan jag bidra till p\u00e5 samh\u00e4llsniv\u00e5?<\/span><\/p>\n<p>&nbsp;<\/p>\n<h3>28 maj &#8211; V\u00e4gen vidare<\/h3>\n<p>F\u00f6rdjupande samtal p\u00e5 teman som kommit upp under f\u00f6reg\u00e5ende tr\u00e4ffar.<\/p>\n<p>&nbsp;<\/p>\n<p><strong>Datum:<\/strong> Torsdagar 29\/1, 26\/2, 26\/3, 23\/4 och 28\/5 2015<\/p>\n<p><strong>Tid:<\/strong> 18.30 till ca. 21:00<\/p>\n<p><strong>Pris och rabatt:<\/strong><br \/>\nAnm\u00e4ler du dig till alla fem tr\u00e4ffar f\u00e5r du rabatt: 500 sek inkl kaffe och rawfoodkaka f\u00f6r fem tr\u00e4ffar<br \/>\nAnm\u00e4ler du dig inte och deltar utan f\u00f6ranm\u00e4lan: 120 sek inkl kaffe och rawfoodkaka f\u00f6r en tr\u00e4ff<\/p>\n<table style=\"background-color: #ffe1ac;\" border=\"0\" width=\"100%\">\n<tbody>\n<tr>\n<td valign=\"top\"><\/td>\n<td valign=\"top\">\n<h3><span style=\"color: #808000;\">Kursanm\u00e4lan g\u00f6rs i 2 steg<\/span><\/h3>\n<p><strong>1.<\/strong> Fyll i och skicka kursanm\u00e4lan s\u00e5 f\u00e5r du en bekr\u00e4ftelse av oss.<\/p>\n<p><strong>2.<\/strong> Genom att betala in avgiften till Ecotopia p\u00e5 \u00d6sterlen bankgiro 771-1955 har du anm\u00e4lt dig. N\u00e4r avgiften inkommit f\u00e5r du en betalningsbekr\u00e4ftelse av oss.<\/p>\n<p><\/td>\n<td valign=\"top\"><\/td>\n<\/tr>\n<tr>\n<td valign=\"top\">*<\/td>\n<td valign=\"top\">Obligatoriska f\u00e4lt<\/td>\n<td valign=\"top\"><\/td>\n<\/tr>\n<\/tbody>\n<\/table>\n<p><em><strong>Ecotopia \u00d6sterlens avbokningsregler <\/strong><\/em><em>Vi har mjukat upp SAUFs (Sveriges auktoriserade utbildningsf\u00f6retag) standardregler f\u00f6r avbokning av \u00f6ppen kurs. Detta inneb\u00e4r att din anm\u00e4lan \u00e4r bindande s\u00e5 snart du har f\u00e5tt en bekr\u00e4ftelse skickad till dig. Vid avbokning 14-8 dagar f\u00f6re kursstart debiteras 50% av kursavgiften. Vid avbokning och icke-deltagande utan avbokning 7-0 dagar f\u00f6re kursstart debiteras 100% av kursavgiften. Du kan s\u00e4nda en ers\u00e4ttare efter samr\u00e5d med oss.<\/em><\/p>\n","protected":false},"excerpt":{"rendered":"<p>&#8211; med f\u00f6redrag och samtal Massmedierna rapporterar om klimatf\u00f6r\u00e4ndringar och f\u00f6rbrukning av milj\u00f6 och naturresurser. Samtidigt uppmanas vi att konsumera f\u00f6r att h\u00e5lla ig\u00e5ng ekonomin och skapa jobb. Vad och [&hellip;]<\/p>\n","protected":false},"author":3,"featured_media":0,"parent":217,"menu_order":0,"comment_status":"open","ping_status":"closed","template":"","meta":{"_et_pb_use_builder":"","_et_pb_old_content":"","_et_gb_content_width":"","footnotes":""},"class_list":["post-4004","page","type-page","status-publish","hentry"],"_links":{"self":[{"href":"https:\/\/www.ecotopia.se\/sv\/wp-json\/wp\/v2\/pages\/4004","targetHints":{"allow":["GET"]}}],"collection":[{"href":"https:\/\/www.ecotopia.se\/sv\/wp-json\/wp\/v2\/pages"}],"about":[{"href":"https:\/\/www.ecotopia.se\/sv\/wp-json\/wp\/v2\/types\/page"}],"author":[{"embeddable":true,"href":"https:\/\/www.ecotopia.se\/sv\/wp-json\/wp\/v2\/users\/3"}],"replies":[{"embeddable":true,"href":"https:\/\/www.ecotopia.se\/sv\/wp-json\/wp\/v2\/comments?post=4004"}],"version-history":[{"count":19,"href":"https:\/\/www.ecotopia.se\/sv\/wp-json\/wp\/v2\/pages\/4004\/revisions"}],"predecessor-version":[{"id":4693,"href":"https:\/\/www.ecotopia.se\/sv\/wp-json\/wp\/v2\/pages\/4004\/revisions\/4693"}],"up":[{"embeddable":true,"href":"https:\/\/www.ecotopia.se\/sv\/wp-json\/wp\/v2\/pages\/217"}],"wp:attachment":[{"href":"https:\/\/www.ecotopia.se\/sv\/wp-json\/wp\/v2\/media?parent=4004"}],"curies":[{"name":"wp","href":"https:\/\/api.w.org\/{rel}","templated":true}]}}