{"id":35,"date":"2013-01-09T18:51:48","date_gmt":"2013-01-09T17:51:48","guid":{"rendered":"https:\/\/www.ecotopia.se\/sv\/?page_id=35"},"modified":"2021-03-28T08:26:27","modified_gmt":"2021-03-28T07:26:27","slug":"ecotopia-i-media","status":"publish","type":"page","link":"https:\/\/www.ecotopia.se\/sv\/om-ecotopia\/ecotopia-i-media\/","title":{"rendered":"Ecotopia i Media"},"content":{"rendered":"<p><strong>Boksl\u00e4pp &#8211; Hon har skrivit en guide f\u00f6r &#8220;paradigmskiftets r\u00e5dande kaos&#8221;<br \/>\n<\/strong>Artikel i Ystads Allehanda 4 mars 2021. <a href=\"https:\/\/www.ecotopia.se\/sv\/wp-content\/uploads\/2021\/03\/YA-2_000070.jpg\">L\u00e4s artikeln h\u00e4r&#8230;<\/a><\/p>\n<p><a href=\"http:\/\/p4dela.sverigesradio.se\/?id=7994\" target=\"_blank\" rel=\"noopener\">Lyssna p\u00e5 P4 Kristianstad och ECOTOPIA om rawfood och yoga<\/a><\/p>\n<p><strong>&#8220;Ett v\u00e4xande intresse f\u00f6r fr\u00f6er&#8221;<br \/>\n<\/strong>Artikel i Ystads Allehanda 26 februari 2018. <a href=\"https:\/\/www.ecotopia.se\/sv\/wp-content\/uploads\/2018\/03\/YA-Fromote20180228.jpg\">L\u00e4s artikeln h\u00e4r&#8230;<\/a><\/p>\n<p><strong>&#8220;H\u00e5llbara bokslut er\u00f6vrar Sverige&#8221;<br \/>\n<\/strong>Artikel i Fria Tidningen 10 januari 2018. <a href=\"http:\/\/www.fria.nu\/artikel\/132359\">L\u00e4s artikeln h\u00e4r&#8230;<\/a><\/p>\n<p><strong>&#8220;Inspiration fr\u00e5n Sicilien f\u00f6r ett gr\u00f6nare julbord&#8221;<br \/>\n<\/strong>Artikel i \u00d6sterlenmagasinet 30 december 2017. <a href=\"https:\/\/www.ecotopia.se\/sv\/wp-content\/uploads\/2018\/03\/YA-Workshop-julmat20180228.jpg\">L\u00e4s artikeln h\u00e4r&#8230;<\/a><\/p>\n<p><strong>&#8220;Ecotopia vill inspirera till att bygga h\u00e5llbart&#8221;<br \/>\n<\/strong>Artikel i Kloka hem 13 december 2017. <a href=\"http:\/\/klokahem.com\/reportage\/ecotopia-vill-inspirera-till-att-bygga-hallbart\">L\u00e4s artikeln h\u00e4r&#8230;<\/a><\/p>\n<p><strong>&#8220;Ecotopia g\u00e5r en h\u00e5llbar framtid till m\u00f6tes&#8221;<br \/>\n<\/strong>Artikel i \u00d6sterlenmagasinet 10 juli 2017. <a href=\"https:\/\/www.ecotopia.se\/sv\/wp-content\/uploads\/2013\/01\/OM201720170710.jpg\">L\u00e4s artikeln h\u00e4r&#8230;<\/a><\/p>\n<p><strong>&#8220;Sista huset fullbordar visionen om Ecotopia&#8221;<\/strong><br \/>\nArtikel i Ystads Allehanda 31 maj 2017. <a href=\"https:\/\/www.ecotopia.se\/sv\/wp-content\/uploads\/2013\/01\/YA120170607.jpg\">L\u00e4s artikeln h\u00e4r&#8230;<\/a><\/p>\n<p><strong>&#8220;Fr\u00f6er gav hopp om nya sk\u00f6rdar&#8221;<\/strong><br \/>\nArtikel i Ystads Allehanda 27 februari 2017. <a href=\"https:\/\/www.ecotopia.se\/sv\/wp-content\/uploads\/2013\/01\/frogrupp20170315.jpg\">L\u00e4s artikeln h\u00e4r&#8230;<\/a><\/p>\n<p><strong>&#8220;Vintern \u00e4r njutningens tid&#8221;<br \/>\n<\/strong>Artikel i Ystads Allehanda 24 november 2016.\u00a0<a href=\"https:\/\/www.ecotopia.se\/sv\/wp-content\/uploads\/2013\/01\/YA_vinter20170104.jpg\">L\u00e4s artikeln h\u00e4r&#8230;<\/a><\/p>\n<p><strong>&#8220;M\u00e5nga v\u00e4ljer att inte se sammanhangen&#8221;<br \/>\n<\/strong>Artikel i P\u00e5 Landet Nr8 2016.\u00a0<a href=\"http:\/\/www.e-pages.dk\/skddiverse\/331209281\/html5\/10\/\">L\u00e4s artikeln h\u00e4r&#8230;<\/a><\/p>\n<p><strong>&#8220;Han visar v\u00e4gen till permaekonomi&#8221;<br \/>\n<\/strong>Artikel i Landets Fria 13 oktober 2016.\u00a0<a href=\"http:\/\/www.landetsfria.se\/artikel\/125040\">L\u00e4s artikeln h\u00e4r&#8230;<\/a><\/p>\n<p><strong>&#8220;Intressen odlades och fr\u00f6n s\u00e5ddes p\u00e5 f\u00f6rsta m\u00f6tet&#8221;<br \/>\n<\/strong>Artikel i Ystads Allehanda 15 februari 2016.\u00a0<a href=\"https:\/\/www.ecotopia.se\/sv\/wp-content\/uploads\/2013\/01\/omstallning20160314.jpg\">L\u00e4s artikeln h\u00e4r&#8230;<\/a><\/p>\n<p><strong>&#8220;Ecotopia Permakulturg\u00e5rd &#8211; f\u00f6delsen av en vision&#8221;<br \/>\n<\/strong>Artikel i Tidskrift f\u00f6r permakultur Nr 14 2015.\u00a0<a href=\"https:\/\/www.ecotopia.se\/sv\/wp-content\/uploads\/2013\/01\/permakultur20160314.pdf\">L\u00e4s artikeln h\u00e4r&#8230;<\/a><\/p>\n<p><strong>&#8220;Hus p\u00e5 egna ben&#8221;<br \/>\n<\/strong>Artikel i Sk\u00e5nska Dagbladet 26 oktober 2015.\u00a0<a href=\"https:\/\/www.ecotopia.se\/sv\/wp-content\/uploads\/2013\/01\/SD20151026.jpg\">L\u00e4s artikeln h\u00e4r&#8230;<\/a><\/p>\n<p><strong>&#8220;Workshop solenergi\/sj\u00e4lvbyggeri&#8221;<br \/>\n<\/strong>Film fr\u00e5n Ecotopia 17-18 oktober 2015.\u00a0<a href=\"https:\/\/www.youtube.com\/watch?v=Z8Uf-Bgq-Ok\">Se filmen h\u00e4r\u2026<\/a><\/p>\n<p><strong>&#8220;Halm s\u00e5 upp\u00e5t v\u00e4ggarna&#8221;<br \/>\n<\/strong>Artikel i Byggindustrin nr 27 2015.\u00a0<a href=\"https:\/\/www.ecotopia.se\/sv\/wp-content\/uploads\/2013\/01\/BI20151020_0001.jpg\">L\u00e4s artikeln h\u00e4r&#8230;<\/a><\/p>\n<p><strong>&#8220;Solkunskap spreds p\u00e5 Ecotopia&#8221;<br \/>\n<\/strong>Artikel i Ystads Allehanda 19 oktober 2015.\u00a0<a href=\"https:\/\/www.ecotopia.se\/sv\/wp-content\/uploads\/2013\/01\/\u00d6M_20151020.jpg\">L\u00e4s artikeln h\u00e4r&#8230;<\/a><\/p>\n<p><strong>&#8220;P\u00e5 sommarkurs i skogstr\u00e4dg\u00e5rden&#8221;<br \/>\n<\/strong>Artikel i Ystads Allehanda 15 juli 2015.\u00a0<a href=\"https:\/\/www.ecotopia.se\/sv\/wp-content\/uploads\/2013\/01\/YA20150715.jpg\">L\u00e4s artikeln h\u00e4r&#8230;<\/a><\/p>\n<p><strong>&#8220;H\u00e5llbart halmbalshus p\u00e5 \u00d6sterlen&#8221;<br \/>\n<\/strong>Artikel i Sydsvenskan 31 maj 2015.\u00a0<a href=\"https:\/\/www.ecotopia.se\/sv\/wp-content\/uploads\/2013\/01\/SvD20150715.jpg\">L\u00e4s artikeln h\u00e4r&#8230;<\/a><\/p>\n<p><strong>&#8220;Full aktivitet i passivt halmhus&#8221;<br \/>\n<\/strong>Artikel i Ystads allehanda 26 maj 2015.\u00a0<a href=\"https:\/\/www.ecotopia.se\/sv\/wp-content\/uploads\/2013\/01\/YA20150526.jpg\">L\u00e4s artikeln h\u00e4r&#8230;<\/a><\/p>\n<p><strong>&#8220;Glasklar l\u00f6sning fr\u00e4mjar milj\u00f6n&#8221;<br \/>\n<\/strong>Artikel i \u00d6sterlenmagasinet 12 mars 2015. <a href=\"https:\/\/www.ecotopia.se\/sv\/wp-content\/uploads\/2013\/01\/OM20150312.jpg\">L\u00e4s artikeln h\u00e4r&#8230;<\/a><\/p>\n<p><strong>&#8220;Grunden lagd f\u00f6r en ny s\u00e4song p\u00e5 Ecotopia&#8221;<br \/>\n<\/strong>Artikel i Ystads allehanda 21 januari 2015.\u00a0<a href=\"https:\/\/www.ecotopia.se\/sv\/wp-content\/uploads\/2013\/01\/YA20150121.jpg\">L\u00e4s artikeln h\u00e4r&#8230;<\/a><\/p>\n<p><strong>&#8220;Lite tr\u00e4dg\u00e5rdsarbete ger mycket frukt&#8221;<br \/>\n<\/strong>Artikel i Sk\u00e5nska Dagbladet 25 augusti 2014.\u00a0<a href=\"https:\/\/www.ecotopia.se\/sv\/wp-content\/uploads\/2013\/01\/media-sd-Skogstradgard20140825.jpg\">L\u00e4s artikeln h\u00e4r&#8230;<\/a><\/p>\n<p><strong>&#8220;De vill ta vara p\u00e5 skogens frukter&#8221;<br \/>\n<\/strong>Artikel i Ystads allehanda 23 augusti 2014.\u00a0<a href=\"https:\/\/www.ecotopia.se\/sv\/wp-content\/uploads\/2013\/01\/YA20140824.jpg\">L\u00e4s artikeln h\u00e4r&#8230;<\/a><\/p>\n<p><strong>&#8220;Ecotopia: Permaculture in Sweden&#8221;<br \/>\n<\/strong>Artikel i &#8220;Permaculture: Inspiration for Sustainable Living&#8221;\u00a04 juli\u00a02014.\u00a0<a href=\"http:\/\/www.permaculture.co.uk\/articles\/ecotopia-permaculture-sweden\">L\u00e4s artikeln h\u00e4r&#8230;<\/a><\/p>\n<p><strong>&#8220;H\u00e4r skapas en h\u00e5llbar livsstil&#8221;<br \/>\n<\/strong>Artikel i Sk\u00e5netrafiken\u00a014 april\u00a02014.\u00a0<a href=\"https:\/\/www.ecotopia.se\/sv\/wp-content\/uploads\/2014\/04\/Media-Sk\u00e5netrafiken-20140423.pdf\">L\u00e4s artikeln h\u00e4r&#8230;<\/a><\/p>\n<p><strong>&#8220;Att bygga h\u00e5llbart f\u00f6r framtiden&#8221;<br \/>\n<\/strong>Artikel i \u00d6sterlenmagasinet 17 oktober 2013. <a href=\"https:\/\/www.ecotopia.se\/sv\/wp-content\/uploads\/2013\/01\/ArtikelOsterlenmagasinet20131017web.jpg\">L\u00e4s artikeln h\u00e4r&#8230;<\/a><\/p>\n<p><strong>&#8220;Bygga hus av halmen&#8221;<\/strong><br \/>\nNotis i P\u00e5 landet September 2013.\u00a0<a href=\"https:\/\/www.ecotopia.se\/sv\/wp-content\/uploads\/2013\/01\/HalmPalandet201309.pdf\">L\u00e4s h\u00e4r&#8230;<\/a><\/p>\n<p><strong>&#8220;Halmbalar blir h\u00e5llbara hus&#8221;<br \/>\n<\/strong>Artikel i Sydsvenskan 4 augusti 2013.\u00a0<a href=\"https:\/\/www.ecotopia.se\/sv\/wp-content\/uploads\/2013\/01\/sydsvenskan130804.jpg\">L\u00e4s artikeln h\u00e4r&#8230;<\/a><\/p>\n<p><strong>&#8220;Hon bygger hus av halmbalar&#8221;<\/strong><a href=\"http:\/\/www.sydsvenskan.se\/webb-tv\/webb-tv-skane\/tv-hon-bygger-hus-av-halmbalar\/\"><br \/>\n<\/a>Webb-tv Sydsvenskan 22 juli.<a href=\"http:\/\/www.sydsvenskan.se\/webb-tv\/webb-tv-skane\/tv-hon-bygger-hus-av-halmbalar\/\"> Se klippet h\u00e4r&#8230;<\/a><\/p>\n<p><strong>&#8220;Halmhuskurs en lyckad historia&#8221;<br \/>\n<\/strong>Artikel i Ystads allehanda 22 juli 2013.\u00a0<a href=\"https:\/\/www.ecotopia.se\/sv\/wp-content\/uploads\/2013\/01\/YA_halm_20130724.pdf\">L\u00e4s artikeln h\u00e4r&#8230;<\/a><\/p>\n<p><strong>&#8220;Lera med mera energi&#8221;<br \/>\n<\/strong>Artikel i \u00d6sterlenmagasinet 25 april 2013.\u00a0<a href=\"https:\/\/www.ecotopia.se\/sv\/wp-content\/uploads\/2013\/04\/OM_20130425.jpg\" target=\"_blank\" rel=\"noopener\">L\u00e4s artikeln h\u00e4r\u2026<\/a><\/p>\n<p><strong>&#8220;Handfasta kurser p\u00e5 Ecotopia&#8221;<br \/>\n<\/strong>Artikel i Vad H\u00e4nder nr 3 2013.\u00a0<a href=\"https:\/\/www.ecotopia.se\/sv\/wp-content\/uploads\/2013\/04\/Vad-Hander_20130425.jpg\" target=\"_blank\" rel=\"noopener\">L\u00e4s artikeln h\u00e4r&#8230;<\/a><\/p>\n<p><strong>&#8220;Levande material f\u00f6r framtida bruk&#8221;<br \/>\n<\/strong>Artikel i Ystads Allehanda den 8 april 2013.\u00a0<a href=\"https:\/\/www.ecotopia.se\/sv\/wp-content\/uploads\/2013\/04\/YA20130408.jpg\" target=\"_blank\" rel=\"noopener\">L\u00e4s artikeln h\u00e4r&#8230;<\/a><\/p>\n<p><strong>&#8220;Det \u00e4r ju helt EKOlogiskt&#8221;<br \/>\n<\/strong>Artikel i Kv\u00e4llsposten den 8 mars 2013.\u00a0<a href=\"https:\/\/www.ecotopia.se\/sv\/wp-content\/uploads\/2013\/01\/KvP_20130308.jpg\" target=\"_blank\" rel=\"noopener\">L\u00e4s artikeln h\u00e4r&#8230;<\/a><\/p>\n<p><strong>&#8220;Milj\u00f6pris till Ecotopia&#8221;<br \/>\n<\/strong>Artikel i Ystads Allehanda den 15 februari 2013.\u00a0<a href=\"http:\/\/www.ecotopia.se\/pic\/ya_20130215.jpg\" target=\"_blank\" rel=\"noopener\">L\u00e4s artikeln h\u00e4r&#8230;<\/a><\/p>\n<p><strong>&#8220;Ecotopia: En utopi i verkligheten&#8221;<br \/>\n<\/strong>Artikel i \u00d6sterlenmagasinet den 7 februari 2013.\u00a0<a href=\"http:\/\/www.ecotopia.se\/pic\/OM_20130207.jpg\" target=\"_blank\" rel=\"noopener\">L\u00e4s artikeln h\u00e4r&#8230;<\/a><\/p>\n<p><strong>&#8220;Konsten att mata en surdeg&#8221;<br \/>\n<\/strong>Artikel i Ystads Allehanda den 17 november 2012.\u00a0<a href=\"http:\/\/www.ecotopia.se\/sites\/default\/files\/YA121117.jpg\" target=\"_blank\" rel=\"noopener\">L\u00e4s artikeln h\u00e4r&#8230;<\/a><\/p>\n<p><strong>&#8220;Morgonjohan p\u00e5 pumpajakt&#8221;<br \/>\n<\/strong>Sveriges Radio den 6 november 2012.\u00a0<a href=\"http:\/\/sverigesradio.se\/sida\/gruppsida.aspx?programid=3742&amp;grupp=9905&amp;artikel=5337127\" target=\"_blank\" rel=\"noopener\">L\u00e4s och lyssna h\u00e4r&#8230;<\/a><\/p>\n<p><strong>&#8220;Jobbar f\u00f6r en livsstil i harmoni med milj\u00f6n&#8221;<br \/>\n<\/strong>Artikel i Sk\u00e5nska Dagbladet den 29 oktober 2012.\u00a0<a href=\"http:\/\/www.ecotopia.se\/sites\/default\/files\/sd20121029.jpg\" target=\"_blank\" rel=\"noopener\">L\u00e4s artikeln h\u00e4r&#8230;<\/a><\/p>\n<p><strong>&#8220;F\u00f6r stora tankar&#8221;<br \/>\n<\/strong>Artikel i \u00d6sterlenmagasinet den 11 oktober 2012.\u00a0<a href=\"http:\/\/www.ecotopia.se\/sites\/default\/files\/om121011.jpg\" target=\"_blank\" rel=\"noopener\">L\u00e4s artikeln h\u00e4r&#8230;<\/a><\/p>\n<p><strong>&#8220;De har kopierat naturen&#8221;<br \/>\n<\/strong>Artikel i Sk\u00e5nska Dagbladet den 24 augusti 2012.\u00a0<a href=\"http:\/\/www.ecotopia.se\/sites\/default\/files\/sd20120824.jpg\" target=\"_blank\" rel=\"noopener\">L\u00e4s artikeln h\u00e4r&#8230;<\/a><\/p>\n<p><strong>&#8220;Karin brinner f\u00f6r odlandet&#8221;<br \/>\n<\/strong>Artikel i Ystads Allehanda den 20 augusti 2012.\u00a0<a href=\"http:\/\/www.ecotopia.se\/sites\/default\/files\/ya20120820.jpg\" target=\"_blank\" rel=\"noopener\">L\u00e4s artikeln h\u00e4r&#8230;<\/a><\/p>\n<p><strong>&#8220;Ecotopia byggs i Bondrum&#8221;\u00a0<\/strong>Artikel i Sk\u00e5nskan den 8 augusti 2012. <a href=\"http:\/\/www.skanskan.se\/article\/20120808\/SJOBO\/708079902\/-\/ecotopia-byggs-i-bondrum\" target=\"_blank\" rel=\"noopener\">L\u00e4s artikeln h\u00e4r&#8230;<\/a><\/p>\n<p><strong>&#8220;Ecotopia redo f\u00f6r omv\u00e4rlden&#8221;<\/strong> Artikel i Ystads Allehanda den 12 maj 2012. <a href=\"http:\/\/www.ystadsallehanda.se\/tomelilla\/article1628611\/Ecotopia-redo-for-omvarlden.html\" target=\"_blank\" rel=\"noopener\">L\u00e4s artikeln h\u00e4r&#8230;<\/a><\/p>\n<p><strong>&#8220;Ecotopia \u2013 en holistisk syn p\u00e5 livet&#8221;<\/strong> <a href=\"http:\/\/sverigesradio.se\/sida\/artikel.aspx?programid=2162&amp;artikel=4854874\" target=\"_blank\" rel=\"noopener\">Lyssna p\u00e5 reportage om Ecotopia \u00d6sterlen av P4 Kristianstad&#8230;<\/a><\/p>\n<p><strong>&#8220;Man blir maktl\u00f6s &#8211; r\u00e4ttsl\u00f6s&#8221;<\/strong> Artikel i Ystads Allehanda den 16 november 2011. <a href=\"http:\/\/www.ystadsallehanda.se\/tomelilla\/article1575724\/Man-blir-maktlos---rattslos.html\" target=\"_blank\" rel=\"noopener\">L\u00e4s artikeln h\u00e4r&#8230;<\/a><\/p>\n<p><strong>L\u00e4rksp\u00e5n p\u00e5 taket\/Artikel i Ystad Allehanda<\/strong> Ystads Allehanda publicerade i bilagan <em>Hem<\/em> en artikel om sp\u00e5ntakl\u00e4ggningen\u2026\u00a0<a href=\"http:\/\/www.sydsvenskan-img.se\/archive\/00862\/Hembilagan_30_oktob_862931a.pdf\">Klicka h\u00e4r f\u00f6r att ladda hem (.pdf)!<\/a><\/p>\n<p><strong>Permakultur i Odlaren <\/strong> I artikeln Permakulturdesign i Odlaren \u00e5terger Karin Jansson all viktig information fr\u00e5n kursen som h\u00f6lls p\u00e5 g\u00e5rden\u2026\u00a0<a href=\"http:\/\/ecotopia.se\/blog\/wp-content\/uploads\/2009\/09\/odlaren.pdf\" target=\"_blank\" rel=\"noopener\">L\u00e4s mer!<\/a><\/p>\n<p><strong>Dr\u00f6mmen om Ecotopia<\/strong> I artikel \u201dDr\u00f6mmen om Ecotopia blir verklig\u201d i Ystads Allehanda skriver Jenni Dahlgren om v\u00e5ra planer&#8230; <a href=\"http:\/\/ecotopia.se\/blog\/wp-content\/uploads\/2009\/09\/Ecotopia.pdf\" target=\"_blank\" rel=\"noopener\">L\u00e4s mer!<\/a><\/p>\n","protected":false},"excerpt":{"rendered":"<p>Boksl\u00e4pp &#8211; Hon har skrivit en guide f\u00f6r &#8220;paradigmskiftets r\u00e5dande kaos&#8221; Artikel i Ystads Allehanda 4 mars 2021. L\u00e4s artikeln h\u00e4r&#8230; Lyssna p\u00e5 P4 Kristianstad och ECOTOPIA om rawfood och [&hellip;]<\/p>\n","protected":false},"author":1,"featured_media":0,"parent":2,"menu_order":95,"comment_status":"open","ping_status":"closed","template":"","meta":{"_et_pb_use_builder":"","_et_pb_old_content":"","_et_gb_content_width":"","footnotes":""},"class_list":["post-35","page","type-page","status-publish","hentry"],"_links":{"self":[{"href":"https:\/\/www.ecotopia.se\/sv\/wp-json\/wp\/v2\/pages\/35","targetHints":{"allow":["GET"]}}],"collection":[{"href":"https:\/\/www.ecotopia.se\/sv\/wp-json\/wp\/v2\/pages"}],"about":[{"href":"https:\/\/www.ecotopia.se\/sv\/wp-json\/wp\/v2\/types\/page"}],"author":[{"embeddable":true,"href":"https:\/\/www.ecotopia.se\/sv\/wp-json\/wp\/v2\/users\/1"}],"replies":[{"embeddable":true,"href":"https:\/\/www.ecotopia.se\/sv\/wp-json\/wp\/v2\/comments?post=35"}],"version-history":[{"count":38,"href":"https:\/\/www.ecotopia.se\/sv\/wp-json\/wp\/v2\/pages\/35\/revisions"}],"predecessor-version":[{"id":13429,"href":"https:\/\/www.ecotopia.se\/sv\/wp-json\/wp\/v2\/pages\/35\/revisions\/13429"}],"up":[{"embeddable":true,"href":"https:\/\/www.ecotopia.se\/sv\/wp-json\/wp\/v2\/pages\/2"}],"wp:attachment":[{"href":"https:\/\/www.ecotopia.se\/sv\/wp-json\/wp\/v2\/media?parent=35"}],"curies":[{"name":"wp","href":"https:\/\/api.w.org\/{rel}","templated":true}]}}