{"id":217,"date":"2013-01-10T22:10:28","date_gmt":"2013-01-10T21:10:28","guid":{"rendered":"https:\/\/www.ecotopia.se\/sv\/?page_id=217"},"modified":"2015-12-07T18:38:08","modified_gmt":"2015-12-07T17:38:08","slug":"kalendarium-2015","status":"publish","type":"page","link":"https:\/\/www.ecotopia.se\/sv\/kalendarium-2015\/","title":{"rendered":"Kalendarium 2015"},"content":{"rendered":"<h1 style=\"color: #714302; letter-spacing: 1px;\">UTBILDNINGAR\/WORKSHOPS<\/h1>\n<p>[divider]<\/p>\n<p>[custom_frame_left shadow=&#8221;on&#8221;]<img loading=\"lazy\" decoding=\"async\" class=\"alignnone wp-image-4138\" src=\"https:\/\/www.ecotopia.se\/sv\/wp-content\/uploads\/2013\/01\/header_julmat_liten-90x90.jpg\" alt=\"thumb_lerugnsbygge\" width=\"90\" height=\"90\" \/>[\/custom_frame_left]<\/p>\n<h1 style=\"color: #666607;\">Matlagningskurs &#8211; Eve\u2019s Bistro<\/h1>\n<h4 style=\"color: #808000; letter-spacing: 0px;\">Vegetarisk femr\u00e4tters Julmeny<\/h4>\n<h3>28 november 2015<\/h3>\n<p>I denna workshop lagar vi en gourmetjulmiddag \u2013 femr\u00e4tters julmeny. Detta fr\u00e4mst p\u00e5 ekologiska r\u00e5varor, varav en del fr\u00e5n egen odling. Med denna workshop vill vi sl\u00e5 ett vingslag bort fr\u00e5n den traditionella och till den sunda och n\u00e4ringsrika julmaten.[custom_button text=&#8221;Mer info &amp; anm\u00e4lan&#8230;&#8221; title=&#8221;Mer info &amp; anm\u00e4lan&#8230;&#8221; url=&#8221;https:\/\/www.ecotopia.se\/sv\/kalendarium-2015\/workshop-julmat-eves-bistro\/&#8221; size=&#8221;small&#8221; bg_color=&#8221;#6b8d19&#8243; text_color=&#8221;#FFFFFF&#8221; align=&#8221;right&#8221; target=&#8221;_self&#8221;] <strong>Kursledare:<\/strong> Eve Maltais, Eve\u2019s Bistro<\/p>\n<p>[divider]<\/p>\n<h1 style=\"color: #714302; letter-spacing: 1px;\">TEMAKV\u00c4LLAR (ingen anm\u00e4lan)<\/h1>\n<p>[divider]<\/p>\n<h1><span style=\"color: #ff6600;\">Kalendarium 2016\u00a0<\/span><\/h1>\n<h4><strong><span style=\"color: #339966;\">Detta kalendariet \u00e4r under arbete. En \u00f6versikt hittar du h\u00e4r i december och i januari sl\u00e4pper vi hela kalendariet f\u00f6r v\u00e5r och sommar 2016. Finns du med p\u00e5 v\u00e5r mejlinglista kommer \u00f6versikten hem till dig innan Jul. V\u00e4lkommen \u00e5ter!\u00a0<\/span><\/strong><\/h4>\n<h2><a href=\"https:\/\/www.ecotopia.se\/sv\/kalendarium-arkiv\/\">-&gt; Tidigare utbildningar och evenemang &lt;-<\/a><\/h2>\n<p>&nbsp;<\/p>\n","protected":false},"excerpt":{"rendered":"<p>UTBILDNINGAR\/WORKSHOPS [divider] [custom_frame_left shadow=&#8221;on&#8221;][\/custom_frame_left] Matlagningskurs &#8211; Eve\u2019s Bistro Vegetarisk femr\u00e4tters Julmeny 28 november 2015 I denna workshop lagar vi en gourmetjulmiddag \u2013 femr\u00e4tters julmeny. Detta fr\u00e4mst p\u00e5 ekologiska r\u00e5varor, varav [&hellip;]<\/p>\n","protected":false},"author":2,"featured_media":0,"parent":0,"menu_order":0,"comment_status":"open","ping_status":"open","template":"page-PageTemplate2.php","meta":{"_et_pb_use_builder":"","_et_pb_old_content":"","_et_gb_content_width":"","footnotes":""},"class_list":["post-217","page","type-page","status-publish","hentry"],"_links":{"self":[{"href":"https:\/\/www.ecotopia.se\/sv\/wp-json\/wp\/v2\/pages\/217","targetHints":{"allow":["GET"]}}],"collection":[{"href":"https:\/\/www.ecotopia.se\/sv\/wp-json\/wp\/v2\/pages"}],"about":[{"href":"https:\/\/www.ecotopia.se\/sv\/wp-json\/wp\/v2\/types\/page"}],"author":[{"embeddable":true,"href":"https:\/\/www.ecotopia.se\/sv\/wp-json\/wp\/v2\/users\/2"}],"replies":[{"embeddable":true,"href":"https:\/\/www.ecotopia.se\/sv\/wp-json\/wp\/v2\/comments?post=217"}],"version-history":[{"count":574,"href":"https:\/\/www.ecotopia.se\/sv\/wp-json\/wp\/v2\/pages\/217\/revisions"}],"predecessor-version":[{"id":5194,"href":"https:\/\/www.ecotopia.se\/sv\/wp-json\/wp\/v2\/pages\/217\/revisions\/5194"}],"wp:attachment":[{"href":"https:\/\/www.ecotopia.se\/sv\/wp-json\/wp\/v2\/media?parent=217"}],"curies":[{"name":"wp","href":"https:\/\/api.w.org\/{rel}","templated":true}]}}