{"id":17549,"date":"2025-01-15T16:50:44","date_gmt":"2025-01-15T15:50:44","guid":{"rendered":"https:\/\/www.ecotopia.se\/sv\/?page_id=17549"},"modified":"2026-03-05T13:48:25","modified_gmt":"2026-03-05T12:48:25","slug":"visionen-ecotopia-in-spirit","status":"publish","type":"page","link":"https:\/\/www.ecotopia.se\/sv\/visionen-ecotopia-in-spirit\/","title":{"rendered":"Visionen Ecotopia inspirit"},"content":{"rendered":"<p>[et_pb_section fb_built=&#8221;1&#8243; fullwidth=&#8221;on&#8221; _builder_version=&#8221;4.27.4&#8243; _module_preset=&#8221;default&#8221; hover_enabled=&#8221;0&#8243; global_colors_info=&#8221;{}&#8221; sticky_enabled=&#8221;0&#8243;][et_pb_fullwidth_slider _builder_version=&#8221;4.27.6&#8243; _module_preset=&#8221;default&#8221; hover_enabled=&#8221;0&#8243; custom_css_slide_description=&#8221; animation-name:none;&#8221; global_colors_info=&#8221;{}&#8221; sticky_enabled=&#8221;0&#8243;][et_pb_slide heading=&#8221;Ecotopia Inspirit &#8221; use_bg_overlay=&#8221;on&#8221; bg_overlay_color=&#8221;rgba(0,0,0,0.1)&#8221; _builder_version=&#8221;4.27.6&#8243; _module_preset=&#8221;default&#8221; header_level=&#8221;h1&#8243; header_text_align=&#8221;center&#8221; background_image=&#8221;https:\/\/www.ecotopia.se\/sv\/wp-content\/uploads\/2025\/01\/beautiful-dove-4873161_1280.jpg&#8221; background_enable_image=&#8221;on&#8221; background_position=&#8221;top_center&#8221; background_vertical_offset=&#8221;21%&#8221; hover_enabled=&#8221;0&#8243; global_colors_info=&#8221;{}&#8221; sticky_transition=&#8221;on&#8221; sticky_enabled=&#8221;0&#8243;][\/et_pb_slide][\/et_pb_fullwidth_slider][\/et_pb_section][et_pb_section fb_built=&#8221;1&#8243; _builder_version=&#8221;4.27.4&#8243; _module_preset=&#8221;default&#8221; global_colors_info=&#8221;{}&#8221;][et_pb_row column_structure=&#8221;3_4,1_4&#8243; _builder_version=&#8221;4.27.4&#8243; _module_preset=&#8221;default&#8221; global_colors_info=&#8221;{}&#8221;][et_pb_column type=&#8221;3_4&#8243; _builder_version=&#8221;4.27.4&#8243; _module_preset=&#8221;default&#8221; global_colors_info=&#8221;{}&#8221;][et_pb_text _builder_version=&#8221;4.27.6&#8243; _module_preset=&#8221;default&#8221; global_colors_info=&#8221;{}&#8221;]<\/p>\n<h2><strong>Ecotopia Inspirit<\/strong><\/h2>\n<h3><strong>Kunskapscenter i dagens evolution och brytningstid\u00a0 <\/strong><\/h3>\n<ul>\n<li>Med m\u00e4nniskan och hennes medvetenhet i centrum<\/li>\n<li>\u00c5terf\u00f6rening av m\u00e4nniskan med sin sanna natur, moder jord och kosmos<\/li>\n<li>H\u00e4r f\u00f6renas vetenskap och spiritualitet<\/li>\n<\/ul>\n<h4><strong>Kunskapscentret Ecotopia p\u00e5 \u00d6sterlen (sedan 2012)<\/strong><\/h4>\n<p>Ecotopia \u00f6ppnade sina portar 2012 som kunskapscenter f\u00f6r medskapande av en h\u00e5llbar framtid. Ett holistiskt kunskapscenter vars \u00e4mnesomr\u00e5den sp\u00e4nner sig fr\u00e5n ekobygge och \u00f6rtmedicin till naturtr\u00e4dg\u00e5rd, \u201dpeacefood\u201d matlagning och \u00e5terbruk.\u00a0 Grundbultar i ett samh\u00e4lle, f\u00f6renligt med kunskapscentrets v\u00e4rdegrund. \u00a0Kursledarna, som till stor del har undervisat sedan start, \u00e4r experter inom var sitt omr\u00e5de. De \u00e4r pionj\u00e4rer som brinner f\u00f6r det de l\u00e4r ut, f\u00f6rutom att de lever vad de l\u00e4r.<\/p>\n<p>Ecotopia \u00e4r en nonprofit verksamhet, vars syfte \u00e4r att g\u00f6ra allm\u00e4nnytta genom att utbilda i milj\u00f6m\u00e4ssig, social och existentiell h\u00e5llbarhet samt att presentera h\u00e5llbara l\u00f6sningar i naturlig milj\u00f6 p\u00e5 ekog\u00e5rdens sju hektar. Detta samtidigt som verksamheten v\u00e4rnar om sm\u00e5skaliga samh\u00e4llsentrepren\u00f6rer i en win-win-situation med effektiva och stabila samarbeten.<\/p>\n<p>Byggnaderna, best\u00e5ende av m\u00f6tesplats, framtidsverkstad och fem stugor, har byggts med olika ekologiska byggmaterial utifr\u00e5n byggekologins principer. Detta ocks\u00e5 f\u00f6r att inspirera s\u00e5v\u00e4l sj\u00e4lvbyggare som proffs. De varsamt byggda naturhusen med sina h\u00e5llbara l\u00f6sningar i naturlig milj\u00f6 har dessutom byggts med ekog\u00e5rdens naturresurser och kursdeltagare har varit delaktiga i uppbyggnaden.<\/p>\n<p>F\u00f6rutom ekologiskt, klimatsmart och energieffektivt byggande ligger den tusen\u00e5riga kinesiska l\u00e4ran och livsfilosofin Feng shui, liksom geomanti (geobiologi), till grund f\u00f6r planeringen. Detta f\u00f6r att skapa harmoni i samklang med platsens energi och biologiska m\u00e5ngfald p\u00e5 \u00d6sterlens backlandskap. Men \u00e4ven f\u00f6r g\u00e4sters v\u00e4lbefinnande och goda s\u00f6mn.<\/p>\n<p>Ecotopia ligger p\u00e5 n\u00e4rskyddsomr\u00e5det till Mariavalls Kloster.<\/p>\n<h4><strong>\u00a0<\/strong><strong>Fjorton \u00e5r senare (2026)<\/strong><\/h4>\n<p>Nu befinner vi oss mitt i p\u00e5g\u00e5ende evolution. Ordet evolution h\u00e4rstammar fr\u00e5n det latinska ordet <em>evolutio <\/em>som betyder utveckling. Allt fr\u00e5n sm\u00e5 till stora genomgripande f\u00f6r\u00e4ndringar karakteriserar denna unika tidsepok. Mycket som h\u00f6r den gamla tiden till l\u00e4mnar, och nya, tidigare ot\u00e4nkbara innovationer tar form. Dagens nyskapande som vi f\u00f6rordar, grundar sig p\u00e5 en etisk v\u00e4rdegrund med nya syns\u00e4tt. Denna v\u00e4g leder oss bl.a. fr\u00e5n konkurrens till kooperation, fr\u00e5n fattigdoms \u2013 till rikedomst\u00e4nkande, fr\u00e5n trendig anpassning till sj\u00e4lvf\u00f6rverkligande och fr\u00e5n ensamhet till ett nytt \u201dvi\u201d i social v\u00e4rdegemenskap. Vi befinner oss p\u00e5 en mycket f\u00f6r\u00e4ndrings-, erfarenhets- och l\u00e4rorik resa. Nu vaknar vi m\u00e4nniskor upp som skapare.<\/p>\n<p>Idag st\u00e5r v\u00e5r medvetenhet i centrum. Var och en av oss kan skapa sin, och vi tillsammans <em>v\u00e5r,<\/em> yttre v\u00e4rld och realitet. Detta genom v\u00e5r skaparkraft &#8211; tankar, k\u00e4nslor och handlingar. F\u00f6rbinder vi dessutom denna v\u00e5r skaparkraft med hj\u00e4rtat skapar vi ett liv till v\u00e5rt eget och allas b\u00e4sta!<\/p>\n<p>I denna tid vill Ecotopia vara en inspirationsk\u00e4lla f\u00f6r nyt\u00e4nkande utifr\u00e5n den nya tidens kunskap, som f\u00f6renar vetenskap med spiritualitet. Ett kunskapscenter vars \u00e4mnesomr\u00e5den \u00e4ven sp\u00e4nner sig fr\u00e5n hj\u00e4rt &#8211; hj\u00e4rn koherens, visionsverkstad och tai chi till eurytmi och djurkommunikation.\u00a0<\/p>\n<p>Men \u00e4ven en plats d\u00e4r man kan k\u00e4nna sig trygg, visa sitt sanna jag, m\u00f6ta likasinnade och uppleva gemenskap. En m\u00f6tesplats f\u00f6r utbyte av id\u00e9er och existentiella dialoger. \u00a0Detta med rofyllda stunder i varande, \u00e5terh\u00e4mtande s\u00f6mn, och vegansk mat med inslag av vilda \u00e4tbara v\u00e4xter som \u201dpeacefood\u201d k\u00f6ket serverar.<\/p>\n<p>H\u00e4r p\u00e5 ekog\u00e5rden f\u00e5r v\u00e4xter och djur leva sitt eget liv och utveckla sig p\u00e5 sina egna unika s\u00e4tt.\u00a0 V\u00e4xter f\u00e5r v\u00e4xa utan m\u00e4nniskors p\u00e5verkan. Djuren hittar sin boning och k\u00e4nner sig v\u00e4lkomna och skyddade. Vi som bor h\u00e4r v\u00e4rdes\u00e4tter g\u00e5rden och m\u00f6ter dess naturresurser med aktsamhet och varsam hand.\u00a0 Denna biologiska m\u00e5ngfalds lilla g\u00e5rd, vill bidra till m\u00f6ten och upplevelser av natur p\u00e5 naturens egna villkor.<\/p>\n<p>Idag tillh\u00f6r vi den f\u00f6rsta generationen m\u00e4nniskor som skapar en ny v\u00e4rld. Vilken chans vi har f\u00e5tt. L\u00e5t oss d\u00e4rf\u00f6r, tillsammans med v\u00e5ra hj\u00e4rtans kraft, skapa den v\u00e4rld vi vill leva i &#8211; till v\u00e5rt eget och andras b\u00e4sta.<\/p>\n<p><strong>Varmt v\u00e4lkommen och k\u00e4nn dig som hemma p\u00e5 Ecotopia i denna nya tid! <\/strong><\/p>\n<p><strong>Personlig eftertanke: <\/strong><\/p>\n<p><em>N\u00e4r jag under mina yrkes\u00e5r som organisationsutvecklare i Mellaneuropa undervisade i omst\u00e4llning till regenerativa och organiska organisationer, utifr\u00e5n en ny m\u00e4nniskosyn med nya arbetss\u00e4tt (1980\u20132003), skakade m\u00e5nga kritiskt p\u00e5 huvudet <\/em>emedan <em>andra skapade och manifesterade. S\u00e5 uppstod och v\u00e4xte v\u00e4rdegemenskaper i organisationer.<\/em><\/p>\n<p><em> N\u00e4r jag som hemv\u00e4ndare till Sk\u00e5ne, i samband med att kunskapscentret Ecotopias \u00f6ppnade (2012), presenterade solceller och solv\u00e4rme med solen som energik\u00e4lla, halmbalshusbygge, f\u00e5rullsisolering, vilda \u00e4tbara v\u00e4xter etc. skakade m\u00e5nga p\u00e5 huvudet ocks\u00e5 h\u00e4r. Idag, fjorton \u00e5r senare, nickar m\u00e5nga ist\u00e4llet. Du kanske just nu ifr\u00e5gas\u00e4tter dagens evolution och m\u00e4nniskors uppvaknande? <\/em><\/p>\n<p><em>Din framtidstro har kanske gett vika. <\/em><em>Men troligtvis inte l\u00e4nge till, f\u00f6r dagens evolution p\u00e5verkar oss alla p\u00e5 omskakande s\u00e4tt &#8211; och all ny ordning uppst\u00e5r ur kris och kaos. Om fjorton \u00e5r (2040), efter v\u00e5rt evolution\u00e4ra kliv, kommer m\u00e4nniskan att st\u00e5 fr\u00e4mmande inf\u00f6r hur vi lever idag. D\u00e5 kommer m\u00e4nniskor att ha hittat tillbaka till sin egen sanna natur och till livsgl\u00e4djen. <\/em><\/p>\n<p><strong>Detta \u00e4r v\u00e5r st\u00f6rsta chans \u2013 l\u00e5t oss ta den! <\/strong><\/p>\n<p>Med v\u00e4rme, <br \/>Karin p\u00e5 Ecotopia \u00a0<\/p>\n<p><em>\u00a0<\/em><\/p>\n<p>[\/et_pb_text][\/et_pb_column][et_pb_column type=&#8221;1_4&#8243; _builder_version=&#8221;4.27.4&#8243; _module_preset=&#8221;default&#8221; global_colors_info=&#8221;{}&#8221;][\/et_pb_column][\/et_pb_row][\/et_pb_section]<\/p>\n","protected":false},"excerpt":{"rendered":"<p>Ecotopia Inspirit Kunskapscenter i dagens evolution och brytningstid\u00a0 Med m\u00e4nniskan och hennes medvetenhet i centrum \u00c5terf\u00f6rening av m\u00e4nniskan med sin sanna natur, moder jord och kosmos H\u00e4r f\u00f6renas vetenskap och [&hellip;]<\/p>\n","protected":false},"author":37,"featured_media":0,"parent":0,"menu_order":0,"comment_status":"closed","ping_status":"closed","template":"","meta":{"_et_pb_use_builder":"on","_et_pb_old_content":"","_et_gb_content_width":"","footnotes":""},"class_list":["post-17549","page","type-page","status-publish","hentry"],"_links":{"self":[{"href":"https:\/\/www.ecotopia.se\/sv\/wp-json\/wp\/v2\/pages\/17549","targetHints":{"allow":["GET"]}}],"collection":[{"href":"https:\/\/www.ecotopia.se\/sv\/wp-json\/wp\/v2\/pages"}],"about":[{"href":"https:\/\/www.ecotopia.se\/sv\/wp-json\/wp\/v2\/types\/page"}],"author":[{"embeddable":true,"href":"https:\/\/www.ecotopia.se\/sv\/wp-json\/wp\/v2\/users\/37"}],"replies":[{"embeddable":true,"href":"https:\/\/www.ecotopia.se\/sv\/wp-json\/wp\/v2\/comments?post=17549"}],"version-history":[{"count":32,"href":"https:\/\/www.ecotopia.se\/sv\/wp-json\/wp\/v2\/pages\/17549\/revisions"}],"predecessor-version":[{"id":18946,"href":"https:\/\/www.ecotopia.se\/sv\/wp-json\/wp\/v2\/pages\/17549\/revisions\/18946"}],"wp:attachment":[{"href":"https:\/\/www.ecotopia.se\/sv\/wp-json\/wp\/v2\/media?parent=17549"}],"curies":[{"name":"wp","href":"https:\/\/api.w.org\/{rel}","templated":true}]}}