{"id":1736,"date":"2013-07-09T10:51:32","date_gmt":"2013-07-09T09:51:32","guid":{"rendered":"https:\/\/www.ecotopia.se\/sv\/?page_id=1736"},"modified":"2013-11-12T15:40:40","modified_gmt":"2013-11-12T14:40:40","slug":"temakvall-halmbalshusbygge-2","status":"publish","type":"page","link":"https:\/\/www.ecotopia.se\/sv\/kalendarium-arkiv\/temakvall-halmbalshusbygge-2\/","title":{"rendered":"Temakv\u00e4ll &#8211; Halmbalshusbygge"},"content":{"rendered":"<h1><strong><span style=\"color: #008000;\">Husbygge i halmbalsteknik<\/span><\/strong><\/h1>\n<p>Att bygga med halm \u00e4r den yngsta och kanske mest popul\u00e4ra tekniken inom svenskt ekologiskt byggande idag. Herbert Gruber, europeisk expert p\u00e5 att bygga med halm, h\u00e5ller f\u00f6r andra \u00e5ret i rad en kurs i halmhusbygge p\u00e5 Ecotopia. I \u00e5r byggs ett stall i halmbalsteknik med stengrund. Herbert Gruber f\u00f6rel\u00e4ser om olika tekniker, europeiska projekt och konstruktionsl\u00f6sningar med m\u00f6jlighet att bes\u00f6ka arbetsplatsen.<\/p>\n<p><strong>Datum:<\/strong> Torsdag den 18 juli<\/p>\n<p><strong>Tid:<\/strong> Kl 18.30<\/p>\n<p><strong>[custom_frame_right shadow=&#8221;on&#8221;]<img loading=\"lazy\" decoding=\"async\" class=\"alignnone size-thumbnail wp-image-786\" alt=\"herbert_gruber_asbn\" src=\"https:\/\/www.ecotopia.se\/sv\/wp-content\/uploads\/2013\/01\/herbert_gruber_asbn-150x150.jpg\" width=\"150\" height=\"150\" srcset=\"https:\/\/www.ecotopia.se\/sv\/wp-content\/uploads\/2013\/01\/herbert_gruber_asbn-150x150.jpg 150w, https:\/\/www.ecotopia.se\/sv\/wp-content\/uploads\/2013\/01\/herbert_gruber_asbn.jpg 163w\" sizes=\"(max-width: 150px) 100vw, 150px\" \/>[\/custom_frame_right] F\u00f6rel\u00e4sare:<\/strong> Herbert Gruber, \u00d6sterrike, \u00e4r sedan 1998 ordf\u00f6rande f\u00f6r ASBN (Austrian Strawbale Network) som \u00e4r medlem i ESBN (European Strawbale Network) och GSBN (Global Strawbale Network). Som pionj\u00e4r och expert p\u00e5 omr\u00e5det f\u00f6rel\u00e4ser han och h\u00e5ller kurser och workshops i de flesta europeiska l\u00e4nder.<\/p>\n<p><strong>Ekofik:<\/strong> Vi serverar ekologiska och vegetariska sm\u00e5r\u00e4tter p\u00e5 best\u00e4llning, tfn 0705-774 784<\/p>\n<p><strong>Intr\u00e4de:<\/strong>\u00a0100:- (ingen anm\u00e4lan)<\/p>\n","protected":false},"excerpt":{"rendered":"<p>Husbygge i halmbalsteknik Att bygga med halm \u00e4r den yngsta och kanske mest popul\u00e4ra tekniken inom svenskt ekologiskt byggande idag. Herbert Gruber, europeisk expert p\u00e5 att bygga med halm, h\u00e5ller [&hellip;]<\/p>\n","protected":false},"author":2,"featured_media":0,"parent":555,"menu_order":6,"comment_status":"open","ping_status":"closed","template":"","meta":{"_et_pb_use_builder":"","_et_pb_old_content":"","_et_gb_content_width":"","footnotes":""},"class_list":["post-1736","page","type-page","status-publish","hentry"],"_links":{"self":[{"href":"https:\/\/www.ecotopia.se\/sv\/wp-json\/wp\/v2\/pages\/1736","targetHints":{"allow":["GET"]}}],"collection":[{"href":"https:\/\/www.ecotopia.se\/sv\/wp-json\/wp\/v2\/pages"}],"about":[{"href":"https:\/\/www.ecotopia.se\/sv\/wp-json\/wp\/v2\/types\/page"}],"author":[{"embeddable":true,"href":"https:\/\/www.ecotopia.se\/sv\/wp-json\/wp\/v2\/users\/2"}],"replies":[{"embeddable":true,"href":"https:\/\/www.ecotopia.se\/sv\/wp-json\/wp\/v2\/comments?post=1736"}],"version-history":[{"count":10,"href":"https:\/\/www.ecotopia.se\/sv\/wp-json\/wp\/v2\/pages\/1736\/revisions"}],"predecessor-version":[{"id":1763,"href":"https:\/\/www.ecotopia.se\/sv\/wp-json\/wp\/v2\/pages\/1736\/revisions\/1763"}],"up":[{"embeddable":true,"href":"https:\/\/www.ecotopia.se\/sv\/wp-json\/wp\/v2\/pages\/555"}],"wp:attachment":[{"href":"https:\/\/www.ecotopia.se\/sv\/wp-json\/wp\/v2\/media?parent=1736"}],"curies":[{"name":"wp","href":"https:\/\/api.w.org\/{rel}","templated":true}]}}