{"id":130,"date":"2013-01-09T20:54:16","date_gmt":"2013-01-09T19:54:16","guid":{"rendered":"https:\/\/www.ecotopia.se\/sv\/?page_id=130"},"modified":"2018-11-22T16:04:11","modified_gmt":"2018-11-22T15:04:11","slug":"research-kartlaggning","status":"publish","type":"page","link":"https:\/\/www.ecotopia.se\/sv\/ekobygge\/research-kartlaggning\/","title":{"rendered":"Research &#038; kartl\u00e4ggning"},"content":{"rendered":"<p>En fyra\u00e5riga research- och kartl\u00e4ggningsfas (2006-2010) som str\u00e4cker sig \u00f6ver alla fyra \u00e5rstider inleddes med g\u00e5rdens historia. Vi observerade och st\u00e4llde fr\u00e5gor, tog och l\u00e4mnade in prover, gav landskapsarkitekten uppdrag och h\u00e4mtade in handlingar fr\u00e5n olika myndigheter:<\/p>\n<ul>\n<li>Besiktning av bostad (OBM, Ystad)<\/li>\n<li>H\u00e4mtade in kartmaterial<\/li>\n<li>Bj\u00f6d in tv\u00e5 tidigare \u00e4gare till g\u00e5rden<\/li>\n<li>Intervju och research av fotomaterial<\/li>\n<li>Klosterbes\u00f6k och samtal med grannar<\/li>\n<li>Brunns- och borrprotokoll (Sveriges Geologiska Unders\u00f6kning, brunnsarkivet)<\/li>\n<li>Vattenanalys enskild vattent\u00e4kt (ALcontrol Laboratories)<\/li>\n<li>Vegetation och topografi (<a href=\"http:\/\/ecotopia.se\/blog\/wp-content\/uploads\/vegetation.jpg\" target=\"_blank\">Landskapsarkitekt Mellanrum, Vitaby<\/a>)<\/li>\n<li>L\u00e4kev\u00e4xter, \u00e4tbara v\u00e4xter, vilda gr\u00f6nsaker<\/li>\n<li>Insekter, f\u00e5glar, vilda djur etc.<\/li>\n<li>Rumsanalys av landskapet (<a href=\"http:\/\/ecotopia.se\/blog\/wp-content\/uploads\/analys.jpg\" target=\"_blank\">Landskapsarkitekt Mellanrum, Vitaby<\/a>)<\/li>\n<li>Dikeskarta och vatten\u00e5dror<\/li>\n<li>Jordarts- och berggrundskartor (Sveriges Geologiska Unders\u00f6kning)<\/li>\n<li>Provgr\u00e4vning grundvattensniv\u00e5 och jordarter<\/li>\n<li>Jordprover (Eurofins, Kristianstad)<\/li>\n<li>Bullerm\u00e4tning (V\u00e4gverket)<\/li>\n<li>M\u00f6te med skogsf\u00f6rvaltaren (Susab)<\/li>\n<li>Vindar<\/li>\n<li>Solst\u00e5nd, solf\u00e4llor, skuggor<\/li>\n<li>Vattenfl\u00f6den, jordens upptagningsf\u00f6rm\u00e5ga, regnvattenuppsamling etc.<\/li>\n<li>Milj\u00f6hot<\/li>\n<li>Naturligt byggmaterial att tillg\u00e5<\/li>\n<li>Provodling<\/li>\n<li>Klimatdata (smhi)<\/li>\n<li>Radonunders\u00f6kning (Radonanalys GJAB)<\/li>\n<li>Befintligt avlopp (Tomelilla kommun)<\/li>\n<li>Befintlig jordv\u00e4rmeanl\u00e4ggning (Tomelilla kommun)<\/li>\n<li>Energif\u00f6rbrukning<\/li>\n<\/ul>\n<div><img loading=\"lazy\" decoding=\"async\" alt=\"\" src=\"http:\/\/www.ecotopia.se\/sites\/default\/files\/http-__ecotopia.png\" width=\"603\" height=\"427\" \/><\/div>\n","protected":false},"excerpt":{"rendered":"<p>En fyra\u00e5riga research- och kartl\u00e4ggningsfas (2006-2010) som str\u00e4cker sig \u00f6ver alla fyra \u00e5rstider inleddes med g\u00e5rdens historia. Vi observerade och st\u00e4llde fr\u00e5gor, tog och l\u00e4mnade in prover, gav landskapsarkitekten uppdrag [&hellip;]<\/p>\n","protected":false},"author":2,"featured_media":0,"parent":82,"menu_order":10,"comment_status":"open","ping_status":"closed","template":"","meta":{"_et_pb_use_builder":"","_et_pb_old_content":"","_et_gb_content_width":"","footnotes":""},"class_list":["post-130","page","type-page","status-publish","hentry"],"_links":{"self":[{"href":"https:\/\/www.ecotopia.se\/sv\/wp-json\/wp\/v2\/pages\/130","targetHints":{"allow":["GET"]}}],"collection":[{"href":"https:\/\/www.ecotopia.se\/sv\/wp-json\/wp\/v2\/pages"}],"about":[{"href":"https:\/\/www.ecotopia.se\/sv\/wp-json\/wp\/v2\/types\/page"}],"author":[{"embeddable":true,"href":"https:\/\/www.ecotopia.se\/sv\/wp-json\/wp\/v2\/users\/2"}],"replies":[{"embeddable":true,"href":"https:\/\/www.ecotopia.se\/sv\/wp-json\/wp\/v2\/comments?post=130"}],"version-history":[{"count":6,"href":"https:\/\/www.ecotopia.se\/sv\/wp-json\/wp\/v2\/pages\/130\/revisions"}],"predecessor-version":[{"id":9317,"href":"https:\/\/www.ecotopia.se\/sv\/wp-json\/wp\/v2\/pages\/130\/revisions\/9317"}],"up":[{"embeddable":true,"href":"https:\/\/www.ecotopia.se\/sv\/wp-json\/wp\/v2\/pages\/82"}],"wp:attachment":[{"href":"https:\/\/www.ecotopia.se\/sv\/wp-json\/wp\/v2\/media?parent=130"}],"curies":[{"name":"wp","href":"https:\/\/api.w.org\/{rel}","templated":true}]}}